{"id":21933,"date":"2021-08-05T09:47:54","date_gmt":"2021-08-05T09:47:54","guid":{"rendered":"https:\/\/masvicens.olalon.com\/la-esencia-del-cister\/"},"modified":"2025-10-23T08:33:34","modified_gmt":"2025-10-23T08:33:34","slug":"the-essence-of-cister","status":"publish","type":"page","link":"https:\/\/masvicens.com\/en\/wine-tourism-tarragona\/the-essence-of-cister\/","title":{"rendered":"The essence of cister"},"content":{"rendered":"<p>[et_pb_section fb_built=&#8221;1&#8243; custom_padding_last_edited=&#8221;off|phone&#8221; admin_label=&#8221;section&#8221; _builder_version=&#8221;4.16&#8243; background_color=&#8221;#e0e0e0&#8243; use_background_color_gradient=&#8221;on&#8221; background_color_gradient_direction=&#8221;204deg&#8221; background_color_gradient_stops=&#8221;rgba(68,68,68,0.38) 0%|rgba(17,17,17,0.71) 100%&#8221; background_color_gradient_overlays_image=&#8221;on&#8221; background_color_gradient_start=&#8221;rgba(68,68,68,0.38)&#8221; background_color_gradient_end=&#8221;rgba(17,17,17,0.71)&#8221; background_image=&#8221;https:\/\/masvicens.com\/wp-content\/uploads\/2021\/08\/MSV_FotosGenerals_Lona_-21.jpg&#8221; vertical_offset=&#8221;0px&#8221; height=&#8221;40vh&#8221; height_tablet=&#8221;&#8221; height_phone=&#8221;&#8221; height_last_edited=&#8221;on|tablet&#8221; max_height=&#8221;40vh&#8221; max_height_tablet=&#8221;60vh&#8221; max_height_phone=&#8221;60vh&#8221; max_height_last_edited=&#8221;on|tablet&#8221; custom_margin=&#8221;0px||||false|false&#8221; custom_margin_tablet=&#8221;-68px||||false|false&#8221; custom_margin_phone=&#8221;-50px||||false|false&#8221; custom_margin_last_edited=&#8221;on|phone&#8221; custom_padding=&#8221;0px||||false|false&#8221; custom_padding_phone=&#8221;0px||||false|false&#8221; sticky_limit_bottom=&#8221;body&#8221; locked=&#8221;off&#8221; global_colors_info=&#8221;{}&#8221;][et_pb_row admin_label=&#8221;Fila&#8221; _builder_version=&#8221;4.16&#8243; _module_preset=&#8221;default&#8221; use_background_color_gradient=&#8221;on&#8221; background_color_gradient_stops=&#8221;rgba(17,17,17,0.42) 0%|rgba(221,221,221,0.23) 100%&#8221; background_color_gradient_start=&#8221;rgba(17,17,17,0.42)&#8221; background_color_gradient_end=&#8221;rgba(221,221,221,0.23)&#8221; width=&#8221;100%&#8221; width_tablet=&#8221;100%&#8221; width_phone=&#8221;100%&#8221; width_last_edited=&#8221;on|phone&#8221; max_width=&#8221;100%&#8221; module_alignment=&#8221;center&#8221; height=&#8221;1000px&#8221; custom_margin=&#8221;|||40px|false|false&#8221; custom_margin_tablet=&#8221;&#8221; custom_margin_phone=&#8221;|||14px|false|false&#8221; custom_margin_last_edited=&#8221;on|phone&#8221; custom_padding=&#8221;250px|25px||0px|false|false&#8221; hover_transition_duration=&#8221;250ms&#8221; scroll_fade_enable=&#8221;on&#8221; scroll_fade=&#8221;0|22|22|49|100%|28%|0%&#8221; motion_trigger_start=&#8221;bottom&#8221; module_alignment_tablet=&#8221;center&#8221; module_alignment_phone=&#8221;center&#8221; module_alignment_last_edited=&#8221;on|phone&#8221; scroll_fade_tablet=&#8221;18|36|37|61|100%|100|0%&#8221; scroll_fade_phone=&#8221;15|39|40|100|100%|100|0%&#8221; scroll_fade_last_edited=&#8221;on|phone&#8221; global_colors_info=&#8221;{}&#8221;][et_pb_column type=&#8221;4_4&#8243; _builder_version=&#8221;4.16&#8243; _module_preset=&#8221;default&#8221; global_colors_info=&#8221;{}&#8221;][et_pb_text _builder_version=&#8221;4.27.4&#8243; _module_preset=&#8221;default&#8221; text_font=&#8221;Montserrat||||||||&#8221; text_text_color=&#8221;#ffffff&#8221; text_font_size=&#8221;50px&#8221; text_letter_spacing=&#8221;3px&#8221; header_font=&#8221;Montserrat||||||||&#8221; header_text_color=&#8221;#ffffff&#8221; header_font_size=&#8221;50px&#8221; header_letter_spacing=&#8221;3px&#8221; header_2_text_color=&#8221;#ffffff&#8221; header_2_font_size=&#8221;51px&#8221; custom_margin=&#8221;0px|300px|0px|150px|false|false&#8221; custom_margin_tablet=&#8221;|0px||0px|false|true&#8221; custom_margin_phone=&#8221;|0px||0px|false|true&#8221; custom_margin_last_edited=&#8221;on|tablet&#8221; custom_padding=&#8221;|40px||40px|false|true&#8221; header_font_size_tablet=&#8221;&#8221; header_font_size_phone=&#8221;34px&#8221; header_font_size_last_edited=&#8221;on|phone&#8221; global_colors_info=&#8221;{}&#8221;]<\/p>\n<h1>THE ESSENCE OF CISTER<\/h1>\n<p>[\/et_pb_text][\/et_pb_column][\/et_pb_row][\/et_pb_section][et_pb_section fb_built=&#8221;1&#8243; _builder_version=&#8221;4.16&#8243; _module_preset=&#8221;default&#8221; custom_margin=&#8221;0px||60px||false|false&#8221; custom_margin_tablet=&#8221;||0px||false|false&#8221; custom_margin_phone=&#8221;||0px||false|false&#8221; custom_margin_last_edited=&#8221;on|tablet&#8221; custom_padding=&#8221;||0px||false|false&#8221; global_colors_info=&#8221;{}&#8221;][et_pb_row column_structure=&#8221;3_5,2_5&#8243; _builder_version=&#8221;4.16&#8243; _module_preset=&#8221;default&#8221; max_width=&#8221;1700px&#8221; global_colors_info=&#8221;{}&#8221;][et_pb_column type=&#8221;3_5&#8243; _builder_version=&#8221;4.16&#8243; _module_preset=&#8221;default&#8221; global_colors_info=&#8221;{}&#8221;][et_pb_image src=&#8221;https:\/\/masvicens.com\/wp-content\/uploads\/2021\/08\/xocovi-24_compressed-1.jpg&#8221; alt=&#8221;Enoturismo Tarragona&#8221; title_text=&#8221;Enoturismo Tarragona&#8221; _builder_version=&#8221;4.16&#8243; _module_preset=&#8221;default&#8221; global_colors_info=&#8221;{}&#8221;][\/et_pb_image][\/et_pb_column][et_pb_column type=&#8221;2_5&#8243; _builder_version=&#8221;4.16&#8243; _module_preset=&#8221;default&#8221; global_colors_info=&#8221;{}&#8221;][et_pb_text _builder_version=&#8221;4.16&#8243; _module_preset=&#8221;default&#8221; header_2_font=&#8221;Montserrat|800|||||||&#8221; header_2_font_size=&#8221;36px&#8221; custom_margin=&#8221;100px||||false|false&#8221; custom_margin_tablet=&#8221;0px||||false|false&#8221; custom_margin_phone=&#8221;0px||||false|false&#8221; custom_margin_last_edited=&#8221;on|tablet&#8221; global_colors_info=&#8221;{}&#8221;]<\/p>\n<h2>A fascinating journey into the past<\/h2>\n<p>[\/et_pb_text][et_pb_text _builder_version=&#8221;4.16&#8243; _module_preset=&#8221;default&#8221; text_font=&#8221;Montserrat||||||||&#8221; text_font_size=&#8221;18px&#8221; text_line_height=&#8221;1.8em&#8221; text_orientation=&#8221;center&#8221; custom_padding=&#8221;|0px|||false|false&#8221; custom_padding_tablet=&#8221;|0px|||false|false&#8221; custom_padding_phone=&#8221;&#8221; custom_padding_last_edited=&#8221;on|desktop&#8221; global_colors_info=&#8221;{}&#8221;]<\/p>\n<p style=\"text-align: justify;\"><span>It is a fascinating trip to the Cistercian past, with visits to the Royal Monastery of Santes Creus and the Celler Mas Vicen\u00e7, along with a degustation of wines and olive oil.<br \/>The activity begins at the Monastery, where an audiovisual guided tour is organized. Once the visit is complete, the route continues to the winery where you can enjoy a guided tour with a degustation of wine, olive oil and nuts from the territory.<br \/><\/span><\/p>\n<p style=\"text-align: justify;\"><span>For further information and bookings, please contact us at\u00a0<strong>xavier@masvicens.com<\/strong> or\u00a0 call at <strong>627 570 075<\/strong>.<br \/><\/span><\/p>\n<p>[\/et_pb_text][et_pb_button button_url=&#8221;https:\/\/masvicens.com\/en\/book-wine-tourism-at-mas-vicenc\/&#8221; button_text=&#8221;Book now&#8221; button_alignment=&#8221;left&#8221; _builder_version=&#8221;4.27.4&#8243; _module_preset=&#8221;default&#8221; custom_button=&#8221;on&#8221; button_text_color=&#8221;#ffffff&#8221; button_bg_color=&#8221;#A49C3C&#8221; button_border_color=&#8221;RGBA(0,0,0,0)&#8221; button_font=&#8221;Open Sans||||||||&#8221; hover_enabled=&#8221;0&#8243; locked=&#8221;off&#8221; global_colors_info=&#8221;{}&#8221; button_bg_color__hover_enabled=&#8221;on|hover&#8221; button_bg_color__hover=&#8221;rgba(164,156,60,0.62)&#8221; button_bg_enable_color__hover=&#8221;on&#8221; sticky_enabled=&#8221;0&#8243;][\/et_pb_button][\/et_pb_column][\/et_pb_row][et_pb_row _builder_version=&#8221;4.16&#8243; _module_preset=&#8221;default&#8221; max_width=&#8221;1700px&#8221; locked=&#8221;off&#8221; global_colors_info=&#8221;{}&#8221;][et_pb_column type=&#8221;4_4&#8243; _builder_version=&#8221;4.16&#8243; _module_preset=&#8221;default&#8221; global_colors_info=&#8221;{}&#8221;][et_pb_text _builder_version=&#8221;4.17.4&#8243; _module_preset=&#8221;default&#8221; text_font=&#8221;Montserrat||||||||&#8221; text_font_size=&#8221;18px&#8221; text_line_height=&#8221;1.8em&#8221; header_2_font=&#8221;Montserrat|700|||||||&#8221; text_orientation=&#8221;center&#8221; custom_padding=&#8221;|0px|||false|false&#8221; custom_padding_tablet=&#8221;|0px|||false|false&#8221; custom_padding_phone=&#8221;&#8221; custom_padding_last_edited=&#8221;on|desktop&#8221; global_colors_info=&#8221;{}&#8221;]<\/p>\n<h2 class=\"text-justified\" style=\"text-align: left;\">Do you want to give away this activity?<\/h2>\n<p class=\"text-justified\" style=\"text-align: left;\">Simply select the activity in our booking engine and check the &#8216;<strong>Give someone this activity<\/strong>&#8216; box. Once the payment has been made, you will receive the coupon that you can forward to the person honored.<\/p>\n<p>[\/et_pb_text][\/et_pb_column][\/et_pb_row][\/et_pb_section]<\/p>\n","protected":false},"excerpt":{"rendered":"<p>THE ESSENCE OF CISTERA fascinating journey into the pastIt is a fascinating trip to the Cistercian past, with visits to the Royal Monastery of Santes Creus and the Celler Mas Vicen\u00e7, along with a degustation of wines and olive oil.The activity begins at the Monastery, where an audiovisual guided tour is organized. Once the visit [&hellip;]<\/p>\n","protected":false},"author":5,"featured_media":22049,"parent":22006,"menu_order":0,"comment_status":"closed","ping_status":"closed","template":"","meta":{"_et_pb_use_builder":"on","_et_pb_old_content":"","_et_gb_content_width":"","inline_featured_image":false,"_joinchat":[],"footnotes":""},"class_list":["post-21933","page","type-page","status-publish","has-post-thumbnail","hentry"],"yoast_head":"<!-- This site is optimized with the Yoast SEO plugin v27.5 - https:\/\/yoast.com\/product\/yoast-seo-wordpress\/ -->\n<title>The essence of cister - Celler Mas Vicen\u00e7 | Re-evolucionant la tradici\u00f3<\/title>\n<meta name=\"description\" content=\"The essence of cister it is a fascinating trip to the Cistercian past, with visits to the Santes Creus and Mas Vicen\u00e7 with a degustation.\" \/>\n<meta name=\"robots\" content=\"index, follow, max-snippet:-1, max-image-preview:large, max-video-preview:-1\" \/>\n<link rel=\"canonical\" href=\"https:\/\/masvicens.com\/en\/wine-tourism-tarragona\/the-essence-of-cister\/\" \/>\n<meta property=\"og:locale\" content=\"en_US\" \/>\n<meta property=\"og:type\" content=\"article\" \/>\n<meta property=\"og:title\" content=\"The essence of cister - Celler Mas Vicen\u00e7 | Re-evolucionant la tradici\u00f3\" \/>\n<meta property=\"og:description\" content=\"The essence of cister it is a fascinating trip to the Cistercian past, with visits to the Santes Creus and Mas Vicen\u00e7 with a degustation.\" \/>\n<meta property=\"og:url\" content=\"https:\/\/masvicens.com\/en\/wine-tourism-tarragona\/the-essence-of-cister\/\" \/>\n<meta property=\"og:site_name\" content=\"Celler Mas Vicen\u00e7 | Re-evolucionant la tradici\u00f3\" \/>\n<meta property=\"article:modified_time\" content=\"2025-10-23T08:33:34+00:00\" \/>\n<meta property=\"og:image\" content=\"https:\/\/masvicens.com\/wp-content\/uploads\/2021\/08\/xocovi-24_compressed-1.jpg\" \/>\n\t<meta property=\"og:image:width\" content=\"1920\" \/>\n\t<meta property=\"og:image:height\" content=\"1080\" \/>\n\t<meta property=\"og:image:type\" content=\"image\/jpeg\" \/>\n<meta name=\"twitter:card\" content=\"summary_large_image\" \/>\n<meta name=\"twitter:label1\" content=\"Est. reading time\" \/>\n\t<meta name=\"twitter:data1\" content=\"2 minutes\" \/>\n<script type=\"application\/ld+json\" class=\"yoast-schema-graph\">{\"@context\":\"https:\\\/\\\/schema.org\",\"@graph\":[{\"@type\":\"WebPage\",\"@id\":\"https:\\\/\\\/masvicens.com\\\/en\\\/wine-tourism-tarragona\\\/the-essence-of-cister\\\/\",\"url\":\"https:\\\/\\\/masvicens.com\\\/en\\\/wine-tourism-tarragona\\\/the-essence-of-cister\\\/\",\"name\":\"The essence of cister - Celler Mas Vicen\u00e7 | Re-evolucionant la tradici\u00f3\",\"isPartOf\":{\"@id\":\"https:\\\/\\\/masvicens.com\\\/en\\\/#website\"},\"primaryImageOfPage\":{\"@id\":\"https:\\\/\\\/masvicens.com\\\/en\\\/wine-tourism-tarragona\\\/the-essence-of-cister\\\/#primaryimage\"},\"image\":{\"@id\":\"https:\\\/\\\/masvicens.com\\\/en\\\/wine-tourism-tarragona\\\/the-essence-of-cister\\\/#primaryimage\"},\"thumbnailUrl\":\"https:\\\/\\\/masvicens.com\\\/wp-content\\\/uploads\\\/2021\\\/08\\\/xocovi-24_compressed-1.jpg\",\"datePublished\":\"2021-08-05T09:47:54+00:00\",\"dateModified\":\"2025-10-23T08:33:34+00:00\",\"description\":\"The essence of cister it is a fascinating trip to the Cistercian past, with visits to the Santes Creus and Mas Vicen\u00e7 with a degustation.\",\"breadcrumb\":{\"@id\":\"https:\\\/\\\/masvicens.com\\\/en\\\/wine-tourism-tarragona\\\/the-essence-of-cister\\\/#breadcrumb\"},\"inLanguage\":\"en-US\",\"potentialAction\":[{\"@type\":\"ReadAction\",\"target\":[\"https:\\\/\\\/masvicens.com\\\/en\\\/wine-tourism-tarragona\\\/the-essence-of-cister\\\/\"]}]},{\"@type\":\"ImageObject\",\"inLanguage\":\"en-US\",\"@id\":\"https:\\\/\\\/masvicens.com\\\/en\\\/wine-tourism-tarragona\\\/the-essence-of-cister\\\/#primaryimage\",\"url\":\"https:\\\/\\\/masvicens.com\\\/wp-content\\\/uploads\\\/2021\\\/08\\\/xocovi-24_compressed-1.jpg\",\"contentUrl\":\"https:\\\/\\\/masvicens.com\\\/wp-content\\\/uploads\\\/2021\\\/08\\\/xocovi-24_compressed-1.jpg\",\"width\":1920,\"height\":1080,\"caption\":\"Enoturismo Tarragona\"},{\"@type\":\"BreadcrumbList\",\"@id\":\"https:\\\/\\\/masvicens.com\\\/en\\\/wine-tourism-tarragona\\\/the-essence-of-cister\\\/#breadcrumb\",\"itemListElement\":[{\"@type\":\"ListItem\",\"position\":1,\"name\":\"Portada\",\"item\":\"https:\\\/\\\/masvicens.com\\\/en\\\/\"},{\"@type\":\"ListItem\",\"position\":2,\"name\":\"WINE TOURISM\",\"item\":\"https:\\\/\\\/masvicens.com\\\/en\\\/wine-tourism-tarragona\\\/\"},{\"@type\":\"ListItem\",\"position\":3,\"name\":\"The essence of cister\"}]},{\"@type\":\"WebSite\",\"@id\":\"https:\\\/\\\/masvicens.com\\\/en\\\/#website\",\"url\":\"https:\\\/\\\/masvicens.com\\\/en\\\/\",\"name\":\"Celler Mas Vicen\u00e7 | Re-evolucionant la tradici\u00f3\",\"description\":\"Veniu a viure l&#039;enoturisme i a con\u00e8ixer la nostra col\u00b7lecci\u00f3 de vins elaborats amb la millor selecci\u00f3 de ra\u00efm del nostre celler a Tarragona.\",\"potentialAction\":[{\"@type\":\"SearchAction\",\"target\":{\"@type\":\"EntryPoint\",\"urlTemplate\":\"https:\\\/\\\/masvicens.com\\\/en\\\/?s={search_term_string}\"},\"query-input\":{\"@type\":\"PropertyValueSpecification\",\"valueRequired\":true,\"valueName\":\"search_term_string\"}}],\"inLanguage\":\"en-US\"}]}<\/script>\n<!-- \/ Yoast SEO plugin. -->","yoast_head_json":{"title":"The essence of cister - Celler Mas Vicen\u00e7 | Re-evolucionant la tradici\u00f3","description":"The essence of cister it is a fascinating trip to the Cistercian past, with visits to the Santes Creus and Mas Vicen\u00e7 with a degustation.","robots":{"index":"index","follow":"follow","max-snippet":"max-snippet:-1","max-image-preview":"max-image-preview:large","max-video-preview":"max-video-preview:-1"},"canonical":"https:\/\/masvicens.com\/en\/wine-tourism-tarragona\/the-essence-of-cister\/","og_locale":"en_US","og_type":"article","og_title":"The essence of cister - Celler Mas Vicen\u00e7 | Re-evolucionant la tradici\u00f3","og_description":"The essence of cister it is a fascinating trip to the Cistercian past, with visits to the Santes Creus and Mas Vicen\u00e7 with a degustation.","og_url":"https:\/\/masvicens.com\/en\/wine-tourism-tarragona\/the-essence-of-cister\/","og_site_name":"Celler Mas Vicen\u00e7 | Re-evolucionant la tradici\u00f3","article_modified_time":"2025-10-23T08:33:34+00:00","og_image":[{"width":1920,"height":1080,"url":"https:\/\/masvicens.com\/wp-content\/uploads\/2021\/08\/xocovi-24_compressed-1.jpg","type":"image\/jpeg"}],"twitter_card":"summary_large_image","twitter_misc":{"Est. reading time":"2 minutes"},"schema":{"@context":"https:\/\/schema.org","@graph":[{"@type":"WebPage","@id":"https:\/\/masvicens.com\/en\/wine-tourism-tarragona\/the-essence-of-cister\/","url":"https:\/\/masvicens.com\/en\/wine-tourism-tarragona\/the-essence-of-cister\/","name":"The essence of cister - Celler Mas Vicen\u00e7 | Re-evolucionant la tradici\u00f3","isPartOf":{"@id":"https:\/\/masvicens.com\/en\/#website"},"primaryImageOfPage":{"@id":"https:\/\/masvicens.com\/en\/wine-tourism-tarragona\/the-essence-of-cister\/#primaryimage"},"image":{"@id":"https:\/\/masvicens.com\/en\/wine-tourism-tarragona\/the-essence-of-cister\/#primaryimage"},"thumbnailUrl":"https:\/\/masvicens.com\/wp-content\/uploads\/2021\/08\/xocovi-24_compressed-1.jpg","datePublished":"2021-08-05T09:47:54+00:00","dateModified":"2025-10-23T08:33:34+00:00","description":"The essence of cister it is a fascinating trip to the Cistercian past, with visits to the Santes Creus and Mas Vicen\u00e7 with a degustation.","breadcrumb":{"@id":"https:\/\/masvicens.com\/en\/wine-tourism-tarragona\/the-essence-of-cister\/#breadcrumb"},"inLanguage":"en-US","potentialAction":[{"@type":"ReadAction","target":["https:\/\/masvicens.com\/en\/wine-tourism-tarragona\/the-essence-of-cister\/"]}]},{"@type":"ImageObject","inLanguage":"en-US","@id":"https:\/\/masvicens.com\/en\/wine-tourism-tarragona\/the-essence-of-cister\/#primaryimage","url":"https:\/\/masvicens.com\/wp-content\/uploads\/2021\/08\/xocovi-24_compressed-1.jpg","contentUrl":"https:\/\/masvicens.com\/wp-content\/uploads\/2021\/08\/xocovi-24_compressed-1.jpg","width":1920,"height":1080,"caption":"Enoturismo Tarragona"},{"@type":"BreadcrumbList","@id":"https:\/\/masvicens.com\/en\/wine-tourism-tarragona\/the-essence-of-cister\/#breadcrumb","itemListElement":[{"@type":"ListItem","position":1,"name":"Portada","item":"https:\/\/masvicens.com\/en\/"},{"@type":"ListItem","position":2,"name":"WINE TOURISM","item":"https:\/\/masvicens.com\/en\/wine-tourism-tarragona\/"},{"@type":"ListItem","position":3,"name":"The essence of cister"}]},{"@type":"WebSite","@id":"https:\/\/masvicens.com\/en\/#website","url":"https:\/\/masvicens.com\/en\/","name":"Celler Mas Vicen\u00e7 | Re-evolucionant la tradici\u00f3","description":"Veniu a viure l&#039;enoturisme i a con\u00e8ixer la nostra col\u00b7lecci\u00f3 de vins elaborats amb la millor selecci\u00f3 de ra\u00efm del nostre celler a Tarragona.","potentialAction":[{"@type":"SearchAction","target":{"@type":"EntryPoint","urlTemplate":"https:\/\/masvicens.com\/en\/?s={search_term_string}"},"query-input":{"@type":"PropertyValueSpecification","valueRequired":true,"valueName":"search_term_string"}}],"inLanguage":"en-US"}]}},"_links":{"self":[{"href":"https:\/\/masvicens.com\/en\/wp-json\/wp\/v2\/pages\/21933","targetHints":{"allow":["GET"]}}],"collection":[{"href":"https:\/\/masvicens.com\/en\/wp-json\/wp\/v2\/pages"}],"about":[{"href":"https:\/\/masvicens.com\/en\/wp-json\/wp\/v2\/types\/page"}],"author":[{"embeddable":true,"href":"https:\/\/masvicens.com\/en\/wp-json\/wp\/v2\/users\/5"}],"replies":[{"embeddable":true,"href":"https:\/\/masvicens.com\/en\/wp-json\/wp\/v2\/comments?post=21933"}],"version-history":[{"count":3,"href":"https:\/\/masvicens.com\/en\/wp-json\/wp\/v2\/pages\/21933\/revisions"}],"predecessor-version":[{"id":31451,"href":"https:\/\/masvicens.com\/en\/wp-json\/wp\/v2\/pages\/21933\/revisions\/31451"}],"up":[{"embeddable":true,"href":"https:\/\/masvicens.com\/en\/wp-json\/wp\/v2\/pages\/22006"}],"wp:featuredmedia":[{"embeddable":true,"href":"https:\/\/masvicens.com\/en\/wp-json\/wp\/v2\/media\/22049"}],"wp:attachment":[{"href":"https:\/\/masvicens.com\/en\/wp-json\/wp\/v2\/media?parent=21933"}],"curies":[{"name":"wp","href":"https:\/\/api.w.org\/{rel}","templated":true}]}}