{"id":22224,"date":"2021-06-16T08:51:18","date_gmt":"2021-06-16T08:51:18","guid":{"rendered":"https:\/\/masvicens.olalon.com\/noticias-bodega\/"},"modified":"2021-08-30T11:00:21","modified_gmt":"2021-08-30T11:00:21","slug":"news","status":"publish","type":"page","link":"https:\/\/masvicens.com\/en\/news\/","title":{"rendered":"NEWS"},"content":{"rendered":"<p>[et_pb_section fb_built=&#8221;1&#8243; custom_padding_last_edited=&#8221;off|phone&#8221; admin_label=&#8221;section&#8221; _builder_version=&#8221;4.9.10&#8243; background_color=&#8221;#e0e0e0&#8243; use_background_color_gradient=&#8221;on&#8221; background_color_gradient_start=&#8221;rgba(68,68,68,0.38)&#8221; background_color_gradient_end=&#8221;rgba(17,17,17,0.71)&#8221; background_color_gradient_direction=&#8221;204deg&#8221; background_color_gradient_overlays_image=&#8221;on&#8221; background_image=&#8221;https:\/\/masvicens.com\/wp-content\/uploads\/2021\/06\/masvi_agost_-14-1500&#215;1002-1.jpeg&#8221; positioning=&#8221;none&#8221; vertical_offset=&#8221;0px&#8221; height=&#8221;50vh&#8221; height_tablet=&#8221;&#8221; height_phone=&#8221;&#8221; height_last_edited=&#8221;on|tablet&#8221; max_height_tablet=&#8221;60vh&#8221; max_height_phone=&#8221;60vh&#8221; max_height_last_edited=&#8221;on|tablet&#8221; custom_margin=&#8221;||||false|false&#8221; custom_margin_tablet=&#8221;||||false|false&#8221; custom_margin_phone=&#8221;||||false|false&#8221; custom_margin_last_edited=&#8221;on|desktop&#8221; custom_padding=&#8221;||||false|false&#8221; custom_padding_phone=&#8221;0px||||false|false&#8221; sticky_limit_bottom=&#8221;body&#8221; locked=&#8221;off&#8221; global_colors_info=&#8221;{}&#8221;][et_pb_row _builder_version=&#8221;4.9.10&#8243; _module_preset=&#8221;default&#8221; positioning=&#8221;none&#8221; position_origin_a=&#8221;center_center&#8221; global_colors_info=&#8221;{}&#8221;][et_pb_column type=&#8221;4_4&#8243; _builder_version=&#8221;4.9.10&#8243; _module_preset=&#8221;default&#8221; global_colors_info=&#8221;{}&#8221;][et_pb_text _builder_version=&#8221;4.9.10&#8243; _module_preset=&#8221;default&#8221; text_font=&#8221;Montserrat||||||||&#8221; text_text_color=&#8221;#ffffff&#8221; text_font_size=&#8221;50px&#8221; text_letter_spacing=&#8221;3px&#8221; header_font=&#8221;Open Sans|700|||||||&#8221; header_text_color=&#8221;#ffffff&#8221; header_font_size=&#8221;50px&#8221; header_letter_spacing=&#8221;3px&#8221; header_2_text_color=&#8221;#ffffff&#8221; header_2_font_size=&#8221;51px&#8221; custom_margin=&#8221;||||false|false&#8221; custom_margin_tablet=&#8221;|0px||0px|false|true&#8221; custom_margin_phone=&#8221;|0px||0px|false|true&#8221; custom_margin_last_edited=&#8221;on|tablet&#8221; custom_padding=&#8221;||||false|true&#8221; header_font_size_tablet=&#8221;&#8221; header_font_size_phone=&#8221;34px&#8221; header_font_size_last_edited=&#8221;on|phone&#8221; global_colors_info=&#8221;{}&#8221;]<\/p>\n<h1>NEWS<\/h1>\n<p>[\/et_pb_text][et_pb_divider color=&#8221;#ffffff&#8221; divider_weight=&#8221;3px&#8221; _builder_version=&#8221;4.9.10&#8243; _module_preset=&#8221;default&#8221; width=&#8221;3%&#8221; custom_margin=&#8221;||||false|false&#8221; custom_margin_tablet=&#8221;|||0px|false|false&#8221; custom_margin_phone=&#8221;|300px||0px|false|false&#8221; custom_margin_last_edited=&#8221;on|tablet&#8221; custom_padding=&#8221;||||false|true&#8221; global_colors_info=&#8221;{}&#8221;][\/et_pb_divider][et_pb_text _builder_version=&#8221;4.9.10&#8243; _module_preset=&#8221;default&#8221; text_font=&#8221;Open Sans|600|||||||&#8221; text_text_color=&#8221;#ffffff&#8221; text_font_size=&#8221;26px&#8221; text_line_height=&#8221;1.2em&#8221; width=&#8221;100%&#8221; custom_margin=&#8221;||||false|false&#8221; custom_margin_tablet=&#8221;|0px||0px|false|true&#8221; custom_margin_phone=&#8221;|0px||0px|false|true&#8221; custom_margin_last_edited=&#8221;on|desktop&#8221; custom_padding=&#8221;||||false|false&#8221; custom_padding_tablet=&#8221;|40px|||false|false&#8221; custom_padding_phone=&#8221;|40px|||false|false&#8221; custom_padding_last_edited=&#8221;on|desktop&#8221; text_font_size_tablet=&#8221;&#8221; text_font_size_phone=&#8221;19px&#8221; text_font_size_last_edited=&#8221;on|phone&#8221; global_colors_info=&#8221;{}&#8221;]<\/p>\n<p>The blog of Mas Vicen\u00e7<\/p>\n<p>[\/et_pb_text][\/et_pb_column][\/et_pb_row][\/et_pb_section][et_pb_section fb_built=&#8221;1&#8243; _builder_version=&#8221;4.9.2&#8243; _module_preset=&#8221;default&#8221; global_colors_info=&#8221;{}&#8221;][et_pb_row make_equal=&#8221;on&#8221; _builder_version=&#8221;4.9.2&#8243; _module_preset=&#8221;default&#8221; max_width=&#8221;1800px&#8221; global_colors_info=&#8221;{}&#8221;][et_pb_column type=&#8221;4_4&#8243; _builder_version=&#8221;4.9.2&#8243; _module_preset=&#8221;default&#8221; global_colors_info=&#8221;{}&#8221;][et_pb_blog fullwidth=&#8221;off&#8221; posts_number=&#8221;100&#8243; include_categories=&#8221;all&#8221; show_author=&#8221;off&#8221; show_categories=&#8221;off&#8221; use_overlay=&#8221;on&#8221; masonry_tile_background_color=&#8221;#f9f9f9&#8243; _builder_version=&#8221;4.9.11&#8243; _module_preset=&#8221;default&#8221; header_font=&#8221;Open Sans|700|||||||&#8221; header_text_color=&#8221;#A30121&#8243; header_font_size=&#8221;26px&#8221; body_font=&#8221;Open Sans||||||||&#8221; body_font_size=&#8221;16px&#8221; read_more_font=&#8221;Open Sans|600|||||||&#8221; read_more_text_color=&#8221;#A30121&#8243; module_alignment=&#8221;center&#8221; custom_margin=&#8221;||||false|false&#8221; custom_padding=&#8221;|||0px|false|false&#8221; animation_style=&#8221;fade&#8221; hover_enabled=&#8221;0&#8243; custom_css_read_more=&#8221;background-color: #EF5350;||padding:10px;||border-radius:5px;||position:relative;||top:5px;||box-shadow: 0px 8px 15px rgba(0, 0, 0, 0.1);||transition: all 300ms ease 0ms;||||&#8221; border_width_all=&#8221;0px&#8221; border_style_all_image=&#8221;none&#8221; global_colors_info=&#8221;{}&#8221; read_more_text_color__hover_enabled=&#8221;on|desktop&#8221; read_more_text_color__hover=&#8221;#A30121&#8243; transform_styles__hover_enabled=&#8221;on|hover&#8221; transform_scale__hover_enabled=&#8221;on|hover&#8221; transform_translate__hover_enabled=&#8221;on|desktop&#8221; transform_rotate__hover_enabled=&#8221;on|desktop&#8221; transform_skew__hover_enabled=&#8221;on|desktop&#8221; transform_origin__hover_enabled=&#8221;on|hover&#8221; sticky_enabled=&#8221;0&#8243;][\/et_pb_blog][\/et_pb_column][\/et_pb_row][\/et_pb_section]<\/p>\n","protected":false},"excerpt":{"rendered":"<p>NEWSThe blog of Mas Vicen\u00e7<\/p>\n","protected":false},"author":1,"featured_media":0,"parent":0,"menu_order":0,"comment_status":"closed","ping_status":"closed","template":"","meta":{"_et_pb_use_builder":"on","_et_pb_old_content":"","_et_gb_content_width":"","inline_featured_image":false,"_joinchat":[],"footnotes":""},"class_list":["post-22224","page","type-page","status-publish","hentry"],"yoast_head":"<!-- This site is optimized with the Yoast SEO plugin v27.3 - https:\/\/yoast.com\/product\/yoast-seo-wordpress\/ -->\n<title>NEWS - Celler Mas Vicen\u00e7 | Re-evolucionant la tradici\u00f3<\/title>\n<meta name=\"description\" content=\"Here you can find all the information you fill in about the Mas Vicen\u00e7 cellar. News tours d&#039;enoturisme, curiosities, news and months.\" \/>\n<meta name=\"robots\" content=\"index, follow, max-snippet:-1, max-image-preview:large, max-video-preview:-1\" \/>\n<link rel=\"canonical\" href=\"https:\/\/masvicens.com\/en\/news\/\" \/>\n<meta property=\"og:locale\" content=\"en_US\" \/>\n<meta property=\"og:type\" content=\"article\" \/>\n<meta property=\"og:title\" content=\"NEWS - Celler Mas Vicen\u00e7 | Re-evolucionant la tradici\u00f3\" \/>\n<meta property=\"og:description\" content=\"Here you can find all the information you fill in about the Mas Vicen\u00e7 cellar. News tours d&#039;enoturisme, curiosities, news and months.\" \/>\n<meta property=\"og:url\" content=\"https:\/\/masvicens.com\/en\/news\/\" \/>\n<meta property=\"og:site_name\" content=\"Celler Mas Vicen\u00e7 | Re-evolucionant la tradici\u00f3\" \/>\n<meta property=\"article:modified_time\" content=\"2021-08-30T11:00:21+00:00\" \/>\n<meta name=\"twitter:card\" content=\"summary_large_image\" \/>\n<meta name=\"twitter:label1\" content=\"Est. reading time\" \/>\n\t<meta name=\"twitter:data1\" content=\"1 minute\" \/>\n<script type=\"application\/ld+json\" class=\"yoast-schema-graph\">{\"@context\":\"https:\\\/\\\/schema.org\",\"@graph\":[{\"@type\":\"WebPage\",\"@id\":\"https:\\\/\\\/masvicens.com\\\/en\\\/news\\\/\",\"url\":\"https:\\\/\\\/masvicens.com\\\/en\\\/news\\\/\",\"name\":\"NEWS - Celler Mas Vicen\u00e7 | Re-evolucionant la tradici\u00f3\",\"isPartOf\":{\"@id\":\"https:\\\/\\\/masvicens.com\\\/en\\\/#website\"},\"datePublished\":\"2021-06-16T08:51:18+00:00\",\"dateModified\":\"2021-08-30T11:00:21+00:00\",\"description\":\"Here you can find all the information you fill in about the Mas Vicen\u00e7 cellar. News tours d'enoturisme, curiosities, news and months.\",\"breadcrumb\":{\"@id\":\"https:\\\/\\\/masvicens.com\\\/en\\\/news\\\/#breadcrumb\"},\"inLanguage\":\"en-US\",\"potentialAction\":[{\"@type\":\"ReadAction\",\"target\":[\"https:\\\/\\\/masvicens.com\\\/en\\\/news\\\/\"]}]},{\"@type\":\"BreadcrumbList\",\"@id\":\"https:\\\/\\\/masvicens.com\\\/en\\\/news\\\/#breadcrumb\",\"itemListElement\":[{\"@type\":\"ListItem\",\"position\":1,\"name\":\"Portada\",\"item\":\"https:\\\/\\\/masvicens.com\\\/en\\\/\"},{\"@type\":\"ListItem\",\"position\":2,\"name\":\"NEWS\"}]},{\"@type\":\"WebSite\",\"@id\":\"https:\\\/\\\/masvicens.com\\\/en\\\/#website\",\"url\":\"https:\\\/\\\/masvicens.com\\\/en\\\/\",\"name\":\"Celler Mas Vicen\u00e7 | Re-evolucionant la tradici\u00f3\",\"description\":\"Veniu a viure l&#039;enoturisme i a con\u00e8ixer la nostra col\u00b7lecci\u00f3 de vins elaborats amb la millor selecci\u00f3 de ra\u00efm del nostre celler a Tarragona.\",\"potentialAction\":[{\"@type\":\"SearchAction\",\"target\":{\"@type\":\"EntryPoint\",\"urlTemplate\":\"https:\\\/\\\/masvicens.com\\\/en\\\/?s={search_term_string}\"},\"query-input\":{\"@type\":\"PropertyValueSpecification\",\"valueRequired\":true,\"valueName\":\"search_term_string\"}}],\"inLanguage\":\"en-US\"}]}<\/script>\n<!-- \/ Yoast SEO plugin. -->","yoast_head_json":{"title":"NEWS - Celler Mas Vicen\u00e7 | Re-evolucionant la tradici\u00f3","description":"Here you can find all the information you fill in about the Mas Vicen\u00e7 cellar. News tours d'enoturisme, curiosities, news and months.","robots":{"index":"index","follow":"follow","max-snippet":"max-snippet:-1","max-image-preview":"max-image-preview:large","max-video-preview":"max-video-preview:-1"},"canonical":"https:\/\/masvicens.com\/en\/news\/","og_locale":"en_US","og_type":"article","og_title":"NEWS - Celler Mas Vicen\u00e7 | Re-evolucionant la tradici\u00f3","og_description":"Here you can find all the information you fill in about the Mas Vicen\u00e7 cellar. News tours d'enoturisme, curiosities, news and months.","og_url":"https:\/\/masvicens.com\/en\/news\/","og_site_name":"Celler Mas Vicen\u00e7 | Re-evolucionant la tradici\u00f3","article_modified_time":"2021-08-30T11:00:21+00:00","twitter_card":"summary_large_image","twitter_misc":{"Est. reading time":"1 minute"},"schema":{"@context":"https:\/\/schema.org","@graph":[{"@type":"WebPage","@id":"https:\/\/masvicens.com\/en\/news\/","url":"https:\/\/masvicens.com\/en\/news\/","name":"NEWS - Celler Mas Vicen\u00e7 | Re-evolucionant la tradici\u00f3","isPartOf":{"@id":"https:\/\/masvicens.com\/en\/#website"},"datePublished":"2021-06-16T08:51:18+00:00","dateModified":"2021-08-30T11:00:21+00:00","description":"Here you can find all the information you fill in about the Mas Vicen\u00e7 cellar. News tours d'enoturisme, curiosities, news and months.","breadcrumb":{"@id":"https:\/\/masvicens.com\/en\/news\/#breadcrumb"},"inLanguage":"en-US","potentialAction":[{"@type":"ReadAction","target":["https:\/\/masvicens.com\/en\/news\/"]}]},{"@type":"BreadcrumbList","@id":"https:\/\/masvicens.com\/en\/news\/#breadcrumb","itemListElement":[{"@type":"ListItem","position":1,"name":"Portada","item":"https:\/\/masvicens.com\/en\/"},{"@type":"ListItem","position":2,"name":"NEWS"}]},{"@type":"WebSite","@id":"https:\/\/masvicens.com\/en\/#website","url":"https:\/\/masvicens.com\/en\/","name":"Celler Mas Vicen\u00e7 | Re-evolucionant la tradici\u00f3","description":"Veniu a viure l&#039;enoturisme i a con\u00e8ixer la nostra col\u00b7lecci\u00f3 de vins elaborats amb la millor selecci\u00f3 de ra\u00efm del nostre celler a Tarragona.","potentialAction":[{"@type":"SearchAction","target":{"@type":"EntryPoint","urlTemplate":"https:\/\/masvicens.com\/en\/?s={search_term_string}"},"query-input":{"@type":"PropertyValueSpecification","valueRequired":true,"valueName":"search_term_string"}}],"inLanguage":"en-US"}]}},"_links":{"self":[{"href":"https:\/\/masvicens.com\/en\/wp-json\/wp\/v2\/pages\/22224","targetHints":{"allow":["GET"]}}],"collection":[{"href":"https:\/\/masvicens.com\/en\/wp-json\/wp\/v2\/pages"}],"about":[{"href":"https:\/\/masvicens.com\/en\/wp-json\/wp\/v2\/types\/page"}],"author":[{"embeddable":true,"href":"https:\/\/masvicens.com\/en\/wp-json\/wp\/v2\/users\/1"}],"replies":[{"embeddable":true,"href":"https:\/\/masvicens.com\/en\/wp-json\/wp\/v2\/comments?post=22224"}],"version-history":[{"count":0,"href":"https:\/\/masvicens.com\/en\/wp-json\/wp\/v2\/pages\/22224\/revisions"}],"wp:attachment":[{"href":"https:\/\/masvicens.com\/en\/wp-json\/wp\/v2\/media?parent=22224"}],"curies":[{"name":"wp","href":"https:\/\/api.w.org\/{rel}","templated":true}]}}