{"id":24170,"date":"2021-08-20T11:51:59","date_gmt":"2021-08-20T11:51:59","guid":{"rendered":"https:\/\/masvicens.com\/condicions-us-i-contractacio\/"},"modified":"2024-02-21T09:43:10","modified_gmt":"2024-02-21T09:43:10","slug":"terms-conditions-and-transport","status":"publish","type":"page","link":"https:\/\/masvicens.com\/en\/terms-conditions-and-transport\/","title":{"rendered":"Terms, conditions and transport"},"content":{"rendered":"<p>[et_pb_section fb_built=&#8221;1&#8243; _builder_version=&#8221;4.16&#8243; _module_preset=&#8221;default&#8221; custom_margin=&#8221;||||false|true&#8221; custom_margin_tablet=&#8221;||||false|true&#8221; custom_margin_phone=&#8221;||||false|true&#8221; custom_margin_last_edited=&#8221;on|phone&#8221; custom_padding=&#8221;||||true|false&#8221; global_colors_info=&#8221;{}&#8221;][et_pb_row _builder_version=&#8221;4.16&#8243; _module_preset=&#8221;default&#8221; max_width_tablet=&#8221;2560px&#8221; max_width_phone=&#8221;&#8221; max_width_last_edited=&#8221;on|tablet&#8221; module_alignment=&#8221;center&#8221; custom_margin=&#8221;|209px||auto|false|false&#8221; custom_padding=&#8221;||||false|true&#8221; global_colors_info=&#8221;{}&#8221;][et_pb_column type=&#8221;4_4&#8243; _builder_version=&#8221;4.16&#8243; _module_preset=&#8221;default&#8221; global_colors_info=&#8221;{}&#8221;][et_pb_text _builder_version=&#8221;4.24.1&#8243; _module_preset=&#8221;default&#8221; text_font=&#8221;Open Sans||||||||&#8221; text_font_size=&#8221;20px&#8221; header_font=&#8221;|700|||||||&#8221; header_text_color=&#8221;#A30121&#8243; header_2_font=&#8221;|700|||||||&#8221; header_2_text_color=&#8221;#A30121&#8243; width=&#8221;100%&#8221; max_width=&#8221;100%&#8221; custom_margin=&#8221;||||false|true&#8221; custom_margin_last_edited=&#8221;off|desktop&#8221; custom_padding=&#8221;||||false|false&#8221; hover_enabled=&#8221;0&#8243; text_orientation_tablet=&#8221;&#8221; text_orientation_phone=&#8221;left&#8221; text_orientation_last_edited=&#8221;on|phone&#8221; global_colors_info=&#8221;{}&#8221; sticky_enabled=&#8221;0&#8243;]<\/p>\n<h1 style=\"text-align: justify;\">TERMS, CONDITIONS AND TRANSPORT<\/h1>\n<h2 style=\"text-align: justify;\">1. About us<\/h2>\n<p style=\"text-align: justify;\"><em>masvicens.com<\/em><span>\u00a0<\/span>is completely dedicated to your total satisfaction. If you have any suggestions or comments please email us at<span>\u00a0<\/span><a href=\"mailto:masvicens@masvicens.com\">masvicens@masvicens.com<\/a>.<\/p>\n<p style=\"text-align: justify;\"><strong>Our Contact details:<\/strong><\/p>\n<ul style=\"text-align: justify;\">\n<li>Mas Vicen\u00e7, S.C.P.<\/li>\n<li>J43796580<\/li>\n<li>Mas Vicen\u00e7, S\/N<\/li>\n<li>43811 \u2013 Cabra del Camp<\/li>\n<li>Tarragona<\/li>\n<li>Spain<\/li>\n<\/ul>\n<h2 style=\"text-align: justify;\">2. Making a purchase<\/h2>\n<p style=\"text-align: justify;\">Just browse our catalogue, and click on any items that you wish to buy and put them into the shopping cart. After you have finished your selection, click on \u201cOrder\u201d and you will be asked for a few details that we need to be able to satisfy the order.<\/p>\n<p style=\"text-align: justify;\">We accept credit card payment, Paypal and transfer. Your order can only be accepted if you are over 18 years of age and the delivery is to an address in Europe.<\/p>\n<p style=\"text-align: justify;\">Substitute products. We never substitute products and will always deliver the exact bottle that you have ordered.<\/p>\n<p style=\"text-align: justify;\">Sale contract. This contract to purchase goods on this site is conditional on the product being shipped.<\/p>\n<p style=\"text-align: justify;\">Condition of bottles. All our bottles are stored in ideal temperature controlled conditions. If you are not happy with your purchase return it for a full refund.<\/p>\n<p style=\"text-align: justify;\">\n<div id=\"delivery\" style=\"text-align: justify;\">\n<h2>3. Transport conditions<\/h2>\n<p><strong>TRANSPORT PRICES IN SPAIN<\/strong><\/p>\n<table border=\"1\" style=\"border-collapse: collapse; width: 100%;\">\n<tbody>\n<tr>\n<td style=\"width: 20%;\"><\/td>\n<td style=\"width: 20%;\">1 box \/6 bottles<\/td>\n<td style=\"width: 20%;\">2 boxes<\/td>\n<td style=\"width: 20%;\">3 boxes<\/td>\n<td style=\"width: 20%;\">4 boxes<\/td>\n<\/tr>\n<tr>\n<td style=\"width: 20%;\">Peninsula<\/td>\n<td style=\"width: 20%;\">7,99\u20ac<\/td>\n<td style=\"width: 20%;\">free<\/td>\n<td style=\"width: 20%;\">free<\/td>\n<td style=\"width: 20%;\">free<\/td>\n<\/tr>\n<tr>\n<td style=\"width: 20%;\">Balearics<\/td>\n<td style=\"width: 20%;\">12,50\u20ac<\/td>\n<td style=\"width: 20%;\">17,00\u20ac<\/td>\n<td style=\"width: 20%;\">19,80\u20ac<\/td>\n<td style=\"width: 20%;\">26,00\u20ac<\/td>\n<\/tr>\n<tr>\n<td style=\"width: 20%;\">Andorra<\/td>\n<td style=\"width: 20%;\">24,00\u20ac<\/td>\n<td style=\"width: 20%;\">28,00\u20ac<\/td>\n<td style=\"width: 20%;\">37,00\u20ac<\/td>\n<td style=\"width: 20%;\">43,00\u20ac<\/td>\n<\/tr>\n<\/tbody>\n<\/table>\n<p>Shipping charges in the Peninsula will be free for purchases over \u20ac50.<\/p>\n<p><strong>TRANSPORT PRICES IN THE EU AND OUTSIDE THE EU<\/strong><\/p>\n<div class=\"traductor-textarea form-group\">\n<div class=\"textarea-desti col-xs-12 col-sm-6\">\n<div class=\"form-control second-textarea\">For shipments to the European Union and outside the European Union, contact the winery directly at <a href=\"mailto:masvicens@masvicens.com\">masvicens@masvicens.com<\/a> or WhatsApp and we will make a customized budget. Also applicable for shipments to the Canary Islands.<\/div>\n<\/div>\n<\/div>\n<h2 style=\"text-align: justify;\"><\/h2>\n<h2 style=\"text-align: justify;\"><\/h2>\n<h2 style=\"text-align: justify;\">4. Shipping and Handling<\/h2>\n<p style=\"text-align: justify;\">Orders can be delivered to most European countries. Delivery prices include full insurance cover, postage and packing and VAT.<\/p>\n<h2 style=\"text-align: justify;\">5. Delivery Schedule<\/h2>\n<p style=\"text-align: justify;\">24 a 72 hours \u2013 for the deliveries in Spain.<\/p>\n<p style=\"text-align: justify;\">2-3 days \u2013 for the deliveries in Balearic Islands, Canary Islands and Andorra.<\/p>\n<p style=\"text-align: justify;\">3-6 days \u2013 for the deliveries in EU.<\/p>\n<p style=\"text-align: justify;\">However, delays could happen due to unforeseen reasons. If for any reason we were unable to comply with the delivery date, we will inform you of this circumstance, and we will give you the option of moving forward with the purchase by establishing a new delivery date or cancel the order with the total reimbursement of price paid.<\/p>\n<h2 style=\"text-align: justify;\">6. Back Orders<\/h2>\n<p style=\"text-align: justify;\">We operate a real time stock order system. All bottles displayed on our site are in stock. If an item is not in stock the words\u2019 Out of Stock\u201d will be displayed.<\/p>\n<\/div>\n<p>[\/et_pb_text][\/et_pb_column][\/et_pb_row][\/et_pb_section]<\/p>\n","protected":false},"excerpt":{"rendered":"<p>TERMS, CONDITIONS AND TRANSPORT 1. About us masvicens.com\u00a0is completely dedicated to your total satisfaction. If you have any suggestions or comments please email us at\u00a0masvicens@masvicens.com. Our Contact details: Mas Vicen\u00e7, S.C.P. J43796580 Mas Vicen\u00e7, S\/N 43811 \u2013 Cabra del Camp Tarragona Spain 2. Making a purchase Just browse our catalogue, and click on any items [&hellip;]<\/p>\n","protected":false},"author":6,"featured_media":0,"parent":0,"menu_order":0,"comment_status":"closed","ping_status":"closed","template":"","meta":{"_et_pb_use_builder":"on","_et_pb_old_content":"","_et_gb_content_width":"","inline_featured_image":false,"_joinchat":[],"footnotes":""},"class_list":["post-24170","page","type-page","status-publish","hentry"],"yoast_head":"<!-- This site is optimized with the Yoast SEO plugin v27.3 - https:\/\/yoast.com\/product\/yoast-seo-wordpress\/ -->\n<title>Terms, conditions and transport - Mas Vicen\u00e7<\/title>\n<meta name=\"description\" content=\"Aqu\u00ed trobar\u00e1s les condicions d&#039;\u00fas i contractaci\u00f3, a m\u00e9s a m\u00e9s, dels preus dels enviaments de la web de Mas Vicen\u00e7.\" \/>\n<meta name=\"robots\" content=\"index, follow, max-snippet:-1, max-image-preview:large, max-video-preview:-1\" \/>\n<link rel=\"canonical\" href=\"https:\/\/masvicens.com\/en\/terms-conditions-and-transport\/\" \/>\n<meta property=\"og:locale\" content=\"en_US\" \/>\n<meta property=\"og:type\" content=\"article\" \/>\n<meta property=\"og:title\" content=\"Terms, conditions and transport - Mas Vicen\u00e7\" \/>\n<meta property=\"og:description\" content=\"Aqu\u00ed trobar\u00e1s les condicions d&#039;\u00fas i contractaci\u00f3, a m\u00e9s a m\u00e9s, dels preus dels enviaments de la web de Mas Vicen\u00e7.\" \/>\n<meta property=\"og:url\" content=\"https:\/\/masvicens.com\/en\/terms-conditions-and-transport\/\" \/>\n<meta property=\"og:site_name\" content=\"Celler Mas Vicen\u00e7 | Re-evolucionant la tradici\u00f3\" \/>\n<meta property=\"article:modified_time\" content=\"2024-02-21T09:43:10+00:00\" \/>\n<meta name=\"twitter:card\" content=\"summary_large_image\" \/>\n<meta name=\"twitter:label1\" content=\"Est. reading time\" \/>\n\t<meta name=\"twitter:data1\" content=\"25 minutes\" \/>\n<script type=\"application\/ld+json\" class=\"yoast-schema-graph\">{\"@context\":\"https:\\\/\\\/schema.org\",\"@graph\":[{\"@type\":\"WebPage\",\"@id\":\"https:\\\/\\\/masvicens.com\\\/en\\\/terms-conditions-and-transport\\\/\",\"url\":\"https:\\\/\\\/masvicens.com\\\/en\\\/terms-conditions-and-transport\\\/\",\"name\":\"Terms, conditions and transport - Mas Vicen\u00e7\",\"isPartOf\":{\"@id\":\"https:\\\/\\\/masvicens.com\\\/en\\\/#website\"},\"datePublished\":\"2021-08-20T11:51:59+00:00\",\"dateModified\":\"2024-02-21T09:43:10+00:00\",\"description\":\"Aqu\u00ed trobar\u00e1s les condicions d'\u00fas i contractaci\u00f3, a m\u00e9s a m\u00e9s, dels preus dels enviaments de la web de Mas Vicen\u00e7.\",\"breadcrumb\":{\"@id\":\"https:\\\/\\\/masvicens.com\\\/en\\\/terms-conditions-and-transport\\\/#breadcrumb\"},\"inLanguage\":\"en-US\",\"potentialAction\":[{\"@type\":\"ReadAction\",\"target\":[\"https:\\\/\\\/masvicens.com\\\/en\\\/terms-conditions-and-transport\\\/\"]}]},{\"@type\":\"BreadcrumbList\",\"@id\":\"https:\\\/\\\/masvicens.com\\\/en\\\/terms-conditions-and-transport\\\/#breadcrumb\",\"itemListElement\":[{\"@type\":\"ListItem\",\"position\":1,\"name\":\"Portada\",\"item\":\"https:\\\/\\\/masvicens.com\\\/en\\\/\"},{\"@type\":\"ListItem\",\"position\":2,\"name\":\"Terms, conditions and transport\"}]},{\"@type\":\"WebSite\",\"@id\":\"https:\\\/\\\/masvicens.com\\\/en\\\/#website\",\"url\":\"https:\\\/\\\/masvicens.com\\\/en\\\/\",\"name\":\"Celler Mas Vicen\u00e7 | Re-evolucionant la tradici\u00f3\",\"description\":\"Veniu a viure l&#039;enoturisme i a con\u00e8ixer la nostra col\u00b7lecci\u00f3 de vins elaborats amb la millor selecci\u00f3 de ra\u00efm del nostre celler a Tarragona.\",\"potentialAction\":[{\"@type\":\"SearchAction\",\"target\":{\"@type\":\"EntryPoint\",\"urlTemplate\":\"https:\\\/\\\/masvicens.com\\\/en\\\/?s={search_term_string}\"},\"query-input\":{\"@type\":\"PropertyValueSpecification\",\"valueRequired\":true,\"valueName\":\"search_term_string\"}}],\"inLanguage\":\"en-US\"}]}<\/script>\n<!-- \/ Yoast SEO plugin. -->","yoast_head_json":{"title":"Terms, conditions and transport - Mas Vicen\u00e7","description":"Aqu\u00ed trobar\u00e1s les condicions d'\u00fas i contractaci\u00f3, a m\u00e9s a m\u00e9s, dels preus dels enviaments de la web de Mas Vicen\u00e7.","robots":{"index":"index","follow":"follow","max-snippet":"max-snippet:-1","max-image-preview":"max-image-preview:large","max-video-preview":"max-video-preview:-1"},"canonical":"https:\/\/masvicens.com\/en\/terms-conditions-and-transport\/","og_locale":"en_US","og_type":"article","og_title":"Terms, conditions and transport - Mas Vicen\u00e7","og_description":"Aqu\u00ed trobar\u00e1s les condicions d'\u00fas i contractaci\u00f3, a m\u00e9s a m\u00e9s, dels preus dels enviaments de la web de Mas Vicen\u00e7.","og_url":"https:\/\/masvicens.com\/en\/terms-conditions-and-transport\/","og_site_name":"Celler Mas Vicen\u00e7 | Re-evolucionant la tradici\u00f3","article_modified_time":"2024-02-21T09:43:10+00:00","twitter_card":"summary_large_image","twitter_misc":{"Est. reading time":"25 minutes"},"schema":{"@context":"https:\/\/schema.org","@graph":[{"@type":"WebPage","@id":"https:\/\/masvicens.com\/en\/terms-conditions-and-transport\/","url":"https:\/\/masvicens.com\/en\/terms-conditions-and-transport\/","name":"Terms, conditions and transport - Mas Vicen\u00e7","isPartOf":{"@id":"https:\/\/masvicens.com\/en\/#website"},"datePublished":"2021-08-20T11:51:59+00:00","dateModified":"2024-02-21T09:43:10+00:00","description":"Aqu\u00ed trobar\u00e1s les condicions d'\u00fas i contractaci\u00f3, a m\u00e9s a m\u00e9s, dels preus dels enviaments de la web de Mas Vicen\u00e7.","breadcrumb":{"@id":"https:\/\/masvicens.com\/en\/terms-conditions-and-transport\/#breadcrumb"},"inLanguage":"en-US","potentialAction":[{"@type":"ReadAction","target":["https:\/\/masvicens.com\/en\/terms-conditions-and-transport\/"]}]},{"@type":"BreadcrumbList","@id":"https:\/\/masvicens.com\/en\/terms-conditions-and-transport\/#breadcrumb","itemListElement":[{"@type":"ListItem","position":1,"name":"Portada","item":"https:\/\/masvicens.com\/en\/"},{"@type":"ListItem","position":2,"name":"Terms, conditions and transport"}]},{"@type":"WebSite","@id":"https:\/\/masvicens.com\/en\/#website","url":"https:\/\/masvicens.com\/en\/","name":"Celler Mas Vicen\u00e7 | Re-evolucionant la tradici\u00f3","description":"Veniu a viure l&#039;enoturisme i a con\u00e8ixer la nostra col\u00b7lecci\u00f3 de vins elaborats amb la millor selecci\u00f3 de ra\u00efm del nostre celler a Tarragona.","potentialAction":[{"@type":"SearchAction","target":{"@type":"EntryPoint","urlTemplate":"https:\/\/masvicens.com\/en\/?s={search_term_string}"},"query-input":{"@type":"PropertyValueSpecification","valueRequired":true,"valueName":"search_term_string"}}],"inLanguage":"en-US"}]}},"_links":{"self":[{"href":"https:\/\/masvicens.com\/en\/wp-json\/wp\/v2\/pages\/24170","targetHints":{"allow":["GET"]}}],"collection":[{"href":"https:\/\/masvicens.com\/en\/wp-json\/wp\/v2\/pages"}],"about":[{"href":"https:\/\/masvicens.com\/en\/wp-json\/wp\/v2\/types\/page"}],"author":[{"embeddable":true,"href":"https:\/\/masvicens.com\/en\/wp-json\/wp\/v2\/users\/6"}],"replies":[{"embeddable":true,"href":"https:\/\/masvicens.com\/en\/wp-json\/wp\/v2\/comments?post=24170"}],"version-history":[{"count":3,"href":"https:\/\/masvicens.com\/en\/wp-json\/wp\/v2\/pages\/24170\/revisions"}],"predecessor-version":[{"id":28108,"href":"https:\/\/masvicens.com\/en\/wp-json\/wp\/v2\/pages\/24170\/revisions\/28108"}],"wp:attachment":[{"href":"https:\/\/masvicens.com\/en\/wp-json\/wp\/v2\/media?parent=24170"}],"curies":[{"name":"wp","href":"https:\/\/api.w.org\/{rel}","templated":true}]}}