{"id":24180,"date":"2021-11-09T10:41:23","date_gmt":"2021-11-09T10:41:23","guid":{"rendered":"https:\/\/masvicens.com\/avis-legal\/"},"modified":"2021-11-09T11:13:32","modified_gmt":"2021-11-09T11:13:32","slug":"legal-warning","status":"publish","type":"page","link":"https:\/\/masvicens.com\/en\/legal-warning\/","title":{"rendered":"Legal warning"},"content":{"rendered":"\n[et_pb_section fb_built=&#8221;1&#8243; _builder_version=&#8221;4.9.10&#8243; _module_preset=&#8221;default&#8221; custom_margin=&#8221;||||false|true&#8221; custom_margin_tablet=&#8221;||||false|true&#8221; custom_margin_phone=&#8221;||||false|true&#8221; custom_margin_last_edited=&#8221;on|phone&#8221; custom_padding=&#8221;||||true|false&#8221; global_colors_info=&#8221;{}&#8221;][et_pb_row _builder_version=&#8221;4.9.10&#8243; _module_preset=&#8221;default&#8221; max_width_tablet=&#8221;2560px&#8221; max_width_phone=&#8221;&#8221; max_width_last_edited=&#8221;on|tablet&#8221; module_alignment=&#8221;center&#8221; custom_margin=&#8221;|209px||auto|false|false&#8221; custom_padding=&#8221;||||false|true&#8221; global_colors_info=&#8221;{}&#8221;][et_pb_column type=&#8221;4_4&#8243; _builder_version=&#8221;4.9.2&#8243; _module_preset=&#8221;default&#8221; global_colors_info=&#8221;{}&#8221;][et_pb_text _builder_version=&#8221;4.11.3&#8243; _module_preset=&#8221;default&#8221; text_font=&#8221;Open Sans||||||||&#8221; text_font_size=&#8221;20px&#8221; header_font=&#8221;|700|||||||&#8221; header_text_color=&#8221;#A30121&#8243; header_2_font=&#8221;|700|||||||&#8221; header_2_text_color=&#8221;#A30121&#8243; width=&#8221;100%&#8221; max_width=&#8221;100%&#8221; custom_margin=&#8221;||||false|true&#8221; custom_margin_last_edited=&#8221;off|desktop&#8221; custom_padding=&#8221;||||false|false&#8221; hover_enabled=&#8221;0&#8243; text_orientation_tablet=&#8221;&#8221; text_orientation_phone=&#8221;left&#8221; text_orientation_last_edited=&#8221;on|phone&#8221; global_colors_info=&#8221;{}&#8221; sticky_enabled=&#8221;0&#8243;]<h1>LEGAL WARNING<\/h1>\n<p>&nbsp;<\/p>\n<div class=\" vc_custom_1519043742218\">\n<div id=\"text-block-60c84fd3df335\" class=\"mk-text-block  jupiter-donut- \">\n<p>You agree that the design, trademarks, logos and intellectual rights to all parts of this web site belong to<span>\u00a0<\/span><em>masvicens.com<\/em><span>\u00a0<\/span>and must not be used without our express permission. All persons, individual and corporate are prohibited from providing hypertext and other links to the<span>\u00a0<\/span><em>masvicens.com<\/em><span>\u00a0<\/span>website, other than to our home page, from their own website or from a third party site without prior written consent.<\/p>\n<h2>Data Protection<\/h2>\n<p>By providing your details on our website you consent to<span>\u00a0<\/span><em>masvicens.com<\/em><span>\u00a0<\/span>maintaining, holding and using the information given. All data is stored in accordance with the Data Protection Act 1998.<br \/>If you purchase or register with us you agree to be bound by these terms and conditions.<br \/>We reserve the right to vary these conditions from time to time.<\/p>\n<h2>Reaching Us<\/h2>\n<p>If you need to reach us, please go to the contact us section on the website. We will answer you as soon as possible.<\/p>\n<\/div>\n<\/div>[\/et_pb_text][\/et_pb_column][\/et_pb_row][\/et_pb_section]\n","protected":false},"excerpt":{"rendered":"<p>LEGAL WARNING &nbsp; You agree that the design, trademarks, logos and intellectual rights to all parts of this web site belong to\u00a0masvicens.com\u00a0and must not be used without our express permission. All persons, individual and corporate are prohibited from providing hypertext and other links to the\u00a0masvicens.com\u00a0website, other than to our home page, from their own website [&hellip;]<\/p>\n","protected":false},"author":6,"featured_media":0,"parent":0,"menu_order":0,"comment_status":"closed","ping_status":"closed","template":"","meta":{"_et_pb_use_builder":"on","_et_pb_old_content":"","_et_gb_content_width":"","inline_featured_image":false,"_joinchat":[],"footnotes":""},"class_list":["post-24180","page","type-page","status-publish","hentry"],"yoast_head":"<!-- This site is optimized with the Yoast SEO plugin v27.3 - https:\/\/yoast.com\/product\/yoast-seo-wordpress\/ -->\n<title>Legal warning - Mas Vicen\u00e7<\/title>\n<meta name=\"description\" content=\"Aqu\u00ed trobar\u00e1s les condicions d&#039;\u00fas i contractaci\u00f3, a m\u00e9s a m\u00e9s, dels preus dels enviaments de la web de Mas Vicen\u00e7.\" \/>\n<meta name=\"robots\" content=\"noindex, follow\" \/>\n<meta property=\"og:locale\" content=\"en_US\" \/>\n<meta property=\"og:type\" content=\"article\" \/>\n<meta property=\"og:title\" content=\"Legal warning - Mas Vicen\u00e7\" \/>\n<meta property=\"og:description\" content=\"Aqu\u00ed trobar\u00e1s les condicions d&#039;\u00fas i contractaci\u00f3, a m\u00e9s a m\u00e9s, dels preus dels enviaments de la web de Mas Vicen\u00e7.\" \/>\n<meta property=\"og:url\" content=\"https:\/\/masvicens.com\/en\/legal-warning\/\" \/>\n<meta property=\"og:site_name\" content=\"Celler Mas Vicen\u00e7 | Re-evolucionant la tradici\u00f3\" \/>\n<meta property=\"article:modified_time\" content=\"2021-11-09T11:13:32+00:00\" \/>\n<meta name=\"twitter:card\" content=\"summary_large_image\" \/>\n<meta name=\"twitter:label1\" content=\"Est. reading time\" \/>\n\t<meta name=\"twitter:data1\" content=\"1 minute\" \/>\n<script type=\"application\/ld+json\" class=\"yoast-schema-graph\">{\"@context\":\"https:\\\/\\\/schema.org\",\"@graph\":[{\"@type\":\"WebPage\",\"@id\":\"https:\\\/\\\/masvicens.com\\\/en\\\/legal-warning\\\/\",\"url\":\"https:\\\/\\\/masvicens.com\\\/en\\\/legal-warning\\\/\",\"name\":\"Legal warning - Mas Vicen\u00e7\",\"isPartOf\":{\"@id\":\"https:\\\/\\\/masvicens.com\\\/en\\\/#website\"},\"datePublished\":\"2021-11-09T10:41:23+00:00\",\"dateModified\":\"2021-11-09T11:13:32+00:00\",\"description\":\"Aqu\u00ed trobar\u00e1s les condicions d'\u00fas i contractaci\u00f3, a m\u00e9s a m\u00e9s, dels preus dels enviaments de la web de Mas Vicen\u00e7.\",\"breadcrumb\":{\"@id\":\"https:\\\/\\\/masvicens.com\\\/en\\\/legal-warning\\\/#breadcrumb\"},\"inLanguage\":\"en-US\",\"potentialAction\":[{\"@type\":\"ReadAction\",\"target\":[\"https:\\\/\\\/masvicens.com\\\/en\\\/legal-warning\\\/\"]}]},{\"@type\":\"BreadcrumbList\",\"@id\":\"https:\\\/\\\/masvicens.com\\\/en\\\/legal-warning\\\/#breadcrumb\",\"itemListElement\":[{\"@type\":\"ListItem\",\"position\":1,\"name\":\"Portada\",\"item\":\"https:\\\/\\\/masvicens.com\\\/en\\\/\"},{\"@type\":\"ListItem\",\"position\":2,\"name\":\"Legal warning\"}]},{\"@type\":\"WebSite\",\"@id\":\"https:\\\/\\\/masvicens.com\\\/en\\\/#website\",\"url\":\"https:\\\/\\\/masvicens.com\\\/en\\\/\",\"name\":\"Celler Mas Vicen\u00e7 | Re-evolucionant la tradici\u00f3\",\"description\":\"Veniu a viure l&#039;enoturisme i a con\u00e8ixer la nostra col\u00b7lecci\u00f3 de vins elaborats amb la millor selecci\u00f3 de ra\u00efm del nostre celler a Tarragona.\",\"potentialAction\":[{\"@type\":\"SearchAction\",\"target\":{\"@type\":\"EntryPoint\",\"urlTemplate\":\"https:\\\/\\\/masvicens.com\\\/en\\\/?s={search_term_string}\"},\"query-input\":{\"@type\":\"PropertyValueSpecification\",\"valueRequired\":true,\"valueName\":\"search_term_string\"}}],\"inLanguage\":\"en-US\"}]}<\/script>\n<!-- \/ Yoast SEO plugin. -->","yoast_head_json":{"title":"Legal warning - Mas Vicen\u00e7","description":"Aqu\u00ed trobar\u00e1s les condicions d'\u00fas i contractaci\u00f3, a m\u00e9s a m\u00e9s, dels preus dels enviaments de la web de Mas Vicen\u00e7.","robots":{"index":"noindex","follow":"follow"},"og_locale":"en_US","og_type":"article","og_title":"Legal warning - Mas Vicen\u00e7","og_description":"Aqu\u00ed trobar\u00e1s les condicions d'\u00fas i contractaci\u00f3, a m\u00e9s a m\u00e9s, dels preus dels enviaments de la web de Mas Vicen\u00e7.","og_url":"https:\/\/masvicens.com\/en\/legal-warning\/","og_site_name":"Celler Mas Vicen\u00e7 | Re-evolucionant la tradici\u00f3","article_modified_time":"2021-11-09T11:13:32+00:00","twitter_card":"summary_large_image","twitter_misc":{"Est. reading time":"1 minute"},"schema":{"@context":"https:\/\/schema.org","@graph":[{"@type":"WebPage","@id":"https:\/\/masvicens.com\/en\/legal-warning\/","url":"https:\/\/masvicens.com\/en\/legal-warning\/","name":"Legal warning - Mas Vicen\u00e7","isPartOf":{"@id":"https:\/\/masvicens.com\/en\/#website"},"datePublished":"2021-11-09T10:41:23+00:00","dateModified":"2021-11-09T11:13:32+00:00","description":"Aqu\u00ed trobar\u00e1s les condicions d'\u00fas i contractaci\u00f3, a m\u00e9s a m\u00e9s, dels preus dels enviaments de la web de Mas Vicen\u00e7.","breadcrumb":{"@id":"https:\/\/masvicens.com\/en\/legal-warning\/#breadcrumb"},"inLanguage":"en-US","potentialAction":[{"@type":"ReadAction","target":["https:\/\/masvicens.com\/en\/legal-warning\/"]}]},{"@type":"BreadcrumbList","@id":"https:\/\/masvicens.com\/en\/legal-warning\/#breadcrumb","itemListElement":[{"@type":"ListItem","position":1,"name":"Portada","item":"https:\/\/masvicens.com\/en\/"},{"@type":"ListItem","position":2,"name":"Legal warning"}]},{"@type":"WebSite","@id":"https:\/\/masvicens.com\/en\/#website","url":"https:\/\/masvicens.com\/en\/","name":"Celler Mas Vicen\u00e7 | Re-evolucionant la tradici\u00f3","description":"Veniu a viure l&#039;enoturisme i a con\u00e8ixer la nostra col\u00b7lecci\u00f3 de vins elaborats amb la millor selecci\u00f3 de ra\u00efm del nostre celler a Tarragona.","potentialAction":[{"@type":"SearchAction","target":{"@type":"EntryPoint","urlTemplate":"https:\/\/masvicens.com\/en\/?s={search_term_string}"},"query-input":{"@type":"PropertyValueSpecification","valueRequired":true,"valueName":"search_term_string"}}],"inLanguage":"en-US"}]}},"_links":{"self":[{"href":"https:\/\/masvicens.com\/en\/wp-json\/wp\/v2\/pages\/24180","targetHints":{"allow":["GET"]}}],"collection":[{"href":"https:\/\/masvicens.com\/en\/wp-json\/wp\/v2\/pages"}],"about":[{"href":"https:\/\/masvicens.com\/en\/wp-json\/wp\/v2\/types\/page"}],"author":[{"embeddable":true,"href":"https:\/\/masvicens.com\/en\/wp-json\/wp\/v2\/users\/6"}],"replies":[{"embeddable":true,"href":"https:\/\/masvicens.com\/en\/wp-json\/wp\/v2\/comments?post=24180"}],"version-history":[{"count":0,"href":"https:\/\/masvicens.com\/en\/wp-json\/wp\/v2\/pages\/24180\/revisions"}],"wp:attachment":[{"href":"https:\/\/masvicens.com\/en\/wp-json\/wp\/v2\/media?parent=24180"}],"curies":[{"name":"wp","href":"https:\/\/api.w.org\/{rel}","templated":true}]}}