{"id":24991,"date":"2022-03-15T08:55:42","date_gmt":"2022-03-15T08:55:42","guid":{"rendered":"https:\/\/masvicens.com\/cart-2\/"},"modified":"2022-03-15T08:55:42","modified_gmt":"2022-03-15T08:55:42","slug":"cart-2","status":"publish","type":"page","link":"https:\/\/masvicens.com\/en\/cart-2\/","title":{"rendered":"Cart"},"content":{"rendered":"\n","protected":false},"excerpt":{"rendered":"\n","protected":false},"author":1,"featured_media":0,"parent":0,"menu_order":0,"comment_status":"closed","ping_status":"closed","template":"","meta":{"_et_pb_use_builder":"on","_et_pb_old_content":"","_et_gb_content_width":"","inline_featured_image":false,"_joinchat":[],"footnotes":""},"class_list":["post-24991","page","type-page","status-publish","hentry"],"yoast_head":"<!-- This site is optimized with the Yoast SEO plugin v27.4 - https:\/\/yoast.com\/product\/yoast-seo-wordpress\/ -->\n<title>Cart - Celler Mas Vicen\u00e7 | Re-evolucionant la tradici\u00f3<\/title>\n<meta name=\"robots\" content=\"index, follow, max-snippet:-1, max-image-preview:large, max-video-preview:-1\" \/>\n<link rel=\"canonical\" href=\"https:\/\/masvicens.com\/en\/cart-2\/\" \/>\n<meta property=\"og:locale\" content=\"en_US\" \/>\n<meta property=\"og:type\" content=\"article\" \/>\n<meta property=\"og:title\" content=\"Cart - Celler Mas Vicen\u00e7 | Re-evolucionant la tradici\u00f3\" \/>\n<meta property=\"og:url\" content=\"https:\/\/masvicens.com\/en\/cart-2\/\" \/>\n<meta property=\"og:site_name\" content=\"Celler Mas Vicen\u00e7 | Re-evolucionant la tradici\u00f3\" \/>\n<meta name=\"twitter:card\" content=\"summary_large_image\" \/>\n<meta name=\"twitter:description\" content=\"[woocommerce_cart]\" \/>\n<script type=\"application\/ld+json\" class=\"yoast-schema-graph\">{\"@context\":\"https:\\\/\\\/schema.org\",\"@graph\":[{\"@type\":\"WebPage\",\"@id\":\"https:\\\/\\\/masvicens.com\\\/en\\\/cart-2\\\/\",\"url\":\"https:\\\/\\\/masvicens.com\\\/en\\\/cart-2\\\/\",\"name\":\"Cart - Celler Mas Vicen\u00e7 | Re-evolucionant la tradici\u00f3\",\"isPartOf\":{\"@id\":\"https:\\\/\\\/masvicens.com\\\/en\\\/#website\"},\"datePublished\":\"2022-03-15T08:55:42+00:00\",\"breadcrumb\":{\"@id\":\"https:\\\/\\\/masvicens.com\\\/en\\\/cart-2\\\/#breadcrumb\"},\"inLanguage\":\"en-US\",\"potentialAction\":[{\"@type\":\"ReadAction\",\"target\":[\"https:\\\/\\\/masvicens.com\\\/en\\\/cart-2\\\/\"]}]},{\"@type\":\"BreadcrumbList\",\"@id\":\"https:\\\/\\\/masvicens.com\\\/en\\\/cart-2\\\/#breadcrumb\",\"itemListElement\":[{\"@type\":\"ListItem\",\"position\":1,\"name\":\"Portada\",\"item\":\"https:\\\/\\\/masvicens.com\\\/en\\\/\"},{\"@type\":\"ListItem\",\"position\":2,\"name\":\"Cart\"}]},{\"@type\":\"WebSite\",\"@id\":\"https:\\\/\\\/masvicens.com\\\/en\\\/#website\",\"url\":\"https:\\\/\\\/masvicens.com\\\/en\\\/\",\"name\":\"Celler Mas Vicen\u00e7 | Re-evolucionant la tradici\u00f3\",\"description\":\"Veniu a viure l&#039;enoturisme i a con\u00e8ixer la nostra col\u00b7lecci\u00f3 de vins elaborats amb la millor selecci\u00f3 de ra\u00efm del nostre celler a Tarragona.\",\"potentialAction\":[{\"@type\":\"SearchAction\",\"target\":{\"@type\":\"EntryPoint\",\"urlTemplate\":\"https:\\\/\\\/masvicens.com\\\/en\\\/?s={search_term_string}\"},\"query-input\":{\"@type\":\"PropertyValueSpecification\",\"valueRequired\":true,\"valueName\":\"search_term_string\"}}],\"inLanguage\":\"en-US\"}]}<\/script>\n<!-- \/ Yoast SEO plugin. -->","yoast_head_json":{"title":"Cart - Celler Mas Vicen\u00e7 | Re-evolucionant la tradici\u00f3","robots":{"index":"index","follow":"follow","max-snippet":"max-snippet:-1","max-image-preview":"max-image-preview:large","max-video-preview":"max-video-preview:-1"},"canonical":"https:\/\/masvicens.com\/en\/cart-2\/","og_locale":"en_US","og_type":"article","og_title":"Cart - Celler Mas Vicen\u00e7 | Re-evolucionant la tradici\u00f3","og_url":"https:\/\/masvicens.com\/en\/cart-2\/","og_site_name":"Celler Mas Vicen\u00e7 | Re-evolucionant la tradici\u00f3","twitter_card":"summary_large_image","twitter_description":"[woocommerce_cart]","schema":{"@context":"https:\/\/schema.org","@graph":[{"@type":"WebPage","@id":"https:\/\/masvicens.com\/en\/cart-2\/","url":"https:\/\/masvicens.com\/en\/cart-2\/","name":"Cart - Celler Mas Vicen\u00e7 | Re-evolucionant la tradici\u00f3","isPartOf":{"@id":"https:\/\/masvicens.com\/en\/#website"},"datePublished":"2022-03-15T08:55:42+00:00","breadcrumb":{"@id":"https:\/\/masvicens.com\/en\/cart-2\/#breadcrumb"},"inLanguage":"en-US","potentialAction":[{"@type":"ReadAction","target":["https:\/\/masvicens.com\/en\/cart-2\/"]}]},{"@type":"BreadcrumbList","@id":"https:\/\/masvicens.com\/en\/cart-2\/#breadcrumb","itemListElement":[{"@type":"ListItem","position":1,"name":"Portada","item":"https:\/\/masvicens.com\/en\/"},{"@type":"ListItem","position":2,"name":"Cart"}]},{"@type":"WebSite","@id":"https:\/\/masvicens.com\/en\/#website","url":"https:\/\/masvicens.com\/en\/","name":"Celler Mas Vicen\u00e7 | Re-evolucionant la tradici\u00f3","description":"Veniu a viure l&#039;enoturisme i a con\u00e8ixer la nostra col\u00b7lecci\u00f3 de vins elaborats amb la millor selecci\u00f3 de ra\u00efm del nostre celler a Tarragona.","potentialAction":[{"@type":"SearchAction","target":{"@type":"EntryPoint","urlTemplate":"https:\/\/masvicens.com\/en\/?s={search_term_string}"},"query-input":{"@type":"PropertyValueSpecification","valueRequired":true,"valueName":"search_term_string"}}],"inLanguage":"en-US"}]}},"_links":{"self":[{"href":"https:\/\/masvicens.com\/en\/wp-json\/wp\/v2\/pages\/24991","targetHints":{"allow":["GET"]}}],"collection":[{"href":"https:\/\/masvicens.com\/en\/wp-json\/wp\/v2\/pages"}],"about":[{"href":"https:\/\/masvicens.com\/en\/wp-json\/wp\/v2\/types\/page"}],"author":[{"embeddable":true,"href":"https:\/\/masvicens.com\/en\/wp-json\/wp\/v2\/users\/1"}],"replies":[{"embeddable":true,"href":"https:\/\/masvicens.com\/en\/wp-json\/wp\/v2\/comments?post=24991"}],"version-history":[{"count":0,"href":"https:\/\/masvicens.com\/en\/wp-json\/wp\/v2\/pages\/24991\/revisions"}],"wp:attachment":[{"href":"https:\/\/masvicens.com\/en\/wp-json\/wp\/v2\/media?parent=24991"}],"curies":[{"name":"wp","href":"https:\/\/api.w.org\/{rel}","templated":true}]}}