{"id":22740,"date":"2021-06-22T10:14:47","date_gmt":"2021-06-22T10:14:47","guid":{"rendered":"https:\/\/masvicens.com\/producto\/vacuum-pump-mas-vicens\/"},"modified":"2022-11-26T00:03:57","modified_gmt":"2022-11-26T00:03:57","slug":"vacuum-pump-mas-vicens","status":"publish","type":"product","link":"https:\/\/masvicens.com\/en\/producte\/vacuum-pump-mas-vicens\/","title":{"rendered":"Mas Vicen\u00e7 vacuum pump"},"content":{"rendered":"","protected":false},"excerpt":{"rendered":"<p>It is always best to finish the bottle, but if not, don&#8217;t let it rust quickly! With the Mas Vicen\u00e7 vacuum pump you will extend the life of the wine.<\/p>\n<div class=\"woocommerce-product-details__short-description\">\n<p>Check the\u00a0<a href=\"\/en\/terms-conditions-and-transport\/#delivery\" target=\"_blank\" rel=\"noopener noreferrer\"><strong>shipping conditions here<\/strong><\/a>\n<\/div>\n","protected":false},"featured_media":22741,"comment_status":"open","ping_status":"closed","template":"","meta":{"_et_pb_use_builder":"","_et_pb_old_content":"","_et_gb_content_width":"","inline_featured_image":false,"_joinchat":[]},"product_brand":[],"product_cat":[77],"product_tag":[],"class_list":{"0":"post-22740","1":"product","2":"type-product","3":"status-publish","4":"has-post-thumbnail","6":"product_cat-accessories","8":"first","9":"instock","10":"taxable","11":"shipping-taxable","12":"purchasable","13":"product-type-simple"},"yoast_head":"<!-- This site is optimized with the Yoast SEO plugin v27.3 - https:\/\/yoast.com\/product\/yoast-seo-wordpress\/ -->\n<title>Mas Vicen\u00e7 vacuum pump | More Vicen\u00e7<\/title>\n<meta name=\"description\" content=\"It is always best to finish the bottle, but if not, don&#039;t let it rust quickly! With the Mas Vicen\u00e7 vacuum pump you will extend the life of the wine.\" \/>\n<meta name=\"robots\" content=\"index, follow, max-snippet:-1, max-image-preview:large, max-video-preview:-1\" \/>\n<link rel=\"canonical\" href=\"https:\/\/masvicens.com\/en\/producte\/vacuum-pump-mas-vicens\/\" \/>\n<meta property=\"og:locale\" content=\"en_US\" \/>\n<meta property=\"og:type\" content=\"article\" \/>\n<meta property=\"og:title\" content=\"Mas Vicen\u00e7 vacuum pump | More Vicen\u00e7\" \/>\n<meta property=\"og:description\" content=\"It is always best to finish the bottle, but if not, don&#039;t let it rust quickly! With the Mas Vicen\u00e7 vacuum pump you will extend the life of the wine.\" \/>\n<meta property=\"og:url\" content=\"https:\/\/masvicens.com\/en\/producte\/vacuum-pump-mas-vicens\/\" \/>\n<meta property=\"og:site_name\" content=\"Celler Mas Vicen\u00e7 | Re-evolucionant la tradici\u00f3\" \/>\n<meta property=\"article:modified_time\" content=\"2022-11-26T00:03:57+00:00\" \/>\n<meta property=\"og:image\" content=\"https:\/\/masvicens.com\/wp-content\/uploads\/2021\/06\/masvi-accesorio-tapon-1-scaled-1.jpg\" \/>\n\t<meta property=\"og:image:width\" content=\"2560\" \/>\n\t<meta property=\"og:image:height\" content=\"1710\" \/>\n\t<meta property=\"og:image:type\" content=\"image\/jpeg\" \/>\n<meta name=\"twitter:card\" content=\"summary_large_image\" \/>\n<script type=\"application\/ld+json\" class=\"yoast-schema-graph\">{\"@context\":\"https:\\\/\\\/schema.org\",\"@graph\":[{\"@type\":\"WebPage\",\"@id\":\"https:\\\/\\\/masvicens.com\\\/en\\\/producte\\\/vacuum-pump-mas-vicens\\\/\",\"url\":\"https:\\\/\\\/masvicens.com\\\/en\\\/producte\\\/vacuum-pump-mas-vicens\\\/\",\"name\":\"Mas Vicen\u00e7 vacuum pump | More Vicen\u00e7\",\"isPartOf\":{\"@id\":\"https:\\\/\\\/masvicens.com\\\/en\\\/#website\"},\"primaryImageOfPage\":{\"@id\":\"https:\\\/\\\/masvicens.com\\\/en\\\/producte\\\/vacuum-pump-mas-vicens\\\/#primaryimage\"},\"image\":{\"@id\":\"https:\\\/\\\/masvicens.com\\\/en\\\/producte\\\/vacuum-pump-mas-vicens\\\/#primaryimage\"},\"thumbnailUrl\":\"https:\\\/\\\/masvicens.com\\\/wp-content\\\/uploads\\\/2021\\\/06\\\/masvi-accesorio-tapon-1-scaled-1.jpg\",\"datePublished\":\"2021-06-22T10:14:47+00:00\",\"dateModified\":\"2022-11-26T00:03:57+00:00\",\"description\":\"It is always best to finish the bottle, but if not, don't let it rust quickly! With the Mas Vicen\u00e7 vacuum pump you will extend the life of the wine.\",\"breadcrumb\":{\"@id\":\"https:\\\/\\\/masvicens.com\\\/en\\\/producte\\\/vacuum-pump-mas-vicens\\\/#breadcrumb\"},\"inLanguage\":\"en-US\",\"potentialAction\":[{\"@type\":\"ReadAction\",\"target\":[\"https:\\\/\\\/masvicens.com\\\/en\\\/producte\\\/vacuum-pump-mas-vicens\\\/\"]}]},{\"@type\":\"ImageObject\",\"inLanguage\":\"en-US\",\"@id\":\"https:\\\/\\\/masvicens.com\\\/en\\\/producte\\\/vacuum-pump-mas-vicens\\\/#primaryimage\",\"url\":\"https:\\\/\\\/masvicens.com\\\/wp-content\\\/uploads\\\/2021\\\/06\\\/masvi-accesorio-tapon-1-scaled-1.jpg\",\"contentUrl\":\"https:\\\/\\\/masvicens.com\\\/wp-content\\\/uploads\\\/2021\\\/06\\\/masvi-accesorio-tapon-1-scaled-1.jpg\",\"width\":2560,\"height\":1710},{\"@type\":\"BreadcrumbList\",\"@id\":\"https:\\\/\\\/masvicens.com\\\/en\\\/producte\\\/vacuum-pump-mas-vicens\\\/#breadcrumb\",\"itemListElement\":[{\"@type\":\"ListItem\",\"position\":1,\"name\":\"Portada\",\"item\":\"https:\\\/\\\/masvicens.com\\\/en\\\/\"},{\"@type\":\"ListItem\",\"position\":2,\"name\":\"SHOP\",\"item\":\"https:\\\/\\\/masvicens.com\\\/botiga-de-vins-online\\\/\"},{\"@type\":\"ListItem\",\"position\":3,\"name\":\"Mas Vicen\u00e7 vacuum pump\"}]},{\"@type\":\"WebSite\",\"@id\":\"https:\\\/\\\/masvicens.com\\\/en\\\/#website\",\"url\":\"https:\\\/\\\/masvicens.com\\\/en\\\/\",\"name\":\"Celler Mas Vicen\u00e7 | Re-evolucionant la tradici\u00f3\",\"description\":\"Veniu a viure l&#039;enoturisme i a con\u00e8ixer la nostra col\u00b7lecci\u00f3 de vins elaborats amb la millor selecci\u00f3 de ra\u00efm del nostre celler a Tarragona.\",\"potentialAction\":[{\"@type\":\"SearchAction\",\"target\":{\"@type\":\"EntryPoint\",\"urlTemplate\":\"https:\\\/\\\/masvicens.com\\\/en\\\/?s={search_term_string}\"},\"query-input\":{\"@type\":\"PropertyValueSpecification\",\"valueRequired\":true,\"valueName\":\"search_term_string\"}}],\"inLanguage\":\"en-US\"}]}<\/script>\n<!-- \/ Yoast SEO plugin. -->","yoast_head_json":{"title":"Mas Vicen\u00e7 vacuum pump | More Vicen\u00e7","description":"It is always best to finish the bottle, but if not, don't let it rust quickly! With the Mas Vicen\u00e7 vacuum pump you will extend the life of the wine.","robots":{"index":"index","follow":"follow","max-snippet":"max-snippet:-1","max-image-preview":"max-image-preview:large","max-video-preview":"max-video-preview:-1"},"canonical":"https:\/\/masvicens.com\/en\/producte\/vacuum-pump-mas-vicens\/","og_locale":"en_US","og_type":"article","og_title":"Mas Vicen\u00e7 vacuum pump | More Vicen\u00e7","og_description":"It is always best to finish the bottle, but if not, don't let it rust quickly! With the Mas Vicen\u00e7 vacuum pump you will extend the life of the wine.","og_url":"https:\/\/masvicens.com\/en\/producte\/vacuum-pump-mas-vicens\/","og_site_name":"Celler Mas Vicen\u00e7 | Re-evolucionant la tradici\u00f3","article_modified_time":"2022-11-26T00:03:57+00:00","og_image":[{"width":2560,"height":1710,"url":"https:\/\/masvicens.com\/wp-content\/uploads\/2021\/06\/masvi-accesorio-tapon-1-scaled-1.jpg","type":"image\/jpeg"}],"twitter_card":"summary_large_image","schema":{"@context":"https:\/\/schema.org","@graph":[{"@type":"WebPage","@id":"https:\/\/masvicens.com\/en\/producte\/vacuum-pump-mas-vicens\/","url":"https:\/\/masvicens.com\/en\/producte\/vacuum-pump-mas-vicens\/","name":"Mas Vicen\u00e7 vacuum pump | More Vicen\u00e7","isPartOf":{"@id":"https:\/\/masvicens.com\/en\/#website"},"primaryImageOfPage":{"@id":"https:\/\/masvicens.com\/en\/producte\/vacuum-pump-mas-vicens\/#primaryimage"},"image":{"@id":"https:\/\/masvicens.com\/en\/producte\/vacuum-pump-mas-vicens\/#primaryimage"},"thumbnailUrl":"https:\/\/masvicens.com\/wp-content\/uploads\/2021\/06\/masvi-accesorio-tapon-1-scaled-1.jpg","datePublished":"2021-06-22T10:14:47+00:00","dateModified":"2022-11-26T00:03:57+00:00","description":"It is always best to finish the bottle, but if not, don't let it rust quickly! With the Mas Vicen\u00e7 vacuum pump you will extend the life of the wine.","breadcrumb":{"@id":"https:\/\/masvicens.com\/en\/producte\/vacuum-pump-mas-vicens\/#breadcrumb"},"inLanguage":"en-US","potentialAction":[{"@type":"ReadAction","target":["https:\/\/masvicens.com\/en\/producte\/vacuum-pump-mas-vicens\/"]}]},{"@type":"ImageObject","inLanguage":"en-US","@id":"https:\/\/masvicens.com\/en\/producte\/vacuum-pump-mas-vicens\/#primaryimage","url":"https:\/\/masvicens.com\/wp-content\/uploads\/2021\/06\/masvi-accesorio-tapon-1-scaled-1.jpg","contentUrl":"https:\/\/masvicens.com\/wp-content\/uploads\/2021\/06\/masvi-accesorio-tapon-1-scaled-1.jpg","width":2560,"height":1710},{"@type":"BreadcrumbList","@id":"https:\/\/masvicens.com\/en\/producte\/vacuum-pump-mas-vicens\/#breadcrumb","itemListElement":[{"@type":"ListItem","position":1,"name":"Portada","item":"https:\/\/masvicens.com\/en\/"},{"@type":"ListItem","position":2,"name":"SHOP","item":"https:\/\/masvicens.com\/botiga-de-vins-online\/"},{"@type":"ListItem","position":3,"name":"Mas Vicen\u00e7 vacuum pump"}]},{"@type":"WebSite","@id":"https:\/\/masvicens.com\/en\/#website","url":"https:\/\/masvicens.com\/en\/","name":"Celler Mas Vicen\u00e7 | Re-evolucionant la tradici\u00f3","description":"Veniu a viure l&#039;enoturisme i a con\u00e8ixer la nostra col\u00b7lecci\u00f3 de vins elaborats amb la millor selecci\u00f3 de ra\u00efm del nostre celler a Tarragona.","potentialAction":[{"@type":"SearchAction","target":{"@type":"EntryPoint","urlTemplate":"https:\/\/masvicens.com\/en\/?s={search_term_string}"},"query-input":{"@type":"PropertyValueSpecification","valueRequired":true,"valueName":"search_term_string"}}],"inLanguage":"en-US"}]}},"_links":{"self":[{"href":"https:\/\/masvicens.com\/en\/wp-json\/wp\/v2\/product\/22740","targetHints":{"allow":["GET"]}}],"collection":[{"href":"https:\/\/masvicens.com\/en\/wp-json\/wp\/v2\/product"}],"about":[{"href":"https:\/\/masvicens.com\/en\/wp-json\/wp\/v2\/types\/product"}],"replies":[{"embeddable":true,"href":"https:\/\/masvicens.com\/en\/wp-json\/wp\/v2\/comments?post=22740"}],"wp:featuredmedia":[{"embeddable":true,"href":"https:\/\/masvicens.com\/en\/wp-json\/wp\/v2\/media\/22741"}],"wp:attachment":[{"href":"https:\/\/masvicens.com\/en\/wp-json\/wp\/v2\/media?parent=22740"}],"wp:term":[{"taxonomy":"product_brand","embeddable":true,"href":"https:\/\/masvicens.com\/en\/wp-json\/wp\/v2\/product_brand?post=22740"},{"taxonomy":"product_cat","embeddable":true,"href":"https:\/\/masvicens.com\/en\/wp-json\/wp\/v2\/product_cat?post=22740"},{"taxonomy":"product_tag","embeddable":true,"href":"https:\/\/masvicens.com\/en\/wp-json\/wp\/v2\/product_tag?post=22740"}],"curies":[{"name":"wp","href":"https:\/\/api.w.org\/{rel}","templated":true}]}}