{"id":22906,"date":"2021-08-09T11:34:42","date_gmt":"2021-08-09T11:34:42","guid":{"rendered":"https:\/\/masvicens.com\/producto\/old-vintage-dent-de-lleo-2016\/"},"modified":"2024-01-05T09:46:04","modified_gmt":"2024-01-05T09:46:04","slug":"old-vintage-dent-de-lleo-2016","status":"publish","type":"product","link":"https:\/\/masvicens.com\/en\/producte\/old-vintage-dent-de-lleo-2016\/","title":{"rendered":"Old vintage Dent de Lle\u00f3 2016"},"content":{"rendered":"<p>[et_pb_section fb_built=&#8221;1&#8243; _builder_version=&#8221;4.16&#8243; custom_padding=&#8221;0px||||false|false&#8221; global_colors_info=&#8221;{}&#8221;][et_pb_row _builder_version=&#8221;4.16&#8243; background_size=&#8221;initial&#8221; background_position=&#8221;top_left&#8221; background_repeat=&#8221;repeat&#8221; width=&#8221;100%&#8221; custom_padding=&#8221;0px||0px||false|false&#8221; global_colors_info=&#8221;{}&#8221;][et_pb_column type=&#8221;4_4&#8243; _builder_version=&#8221;4.16&#8243; custom_padding=&#8221;|||&#8221; global_colors_info=&#8221;{}&#8221; custom_padding__hover=&#8221;|||&#8221;]<\/p>\n<p>[et_pb_wc_breadcrumb _builder_version=&#8221;3.0.47&#8243; global_colors_info=&#8221;{}&#8221;][\/et_pb_wc_breadcrumb][et_pb_wc_cart_notice _builder_version=&#8221;3.0.47&#8243; global_colors_info=&#8221;{}&#8221;][\/et_pb_wc_cart_notice]<\/p>\n<p>[\/et_pb_column][\/et_pb_row][et_pb_row column_structure=&#8221;1_2,1_2&#8243; _builder_version=&#8221;4.16&#8243; background_size=&#8221;initial&#8221; background_position=&#8221;top_left&#8221; background_repeat=&#8221;repeat&#8221; width=&#8221;100%&#8221; custom_padding=&#8221;0px||||false|false&#8221; global_colors_info=&#8221;{}&#8221;][et_pb_column type=&#8221;1_2&#8243; _builder_version=&#8221;4.16&#8243; custom_padding=&#8221;|||&#8221; global_colors_info=&#8221;{}&#8221; custom_padding__hover=&#8221;|||&#8221;]<\/p>\n<p>[et_pb_wc_images _builder_version=&#8221;3.0.47&#8243; global_colors_info=&#8221;{}&#8221;][\/et_pb_wc_images]<\/p>\n<p>[\/et_pb_column][et_pb_column type=&#8221;1_2&#8243; _builder_version=&#8221;4.16&#8243; custom_padding=&#8221;|||&#8221; global_colors_info=&#8221;{}&#8221; custom_padding__hover=&#8221;|||&#8221;]<\/p>\n<p><br data-mce-bogus=\"1\"><\/p>\n<p>[\/et_pb_column][\/et_pb_row][et_pb_row _builder_version=&#8221;4.16&#8243; background_size=&#8221;initial&#8221; background_position=&#8221;top_left&#8221; background_repeat=&#8221;repeat&#8221; width=&#8221;100%&#8221; global_colors_info=&#8221;{}&#8221;][et_pb_column type=&#8221;4_4&#8243; _builder_version=&#8221;4.16&#8243; custom_padding=&#8221;|||&#8221; global_colors_info=&#8221;{}&#8221; custom_padding__hover=&#8221;|||&#8221;]<\/p>\n<p>[et_pb_wc_tabs _builder_version=&#8221;3.0.47&#8243; global_colors_info=&#8221;{}&#8221;] [\/et_pb_wc_tabs][et_pb_wc_upsells _builder_version=&#8221;3.0.47&#8243; global_colors_info=&#8221;{}&#8221;][\/et_pb_wc_upsells][et_pb_wc_related_products _builder_version=&#8221;3.0.47&#8243; global_colors_info=&#8221;{}&#8221;][\/et_pb_wc_related_products]<\/p>\n<p>[\/et_pb_column][\/et_pb_row][\/et_pb_section]<\/p>\n","protected":false},"excerpt":{"rendered":"<h2>OLD VINTAGES \u00b7 CHARDONNAY AND GARNACHA BLANCA<\/h2>\n<p>The longevity of wines is marked by the coexistence of a number of factors around the vineyard and wine. The mineral quality of the soil, the depth of the roots in the most adult plants, the origin and quality of the oak barrels or the cork, are some examples. At Mas Vicen\u00e7 we try to take the utmost care of these factors and, together with the orographic and climatic complexity of our vineyards, we can obtain wines with a good capacity of ageing.<\/p>\n<p><em>This product has a weight of 1.25 kg and a capacity of 75cl<\/em><\/p>\n<div class=\"woocommerce-product-details__short-description\">\n<p>Check the&nbsp;<a href=\"\/en\/terms-conditions-and-transport\/#delivery\" target=\"_blank\" rel=\"noopener noreferrer\" data-mce-href=\"\/en\/terms-conditions-and-transport\/#delivery\"><strong>shipping conditions here<\/strong><\/a><\/p>\n<\/div>\n","protected":false},"featured_media":22899,"comment_status":"open","ping_status":"closed","template":"","meta":{"_et_pb_use_builder":"on","_et_pb_old_content":"<div class=\"et_pb_row et_pb_row_1_tb_body\"><div class=\"et_pb_column et_pb_column_4_4 et_pb_column_2_tb_body et_pb_css_mix_blend_mode_passthrough et-last-child\"><div class=\"et_pb_module et_pb_text et_pb_text_0_tb_body et_pb_text_align_center et_pb_bg_layout_light\"><div class=\"et_pb_text_inner masvicens-product-title\"><h3>BACK TO THE PAST<\/h3><\/div><\/div><!-- .et_pb_text --><\/div><!-- .et_pb_column --><\/div><div class=\"et_pb_row et_pb_row_2_tb_body et_pb_equal_columns et_pb_gutters2\"><div class=\"et_pb_column et_pb_column_1_3 et_pb_column_3_tb_body et_pb_css_mix_blend_mode_passthrough\"><div class=\"et_pb_module et_pb_text et_pb_text_1_tb_body et_pb_text_align_left et_pb_bg_layout_light masvicens-text-description\"><div class=\"et_pb_text_inner\"><strong>Variety<\/strong>: In this wine the mixture was 70% Chardonnay and 30% White Grenache with a passage in new French oak barrels for 6 months. Alcohol content: 13.5% vol. These characteristics give the wine a good aging potential, preserving its unctuousness and complexity over the years.<br><strong>Harvest:<\/strong> We remember the 2017 vintage as one of the most grateful at the climatic level for its scarcity of rains at the end of summer and September, giving us a high balance between ripening and acidity at a generic level.<\/div><\/div><!-- .et_pb_text --><\/div><!-- .et_pb_column --><div class=\"et_pb_column et_pb_column_1_3 et_pb_column_4_tb_body et_pb_css_mix_blend_mode_passthrough\"><div class=\"et_pb_module et_pb_image et_pb_image_0_tb_body\"><span class=\"et_pb_image_wrap \"><img class=\"mavicens-img-center\" title=\"msv-dis-botellas-web-castell-2\" src=\"https:\/\/masvicens.com\/wp-content\/uploads\/2021\/08\/MASVI-anyada-2008-blanco-1-1.jpg\" alt=\"Dent de Lle\u00f3 - a\u00f1ada 2017 - Mas Vicen\u00e7\" width=\"auto\" height=\"auto\" data-pagespeed-url-hash=\"4193943145\" data-mce-src=\"https:\/\/masvicens.com\/wp-content\/uploads\/2021\/08\/MASVI-anyada-2008-blanco-1-1.jpg\"><\/span><\/div><\/div><!-- .et_pb_column --><div class=\"et_pb_column et_pb_column_1_3 et_pb_column_5_tb_body et_pb_css_mix_blend_mode_passthrough et-last-child\"><div class=\"et_pb_module et_pb_text et_pb_text_2_tb_body et_pb_text_align_left et_pb_bg_layout_light masvicens-text-description\"><div class=\"et_pb_text_inner\"><strong>Serving temperature:<\/strong> Serve at about 8-10\u00baC.<\/div><div class=\"et_pb_text_inner\"><strong>Taste<\/strong>: In the mouth, the flavors of ripe pineapple, toast and mineralization stand out.<\/div><div class=\"et_pb_text_inner\"><strong>Pairing<\/strong>: What do we accompany it with? Its creamy texture and high aromatic complexity make it an ideal wine to pair with fish and seafood bowls or very intense flavored rice. Cured cheeses and grilled fatty meats will also pair well.<\/div><\/div><!-- .et_pb_text --><\/div><!-- .et_pb_column --><\/div>","_et_gb_content_width":"","inline_featured_image":false,"_joinchat":[]},"product_brand":[],"product_cat":[79],"product_tag":[],"class_list":{"0":"post-22906","1":"product","2":"type-product","3":"status-publish","4":"has-post-thumbnail","6":"product_cat-old-vintages","7":"product_shipping_class-botella-ca","9":"first","10":"instock","11":"taxable","12":"shipping-taxable","13":"purchasable","14":"product-type-simple"},"yoast_head":"<!-- This site is optimized with the Yoast SEO plugin v27.5 - https:\/\/yoast.com\/product\/yoast-seo-wordpress\/ -->\n<title>Old white wine vintage | Dent de Lle\u00f3 2016 | Mas Vicen\u00e7<\/title>\n<meta name=\"description\" content=\"Taste the exclusive wine of old white wine vintages from the Dent de Lle\u00f3 of 2016. A vintage marked by the scarcity of rains.\" \/>\n<meta name=\"robots\" content=\"index, follow, max-snippet:-1, max-image-preview:large, max-video-preview:-1\" \/>\n<link rel=\"canonical\" href=\"https:\/\/masvicens.com\/en\/producte\/old-vintage-dent-de-lleo-2016\/\" \/>\n<meta property=\"og:locale\" content=\"en_US\" \/>\n<meta property=\"og:type\" content=\"article\" \/>\n<meta property=\"og:title\" content=\"Old white wine vintage | Dent de Lle\u00f3 2016 | Mas Vicen\u00e7\" \/>\n<meta property=\"og:description\" content=\"Taste the exclusive wine of old white wine vintages from the Dent de Lle\u00f3 of 2016. A vintage marked by the scarcity of rains.\" \/>\n<meta property=\"og:url\" content=\"https:\/\/masvicens.com\/en\/producte\/old-vintage-dent-de-lleo-2016\/\" \/>\n<meta property=\"og:site_name\" content=\"Celler Mas Vicen\u00e7 | Re-evolucionant la tradici\u00f3\" \/>\n<meta property=\"article:modified_time\" content=\"2024-01-05T09:46:04+00:00\" \/>\n<meta property=\"og:image\" content=\"https:\/\/masvicens.com\/wp-content\/uploads\/2021\/08\/MSV_An\u0303adasViejas_-1-1.jpg\" \/>\n\t<meta property=\"og:image:width\" content=\"1920\" \/>\n\t<meta property=\"og:image:height\" content=\"1281\" \/>\n\t<meta property=\"og:image:type\" content=\"image\/jpeg\" \/>\n<meta name=\"twitter:card\" content=\"summary_large_image\" \/>\n<meta name=\"twitter:label1\" content=\"Est. reading time\" \/>\n\t<meta name=\"twitter:data1\" content=\"1 minute\" \/>\n<script type=\"application\/ld+json\" class=\"yoast-schema-graph\">{\"@context\":\"https:\\\/\\\/schema.org\",\"@graph\":[{\"@type\":\"WebPage\",\"@id\":\"https:\\\/\\\/masvicens.com\\\/en\\\/producte\\\/old-vintage-dent-de-lleo-2016\\\/\",\"url\":\"https:\\\/\\\/masvicens.com\\\/en\\\/producte\\\/old-vintage-dent-de-lleo-2016\\\/\",\"name\":\"Old white wine vintage | Dent de Lle\u00f3 2016 | Mas Vicen\u00e7\",\"isPartOf\":{\"@id\":\"https:\\\/\\\/masvicens.com\\\/en\\\/#website\"},\"primaryImageOfPage\":{\"@id\":\"https:\\\/\\\/masvicens.com\\\/en\\\/producte\\\/old-vintage-dent-de-lleo-2016\\\/#primaryimage\"},\"image\":{\"@id\":\"https:\\\/\\\/masvicens.com\\\/en\\\/producte\\\/old-vintage-dent-de-lleo-2016\\\/#primaryimage\"},\"thumbnailUrl\":\"https:\\\/\\\/masvicens.com\\\/wp-content\\\/uploads\\\/2021\\\/08\\\/MSV_An\u0303adasViejas_-1-1.jpg\",\"datePublished\":\"2021-08-09T11:34:42+00:00\",\"dateModified\":\"2024-01-05T09:46:04+00:00\",\"description\":\"Taste the exclusive wine of old white wine vintages from the Dent de Lle\u00f3 of 2016. A vintage marked by the scarcity of rains.\",\"breadcrumb\":{\"@id\":\"https:\\\/\\\/masvicens.com\\\/en\\\/producte\\\/old-vintage-dent-de-lleo-2016\\\/#breadcrumb\"},\"inLanguage\":\"en-US\",\"potentialAction\":[{\"@type\":\"ReadAction\",\"target\":[\"https:\\\/\\\/masvicens.com\\\/en\\\/producte\\\/old-vintage-dent-de-lleo-2016\\\/\"]}]},{\"@type\":\"ImageObject\",\"inLanguage\":\"en-US\",\"@id\":\"https:\\\/\\\/masvicens.com\\\/en\\\/producte\\\/old-vintage-dent-de-lleo-2016\\\/#primaryimage\",\"url\":\"https:\\\/\\\/masvicens.com\\\/wp-content\\\/uploads\\\/2021\\\/08\\\/MSV_An\u0303adasViejas_-1-1.jpg\",\"contentUrl\":\"https:\\\/\\\/masvicens.com\\\/wp-content\\\/uploads\\\/2021\\\/08\\\/MSV_An\u0303adasViejas_-1-1.jpg\",\"width\":1920,\"height\":1281,\"caption\":\"A\u00f1ada antigua vino blanco| Dent de Lle\u00f3 2016\"},{\"@type\":\"BreadcrumbList\",\"@id\":\"https:\\\/\\\/masvicens.com\\\/en\\\/producte\\\/old-vintage-dent-de-lleo-2016\\\/#breadcrumb\",\"itemListElement\":[{\"@type\":\"ListItem\",\"position\":1,\"name\":\"Portada\",\"item\":\"https:\\\/\\\/masvicens.com\\\/en\\\/\"},{\"@type\":\"ListItem\",\"position\":2,\"name\":\"SHOP\",\"item\":\"https:\\\/\\\/masvicens.com\\\/botiga-de-vins-online\\\/\"},{\"@type\":\"ListItem\",\"position\":3,\"name\":\"Old vintage Dent de Lle\u00f3 2016\"}]},{\"@type\":\"WebSite\",\"@id\":\"https:\\\/\\\/masvicens.com\\\/en\\\/#website\",\"url\":\"https:\\\/\\\/masvicens.com\\\/en\\\/\",\"name\":\"Celler Mas Vicen\u00e7 | Re-evolucionant la tradici\u00f3\",\"description\":\"Veniu a viure l&#039;enoturisme i a con\u00e8ixer la nostra col\u00b7lecci\u00f3 de vins elaborats amb la millor selecci\u00f3 de ra\u00efm del nostre celler a Tarragona.\",\"potentialAction\":[{\"@type\":\"SearchAction\",\"target\":{\"@type\":\"EntryPoint\",\"urlTemplate\":\"https:\\\/\\\/masvicens.com\\\/en\\\/?s={search_term_string}\"},\"query-input\":{\"@type\":\"PropertyValueSpecification\",\"valueRequired\":true,\"valueName\":\"search_term_string\"}}],\"inLanguage\":\"en-US\"}]}<\/script>\n<!-- \/ Yoast SEO plugin. -->","yoast_head_json":{"title":"Old white wine vintage | Dent de Lle\u00f3 2016 | Mas Vicen\u00e7","description":"Taste the exclusive wine of old white wine vintages from the Dent de Lle\u00f3 of 2016. A vintage marked by the scarcity of rains.","robots":{"index":"index","follow":"follow","max-snippet":"max-snippet:-1","max-image-preview":"max-image-preview:large","max-video-preview":"max-video-preview:-1"},"canonical":"https:\/\/masvicens.com\/en\/producte\/old-vintage-dent-de-lleo-2016\/","og_locale":"en_US","og_type":"article","og_title":"Old white wine vintage | Dent de Lle\u00f3 2016 | Mas Vicen\u00e7","og_description":"Taste the exclusive wine of old white wine vintages from the Dent de Lle\u00f3 of 2016. A vintage marked by the scarcity of rains.","og_url":"https:\/\/masvicens.com\/en\/producte\/old-vintage-dent-de-lleo-2016\/","og_site_name":"Celler Mas Vicen\u00e7 | Re-evolucionant la tradici\u00f3","article_modified_time":"2024-01-05T09:46:04+00:00","og_image":[{"width":1920,"height":1281,"url":"https:\/\/masvicens.com\/wp-content\/uploads\/2021\/08\/MSV_An\u0303adasViejas_-1-1.jpg","type":"image\/jpeg"}],"twitter_card":"summary_large_image","twitter_misc":{"Est. reading time":"1 minute"},"schema":{"@context":"https:\/\/schema.org","@graph":[{"@type":"WebPage","@id":"https:\/\/masvicens.com\/en\/producte\/old-vintage-dent-de-lleo-2016\/","url":"https:\/\/masvicens.com\/en\/producte\/old-vintage-dent-de-lleo-2016\/","name":"Old white wine vintage | Dent de Lle\u00f3 2016 | Mas Vicen\u00e7","isPartOf":{"@id":"https:\/\/masvicens.com\/en\/#website"},"primaryImageOfPage":{"@id":"https:\/\/masvicens.com\/en\/producte\/old-vintage-dent-de-lleo-2016\/#primaryimage"},"image":{"@id":"https:\/\/masvicens.com\/en\/producte\/old-vintage-dent-de-lleo-2016\/#primaryimage"},"thumbnailUrl":"https:\/\/masvicens.com\/wp-content\/uploads\/2021\/08\/MSV_An\u0303adasViejas_-1-1.jpg","datePublished":"2021-08-09T11:34:42+00:00","dateModified":"2024-01-05T09:46:04+00:00","description":"Taste the exclusive wine of old white wine vintages from the Dent de Lle\u00f3 of 2016. A vintage marked by the scarcity of rains.","breadcrumb":{"@id":"https:\/\/masvicens.com\/en\/producte\/old-vintage-dent-de-lleo-2016\/#breadcrumb"},"inLanguage":"en-US","potentialAction":[{"@type":"ReadAction","target":["https:\/\/masvicens.com\/en\/producte\/old-vintage-dent-de-lleo-2016\/"]}]},{"@type":"ImageObject","inLanguage":"en-US","@id":"https:\/\/masvicens.com\/en\/producte\/old-vintage-dent-de-lleo-2016\/#primaryimage","url":"https:\/\/masvicens.com\/wp-content\/uploads\/2021\/08\/MSV_An\u0303adasViejas_-1-1.jpg","contentUrl":"https:\/\/masvicens.com\/wp-content\/uploads\/2021\/08\/MSV_An\u0303adasViejas_-1-1.jpg","width":1920,"height":1281,"caption":"A\u00f1ada antigua vino blanco| Dent de Lle\u00f3 2016"},{"@type":"BreadcrumbList","@id":"https:\/\/masvicens.com\/en\/producte\/old-vintage-dent-de-lleo-2016\/#breadcrumb","itemListElement":[{"@type":"ListItem","position":1,"name":"Portada","item":"https:\/\/masvicens.com\/en\/"},{"@type":"ListItem","position":2,"name":"SHOP","item":"https:\/\/masvicens.com\/botiga-de-vins-online\/"},{"@type":"ListItem","position":3,"name":"Old vintage Dent de Lle\u00f3 2016"}]},{"@type":"WebSite","@id":"https:\/\/masvicens.com\/en\/#website","url":"https:\/\/masvicens.com\/en\/","name":"Celler Mas Vicen\u00e7 | Re-evolucionant la tradici\u00f3","description":"Veniu a viure l&#039;enoturisme i a con\u00e8ixer la nostra col\u00b7lecci\u00f3 de vins elaborats amb la millor selecci\u00f3 de ra\u00efm del nostre celler a Tarragona.","potentialAction":[{"@type":"SearchAction","target":{"@type":"EntryPoint","urlTemplate":"https:\/\/masvicens.com\/en\/?s={search_term_string}"},"query-input":{"@type":"PropertyValueSpecification","valueRequired":true,"valueName":"search_term_string"}}],"inLanguage":"en-US"}]}},"_links":{"self":[{"href":"https:\/\/masvicens.com\/en\/wp-json\/wp\/v2\/product\/22906","targetHints":{"allow":["GET"]}}],"collection":[{"href":"https:\/\/masvicens.com\/en\/wp-json\/wp\/v2\/product"}],"about":[{"href":"https:\/\/masvicens.com\/en\/wp-json\/wp\/v2\/types\/product"}],"replies":[{"embeddable":true,"href":"https:\/\/masvicens.com\/en\/wp-json\/wp\/v2\/comments?post=22906"}],"wp:featuredmedia":[{"embeddable":true,"href":"https:\/\/masvicens.com\/en\/wp-json\/wp\/v2\/media\/22899"}],"wp:attachment":[{"href":"https:\/\/masvicens.com\/en\/wp-json\/wp\/v2\/media?parent=22906"}],"wp:term":[{"taxonomy":"product_brand","embeddable":true,"href":"https:\/\/masvicens.com\/en\/wp-json\/wp\/v2\/product_brand?post=22906"},{"taxonomy":"product_cat","embeddable":true,"href":"https:\/\/masvicens.com\/en\/wp-json\/wp\/v2\/product_cat?post=22906"},{"taxonomy":"product_tag","embeddable":true,"href":"https:\/\/masvicens.com\/en\/wp-json\/wp\/v2\/product_tag?post=22906"}],"curies":[{"name":"wp","href":"https:\/\/api.w.org\/{rel}","templated":true}]}}