{"id":22915,"date":"2021-08-09T12:13:00","date_gmt":"2021-08-09T12:13:00","guid":{"rendered":"https:\/\/masvicens.com\/producto\/old-vintage-oak-aged-red-2007\/"},"modified":"2024-01-05T09:42:34","modified_gmt":"2024-01-05T09:42:34","slug":"old-vintage-oak-aged-red-2007","status":"publish","type":"product","link":"https:\/\/masvicens.com\/en\/producte\/old-vintage-oak-aged-red-2007\/","title":{"rendered":"Old vintage oak aged red  2007"},"content":{"rendered":"<p>[et_pb_section fb_built=&#8221;1&#8243; _builder_version=&#8221;4.16&#8243; custom_padding=&#8221;0px||||false|false&#8221; global_colors_info=&#8221;{}&#8221;][et_pb_row _builder_version=&#8221;4.16&#8243; background_size=&#8221;initial&#8221; background_position=&#8221;top_left&#8221; background_repeat=&#8221;repeat&#8221; width=&#8221;100%&#8221; custom_padding=&#8221;0px||0px||false|false&#8221; global_colors_info=&#8221;{}&#8221;][et_pb_column type=&#8221;4_4&#8243; _builder_version=&#8221;4.16&#8243; custom_padding=&#8221;|||&#8221; global_colors_info=&#8221;{}&#8221; custom_padding__hover=&#8221;|||&#8221;][et_pb_wc_breadcrumb _builder_version=&#8221;3.0.47&#8243; global_colors_info=&#8221;{}&#8221;][\/et_pb_wc_breadcrumb][et_pb_wc_cart_notice _builder_version=&#8221;3.0.47&#8243; global_colors_info=&#8221;{}&#8221;][\/et_pb_wc_cart_notice][\/et_pb_column][\/et_pb_row][et_pb_row column_structure=&#8221;1_2,1_2&#8243; _builder_version=&#8221;4.16&#8243; background_size=&#8221;initial&#8221; background_position=&#8221;top_left&#8221; background_repeat=&#8221;repeat&#8221; width=&#8221;100%&#8221; custom_padding=&#8221;0px||||false|false&#8221; global_colors_info=&#8221;{}&#8221;][et_pb_column type=&#8221;1_2&#8243; _builder_version=&#8221;4.16&#8243; custom_padding=&#8221;|||&#8221; global_colors_info=&#8221;{}&#8221; custom_padding__hover=&#8221;|||&#8221;][et_pb_wc_images _builder_version=&#8221;3.0.47&#8243; global_colors_info=&#8221;{}&#8221;][\/et_pb_wc_images][\/et_pb_column][et_pb_column type=&#8221;1_2&#8243; _builder_version=&#8221;4.16&#8243; custom_padding=&#8221;|||&#8221; global_colors_info=&#8221;{}&#8221; custom_padding__hover=&#8221;|||&#8221;][et_pb_wc_title _builder_version=&#8221;4.16&#8243; global_colors_info=&#8221;{}&#8221;][\/et_pb_wc_title][et_pb_wc_rating _builder_version=&#8221;4.16&#8243; global_colors_info=&#8221;{}&#8221;][\/et_pb_wc_rating][et_pb_wc_price _builder_version=&#8221;4.16&#8243; global_colors_info=&#8221;{}&#8221;][\/et_pb_wc_price][et_pb_wc_description _builder_version=&#8221;4.16&#8243; global_colors_info=&#8221;{}&#8221;][\/et_pb_wc_description][et_pb_wc_add_to_cart _builder_version=&#8221;4.16&#8243; global_colors_info=&#8221;{}&#8221;][\/et_pb_wc_add_to_cart][et_pb_wc_meta _builder_version=&#8221;4.16&#8243; global_colors_info=&#8221;{}&#8221;][\/et_pb_wc_meta][\/et_pb_column][\/et_pb_row][et_pb_row _builder_version=&#8221;4.16&#8243; background_size=&#8221;initial&#8221; background_position=&#8221;top_left&#8221; background_repeat=&#8221;repeat&#8221; width=&#8221;100%&#8221; global_colors_info=&#8221;{}&#8221;][et_pb_column type=&#8221;4_4&#8243; _builder_version=&#8221;4.16&#8243; custom_padding=&#8221;|||&#8221; global_colors_info=&#8221;{}&#8221; custom_padding__hover=&#8221;|||&#8221;][et_pb_wc_tabs _builder_version=&#8221;3.0.47&#8243; global_colors_info=&#8221;{}&#8221;]\t\t\t\t\t[\/et_pb_wc_tabs][et_pb_wc_upsells _builder_version=&#8221;3.0.47&#8243; global_colors_info=&#8221;{}&#8221;][\/et_pb_wc_upsells][et_pb_wc_related_products _builder_version=&#8221;3.0.47&#8243; global_colors_info=&#8221;{}&#8221;][\/et_pb_wc_related_products][\/et_pb_column][\/et_pb_row][\/et_pb_section]<\/p>\n","protected":false},"excerpt":{"rendered":"<h2>OLD VINATGES \u00b7 ULL DE LLEBRE AND CABERNET SAUVIGNON<\/h2>\n<p>The longevity of wines is marked by the coexistence of a number of factors around the vineyard and wine. The mineral quality of the soil, the depth of the roots in the most adult plants, the origin and quality of the oak barrels or the cork, are some examples. At Mas Vicen\u00e7 we try to take the utmost care of these factors and, together with the orographic and climatic complexity of our vineyards, we can obtain wines with a good capacity of ageing.<\/p>\n<p><\/p>\n<p><em>This product has a weight of 1.25 kg and a capacity of 75cl<\/p>\n<p><\/em><\/p>\n<div class=\"woocommerce-product-details__short-description\">\n<p>Check the\u00a0<a href=\"\/en\/terms-conditions-and-transport\/#delivery\" target=\"_blank\" rel=\"noopener noreferrer\"><strong>shipping conditions here<\/strong><\/a>\n<\/div>\n","protected":false},"featured_media":22878,"comment_status":"open","ping_status":"closed","template":"","meta":{"_et_pb_use_builder":"on","_et_pb_old_content":"<div class=\"et_pb_row et_pb_row_1_tb_body\">\r\n<div class=\"et_pb_column et_pb_column_4_4 et_pb_column_2_tb_body et_pb_css_mix_blend_mode_passthrough et-last-child\">\r\n<div class=\"et_pb_module et_pb_text et_pb_text_0_tb_body et_pb_text_align_center et_pb_bg_layout_light\">\r\n<div class=\"et_pb_text_inner masvicens-product-title\">\r\n<h3>BACK TO THE PAST<\/h3>\r\n<\/div>\r\n<\/div>\r\n<!-- .et_pb_text --><\/div>\r\n<!-- .et_pb_column --><\/div>\r\n<div class=\"et_pb_row et_pb_row_2_tb_body et_pb_equal_columns et_pb_gutters2\">\r\n<div class=\"et_pb_column et_pb_column_1_3 et_pb_column_3_tb_body et_pb_css_mix_blend_mode_passthrough\">\r\n<div class=\"et_pb_module et_pb_text et_pb_text_1_tb_body et_pb_text_align_left et_pb_bg_layout_light masvicens-text-description\">\r\n<div class=\"et_pb_text_inner\"><strong>Variety<\/strong>: The blend is Ull de Llebre - Cabernet, in fair proportions. The aging was 12 months in new French oak barrels, with a vinification of only 2300 bottles, from the highest and most appreciated vineyards of Mas Vicen\u00e7.<\/div>\r\n<div class=\"et_pb_text_inner\"><strong>Harvest<\/strong>: We remember the 2007 vintage as one of the most grateful at a climatic level due to its scarcity of rains at the end of summer and September, giving us a high balance between ripening and acidity at a generic level.<\/div>\r\n<\/div>\r\n<!-- .et_pb_text --><\/div>\r\n<!-- .et_pb_column -->\r\n<div class=\"et_pb_column et_pb_column_1_3 et_pb_column_4_tb_body et_pb_css_mix_blend_mode_passthrough\">\r\n<div class=\"et_pb_module et_pb_image et_pb_image_0_tb_body\"><span class=\"et_pb_image_wrap \"><img class=\"mavicens-img-center\" title=\"msv-dis-botellas-web-castell-2\" src=\"https:\/\/masvicens.com\/wp-content\/uploads\/2021\/08\/MASVI-anyada-2008-tinto-1.jpg\" alt=\"Anada antigua vino tinto Arlequ\u00ed 2013\" width=\"auto\" height=\"auto\" data-pagespeed-url-hash=\"4193943145\" \/><\/span><\/div>\r\n<\/div>\r\n<!-- .et_pb_column -->\r\n<div class=\"et_pb_column et_pb_column_1_3 et_pb_column_5_tb_body et_pb_css_mix_blend_mode_passthrough et-last-child\">\r\n<div class=\"et_pb_module et_pb_text et_pb_text_2_tb_body et_pb_text_align_left et_pb_bg_layout_light masvicens-text-description\">\r\n<div class=\"et_pb_text_inner\"><strong>Serving temperature<\/strong>: Between 18 and 22\u00baC.<br \/><strong>Bouquet<\/strong> In the mouth you can distinguish the flavors of blackberries, vanilla and humid earth.<\/div>\r\n<div class=\"et_pb_text_inner\"><strong>Pairing<\/strong>: What do we accompany it with? Its long life in the bottle allows the more spicy and mature attributes of the wine to emerge and refine its structure. For this reason, we think that more complex dishes with flavors and aromas, such as stews and casseroles, will suit you well. Grilled meats or drier cheeses also pair very well for one of the emblems of the winery.<\/div>\r\n<\/div>\r\n<!-- .et_pb_text --><\/div>\r\n<!-- .et_pb_column --><\/div>","_et_gb_content_width":"","inline_featured_image":false,"_joinchat":[]},"product_brand":[],"product_cat":[79],"product_tag":[],"class_list":{"0":"post-22915","1":"product","2":"type-product","3":"status-publish","4":"has-post-thumbnail","6":"product_cat-old-vintages","7":"product_shipping_class-botella-ca","9":"first","10":"instock","11":"taxable","12":"shipping-taxable","13":"purchasable","14":"product-type-simple"},"yoast_head":"<!-- This site is optimized with the Yoast SEO plugin v27.3 - https:\/\/yoast.com\/product\/yoast-seo-wordpress\/ -->\n<title>Old vintage, red wine aging | Year 2007 | Mas Vicen\u00e7<\/title>\n<meta name=\"description\" content=\"Taste and pair the old vintage Mas Vicen\u00e7 red wine from 2007. A year of low yields due to weather conditions.\" \/>\n<meta name=\"robots\" content=\"index, follow, max-snippet:-1, max-image-preview:large, max-video-preview:-1\" \/>\n<link rel=\"canonical\" href=\"https:\/\/masvicens.com\/en\/producte\/old-vintage-oak-aged-red-2007\/\" \/>\n<meta property=\"og:locale\" content=\"en_US\" \/>\n<meta property=\"og:type\" content=\"article\" \/>\n<meta property=\"og:title\" content=\"Old vintage, red wine aging | Year 2007 | Mas Vicen\u00e7\" \/>\n<meta property=\"og:description\" content=\"Taste and pair the old vintage Mas Vicen\u00e7 red wine from 2007. A year of low yields due to weather conditions.\" \/>\n<meta property=\"og:url\" content=\"https:\/\/masvicens.com\/en\/producte\/old-vintage-oak-aged-red-2007\/\" \/>\n<meta property=\"og:site_name\" content=\"Celler Mas Vicen\u00e7 | Re-evolucionant la tradici\u00f3\" \/>\n<meta property=\"article:modified_time\" content=\"2024-01-05T09:42:34+00:00\" \/>\n<meta property=\"og:image\" content=\"https:\/\/masvicens.com\/wp-content\/uploads\/2021\/08\/MSV_An\u0303adasViejas_-3-1.jpg\" \/>\n\t<meta property=\"og:image:width\" content=\"1920\" \/>\n\t<meta property=\"og:image:height\" content=\"1281\" \/>\n\t<meta property=\"og:image:type\" content=\"image\/jpeg\" \/>\n<meta name=\"twitter:card\" content=\"summary_large_image\" \/>\n<meta name=\"twitter:label1\" content=\"Est. reading time\" \/>\n\t<meta name=\"twitter:data1\" content=\"1 minute\" \/>\n<script type=\"application\/ld+json\" class=\"yoast-schema-graph\">{\"@context\":\"https:\\\/\\\/schema.org\",\"@graph\":[{\"@type\":\"WebPage\",\"@id\":\"https:\\\/\\\/masvicens.com\\\/en\\\/producte\\\/old-vintage-oak-aged-red-2007\\\/\",\"url\":\"https:\\\/\\\/masvicens.com\\\/en\\\/producte\\\/old-vintage-oak-aged-red-2007\\\/\",\"name\":\"Old vintage, red wine aging | Year 2007 | Mas Vicen\u00e7\",\"isPartOf\":{\"@id\":\"https:\\\/\\\/masvicens.com\\\/en\\\/#website\"},\"primaryImageOfPage\":{\"@id\":\"https:\\\/\\\/masvicens.com\\\/en\\\/producte\\\/old-vintage-oak-aged-red-2007\\\/#primaryimage\"},\"image\":{\"@id\":\"https:\\\/\\\/masvicens.com\\\/en\\\/producte\\\/old-vintage-oak-aged-red-2007\\\/#primaryimage\"},\"thumbnailUrl\":\"https:\\\/\\\/masvicens.com\\\/wp-content\\\/uploads\\\/2021\\\/08\\\/MSV_An\u0303adasViejas_-3-1.jpg\",\"datePublished\":\"2021-08-09T12:13:00+00:00\",\"dateModified\":\"2024-01-05T09:42:34+00:00\",\"description\":\"Taste and pair the old vintage Mas Vicen\u00e7 red wine from 2007. A year of low yields due to weather conditions.\",\"breadcrumb\":{\"@id\":\"https:\\\/\\\/masvicens.com\\\/en\\\/producte\\\/old-vintage-oak-aged-red-2007\\\/#breadcrumb\"},\"inLanguage\":\"en-US\",\"potentialAction\":[{\"@type\":\"ReadAction\",\"target\":[\"https:\\\/\\\/masvicens.com\\\/en\\\/producte\\\/old-vintage-oak-aged-red-2007\\\/\"]}]},{\"@type\":\"ImageObject\",\"inLanguage\":\"en-US\",\"@id\":\"https:\\\/\\\/masvicens.com\\\/en\\\/producte\\\/old-vintage-oak-aged-red-2007\\\/#primaryimage\",\"url\":\"https:\\\/\\\/masvicens.com\\\/wp-content\\\/uploads\\\/2021\\\/08\\\/MSV_An\u0303adasViejas_-3-1.jpg\",\"contentUrl\":\"https:\\\/\\\/masvicens.com\\\/wp-content\\\/uploads\\\/2021\\\/08\\\/MSV_An\u0303adasViejas_-3-1.jpg\",\"width\":1920,\"height\":1281,\"caption\":\"A\u00f1ada antigua vino tinto 2007 | Mas Vicen\u00e7\"},{\"@type\":\"BreadcrumbList\",\"@id\":\"https:\\\/\\\/masvicens.com\\\/en\\\/producte\\\/old-vintage-oak-aged-red-2007\\\/#breadcrumb\",\"itemListElement\":[{\"@type\":\"ListItem\",\"position\":1,\"name\":\"Portada\",\"item\":\"https:\\\/\\\/masvicens.com\\\/en\\\/\"},{\"@type\":\"ListItem\",\"position\":2,\"name\":\"SHOP\",\"item\":\"https:\\\/\\\/masvicens.com\\\/botiga-de-vins-online\\\/\"},{\"@type\":\"ListItem\",\"position\":3,\"name\":\"Old vintage oak aged red 2007\"}]},{\"@type\":\"WebSite\",\"@id\":\"https:\\\/\\\/masvicens.com\\\/en\\\/#website\",\"url\":\"https:\\\/\\\/masvicens.com\\\/en\\\/\",\"name\":\"Celler Mas Vicen\u00e7 | Re-evolucionant la tradici\u00f3\",\"description\":\"Veniu a viure l&#039;enoturisme i a con\u00e8ixer la nostra col\u00b7lecci\u00f3 de vins elaborats amb la millor selecci\u00f3 de ra\u00efm del nostre celler a Tarragona.\",\"potentialAction\":[{\"@type\":\"SearchAction\",\"target\":{\"@type\":\"EntryPoint\",\"urlTemplate\":\"https:\\\/\\\/masvicens.com\\\/en\\\/?s={search_term_string}\"},\"query-input\":{\"@type\":\"PropertyValueSpecification\",\"valueRequired\":true,\"valueName\":\"search_term_string\"}}],\"inLanguage\":\"en-US\"}]}<\/script>\n<!-- \/ Yoast SEO plugin. -->","yoast_head_json":{"title":"Old vintage, red wine aging | Year 2007 | Mas Vicen\u00e7","description":"Taste and pair the old vintage Mas Vicen\u00e7 red wine from 2007. A year of low yields due to weather conditions.","robots":{"index":"index","follow":"follow","max-snippet":"max-snippet:-1","max-image-preview":"max-image-preview:large","max-video-preview":"max-video-preview:-1"},"canonical":"https:\/\/masvicens.com\/en\/producte\/old-vintage-oak-aged-red-2007\/","og_locale":"en_US","og_type":"article","og_title":"Old vintage, red wine aging | Year 2007 | Mas Vicen\u00e7","og_description":"Taste and pair the old vintage Mas Vicen\u00e7 red wine from 2007. A year of low yields due to weather conditions.","og_url":"https:\/\/masvicens.com\/en\/producte\/old-vintage-oak-aged-red-2007\/","og_site_name":"Celler Mas Vicen\u00e7 | Re-evolucionant la tradici\u00f3","article_modified_time":"2024-01-05T09:42:34+00:00","og_image":[{"width":1920,"height":1281,"url":"https:\/\/masvicens.com\/wp-content\/uploads\/2021\/08\/MSV_An\u0303adasViejas_-3-1.jpg","type":"image\/jpeg"}],"twitter_card":"summary_large_image","twitter_misc":{"Est. reading time":"1 minute"},"schema":{"@context":"https:\/\/schema.org","@graph":[{"@type":"WebPage","@id":"https:\/\/masvicens.com\/en\/producte\/old-vintage-oak-aged-red-2007\/","url":"https:\/\/masvicens.com\/en\/producte\/old-vintage-oak-aged-red-2007\/","name":"Old vintage, red wine aging | Year 2007 | Mas Vicen\u00e7","isPartOf":{"@id":"https:\/\/masvicens.com\/en\/#website"},"primaryImageOfPage":{"@id":"https:\/\/masvicens.com\/en\/producte\/old-vintage-oak-aged-red-2007\/#primaryimage"},"image":{"@id":"https:\/\/masvicens.com\/en\/producte\/old-vintage-oak-aged-red-2007\/#primaryimage"},"thumbnailUrl":"https:\/\/masvicens.com\/wp-content\/uploads\/2021\/08\/MSV_An\u0303adasViejas_-3-1.jpg","datePublished":"2021-08-09T12:13:00+00:00","dateModified":"2024-01-05T09:42:34+00:00","description":"Taste and pair the old vintage Mas Vicen\u00e7 red wine from 2007. A year of low yields due to weather conditions.","breadcrumb":{"@id":"https:\/\/masvicens.com\/en\/producte\/old-vintage-oak-aged-red-2007\/#breadcrumb"},"inLanguage":"en-US","potentialAction":[{"@type":"ReadAction","target":["https:\/\/masvicens.com\/en\/producte\/old-vintage-oak-aged-red-2007\/"]}]},{"@type":"ImageObject","inLanguage":"en-US","@id":"https:\/\/masvicens.com\/en\/producte\/old-vintage-oak-aged-red-2007\/#primaryimage","url":"https:\/\/masvicens.com\/wp-content\/uploads\/2021\/08\/MSV_An\u0303adasViejas_-3-1.jpg","contentUrl":"https:\/\/masvicens.com\/wp-content\/uploads\/2021\/08\/MSV_An\u0303adasViejas_-3-1.jpg","width":1920,"height":1281,"caption":"A\u00f1ada antigua vino tinto 2007 | Mas Vicen\u00e7"},{"@type":"BreadcrumbList","@id":"https:\/\/masvicens.com\/en\/producte\/old-vintage-oak-aged-red-2007\/#breadcrumb","itemListElement":[{"@type":"ListItem","position":1,"name":"Portada","item":"https:\/\/masvicens.com\/en\/"},{"@type":"ListItem","position":2,"name":"SHOP","item":"https:\/\/masvicens.com\/botiga-de-vins-online\/"},{"@type":"ListItem","position":3,"name":"Old vintage oak aged red 2007"}]},{"@type":"WebSite","@id":"https:\/\/masvicens.com\/en\/#website","url":"https:\/\/masvicens.com\/en\/","name":"Celler Mas Vicen\u00e7 | Re-evolucionant la tradici\u00f3","description":"Veniu a viure l&#039;enoturisme i a con\u00e8ixer la nostra col\u00b7lecci\u00f3 de vins elaborats amb la millor selecci\u00f3 de ra\u00efm del nostre celler a Tarragona.","potentialAction":[{"@type":"SearchAction","target":{"@type":"EntryPoint","urlTemplate":"https:\/\/masvicens.com\/en\/?s={search_term_string}"},"query-input":{"@type":"PropertyValueSpecification","valueRequired":true,"valueName":"search_term_string"}}],"inLanguage":"en-US"}]}},"_links":{"self":[{"href":"https:\/\/masvicens.com\/en\/wp-json\/wp\/v2\/product\/22915","targetHints":{"allow":["GET"]}}],"collection":[{"href":"https:\/\/masvicens.com\/en\/wp-json\/wp\/v2\/product"}],"about":[{"href":"https:\/\/masvicens.com\/en\/wp-json\/wp\/v2\/types\/product"}],"replies":[{"embeddable":true,"href":"https:\/\/masvicens.com\/en\/wp-json\/wp\/v2\/comments?post=22915"}],"wp:featuredmedia":[{"embeddable":true,"href":"https:\/\/masvicens.com\/en\/wp-json\/wp\/v2\/media\/22878"}],"wp:attachment":[{"href":"https:\/\/masvicens.com\/en\/wp-json\/wp\/v2\/media?parent=22915"}],"wp:term":[{"taxonomy":"product_brand","embeddable":true,"href":"https:\/\/masvicens.com\/en\/wp-json\/wp\/v2\/product_brand?post=22915"},{"taxonomy":"product_cat","embeddable":true,"href":"https:\/\/masvicens.com\/en\/wp-json\/wp\/v2\/product_cat?post=22915"},{"taxonomy":"product_tag","embeddable":true,"href":"https:\/\/masvicens.com\/en\/wp-json\/wp\/v2\/product_tag?post=22915"}],"curies":[{"name":"wp","href":"https:\/\/api.w.org\/{rel}","templated":true}]}}