{"id":24259,"date":"2021-11-17T12:16:03","date_gmt":"2021-11-17T12:16:03","guid":{"rendered":"https:\/\/masvicens.com\/?post_type=product&#038;p=24259"},"modified":"2026-01-07T07:52:22","modified_gmt":"2026-01-07T07:52:22","slug":"pack-single-estate-wine","status":"publish","type":"product","link":"https:\/\/masvicens.com\/en\/producte\/pack-single-estate-wine\/","title":{"rendered":"Pack single estate wine: Castell Tallat + La Fonollosa"},"content":{"rendered":"<p>[et_pb_section fb_built=&#8221;1&#8243; _builder_version=&#8221;4.16&#8243; custom_padding=&#8221;0px||||false|false&#8221; global_colors_info=&#8221;{}&#8221;][et_pb_row _builder_version=&#8221;4.16&#8243; background_size=&#8221;initial&#8221; background_position=&#8221;top_left&#8221; background_repeat=&#8221;repeat&#8221; width=&#8221;100%&#8221; custom_padding=&#8221;0px||0px||false|false&#8221; global_colors_info=&#8221;{}&#8221;][et_pb_column type=&#8221;4_4&#8243; _builder_version=&#8221;4.16&#8243; custom_padding=&#8221;|||&#8221; global_colors_info=&#8221;{}&#8221; custom_padding__hover=&#8221;|||&#8221;]<\/p>\n<p><br data-mce-bogus=\"1\"><\/p>\n<p>[\/et_pb_column][\/et_pb_row][et_pb_row column_structure=&#8221;1_2,1_2&#8243; _builder_version=&#8221;4.16&#8243; background_size=&#8221;initial&#8221; background_position=&#8221;top_left&#8221; background_repeat=&#8221;repeat&#8221; width=&#8221;100%&#8221; custom_padding=&#8221;0px||||false|false&#8221; global_colors_info=&#8221;{}&#8221;][et_pb_column type=&#8221;1_2&#8243; _builder_version=&#8221;4.16&#8243; custom_padding=&#8221;|||&#8221; global_colors_info=&#8221;{}&#8221; custom_padding__hover=&#8221;|||&#8221;]<\/p>\n<p><br data-mce-bogus=\"1\"><\/p>\n<p>[\/et_pb_column][et_pb_column type=&#8221;1_2&#8243; _builder_version=&#8221;4.16&#8243; custom_padding=&#8221;|||&#8221; global_colors_info=&#8221;{}&#8221; custom_padding__hover=&#8221;|||&#8221;]<\/p>\n<p><br data-mce-bogus=\"1\"><\/p>\n<p>[\/et_pb_column][\/et_pb_row][et_pb_row _builder_version=&#8221;4.16&#8243; background_size=&#8221;initial&#8221; background_position=&#8221;top_left&#8221; background_repeat=&#8221;repeat&#8221; width=&#8221;100%&#8221; global_colors_info=&#8221;{}&#8221;][et_pb_column type=&#8221;4_4&#8243; _builder_version=&#8221;4.16&#8243; custom_padding=&#8221;|||&#8221; global_colors_info=&#8221;{}&#8221; custom_padding__hover=&#8221;|||&#8221;]<\/p>\n<p><br data-mce-bogus=\"1\"><\/p>\n<p>[\/et_pb_column][\/et_pb_row][\/et_pb_section]<\/p>\n","protected":false},"excerpt":{"rendered":"<h2>A CENTENNIAL MACABEU VINEYARD \u00b7 RED WINE GARNACHA<\/h2>\n<p>Do you want to change any of the products in this batch? Would you like to add a gift voucher for a wine tourism activity? Our batches are totally customizable! <a href=\"https:\/\/masvicens.com\/en\/contacte\/\" data-mce-href=\"https:\/\/masvicens.com\/en\/contacte\/\">Contact us<\/a>&nbsp;to know more. <em>This pack has a weight of 2,5 kg<\/em><\/p>\n<div class=\"woocommerce-product-details__short-description\">Check the&nbsp;<a href=\"\/en\/terms-conditions-and-transport\/#delivery\" target=\"_blank\" rel=\"noopener noreferrer\" data-mce-href=\"\/en\/terms-conditions-and-transport\/#delivery\"><strong>shipping conditions here<\/strong><\/a>|<\/div>\n<p><br data-mce-bogus=\"1\"><\/p>\n","protected":false},"featured_media":24263,"comment_status":"open","ping_status":"closed","template":"","meta":{"_et_pb_use_builder":"on","_et_pb_old_content":"<div class=\"et_pb_row et_pb_row_1_tb_body\"><div class=\"et_pb_column et_pb_column_4_4 et_pb_column_2_tb_body et_pb_css_mix_blend_mode_passthrough et-last-child\"><div class=\"et_pb_module et_pb_text et_pb_text_0_tb_body et_pb_text_align_center et_pb_bg_layout_light\"><div class=\"et_pb_text_inner masvicens-product-title\"><div class=\"et_pb_row et_pb_row_1_tb_body\"><div class=\"et_pb_column et_pb_column_4_4 et_pb_column_2_tb_body et_pb_css_mix_blend_mode_passthrough et-last-child\"><div class=\"et_pb_module et_pb_text et_pb_text_0_tb_body et_pb_text_align_center et_pb_bg_layout_light\"><h3 class=\"et_pb_text_inner masvicens-product-title\">BOTTLED FEELINGS<\/h3><\/div><\/div><\/div><\/div><\/div><!-- .et_pb_text --><\/div><!-- .et_pb_column --><\/div><div class=\"et_pb_row et_pb_row_2_tb_body et_pb_equal_columns et_pb_gutters2\"><div class=\"et_pb_column et_pb_column_1_3 et_pb_column_3_tb_body et_pb_css_mix_blend_mode_passthrough\"><div class=\"et_pb_module et_pb_text et_pb_text_1_tb_body et_pb_text_align_left et_pb_bg_layout_light masvicens-text-description\"><div class=\"et_pb_text_inner\"><strong><a href=\"\/en\/producto\/castell-tallat-amphora-white-wine\/\" data-mce-href=\"\/en\/producto\/castell-tallat-amphora-white-wine\/\">Castell Tallat<\/a>: <\/strong>100% Centennial vine macabeu. Its color is pale, very crisp and bright. It reminds us of the most primary aromas of macabeu such as almond blossom and also contains an aniseed side that transports us to fennel, so present in the landscape.<\/div><\/div><!-- .et_pb_text --><\/div><!-- .et_pb_column --><div class=\"et_pb_column et_pb_column_1_3 et_pb_column_4_tb_body et_pb_css_mix_blend_mode_passthrough\"><div class=\"et_pb_module et_pb_image et_pb_image_0_tb_body\"><span class=\"et_pb_image_wrap \"><img class=\"mavicens-img-center\" title=\"msv-dis-botellas-web-castell-2\" src=\"https:\/\/masvicens.com\/wp-content\/uploads\/2021\/11\/MSV-pack-castell-fonollosa.jpg\" alt=\"Pack single estate wine| Mas Vicen\u00e7\" width=\"auto\" height=\"auto\" data-pagespeed-url-hash=\"4193943145\" data-mce-src=\"https:\/\/masvicens.com\/wp-content\/uploads\/2021\/11\/MSV-pack-castell-fonollosa.jpg\"><\/span><\/div><\/div><!-- .et_pb_column --><div class=\"et_pb_column et_pb_column_1_3 et_pb_column_5_tb_body et_pb_css_mix_blend_mode_passthrough et-last-child\"><div class=\"et_pb_module et_pb_text et_pb_text_2_tb_body et_pb_text_align_left et_pb_bg_layout_light masvicens-text-description\"><div class=\"et_pb_text_inner\"><strong><a href=\"\/en\/producto\/fonollosa\/\" data-mce-href=\"\/en\/producto\/fonollosa\/\">La Fonollosa<\/a>:<\/strong> 100% Black garnacha. It's an intense cherry red wine. It transports us to wild black fruits such as blackberries or candied plums. We also usually find nuances of mineral character and a soft bitter orange profile. Ripe raspberries and strawberries predominate over some herbaceous and earthy sensations that mark the origin and 'terroir' of Fonollosa. At the same time, its palate transmits a subtly citrus freshness and a very soft tannin, which becomes a very fine and elegant wine.<\/div><\/div><!-- .et_pb_text --><\/div><!-- .et_pb_column --><\/div>","_et_gb_content_width":"","inline_featured_image":false,"_joinchat":[]},"product_brand":[],"product_cat":[85],"product_tag":[],"class_list":{"0":"post-24259","1":"product","2":"type-product","3":"status-publish","4":"has-post-thumbnail","6":"product_cat-packs-and-lots-of-wine","8":"first","9":"instock","10":"taxable","11":"shipping-taxable","12":"purchasable","13":"product-type-simple"},"yoast_head":"<!-- This site is optimized with the Yoast SEO plugin v27.4 - https:\/\/yoast.com\/product\/yoast-seo-wordpress\/ -->\n<title>Pack Single estate wine: Castell Tallat + La Fonollosa | MasVicen\u00e7<\/title>\n<meta name=\"description\" content=\"Buy Single Estate Wine: Castell Tallat + La Fonollosa. Amphora white wine + red wine garnacha. A good present!\" \/>\n<meta name=\"robots\" content=\"index, follow, max-snippet:-1, max-image-preview:large, max-video-preview:-1\" \/>\n<link rel=\"canonical\" href=\"https:\/\/masvicens.com\/en\/producte\/pack-single-estate-wine\/\" \/>\n<meta property=\"og:locale\" content=\"en_US\" \/>\n<meta property=\"og:type\" content=\"article\" \/>\n<meta property=\"og:title\" content=\"Pack Single estate wine: Castell Tallat + La Fonollosa | MasVicen\u00e7\" \/>\n<meta property=\"og:description\" content=\"Buy Single Estate Wine: Castell Tallat + La Fonollosa. Amphora white wine + red wine garnacha. A good present!\" \/>\n<meta property=\"og:url\" content=\"https:\/\/masvicens.com\/en\/producte\/pack-single-estate-wine\/\" \/>\n<meta property=\"og:site_name\" content=\"Celler Mas Vicen\u00e7 | Re-evolucionant la tradici\u00f3\" \/>\n<meta property=\"article:modified_time\" content=\"2026-01-07T07:52:22+00:00\" \/>\n<meta property=\"og:image\" content=\"https:\/\/masvicens.com\/wp-content\/uploads\/2021\/11\/MASV-DIS-pack-bolsa-fonollosa-castell.jpg\" \/>\n\t<meta property=\"og:image:width\" content=\"1920\" \/>\n\t<meta property=\"og:image:height\" content=\"1200\" \/>\n\t<meta property=\"og:image:type\" content=\"image\/jpeg\" \/>\n<meta name=\"twitter:card\" content=\"summary_large_image\" \/>\n<meta name=\"twitter:label1\" content=\"Est. reading time\" \/>\n\t<meta name=\"twitter:data1\" content=\"1 minute\" \/>\n<script type=\"application\/ld+json\" class=\"yoast-schema-graph\">{\"@context\":\"https:\\\/\\\/schema.org\",\"@graph\":[{\"@type\":\"WebPage\",\"@id\":\"https:\\\/\\\/masvicens.com\\\/en\\\/producte\\\/pack-single-estate-wine\\\/\",\"url\":\"https:\\\/\\\/masvicens.com\\\/en\\\/producte\\\/pack-single-estate-wine\\\/\",\"name\":\"Pack Single estate wine: Castell Tallat + La Fonollosa | MasVicen\u00e7\",\"isPartOf\":{\"@id\":\"https:\\\/\\\/masvicens.com\\\/en\\\/#website\"},\"primaryImageOfPage\":{\"@id\":\"https:\\\/\\\/masvicens.com\\\/en\\\/producte\\\/pack-single-estate-wine\\\/#primaryimage\"},\"image\":{\"@id\":\"https:\\\/\\\/masvicens.com\\\/en\\\/producte\\\/pack-single-estate-wine\\\/#primaryimage\"},\"thumbnailUrl\":\"https:\\\/\\\/masvicens.com\\\/wp-content\\\/uploads\\\/2021\\\/11\\\/MASV-DIS-pack-bolsa-fonollosa-castell.jpg\",\"datePublished\":\"2021-11-17T12:16:03+00:00\",\"dateModified\":\"2026-01-07T07:52:22+00:00\",\"description\":\"Buy Single Estate Wine: Castell Tallat + La Fonollosa. Amphora white wine + red wine garnacha. A good present!\",\"breadcrumb\":{\"@id\":\"https:\\\/\\\/masvicens.com\\\/en\\\/producte\\\/pack-single-estate-wine\\\/#breadcrumb\"},\"inLanguage\":\"en-US\",\"potentialAction\":[{\"@type\":\"ReadAction\",\"target\":[\"https:\\\/\\\/masvicens.com\\\/en\\\/producte\\\/pack-single-estate-wine\\\/\"]}]},{\"@type\":\"ImageObject\",\"inLanguage\":\"en-US\",\"@id\":\"https:\\\/\\\/masvicens.com\\\/en\\\/producte\\\/pack-single-estate-wine\\\/#primaryimage\",\"url\":\"https:\\\/\\\/masvicens.com\\\/wp-content\\\/uploads\\\/2021\\\/11\\\/MASV-DIS-pack-bolsa-fonollosa-castell.jpg\",\"contentUrl\":\"https:\\\/\\\/masvicens.com\\\/wp-content\\\/uploads\\\/2021\\\/11\\\/MASV-DIS-pack-bolsa-fonollosa-castell.jpg\",\"width\":1920,\"height\":1200,\"caption\":\"pack vins de finca\"},{\"@type\":\"BreadcrumbList\",\"@id\":\"https:\\\/\\\/masvicens.com\\\/en\\\/producte\\\/pack-single-estate-wine\\\/#breadcrumb\",\"itemListElement\":[{\"@type\":\"ListItem\",\"position\":1,\"name\":\"Portada\",\"item\":\"https:\\\/\\\/masvicens.com\\\/en\\\/\"},{\"@type\":\"ListItem\",\"position\":2,\"name\":\"SHOP\",\"item\":\"https:\\\/\\\/masvicens.com\\\/botiga-de-vins-online\\\/\"},{\"@type\":\"ListItem\",\"position\":3,\"name\":\"Pack single estate wine: Castell Tallat + La Fonollosa\"}]},{\"@type\":\"WebSite\",\"@id\":\"https:\\\/\\\/masvicens.com\\\/en\\\/#website\",\"url\":\"https:\\\/\\\/masvicens.com\\\/en\\\/\",\"name\":\"Celler Mas Vicen\u00e7 | Re-evolucionant la tradici\u00f3\",\"description\":\"Veniu a viure l&#039;enoturisme i a con\u00e8ixer la nostra col\u00b7lecci\u00f3 de vins elaborats amb la millor selecci\u00f3 de ra\u00efm del nostre celler a Tarragona.\",\"potentialAction\":[{\"@type\":\"SearchAction\",\"target\":{\"@type\":\"EntryPoint\",\"urlTemplate\":\"https:\\\/\\\/masvicens.com\\\/en\\\/?s={search_term_string}\"},\"query-input\":{\"@type\":\"PropertyValueSpecification\",\"valueRequired\":true,\"valueName\":\"search_term_string\"}}],\"inLanguage\":\"en-US\"}]}<\/script>\n<!-- \/ Yoast SEO plugin. -->","yoast_head_json":{"title":"Pack Single estate wine: Castell Tallat + La Fonollosa | MasVicen\u00e7","description":"Buy Single Estate Wine: Castell Tallat + La Fonollosa. Amphora white wine + red wine garnacha. A good present!","robots":{"index":"index","follow":"follow","max-snippet":"max-snippet:-1","max-image-preview":"max-image-preview:large","max-video-preview":"max-video-preview:-1"},"canonical":"https:\/\/masvicens.com\/en\/producte\/pack-single-estate-wine\/","og_locale":"en_US","og_type":"article","og_title":"Pack Single estate wine: Castell Tallat + La Fonollosa | MasVicen\u00e7","og_description":"Buy Single Estate Wine: Castell Tallat + La Fonollosa. Amphora white wine + red wine garnacha. A good present!","og_url":"https:\/\/masvicens.com\/en\/producte\/pack-single-estate-wine\/","og_site_name":"Celler Mas Vicen\u00e7 | Re-evolucionant la tradici\u00f3","article_modified_time":"2026-01-07T07:52:22+00:00","og_image":[{"width":1920,"height":1200,"url":"https:\/\/masvicens.com\/wp-content\/uploads\/2021\/11\/MASV-DIS-pack-bolsa-fonollosa-castell.jpg","type":"image\/jpeg"}],"twitter_card":"summary_large_image","twitter_misc":{"Est. reading time":"1 minute"},"schema":{"@context":"https:\/\/schema.org","@graph":[{"@type":"WebPage","@id":"https:\/\/masvicens.com\/en\/producte\/pack-single-estate-wine\/","url":"https:\/\/masvicens.com\/en\/producte\/pack-single-estate-wine\/","name":"Pack Single estate wine: Castell Tallat + La Fonollosa | MasVicen\u00e7","isPartOf":{"@id":"https:\/\/masvicens.com\/en\/#website"},"primaryImageOfPage":{"@id":"https:\/\/masvicens.com\/en\/producte\/pack-single-estate-wine\/#primaryimage"},"image":{"@id":"https:\/\/masvicens.com\/en\/producte\/pack-single-estate-wine\/#primaryimage"},"thumbnailUrl":"https:\/\/masvicens.com\/wp-content\/uploads\/2021\/11\/MASV-DIS-pack-bolsa-fonollosa-castell.jpg","datePublished":"2021-11-17T12:16:03+00:00","dateModified":"2026-01-07T07:52:22+00:00","description":"Buy Single Estate Wine: Castell Tallat + La Fonollosa. Amphora white wine + red wine garnacha. A good present!","breadcrumb":{"@id":"https:\/\/masvicens.com\/en\/producte\/pack-single-estate-wine\/#breadcrumb"},"inLanguage":"en-US","potentialAction":[{"@type":"ReadAction","target":["https:\/\/masvicens.com\/en\/producte\/pack-single-estate-wine\/"]}]},{"@type":"ImageObject","inLanguage":"en-US","@id":"https:\/\/masvicens.com\/en\/producte\/pack-single-estate-wine\/#primaryimage","url":"https:\/\/masvicens.com\/wp-content\/uploads\/2021\/11\/MASV-DIS-pack-bolsa-fonollosa-castell.jpg","contentUrl":"https:\/\/masvicens.com\/wp-content\/uploads\/2021\/11\/MASV-DIS-pack-bolsa-fonollosa-castell.jpg","width":1920,"height":1200,"caption":"pack vins de finca"},{"@type":"BreadcrumbList","@id":"https:\/\/masvicens.com\/en\/producte\/pack-single-estate-wine\/#breadcrumb","itemListElement":[{"@type":"ListItem","position":1,"name":"Portada","item":"https:\/\/masvicens.com\/en\/"},{"@type":"ListItem","position":2,"name":"SHOP","item":"https:\/\/masvicens.com\/botiga-de-vins-online\/"},{"@type":"ListItem","position":3,"name":"Pack single estate wine: Castell Tallat + La Fonollosa"}]},{"@type":"WebSite","@id":"https:\/\/masvicens.com\/en\/#website","url":"https:\/\/masvicens.com\/en\/","name":"Celler Mas Vicen\u00e7 | Re-evolucionant la tradici\u00f3","description":"Veniu a viure l&#039;enoturisme i a con\u00e8ixer la nostra col\u00b7lecci\u00f3 de vins elaborats amb la millor selecci\u00f3 de ra\u00efm del nostre celler a Tarragona.","potentialAction":[{"@type":"SearchAction","target":{"@type":"EntryPoint","urlTemplate":"https:\/\/masvicens.com\/en\/?s={search_term_string}"},"query-input":{"@type":"PropertyValueSpecification","valueRequired":true,"valueName":"search_term_string"}}],"inLanguage":"en-US"}]}},"_links":{"self":[{"href":"https:\/\/masvicens.com\/en\/wp-json\/wp\/v2\/product\/24259","targetHints":{"allow":["GET"]}}],"collection":[{"href":"https:\/\/masvicens.com\/en\/wp-json\/wp\/v2\/product"}],"about":[{"href":"https:\/\/masvicens.com\/en\/wp-json\/wp\/v2\/types\/product"}],"replies":[{"embeddable":true,"href":"https:\/\/masvicens.com\/en\/wp-json\/wp\/v2\/comments?post=24259"}],"wp:featuredmedia":[{"embeddable":true,"href":"https:\/\/masvicens.com\/en\/wp-json\/wp\/v2\/media\/24263"}],"wp:attachment":[{"href":"https:\/\/masvicens.com\/en\/wp-json\/wp\/v2\/media?parent=24259"}],"wp:term":[{"taxonomy":"product_brand","embeddable":true,"href":"https:\/\/masvicens.com\/en\/wp-json\/wp\/v2\/product_brand?post=24259"},{"taxonomy":"product_cat","embeddable":true,"href":"https:\/\/masvicens.com\/en\/wp-json\/wp\/v2\/product_cat?post=24259"},{"taxonomy":"product_tag","embeddable":true,"href":"https:\/\/masvicens.com\/en\/wp-json\/wp\/v2\/product_tag?post=24259"}],"curies":[{"name":"wp","href":"https:\/\/api.w.org\/{rel}","templated":true}]}}