{"id":31753,"date":"2025-10-16T23:53:26","date_gmt":"2025-10-16T23:53:26","guid":{"rendered":"https:\/\/masvicens.com\/producte\/guided-tours-with-wine-tasting\/"},"modified":"2025-11-13T06:04:21","modified_gmt":"2025-11-13T06:04:21","slug":"guided-tours-with-wine-tasting","status":"publish","type":"product","link":"https:\/\/masvicens.com\/en\/producte\/guided-tours-with-wine-tasting\/","title":{"rendered":"Guided tours with wine tasting"},"content":{"rendered":"","protected":false},"excerpt":{"rendered":"<h2><strong>Guided tours with wine tasting in Mas Vicen\u00e7:<\/strong> discover the essence of the winery<\/h2>\n<p><em>Re-evolving wine tourism in Tarragona<\/em><\/p>\n<p>Live the guided tours with wine tasting in Mas Vicen\u00e7. There are places that tell stories only when stepping on them. Mas Vicen\u00e7 is one of these. Surrounded by vineyards full of memory, we invite you to live an experience that goes beyond tasting: an emotional journey through our essence, the land that inspires us and the wine that defines us.<\/p>\n<p><strong>A journey to the origins of wine, with all the senses<\/strong><\/p>\n","protected":false},"featured_media":31963,"comment_status":"closed","ping_status":"closed","template":"","meta":{"_et_pb_use_builder":"","_et_pb_old_content":"","_et_gb_content_width":"","inline_featured_image":false,"_joinchat":[]},"product_brand":[],"product_cat":[15],"product_tag":[],"class_list":{"0":"post-31753","1":"product","2":"type-product","3":"status-publish","4":"has-post-thumbnail","6":"product_cat-sin-categorizar","8":"first","9":"instock","10":"taxable","11":"shipping-taxable","12":"purchasable","13":"product-type-variable"},"yoast_head":"<!-- This site is optimized with the Yoast SEO plugin v27.4 - https:\/\/yoast.com\/product\/yoast-seo-wordpress\/ -->\n<title>Guided tours with wine tasting - Celler Mas Vicen\u00e7 | Re-evolucionant la tradici\u00f3<\/title>\n<meta name=\"robots\" content=\"index, follow, max-snippet:-1, max-image-preview:large, max-video-preview:-1\" \/>\n<link rel=\"canonical\" href=\"https:\/\/masvicens.com\/en\/producte\/guided-tours-with-wine-tasting\/\" \/>\n<meta property=\"og:locale\" content=\"en_US\" \/>\n<meta property=\"og:type\" content=\"article\" \/>\n<meta property=\"og:title\" content=\"Guided tours with wine tasting - Celler Mas Vicen\u00e7 | Re-evolucionant la tradici\u00f3\" \/>\n<meta property=\"og:description\" content=\"Guided tours with wine tasting in Mas Vicen\u00e7: discover the essence of the winery Re-evolving wine tourism in Tarragona Live the guided tours with wine tasting in Mas Vicen\u00e7. There are places that tell stories only when stepping on them. Mas Vicen\u00e7 is one of these. Surrounded by vineyards full of memory, we invite you to live an experience that goes beyond tasting: an emotional journey through our essence, the land that inspires us and the wine that defines us. A journey to the origins of wine, with all the senses\" \/>\n<meta property=\"og:url\" content=\"https:\/\/masvicens.com\/en\/producte\/guided-tours-with-wine-tasting\/\" \/>\n<meta property=\"og:site_name\" content=\"Celler Mas Vicen\u00e7 | Re-evolucionant la tradici\u00f3\" \/>\n<meta property=\"article:modified_time\" content=\"2025-11-13T06:04:21+00:00\" \/>\n<meta property=\"og:image\" content=\"https:\/\/masvicens.com\/wp-content\/uploads\/2025\/07\/MSV-VisitaGuiada-54_resultat-e1752649107700.webp\" \/>\n\t<meta property=\"og:image:width\" content=\"1571\" \/>\n\t<meta property=\"og:image:height\" content=\"1047\" \/>\n\t<meta property=\"og:image:type\" content=\"image\/webp\" \/>\n<meta name=\"twitter:card\" content=\"summary_large_image\" \/>\n<script type=\"application\/ld+json\" class=\"yoast-schema-graph\">{\"@context\":\"https:\\\/\\\/schema.org\",\"@graph\":[{\"@type\":\"WebPage\",\"@id\":\"https:\\\/\\\/masvicens.com\\\/en\\\/producte\\\/guided-tours-with-wine-tasting\\\/\",\"url\":\"https:\\\/\\\/masvicens.com\\\/en\\\/producte\\\/guided-tours-with-wine-tasting\\\/\",\"name\":\"Guided tours with wine tasting - Celler Mas Vicen\u00e7 | Re-evolucionant la tradici\u00f3\",\"isPartOf\":{\"@id\":\"https:\\\/\\\/masvicens.com\\\/en\\\/#website\"},\"primaryImageOfPage\":{\"@id\":\"https:\\\/\\\/masvicens.com\\\/en\\\/producte\\\/guided-tours-with-wine-tasting\\\/#primaryimage\"},\"image\":{\"@id\":\"https:\\\/\\\/masvicens.com\\\/en\\\/producte\\\/guided-tours-with-wine-tasting\\\/#primaryimage\"},\"thumbnailUrl\":\"https:\\\/\\\/masvicens.com\\\/wp-content\\\/uploads\\\/2025\\\/10\\\/MSV-VisitaGuiada-Custom.jpg\",\"datePublished\":\"2025-10-16T23:53:26+00:00\",\"dateModified\":\"2025-11-13T06:04:21+00:00\",\"breadcrumb\":{\"@id\":\"https:\\\/\\\/masvicens.com\\\/en\\\/producte\\\/guided-tours-with-wine-tasting\\\/#breadcrumb\"},\"inLanguage\":\"en-US\",\"potentialAction\":[{\"@type\":\"ReadAction\",\"target\":[\"https:\\\/\\\/masvicens.com\\\/en\\\/producte\\\/guided-tours-with-wine-tasting\\\/\"]}]},{\"@type\":\"ImageObject\",\"inLanguage\":\"en-US\",\"@id\":\"https:\\\/\\\/masvicens.com\\\/en\\\/producte\\\/guided-tours-with-wine-tasting\\\/#primaryimage\",\"url\":\"https:\\\/\\\/masvicens.com\\\/wp-content\\\/uploads\\\/2025\\\/10\\\/MSV-VisitaGuiada-Custom.jpg\",\"contentUrl\":\"https:\\\/\\\/masvicens.com\\\/wp-content\\\/uploads\\\/2025\\\/10\\\/MSV-VisitaGuiada-Custom.jpg\",\"width\":1024,\"height\":683},{\"@type\":\"BreadcrumbList\",\"@id\":\"https:\\\/\\\/masvicens.com\\\/en\\\/producte\\\/guided-tours-with-wine-tasting\\\/#breadcrumb\",\"itemListElement\":[{\"@type\":\"ListItem\",\"position\":1,\"name\":\"Portada\",\"item\":\"https:\\\/\\\/masvicens.com\\\/en\\\/\"},{\"@type\":\"ListItem\",\"position\":2,\"name\":\"SHOP\",\"item\":\"https:\\\/\\\/masvicens.com\\\/botiga-de-vins-online\\\/\"},{\"@type\":\"ListItem\",\"position\":3,\"name\":\"Guided tours with wine tasting\"}]},{\"@type\":\"WebSite\",\"@id\":\"https:\\\/\\\/masvicens.com\\\/en\\\/#website\",\"url\":\"https:\\\/\\\/masvicens.com\\\/en\\\/\",\"name\":\"Celler Mas Vicen\u00e7 | Re-evolucionant la tradici\u00f3\",\"description\":\"Veniu a viure l&#039;enoturisme i a con\u00e8ixer la nostra col\u00b7lecci\u00f3 de vins elaborats amb la millor selecci\u00f3 de ra\u00efm del nostre celler a Tarragona.\",\"potentialAction\":[{\"@type\":\"SearchAction\",\"target\":{\"@type\":\"EntryPoint\",\"urlTemplate\":\"https:\\\/\\\/masvicens.com\\\/en\\\/?s={search_term_string}\"},\"query-input\":{\"@type\":\"PropertyValueSpecification\",\"valueRequired\":true,\"valueName\":\"search_term_string\"}}],\"inLanguage\":\"en-US\"}]}<\/script>\n<!-- \/ Yoast SEO plugin. -->","yoast_head_json":{"title":"Guided tours with wine tasting - Celler Mas Vicen\u00e7 | Re-evolucionant la tradici\u00f3","robots":{"index":"index","follow":"follow","max-snippet":"max-snippet:-1","max-image-preview":"max-image-preview:large","max-video-preview":"max-video-preview:-1"},"canonical":"https:\/\/masvicens.com\/en\/producte\/guided-tours-with-wine-tasting\/","og_locale":"en_US","og_type":"article","og_title":"Guided tours with wine tasting - Celler Mas Vicen\u00e7 | Re-evolucionant la tradici\u00f3","og_description":"Guided tours with wine tasting in Mas Vicen\u00e7: discover the essence of the winery Re-evolving wine tourism in Tarragona Live the guided tours with wine tasting in Mas Vicen\u00e7. There are places that tell stories only when stepping on them. Mas Vicen\u00e7 is one of these. Surrounded by vineyards full of memory, we invite you to live an experience that goes beyond tasting: an emotional journey through our essence, the land that inspires us and the wine that defines us. A journey to the origins of wine, with all the senses","og_url":"https:\/\/masvicens.com\/en\/producte\/guided-tours-with-wine-tasting\/","og_site_name":"Celler Mas Vicen\u00e7 | Re-evolucionant la tradici\u00f3","article_modified_time":"2025-11-13T06:04:21+00:00","og_image":[{"width":1571,"height":1047,"url":"https:\/\/masvicens.com\/wp-content\/uploads\/2025\/07\/MSV-VisitaGuiada-54_resultat-e1752649107700.webp","type":"image\/webp"}],"twitter_card":"summary_large_image","schema":{"@context":"https:\/\/schema.org","@graph":[{"@type":"WebPage","@id":"https:\/\/masvicens.com\/en\/producte\/guided-tours-with-wine-tasting\/","url":"https:\/\/masvicens.com\/en\/producte\/guided-tours-with-wine-tasting\/","name":"Guided tours with wine tasting - Celler Mas Vicen\u00e7 | Re-evolucionant la tradici\u00f3","isPartOf":{"@id":"https:\/\/masvicens.com\/en\/#website"},"primaryImageOfPage":{"@id":"https:\/\/masvicens.com\/en\/producte\/guided-tours-with-wine-tasting\/#primaryimage"},"image":{"@id":"https:\/\/masvicens.com\/en\/producte\/guided-tours-with-wine-tasting\/#primaryimage"},"thumbnailUrl":"https:\/\/masvicens.com\/wp-content\/uploads\/2025\/10\/MSV-VisitaGuiada-Custom.jpg","datePublished":"2025-10-16T23:53:26+00:00","dateModified":"2025-11-13T06:04:21+00:00","breadcrumb":{"@id":"https:\/\/masvicens.com\/en\/producte\/guided-tours-with-wine-tasting\/#breadcrumb"},"inLanguage":"en-US","potentialAction":[{"@type":"ReadAction","target":["https:\/\/masvicens.com\/en\/producte\/guided-tours-with-wine-tasting\/"]}]},{"@type":"ImageObject","inLanguage":"en-US","@id":"https:\/\/masvicens.com\/en\/producte\/guided-tours-with-wine-tasting\/#primaryimage","url":"https:\/\/masvicens.com\/wp-content\/uploads\/2025\/10\/MSV-VisitaGuiada-Custom.jpg","contentUrl":"https:\/\/masvicens.com\/wp-content\/uploads\/2025\/10\/MSV-VisitaGuiada-Custom.jpg","width":1024,"height":683},{"@type":"BreadcrumbList","@id":"https:\/\/masvicens.com\/en\/producte\/guided-tours-with-wine-tasting\/#breadcrumb","itemListElement":[{"@type":"ListItem","position":1,"name":"Portada","item":"https:\/\/masvicens.com\/en\/"},{"@type":"ListItem","position":2,"name":"SHOP","item":"https:\/\/masvicens.com\/botiga-de-vins-online\/"},{"@type":"ListItem","position":3,"name":"Guided tours with wine tasting"}]},{"@type":"WebSite","@id":"https:\/\/masvicens.com\/en\/#website","url":"https:\/\/masvicens.com\/en\/","name":"Celler Mas Vicen\u00e7 | Re-evolucionant la tradici\u00f3","description":"Veniu a viure l&#039;enoturisme i a con\u00e8ixer la nostra col\u00b7lecci\u00f3 de vins elaborats amb la millor selecci\u00f3 de ra\u00efm del nostre celler a Tarragona.","potentialAction":[{"@type":"SearchAction","target":{"@type":"EntryPoint","urlTemplate":"https:\/\/masvicens.com\/en\/?s={search_term_string}"},"query-input":{"@type":"PropertyValueSpecification","valueRequired":true,"valueName":"search_term_string"}}],"inLanguage":"en-US"}]}},"_links":{"self":[{"href":"https:\/\/masvicens.com\/en\/wp-json\/wp\/v2\/product\/31753","targetHints":{"allow":["GET"]}}],"collection":[{"href":"https:\/\/masvicens.com\/en\/wp-json\/wp\/v2\/product"}],"about":[{"href":"https:\/\/masvicens.com\/en\/wp-json\/wp\/v2\/types\/product"}],"replies":[{"embeddable":true,"href":"https:\/\/masvicens.com\/en\/wp-json\/wp\/v2\/comments?post=31753"}],"wp:featuredmedia":[{"embeddable":true,"href":"https:\/\/masvicens.com\/en\/wp-json\/wp\/v2\/media\/31963"}],"wp:attachment":[{"href":"https:\/\/masvicens.com\/en\/wp-json\/wp\/v2\/media?parent=31753"}],"wp:term":[{"taxonomy":"product_brand","embeddable":true,"href":"https:\/\/masvicens.com\/en\/wp-json\/wp\/v2\/product_brand?post=31753"},{"taxonomy":"product_cat","embeddable":true,"href":"https:\/\/masvicens.com\/en\/wp-json\/wp\/v2\/product_cat?post=31753"},{"taxonomy":"product_tag","embeddable":true,"href":"https:\/\/masvicens.com\/en\/wp-json\/wp\/v2\/product_tag?post=31753"}],"curies":[{"name":"wp","href":"https:\/\/api.w.org\/{rel}","templated":true}]}}