{"id":31768,"date":"2025-10-17T05:49:45","date_gmt":"2025-10-17T05:49:45","guid":{"rendered":"https:\/\/masvicens.com\/producte\/walk-wine-mas-vicenc\/"},"modified":"2025-10-17T05:49:45","modified_gmt":"2025-10-17T05:49:45","slug":"walk-wine-mas-vicenc","status":"publish","type":"product","link":"https:\/\/masvicens.com\/en\/producte\/walk-wine-mas-vicenc\/","title":{"rendered":"Walk &#038; Wine Mas Vicen\u00e7"},"content":{"rendered":"","protected":false},"excerpt":{"rendered":"<h2>Walk &amp; Wine Mas Vicen\u00e7: the wine tourism experience that discovers vineyards and flavors<\/h2>\n<p><em>Re-evolving wine tourism in Tarragona<\/em><\/p>\n<p>The Walk&amp;Wine of Mas Vicen\u00e7 consists of a Nordic walking route between vineyards with wine pairings and tapas from local producers and restaurateurs in stone houses. It ends with a visit to the winery and tasting. Walk&amp;Wine is the wine tourism that unites sport, nature, wine and the gastronomy of the territory in a single day.<\/p>\n<p><strong>More than a wine tasting, an experience for the senses<\/strong><\/p>\n","protected":false},"featured_media":31943,"comment_status":"closed","ping_status":"closed","template":"","meta":{"_et_pb_use_builder":"","_et_pb_old_content":"","_et_gb_content_width":"","inline_featured_image":false,"_joinchat":[]},"product_brand":[],"product_cat":[15],"product_tag":[],"class_list":{"0":"post-31768","1":"product","2":"type-product","3":"status-publish","4":"has-post-thumbnail","6":"product_cat-sin-categorizar","8":"first","9":"instock","10":"taxable","11":"shipping-taxable","12":"purchasable","13":"product-type-variable"},"yoast_head":"<!-- This site is optimized with the Yoast SEO plugin v27.4 - https:\/\/yoast.com\/product\/yoast-seo-wordpress\/ -->\n<title>Walk &amp; Wine Mas Vicen\u00e7 - Celler Mas Vicen\u00e7 | Re-evolucionant la tradici\u00f3<\/title>\n<meta name=\"robots\" content=\"index, follow, max-snippet:-1, max-image-preview:large, max-video-preview:-1\" \/>\n<link rel=\"canonical\" href=\"https:\/\/masvicens.com\/en\/producte\/walk-wine-mas-vicenc\/\" \/>\n<meta property=\"og:locale\" content=\"en_US\" \/>\n<meta property=\"og:type\" content=\"article\" \/>\n<meta property=\"og:title\" content=\"Walk &amp; Wine Mas Vicen\u00e7 - Celler Mas Vicen\u00e7 | Re-evolucionant la tradici\u00f3\" \/>\n<meta property=\"og:description\" content=\"Walk &amp; Wine Mas Vicen\u00e7: the wine tourism experience that discovers vineyards and flavors Re-evolving wine tourism in Tarragona The Walk&amp;Wine of Mas Vicen\u00e7 consists of a Nordic walking route between vineyards with wine pairings and tapas from local producers and restaurateurs in stone houses. It ends with a visit to the winery and tasting. Walk&amp;Wine is the wine tourism that unites sport, nature, wine and the gastronomy of the territory in a single day. More than a wine tasting, an experience for the senses\" \/>\n<meta property=\"og:url\" content=\"https:\/\/masvicens.com\/en\/producte\/walk-wine-mas-vicenc\/\" \/>\n<meta property=\"og:site_name\" content=\"Celler Mas Vicen\u00e7 | Re-evolucionant la tradici\u00f3\" \/>\n<meta property=\"og:image\" content=\"https:\/\/masvicens.com\/wp-content\/uploads\/2022\/10\/MSV_Enoturisme_Mayo-12.jpg\" \/>\n\t<meta property=\"og:image:width\" content=\"1080\" \/>\n\t<meta property=\"og:image:height\" content=\"720\" \/>\n\t<meta property=\"og:image:type\" content=\"image\/jpeg\" \/>\n<meta name=\"twitter:card\" content=\"summary_large_image\" \/>\n<script type=\"application\/ld+json\" class=\"yoast-schema-graph\">{\"@context\":\"https:\\\/\\\/schema.org\",\"@graph\":[{\"@type\":\"WebPage\",\"@id\":\"https:\\\/\\\/masvicens.com\\\/en\\\/producte\\\/walk-wine-mas-vicenc\\\/\",\"url\":\"https:\\\/\\\/masvicens.com\\\/en\\\/producte\\\/walk-wine-mas-vicenc\\\/\",\"name\":\"Walk & Wine Mas Vicen\u00e7 - Celler Mas Vicen\u00e7 | Re-evolucionant la tradici\u00f3\",\"isPartOf\":{\"@id\":\"https:\\\/\\\/masvicens.com\\\/en\\\/#website\"},\"primaryImageOfPage\":{\"@id\":\"https:\\\/\\\/masvicens.com\\\/en\\\/producte\\\/walk-wine-mas-vicenc\\\/#primaryimage\"},\"image\":{\"@id\":\"https:\\\/\\\/masvicens.com\\\/en\\\/producte\\\/walk-wine-mas-vicenc\\\/#primaryimage\"},\"thumbnailUrl\":\"https:\\\/\\\/masvicens.com\\\/wp-content\\\/uploads\\\/2025\\\/10\\\/MSV-WW-Ruta-4-Custom.jpg\",\"datePublished\":\"2025-10-17T05:49:45+00:00\",\"breadcrumb\":{\"@id\":\"https:\\\/\\\/masvicens.com\\\/en\\\/producte\\\/walk-wine-mas-vicenc\\\/#breadcrumb\"},\"inLanguage\":\"en-US\",\"potentialAction\":[{\"@type\":\"ReadAction\",\"target\":[\"https:\\\/\\\/masvicens.com\\\/en\\\/producte\\\/walk-wine-mas-vicenc\\\/\"]}]},{\"@type\":\"ImageObject\",\"inLanguage\":\"en-US\",\"@id\":\"https:\\\/\\\/masvicens.com\\\/en\\\/producte\\\/walk-wine-mas-vicenc\\\/#primaryimage\",\"url\":\"https:\\\/\\\/masvicens.com\\\/wp-content\\\/uploads\\\/2025\\\/10\\\/MSV-WW-Ruta-4-Custom.jpg\",\"contentUrl\":\"https:\\\/\\\/masvicens.com\\\/wp-content\\\/uploads\\\/2025\\\/10\\\/MSV-WW-Ruta-4-Custom.jpg\",\"width\":1024,\"height\":684},{\"@type\":\"BreadcrumbList\",\"@id\":\"https:\\\/\\\/masvicens.com\\\/en\\\/producte\\\/walk-wine-mas-vicenc\\\/#breadcrumb\",\"itemListElement\":[{\"@type\":\"ListItem\",\"position\":1,\"name\":\"Portada\",\"item\":\"https:\\\/\\\/masvicens.com\\\/en\\\/\"},{\"@type\":\"ListItem\",\"position\":2,\"name\":\"SHOP\",\"item\":\"https:\\\/\\\/masvicens.com\\\/botiga-de-vins-online\\\/\"},{\"@type\":\"ListItem\",\"position\":3,\"name\":\"Walk &#038; Wine Mas Vicen\u00e7\"}]},{\"@type\":\"WebSite\",\"@id\":\"https:\\\/\\\/masvicens.com\\\/en\\\/#website\",\"url\":\"https:\\\/\\\/masvicens.com\\\/en\\\/\",\"name\":\"Celler Mas Vicen\u00e7 | Re-evolucionant la tradici\u00f3\",\"description\":\"Veniu a viure l&#039;enoturisme i a con\u00e8ixer la nostra col\u00b7lecci\u00f3 de vins elaborats amb la millor selecci\u00f3 de ra\u00efm del nostre celler a Tarragona.\",\"potentialAction\":[{\"@type\":\"SearchAction\",\"target\":{\"@type\":\"EntryPoint\",\"urlTemplate\":\"https:\\\/\\\/masvicens.com\\\/en\\\/?s={search_term_string}\"},\"query-input\":{\"@type\":\"PropertyValueSpecification\",\"valueRequired\":true,\"valueName\":\"search_term_string\"}}],\"inLanguage\":\"en-US\"}]}<\/script>\n<!-- \/ Yoast SEO plugin. -->","yoast_head_json":{"title":"Walk & Wine Mas Vicen\u00e7 - Celler Mas Vicen\u00e7 | Re-evolucionant la tradici\u00f3","robots":{"index":"index","follow":"follow","max-snippet":"max-snippet:-1","max-image-preview":"max-image-preview:large","max-video-preview":"max-video-preview:-1"},"canonical":"https:\/\/masvicens.com\/en\/producte\/walk-wine-mas-vicenc\/","og_locale":"en_US","og_type":"article","og_title":"Walk & Wine Mas Vicen\u00e7 - Celler Mas Vicen\u00e7 | Re-evolucionant la tradici\u00f3","og_description":"Walk &amp; Wine Mas Vicen\u00e7: the wine tourism experience that discovers vineyards and flavors Re-evolving wine tourism in Tarragona The Walk&amp;Wine of Mas Vicen\u00e7 consists of a Nordic walking route between vineyards with wine pairings and tapas from local producers and restaurateurs in stone houses. It ends with a visit to the winery and tasting. Walk&amp;Wine is the wine tourism that unites sport, nature, wine and the gastronomy of the territory in a single day. More than a wine tasting, an experience for the senses","og_url":"https:\/\/masvicens.com\/en\/producte\/walk-wine-mas-vicenc\/","og_site_name":"Celler Mas Vicen\u00e7 | Re-evolucionant la tradici\u00f3","og_image":[{"width":1080,"height":720,"url":"https:\/\/masvicens.com\/wp-content\/uploads\/2022\/10\/MSV_Enoturisme_Mayo-12.jpg","type":"image\/jpeg"}],"twitter_card":"summary_large_image","schema":{"@context":"https:\/\/schema.org","@graph":[{"@type":"WebPage","@id":"https:\/\/masvicens.com\/en\/producte\/walk-wine-mas-vicenc\/","url":"https:\/\/masvicens.com\/en\/producte\/walk-wine-mas-vicenc\/","name":"Walk & Wine Mas Vicen\u00e7 - Celler Mas Vicen\u00e7 | Re-evolucionant la tradici\u00f3","isPartOf":{"@id":"https:\/\/masvicens.com\/en\/#website"},"primaryImageOfPage":{"@id":"https:\/\/masvicens.com\/en\/producte\/walk-wine-mas-vicenc\/#primaryimage"},"image":{"@id":"https:\/\/masvicens.com\/en\/producte\/walk-wine-mas-vicenc\/#primaryimage"},"thumbnailUrl":"https:\/\/masvicens.com\/wp-content\/uploads\/2025\/10\/MSV-WW-Ruta-4-Custom.jpg","datePublished":"2025-10-17T05:49:45+00:00","breadcrumb":{"@id":"https:\/\/masvicens.com\/en\/producte\/walk-wine-mas-vicenc\/#breadcrumb"},"inLanguage":"en-US","potentialAction":[{"@type":"ReadAction","target":["https:\/\/masvicens.com\/en\/producte\/walk-wine-mas-vicenc\/"]}]},{"@type":"ImageObject","inLanguage":"en-US","@id":"https:\/\/masvicens.com\/en\/producte\/walk-wine-mas-vicenc\/#primaryimage","url":"https:\/\/masvicens.com\/wp-content\/uploads\/2025\/10\/MSV-WW-Ruta-4-Custom.jpg","contentUrl":"https:\/\/masvicens.com\/wp-content\/uploads\/2025\/10\/MSV-WW-Ruta-4-Custom.jpg","width":1024,"height":684},{"@type":"BreadcrumbList","@id":"https:\/\/masvicens.com\/en\/producte\/walk-wine-mas-vicenc\/#breadcrumb","itemListElement":[{"@type":"ListItem","position":1,"name":"Portada","item":"https:\/\/masvicens.com\/en\/"},{"@type":"ListItem","position":2,"name":"SHOP","item":"https:\/\/masvicens.com\/botiga-de-vins-online\/"},{"@type":"ListItem","position":3,"name":"Walk &#038; Wine Mas Vicen\u00e7"}]},{"@type":"WebSite","@id":"https:\/\/masvicens.com\/en\/#website","url":"https:\/\/masvicens.com\/en\/","name":"Celler Mas Vicen\u00e7 | Re-evolucionant la tradici\u00f3","description":"Veniu a viure l&#039;enoturisme i a con\u00e8ixer la nostra col\u00b7lecci\u00f3 de vins elaborats amb la millor selecci\u00f3 de ra\u00efm del nostre celler a Tarragona.","potentialAction":[{"@type":"SearchAction","target":{"@type":"EntryPoint","urlTemplate":"https:\/\/masvicens.com\/en\/?s={search_term_string}"},"query-input":{"@type":"PropertyValueSpecification","valueRequired":true,"valueName":"search_term_string"}}],"inLanguage":"en-US"}]}},"_links":{"self":[{"href":"https:\/\/masvicens.com\/en\/wp-json\/wp\/v2\/product\/31768","targetHints":{"allow":["GET"]}}],"collection":[{"href":"https:\/\/masvicens.com\/en\/wp-json\/wp\/v2\/product"}],"about":[{"href":"https:\/\/masvicens.com\/en\/wp-json\/wp\/v2\/types\/product"}],"replies":[{"embeddable":true,"href":"https:\/\/masvicens.com\/en\/wp-json\/wp\/v2\/comments?post=31768"}],"wp:featuredmedia":[{"embeddable":true,"href":"https:\/\/masvicens.com\/en\/wp-json\/wp\/v2\/media\/31943"}],"wp:attachment":[{"href":"https:\/\/masvicens.com\/en\/wp-json\/wp\/v2\/media?parent=31768"}],"wp:term":[{"taxonomy":"product_brand","embeddable":true,"href":"https:\/\/masvicens.com\/en\/wp-json\/wp\/v2\/product_brand?post=31768"},{"taxonomy":"product_cat","embeddable":true,"href":"https:\/\/masvicens.com\/en\/wp-json\/wp\/v2\/product_cat?post=31768"},{"taxonomy":"product_tag","embeddable":true,"href":"https:\/\/masvicens.com\/en\/wp-json\/wp\/v2\/product_tag?post=31768"}],"curies":[{"name":"wp","href":"https:\/\/api.w.org\/{rel}","templated":true}]}}