{"id":31779,"date":"2025-10-17T05:32:55","date_gmt":"2025-10-17T05:32:55","guid":{"rendered":"https:\/\/masvicens.com\/producte\/chocolate-and-life\/"},"modified":"2025-11-13T07:08:02","modified_gmt":"2025-11-13T07:08:02","slug":"chocolate-and-life","status":"publish","type":"product","link":"https:\/\/masvicens.com\/en\/producte\/chocolate-and-life\/","title":{"rendered":"Chocolate and Life"},"content":{"rendered":"","protected":false},"excerpt":{"rendered":"<h2><strong>The Chocolate and Life of Mas Vicen\u00e7:<\/strong> the wine tourism experience that merges wine and chocolate<\/h2>\n<p><em>Re-evolving wine tourism in Tarragona<\/em><\/p>\n<p>Live the Chocolate and Life of Mas Vicen\u00e7: an activity that was born to discover the fusion of flavors between wine and chocolate. All the wine processes, from the vineyard to the aging, and artisanal chocolate are analyzed sensorially to enjoy the perfect pairing. Each piece of chocolate is specially created for each of the wines of Mas Vicen\u00e7.<\/p>\n<p><strong>More than a wine tasting, an experience for the senses<\/strong><\/p>\n","protected":false},"featured_media":31947,"comment_status":"closed","ping_status":"closed","template":"","meta":{"_et_pb_use_builder":"","_et_pb_old_content":"","_et_gb_content_width":"","inline_featured_image":false,"_joinchat":[]},"product_brand":[],"product_cat":[15],"product_tag":[],"class_list":{"0":"post-31779","1":"product","2":"type-product","3":"status-publish","4":"has-post-thumbnail","6":"product_cat-sin-categorizar","8":"first","9":"instock","10":"taxable","11":"shipping-taxable","12":"purchasable","13":"product-type-variable"},"yoast_head":"<!-- This site is optimized with the Yoast SEO plugin v27.4 - https:\/\/yoast.com\/product\/yoast-seo-wordpress\/ -->\n<title>Chocolate and Life - Celler Mas Vicen\u00e7 | Re-evolucionant la tradici\u00f3<\/title>\n<meta name=\"robots\" content=\"index, follow, max-snippet:-1, max-image-preview:large, max-video-preview:-1\" \/>\n<link rel=\"canonical\" href=\"https:\/\/masvicens.com\/en\/producte\/chocolate-and-life\/\" \/>\n<meta property=\"og:locale\" content=\"en_US\" \/>\n<meta property=\"og:type\" content=\"article\" \/>\n<meta property=\"og:title\" content=\"Chocolate and Life - Celler Mas Vicen\u00e7 | Re-evolucionant la tradici\u00f3\" \/>\n<meta property=\"og:description\" content=\"The Chocolate and Life of Mas Vicen\u00e7: the wine tourism experience that merges wine and chocolate Re-evolving wine tourism in Tarragona Live the Chocolate and Life of Mas Vicen\u00e7: an activity that was born to discover the fusion of flavors between wine and chocolate. All the wine processes, from the vineyard to the aging, and artisanal chocolate are analyzed sensorially to enjoy the perfect pairing. Each piece of chocolate is specially created for each of the wines of Mas Vicen\u00e7. More than a wine tasting, an experience for the senses\" \/>\n<meta property=\"og:url\" content=\"https:\/\/masvicens.com\/en\/producte\/chocolate-and-life\/\" \/>\n<meta property=\"og:site_name\" content=\"Celler Mas Vicen\u00e7 | Re-evolucionant la tradici\u00f3\" \/>\n<meta property=\"article:modified_time\" content=\"2025-11-13T07:08:02+00:00\" \/>\n<meta property=\"og:image\" content=\"https:\/\/masvicens.com\/wp-content\/uploads\/2025\/10\/Xoco-Vida-Masvi_-21.jpg\" \/>\n\t<meta property=\"og:image:width\" content=\"1199\" \/>\n\t<meta property=\"og:image:height\" content=\"802\" \/>\n\t<meta property=\"og:image:type\" content=\"image\/jpeg\" \/>\n<meta name=\"twitter:card\" content=\"summary_large_image\" \/>\n<script type=\"application\/ld+json\" class=\"yoast-schema-graph\">{\"@context\":\"https:\\\/\\\/schema.org\",\"@graph\":[{\"@type\":\"WebPage\",\"@id\":\"https:\\\/\\\/masvicens.com\\\/en\\\/producte\\\/chocolate-and-life\\\/\",\"url\":\"https:\\\/\\\/masvicens.com\\\/en\\\/producte\\\/chocolate-and-life\\\/\",\"name\":\"Chocolate and Life - Celler Mas Vicen\u00e7 | Re-evolucionant la tradici\u00f3\",\"isPartOf\":{\"@id\":\"https:\\\/\\\/masvicens.com\\\/en\\\/#website\"},\"primaryImageOfPage\":{\"@id\":\"https:\\\/\\\/masvicens.com\\\/en\\\/producte\\\/chocolate-and-life\\\/#primaryimage\"},\"image\":{\"@id\":\"https:\\\/\\\/masvicens.com\\\/en\\\/producte\\\/chocolate-and-life\\\/#primaryimage\"},\"thumbnailUrl\":\"https:\\\/\\\/masvicens.com\\\/wp-content\\\/uploads\\\/2025\\\/10\\\/MSV-XocoVida-Custom.jpg\",\"datePublished\":\"2025-10-17T05:32:55+00:00\",\"dateModified\":\"2025-11-13T07:08:02+00:00\",\"breadcrumb\":{\"@id\":\"https:\\\/\\\/masvicens.com\\\/en\\\/producte\\\/chocolate-and-life\\\/#breadcrumb\"},\"inLanguage\":\"en-US\",\"potentialAction\":[{\"@type\":\"ReadAction\",\"target\":[\"https:\\\/\\\/masvicens.com\\\/en\\\/producte\\\/chocolate-and-life\\\/\"]}]},{\"@type\":\"ImageObject\",\"inLanguage\":\"en-US\",\"@id\":\"https:\\\/\\\/masvicens.com\\\/en\\\/producte\\\/chocolate-and-life\\\/#primaryimage\",\"url\":\"https:\\\/\\\/masvicens.com\\\/wp-content\\\/uploads\\\/2025\\\/10\\\/MSV-XocoVida-Custom.jpg\",\"contentUrl\":\"https:\\\/\\\/masvicens.com\\\/wp-content\\\/uploads\\\/2025\\\/10\\\/MSV-XocoVida-Custom.jpg\",\"width\":1024,\"height\":684},{\"@type\":\"BreadcrumbList\",\"@id\":\"https:\\\/\\\/masvicens.com\\\/en\\\/producte\\\/chocolate-and-life\\\/#breadcrumb\",\"itemListElement\":[{\"@type\":\"ListItem\",\"position\":1,\"name\":\"Portada\",\"item\":\"https:\\\/\\\/masvicens.com\\\/en\\\/\"},{\"@type\":\"ListItem\",\"position\":2,\"name\":\"SHOP\",\"item\":\"https:\\\/\\\/masvicens.com\\\/botiga-de-vins-online\\\/\"},{\"@type\":\"ListItem\",\"position\":3,\"name\":\"Chocolate and Life\"}]},{\"@type\":\"WebSite\",\"@id\":\"https:\\\/\\\/masvicens.com\\\/en\\\/#website\",\"url\":\"https:\\\/\\\/masvicens.com\\\/en\\\/\",\"name\":\"Celler Mas Vicen\u00e7 | Re-evolucionant la tradici\u00f3\",\"description\":\"Veniu a viure l&#039;enoturisme i a con\u00e8ixer la nostra col\u00b7lecci\u00f3 de vins elaborats amb la millor selecci\u00f3 de ra\u00efm del nostre celler a Tarragona.\",\"potentialAction\":[{\"@type\":\"SearchAction\",\"target\":{\"@type\":\"EntryPoint\",\"urlTemplate\":\"https:\\\/\\\/masvicens.com\\\/en\\\/?s={search_term_string}\"},\"query-input\":{\"@type\":\"PropertyValueSpecification\",\"valueRequired\":true,\"valueName\":\"search_term_string\"}}],\"inLanguage\":\"en-US\"}]}<\/script>\n<!-- \/ Yoast SEO plugin. -->","yoast_head_json":{"title":"Chocolate and Life - Celler Mas Vicen\u00e7 | Re-evolucionant la tradici\u00f3","robots":{"index":"index","follow":"follow","max-snippet":"max-snippet:-1","max-image-preview":"max-image-preview:large","max-video-preview":"max-video-preview:-1"},"canonical":"https:\/\/masvicens.com\/en\/producte\/chocolate-and-life\/","og_locale":"en_US","og_type":"article","og_title":"Chocolate and Life - Celler Mas Vicen\u00e7 | Re-evolucionant la tradici\u00f3","og_description":"The Chocolate and Life of Mas Vicen\u00e7: the wine tourism experience that merges wine and chocolate Re-evolving wine tourism in Tarragona Live the Chocolate and Life of Mas Vicen\u00e7: an activity that was born to discover the fusion of flavors between wine and chocolate. All the wine processes, from the vineyard to the aging, and artisanal chocolate are analyzed sensorially to enjoy the perfect pairing. Each piece of chocolate is specially created for each of the wines of Mas Vicen\u00e7. More than a wine tasting, an experience for the senses","og_url":"https:\/\/masvicens.com\/en\/producte\/chocolate-and-life\/","og_site_name":"Celler Mas Vicen\u00e7 | Re-evolucionant la tradici\u00f3","article_modified_time":"2025-11-13T07:08:02+00:00","og_image":[{"width":1199,"height":802,"url":"https:\/\/masvicens.com\/wp-content\/uploads\/2025\/10\/Xoco-Vida-Masvi_-21.jpg","type":"image\/jpeg"}],"twitter_card":"summary_large_image","schema":{"@context":"https:\/\/schema.org","@graph":[{"@type":"WebPage","@id":"https:\/\/masvicens.com\/en\/producte\/chocolate-and-life\/","url":"https:\/\/masvicens.com\/en\/producte\/chocolate-and-life\/","name":"Chocolate and Life - Celler Mas Vicen\u00e7 | Re-evolucionant la tradici\u00f3","isPartOf":{"@id":"https:\/\/masvicens.com\/en\/#website"},"primaryImageOfPage":{"@id":"https:\/\/masvicens.com\/en\/producte\/chocolate-and-life\/#primaryimage"},"image":{"@id":"https:\/\/masvicens.com\/en\/producte\/chocolate-and-life\/#primaryimage"},"thumbnailUrl":"https:\/\/masvicens.com\/wp-content\/uploads\/2025\/10\/MSV-XocoVida-Custom.jpg","datePublished":"2025-10-17T05:32:55+00:00","dateModified":"2025-11-13T07:08:02+00:00","breadcrumb":{"@id":"https:\/\/masvicens.com\/en\/producte\/chocolate-and-life\/#breadcrumb"},"inLanguage":"en-US","potentialAction":[{"@type":"ReadAction","target":["https:\/\/masvicens.com\/en\/producte\/chocolate-and-life\/"]}]},{"@type":"ImageObject","inLanguage":"en-US","@id":"https:\/\/masvicens.com\/en\/producte\/chocolate-and-life\/#primaryimage","url":"https:\/\/masvicens.com\/wp-content\/uploads\/2025\/10\/MSV-XocoVida-Custom.jpg","contentUrl":"https:\/\/masvicens.com\/wp-content\/uploads\/2025\/10\/MSV-XocoVida-Custom.jpg","width":1024,"height":684},{"@type":"BreadcrumbList","@id":"https:\/\/masvicens.com\/en\/producte\/chocolate-and-life\/#breadcrumb","itemListElement":[{"@type":"ListItem","position":1,"name":"Portada","item":"https:\/\/masvicens.com\/en\/"},{"@type":"ListItem","position":2,"name":"SHOP","item":"https:\/\/masvicens.com\/botiga-de-vins-online\/"},{"@type":"ListItem","position":3,"name":"Chocolate and Life"}]},{"@type":"WebSite","@id":"https:\/\/masvicens.com\/en\/#website","url":"https:\/\/masvicens.com\/en\/","name":"Celler Mas Vicen\u00e7 | Re-evolucionant la tradici\u00f3","description":"Veniu a viure l&#039;enoturisme i a con\u00e8ixer la nostra col\u00b7lecci\u00f3 de vins elaborats amb la millor selecci\u00f3 de ra\u00efm del nostre celler a Tarragona.","potentialAction":[{"@type":"SearchAction","target":{"@type":"EntryPoint","urlTemplate":"https:\/\/masvicens.com\/en\/?s={search_term_string}"},"query-input":{"@type":"PropertyValueSpecification","valueRequired":true,"valueName":"search_term_string"}}],"inLanguage":"en-US"}]}},"_links":{"self":[{"href":"https:\/\/masvicens.com\/en\/wp-json\/wp\/v2\/product\/31779","targetHints":{"allow":["GET"]}}],"collection":[{"href":"https:\/\/masvicens.com\/en\/wp-json\/wp\/v2\/product"}],"about":[{"href":"https:\/\/masvicens.com\/en\/wp-json\/wp\/v2\/types\/product"}],"replies":[{"embeddable":true,"href":"https:\/\/masvicens.com\/en\/wp-json\/wp\/v2\/comments?post=31779"}],"wp:featuredmedia":[{"embeddable":true,"href":"https:\/\/masvicens.com\/en\/wp-json\/wp\/v2\/media\/31947"}],"wp:attachment":[{"href":"https:\/\/masvicens.com\/en\/wp-json\/wp\/v2\/media?parent=31779"}],"wp:term":[{"taxonomy":"product_brand","embeddable":true,"href":"https:\/\/masvicens.com\/en\/wp-json\/wp\/v2\/product_brand?post=31779"},{"taxonomy":"product_cat","embeddable":true,"href":"https:\/\/masvicens.com\/en\/wp-json\/wp\/v2\/product_cat?post=31779"},{"taxonomy":"product_tag","embeddable":true,"href":"https:\/\/masvicens.com\/en\/wp-json\/wp\/v2\/product_tag?post=31779"}],"curies":[{"name":"wp","href":"https:\/\/api.w.org\/{rel}","templated":true}]}}