{"id":31804,"date":"2025-10-17T05:16:19","date_gmt":"2025-10-17T05:16:19","guid":{"rendered":"https:\/\/masvicens.com\/producte\/walk-wine-biodiversity-route\/"},"modified":"2025-10-17T05:16:19","modified_gmt":"2025-10-17T05:16:19","slug":"walk-wine-biodiversity-route","status":"publish","type":"product","link":"https:\/\/masvicens.com\/en\/producte\/walk-wine-biodiversity-route\/","title":{"rendered":"Walk &#038; Wine: Biodiversity Route"},"content":{"rendered":"","protected":false},"excerpt":{"rendered":"<div class=\"et_pb_module et_pb_text et_pb_text_0  et_pb_text_align_left et_pb_bg_layout_light\">\n<div class=\"et_pb_text_inner\">\n<h1 data-start=\"179\" data-end=\"271\"><strong data-start=\"179\" data-end=\"271\">Walk &amp; Wine do it your way:<\/strong>the wine tourism experience for lovers of wine and nature<\/h1>\n<\/div>\n<\/div>\n<div class=\"et_pb_module et_pb_text et_pb_text_1  et_pb_text_align_left et_pb_bg_layout_light\">\n<div class=\"et_pb_text_inner\">\n<p>Re-evolving wine tourism in Tarragona<\/p>\n<\/div>\n<\/div>\n<div class=\"et_pb_module et_pb_text et_pb_text_2  et_pb_text_align_left et_pb_bg_layout_light\">\n<div class=\"et_pb_text_inner\">\n<p>Experience Walk &amp; Wine at your own pace at Mas Vicen\u00e7: every day of the week you can walk among the vineyards, discover dry-stone huts, and enjoy a surprise tasting in the heart of nature.<br data-start=\"615\" data-end=\"618\" \/>We offer you 3 routes, 3 landscapes, and 3 different tastings. Choose the one you like best!<\/p>\n<p><em><strong>Wine, nature and aromas at every step<\/strong><\/em><\/p>\n<\/div>\n<\/div>\n","protected":false},"featured_media":31955,"comment_status":"closed","ping_status":"closed","template":"","meta":{"_et_pb_use_builder":"","_et_pb_old_content":"","_et_gb_content_width":"","inline_featured_image":false,"_joinchat":[]},"product_brand":[],"product_cat":[15],"product_tag":[],"class_list":{"0":"post-31804","1":"product","2":"type-product","3":"status-publish","4":"has-post-thumbnail","6":"product_cat-sin-categorizar","8":"first","9":"instock","10":"taxable","11":"shipping-taxable","12":"purchasable","13":"product-type-variable"},"yoast_head":"<!-- This site is optimized with the Yoast SEO plugin v27.3 - https:\/\/yoast.com\/product\/yoast-seo-wordpress\/ -->\n<title>Walk &amp; Wine: Biodiversity Route - Celler Mas Vicen\u00e7 | Re-evolucionant la tradici\u00f3<\/title>\n<meta name=\"robots\" content=\"index, follow, max-snippet:-1, max-image-preview:large, max-video-preview:-1\" \/>\n<link rel=\"canonical\" href=\"https:\/\/masvicens.com\/en\/producte\/walk-wine-biodiversity-route\/\" \/>\n<meta property=\"og:locale\" content=\"en_US\" \/>\n<meta property=\"og:type\" content=\"article\" \/>\n<meta property=\"og:title\" content=\"Walk &amp; Wine: Biodiversity Route - Celler Mas Vicen\u00e7 | Re-evolucionant la tradici\u00f3\" \/>\n<meta property=\"og:description\" content=\"Walk &amp; Wine do it your way:the wine tourism experience for lovers of wine and nature     Re-evolving wine tourism in Tarragona     Experience Walk &amp; Wine at your own pace at Mas Vicen\u00e7: every day of the week you can walk among the vineyards, discover dry-stone huts, and enjoy a surprise tasting in the heart of nature.We offer you 3 routes, 3 landscapes, and 3 different tastings. Choose the one you like best! Wine, nature and aromas at every step\" \/>\n<meta property=\"og:url\" content=\"https:\/\/masvicens.com\/en\/producte\/walk-wine-biodiversity-route\/\" \/>\n<meta property=\"og:site_name\" content=\"Celler Mas Vicen\u00e7 | Re-evolucionant la tradici\u00f3\" \/>\n<meta property=\"og:image\" content=\"https:\/\/masvicens.com\/wp-content\/uploads\/2025\/10\/mv_walkandwinealteuaire.jpg\" \/>\n\t<meta property=\"og:image:width\" content=\"2000\" \/>\n\t<meta property=\"og:image:height\" content=\"1334\" \/>\n\t<meta property=\"og:image:type\" content=\"image\/jpeg\" \/>\n<meta name=\"twitter:card\" content=\"summary_large_image\" \/>\n<script type=\"application\/ld+json\" class=\"yoast-schema-graph\">{\"@context\":\"https:\\\/\\\/schema.org\",\"@graph\":[{\"@type\":\"WebPage\",\"@id\":\"https:\\\/\\\/masvicens.com\\\/en\\\/producte\\\/walk-wine-biodiversity-route\\\/\",\"url\":\"https:\\\/\\\/masvicens.com\\\/en\\\/producte\\\/walk-wine-biodiversity-route\\\/\",\"name\":\"Walk & Wine: Biodiversity Route - Celler Mas Vicen\u00e7 | Re-evolucionant la tradici\u00f3\",\"isPartOf\":{\"@id\":\"https:\\\/\\\/masvicens.com\\\/en\\\/#website\"},\"primaryImageOfPage\":{\"@id\":\"https:\\\/\\\/masvicens.com\\\/en\\\/producte\\\/walk-wine-biodiversity-route\\\/#primaryimage\"},\"image\":{\"@id\":\"https:\\\/\\\/masvicens.com\\\/en\\\/producte\\\/walk-wine-biodiversity-route\\\/#primaryimage\"},\"thumbnailUrl\":\"https:\\\/\\\/masvicens.com\\\/wp-content\\\/uploads\\\/2025\\\/10\\\/MSV-WW-Ruta-2-Custom.jpg\",\"datePublished\":\"2025-10-17T05:16:19+00:00\",\"breadcrumb\":{\"@id\":\"https:\\\/\\\/masvicens.com\\\/en\\\/producte\\\/walk-wine-biodiversity-route\\\/#breadcrumb\"},\"inLanguage\":\"en-US\",\"potentialAction\":[{\"@type\":\"ReadAction\",\"target\":[\"https:\\\/\\\/masvicens.com\\\/en\\\/producte\\\/walk-wine-biodiversity-route\\\/\"]}]},{\"@type\":\"ImageObject\",\"inLanguage\":\"en-US\",\"@id\":\"https:\\\/\\\/masvicens.com\\\/en\\\/producte\\\/walk-wine-biodiversity-route\\\/#primaryimage\",\"url\":\"https:\\\/\\\/masvicens.com\\\/wp-content\\\/uploads\\\/2025\\\/10\\\/MSV-WW-Ruta-2-Custom.jpg\",\"contentUrl\":\"https:\\\/\\\/masvicens.com\\\/wp-content\\\/uploads\\\/2025\\\/10\\\/MSV-WW-Ruta-2-Custom.jpg\",\"width\":1024,\"height\":683},{\"@type\":\"BreadcrumbList\",\"@id\":\"https:\\\/\\\/masvicens.com\\\/en\\\/producte\\\/walk-wine-biodiversity-route\\\/#breadcrumb\",\"itemListElement\":[{\"@type\":\"ListItem\",\"position\":1,\"name\":\"Portada\",\"item\":\"https:\\\/\\\/masvicens.com\\\/en\\\/\"},{\"@type\":\"ListItem\",\"position\":2,\"name\":\"SHOP\",\"item\":\"https:\\\/\\\/masvicens.com\\\/botiga-de-vins-online\\\/\"},{\"@type\":\"ListItem\",\"position\":3,\"name\":\"Walk &#038; Wine: Biodiversity Route\"}]},{\"@type\":\"WebSite\",\"@id\":\"https:\\\/\\\/masvicens.com\\\/en\\\/#website\",\"url\":\"https:\\\/\\\/masvicens.com\\\/en\\\/\",\"name\":\"Celler Mas Vicen\u00e7 | Re-evolucionant la tradici\u00f3\",\"description\":\"Veniu a viure l&#039;enoturisme i a con\u00e8ixer la nostra col\u00b7lecci\u00f3 de vins elaborats amb la millor selecci\u00f3 de ra\u00efm del nostre celler a Tarragona.\",\"potentialAction\":[{\"@type\":\"SearchAction\",\"target\":{\"@type\":\"EntryPoint\",\"urlTemplate\":\"https:\\\/\\\/masvicens.com\\\/en\\\/?s={search_term_string}\"},\"query-input\":{\"@type\":\"PropertyValueSpecification\",\"valueRequired\":true,\"valueName\":\"search_term_string\"}}],\"inLanguage\":\"en-US\"}]}<\/script>\n<!-- \/ Yoast SEO plugin. -->","yoast_head_json":{"title":"Walk & Wine: Biodiversity Route - Celler Mas Vicen\u00e7 | Re-evolucionant la tradici\u00f3","robots":{"index":"index","follow":"follow","max-snippet":"max-snippet:-1","max-image-preview":"max-image-preview:large","max-video-preview":"max-video-preview:-1"},"canonical":"https:\/\/masvicens.com\/en\/producte\/walk-wine-biodiversity-route\/","og_locale":"en_US","og_type":"article","og_title":"Walk & Wine: Biodiversity Route - Celler Mas Vicen\u00e7 | Re-evolucionant la tradici\u00f3","og_description":"Walk &amp; Wine do it your way:the wine tourism experience for lovers of wine and nature     Re-evolving wine tourism in Tarragona     Experience Walk &amp; Wine at your own pace at Mas Vicen\u00e7: every day of the week you can walk among the vineyards, discover dry-stone huts, and enjoy a surprise tasting in the heart of nature.We offer you 3 routes, 3 landscapes, and 3 different tastings. Choose the one you like best! Wine, nature and aromas at every step","og_url":"https:\/\/masvicens.com\/en\/producte\/walk-wine-biodiversity-route\/","og_site_name":"Celler Mas Vicen\u00e7 | Re-evolucionant la tradici\u00f3","og_image":[{"width":2000,"height":1334,"url":"https:\/\/masvicens.com\/wp-content\/uploads\/2025\/10\/mv_walkandwinealteuaire.jpg","type":"image\/jpeg"}],"twitter_card":"summary_large_image","schema":{"@context":"https:\/\/schema.org","@graph":[{"@type":"WebPage","@id":"https:\/\/masvicens.com\/en\/producte\/walk-wine-biodiversity-route\/","url":"https:\/\/masvicens.com\/en\/producte\/walk-wine-biodiversity-route\/","name":"Walk & Wine: Biodiversity Route - Celler Mas Vicen\u00e7 | Re-evolucionant la tradici\u00f3","isPartOf":{"@id":"https:\/\/masvicens.com\/en\/#website"},"primaryImageOfPage":{"@id":"https:\/\/masvicens.com\/en\/producte\/walk-wine-biodiversity-route\/#primaryimage"},"image":{"@id":"https:\/\/masvicens.com\/en\/producte\/walk-wine-biodiversity-route\/#primaryimage"},"thumbnailUrl":"https:\/\/masvicens.com\/wp-content\/uploads\/2025\/10\/MSV-WW-Ruta-2-Custom.jpg","datePublished":"2025-10-17T05:16:19+00:00","breadcrumb":{"@id":"https:\/\/masvicens.com\/en\/producte\/walk-wine-biodiversity-route\/#breadcrumb"},"inLanguage":"en-US","potentialAction":[{"@type":"ReadAction","target":["https:\/\/masvicens.com\/en\/producte\/walk-wine-biodiversity-route\/"]}]},{"@type":"ImageObject","inLanguage":"en-US","@id":"https:\/\/masvicens.com\/en\/producte\/walk-wine-biodiversity-route\/#primaryimage","url":"https:\/\/masvicens.com\/wp-content\/uploads\/2025\/10\/MSV-WW-Ruta-2-Custom.jpg","contentUrl":"https:\/\/masvicens.com\/wp-content\/uploads\/2025\/10\/MSV-WW-Ruta-2-Custom.jpg","width":1024,"height":683},{"@type":"BreadcrumbList","@id":"https:\/\/masvicens.com\/en\/producte\/walk-wine-biodiversity-route\/#breadcrumb","itemListElement":[{"@type":"ListItem","position":1,"name":"Portada","item":"https:\/\/masvicens.com\/en\/"},{"@type":"ListItem","position":2,"name":"SHOP","item":"https:\/\/masvicens.com\/botiga-de-vins-online\/"},{"@type":"ListItem","position":3,"name":"Walk &#038; Wine: Biodiversity Route"}]},{"@type":"WebSite","@id":"https:\/\/masvicens.com\/en\/#website","url":"https:\/\/masvicens.com\/en\/","name":"Celler Mas Vicen\u00e7 | Re-evolucionant la tradici\u00f3","description":"Veniu a viure l&#039;enoturisme i a con\u00e8ixer la nostra col\u00b7lecci\u00f3 de vins elaborats amb la millor selecci\u00f3 de ra\u00efm del nostre celler a Tarragona.","potentialAction":[{"@type":"SearchAction","target":{"@type":"EntryPoint","urlTemplate":"https:\/\/masvicens.com\/en\/?s={search_term_string}"},"query-input":{"@type":"PropertyValueSpecification","valueRequired":true,"valueName":"search_term_string"}}],"inLanguage":"en-US"}]}},"_links":{"self":[{"href":"https:\/\/masvicens.com\/en\/wp-json\/wp\/v2\/product\/31804","targetHints":{"allow":["GET"]}}],"collection":[{"href":"https:\/\/masvicens.com\/en\/wp-json\/wp\/v2\/product"}],"about":[{"href":"https:\/\/masvicens.com\/en\/wp-json\/wp\/v2\/types\/product"}],"replies":[{"embeddable":true,"href":"https:\/\/masvicens.com\/en\/wp-json\/wp\/v2\/comments?post=31804"}],"wp:featuredmedia":[{"embeddable":true,"href":"https:\/\/masvicens.com\/en\/wp-json\/wp\/v2\/media\/31955"}],"wp:attachment":[{"href":"https:\/\/masvicens.com\/en\/wp-json\/wp\/v2\/media?parent=31804"}],"wp:term":[{"taxonomy":"product_brand","embeddable":true,"href":"https:\/\/masvicens.com\/en\/wp-json\/wp\/v2\/product_brand?post=31804"},{"taxonomy":"product_cat","embeddable":true,"href":"https:\/\/masvicens.com\/en\/wp-json\/wp\/v2\/product_cat?post=31804"},{"taxonomy":"product_tag","embeddable":true,"href":"https:\/\/masvicens.com\/en\/wp-json\/wp\/v2\/product_tag?post=31804"}],"curies":[{"name":"wp","href":"https:\/\/api.w.org\/{rel}","templated":true}]}}