{"id":198,"date":"2021-06-15T08:27:53","date_gmt":"2021-06-15T08:27:53","guid":{"rendered":"https:\/\/masvicens.olalon.com\/?page_id=198"},"modified":"2022-12-04T19:46:45","modified_gmt":"2022-12-04T19:46:45","slug":"contacto","status":"publish","type":"page","link":"https:\/\/masvicens.com\/es\/contacto\/","title":{"rendered":"CONTACTO"},"content":{"rendered":"<p>[et_pb_section fb_built=&#8221;1&#8243; _builder_version=&#8221;4.16&#8243; _module_preset=&#8221;default&#8221; global_colors_info=&#8221;{}&#8221;][et_pb_row column_structure=&#8221;2_5,3_5&#8243; _builder_version=&#8221;4.16&#8243; _module_preset=&#8221;default&#8221; width=&#8221;100%&#8221; max_width=&#8221;1207px&#8221; custom_margin=&#8221;||||false|false&#8221; global_colors_info=&#8221;{}&#8221;][et_pb_column type=&#8221;2_5&#8243; _builder_version=&#8221;4.16&#8243; _module_preset=&#8221;default&#8221; global_colors_info=&#8221;{}&#8221;][et_pb_image src=&#8221;https:\/\/masvicens.com\/wp-content\/uploads\/2021\/06\/tripadvisor-2020.jpg&#8221; alt=&#8221;Logo TripAdvisor&#8221; title_text=&#8221;tripadvisor-2020&#8243; align_tablet=&#8221;center&#8221; align_phone=&#8221;&#8221; align_last_edited=&#8221;on|phone&#8221; _builder_version=&#8221;4.16&#8243; _module_preset=&#8221;default&#8221; global_colors_info=&#8221;{}&#8221;][\/et_pb_image][\/et_pb_column][et_pb_column type=&#8221;3_5&#8243; _builder_version=&#8221;4.16&#8243; _module_preset=&#8221;default&#8221; global_colors_info=&#8221;{}&#8221;][et_pb_text _builder_version=&#8221;4.16&#8243; _module_preset=&#8221;default&#8221; header_font=&#8221;|800|||||||&#8221; header_3_font=&#8221;Montserrat|700|||||||&#8221; header_3_text_color=&#8221;#444444&#8243; header_3_font_size=&#8221;30px&#8221; text_orientation_tablet=&#8221;&#8221; text_orientation_phone=&#8221;center&#8221; text_orientation_last_edited=&#8221;on|phone&#8221; global_colors_info=&#8221;{}&#8221;]<\/p>\n<h3>CONTACTA CON NOSOTROS<\/h3>\n<p>[\/et_pb_text][et_pb_contact_form use_spam_service=&#8221;on&#8221; recaptcha_list=&#8221;Default|Default-0&#8243; _builder_version=&#8221;4.19.1&#8243; _module_preset=&#8221;default&#8221; _unique_id=&#8221;0fd69eb4-7a02-48b3-a0a5-1adf2a3b6501&#8243; form_field_background_color=&#8221;rgba(221,221,221,0.25)&#8221; form_field_text_color=&#8221;#929292&#8243; form_field_focus_background_color=&#8221;#DDDDDD&#8221; form_field_custom_margin=&#8221;13px|0px|13px|0px|true|false&#8221; form_field_custom_padding=&#8221;||||false|false&#8221; title_font=&#8221;Montserrat||||||||&#8221; captcha_font=&#8221;Montserrat||||||||&#8221; form_field_font=&#8221;Montserrat||||||||&#8221; custom_button=&#8221;on&#8221; button_text_size=&#8221;20px&#8221; button_text_color=&#8221;#ffffff&#8221; button_bg_color=&#8221;#A49C3C&#8221; button_border_width=&#8221;1px&#8221; button_border_color=&#8221;#ffffff&#8221; button_border_radius=&#8221;9px&#8221; button_letter_spacing=&#8221;0px&#8221; button_font=&#8221;Montserrat|700|||||||&#8221; button_custom_margin=&#8221;||||false|false&#8221; button_custom_padding=&#8221;|100px||100px|false|false&#8221; z_index=&#8221;231&#8243; width=&#8221;100%&#8221; width_tablet=&#8221;95%&#8221; width_phone=&#8221;&#8221; width_last_edited=&#8221;on|tablet&#8221; module_alignment=&#8221;center&#8221; custom_margin=&#8221;||||false|true&#8221; custom_padding=&#8221;0px||||false|false&#8221; custom_padding_last_edited=&#8221;off|desktop&#8221; hover_enabled=&#8221;0&#8243; button_icon_placement_tablet=&#8221;&#8221; button_icon_placement_phone=&#8221;right&#8221; button_icon_placement_last_edited=&#8221;on|phone&#8221; module_alignment_tablet=&#8221;center&#8221; module_alignment_phone=&#8221;&#8221; module_alignment_last_edited=&#8221;on|phone&#8221; border_color_all=&#8221;#929292&#8243; border_width_top=&#8221;1px&#8221; border_width_right=&#8221;1px&#8221; border_width_bottom=&#8221;1px&#8221; border_width_left=&#8221;1px&#8221; global_colors_info=&#8221;{}&#8221; sticky_enabled=&#8221;0&#8243;][et_pb_contact_field field_id=&#8221;Name&#8221; field_title=&#8221;NOMBRE*&#8221; min_length=&#8221;1&#8243; allowed_symbols=&#8221;letters&#8221; _builder_version=&#8221;4.16&#8243; width=&#8221;100%&#8221; max_width=&#8221;100%&#8221; custom_margin=&#8221;|||0px|false|false&#8221; custom_padding=&#8221;|0px|0px||false|false&#8221; global_colors_info=&#8221;{}&#8221; button_text_size__hover_enabled=&#8221;off&#8221; button_one_text_size__hover_enabled=&#8221;off&#8221; button_two_text_size__hover_enabled=&#8221;off&#8221; button_text_color__hover_enabled=&#8221;off&#8221; button_one_text_color__hover_enabled=&#8221;off&#8221; button_two_text_color__hover_enabled=&#8221;off&#8221; button_border_width__hover_enabled=&#8221;off&#8221; button_one_border_width__hover_enabled=&#8221;off&#8221; button_two_border_width__hover_enabled=&#8221;off&#8221; button_border_color__hover_enabled=&#8221;off&#8221; button_one_border_color__hover_enabled=&#8221;off&#8221; button_two_border_color__hover_enabled=&#8221;off&#8221; button_border_radius__hover_enabled=&#8221;off&#8221; button_one_border_radius__hover_enabled=&#8221;off&#8221; button_two_border_radius__hover_enabled=&#8221;off&#8221; button_letter_spacing__hover_enabled=&#8221;off&#8221; button_one_letter_spacing__hover_enabled=&#8221;off&#8221; button_two_letter_spacing__hover_enabled=&#8221;off&#8221; button_bg_color__hover_enabled=&#8221;off&#8221; button_one_bg_color__hover_enabled=&#8221;off&#8221; button_two_bg_color__hover_enabled=&#8221;off&#8221;][\/et_pb_contact_field][et_pb_contact_field field_id=&#8221;Email&#8221; field_title=&#8221;TU EMAIL*&#8221; field_type=&#8221;email&#8221; _builder_version=&#8221;4.16&#8243; global_colors_info=&#8221;{}&#8221; button_text_size__hover_enabled=&#8221;off&#8221; button_one_text_size__hover_enabled=&#8221;off&#8221; button_two_text_size__hover_enabled=&#8221;off&#8221; button_text_color__hover_enabled=&#8221;off&#8221; button_one_text_color__hover_enabled=&#8221;off&#8221; button_two_text_color__hover_enabled=&#8221;off&#8221; button_border_width__hover_enabled=&#8221;off&#8221; button_one_border_width__hover_enabled=&#8221;off&#8221; button_two_border_width__hover_enabled=&#8221;off&#8221; button_border_color__hover_enabled=&#8221;off&#8221; button_one_border_color__hover_enabled=&#8221;off&#8221; button_two_border_color__hover_enabled=&#8221;off&#8221; button_border_radius__hover_enabled=&#8221;off&#8221; button_one_border_radius__hover_enabled=&#8221;off&#8221; button_two_border_radius__hover_enabled=&#8221;off&#8221; button_letter_spacing__hover_enabled=&#8221;off&#8221; button_one_letter_spacing__hover_enabled=&#8221;off&#8221; button_two_letter_spacing__hover_enabled=&#8221;off&#8221; button_bg_color__hover_enabled=&#8221;off&#8221; button_one_bg_color__hover_enabled=&#8221;off&#8221; button_two_bg_color__hover_enabled=&#8221;off&#8221;][\/et_pb_contact_field][et_pb_contact_field field_id=&#8221;Asunto&#8221; field_title=&#8221;ASUNTO&#8221; required_mark=&#8221;off&#8221; fullwidth_field=&#8221;on&#8221; _builder_version=&#8221;4.16&#8243; _module_preset=&#8221;default&#8221; global_colors_info=&#8221;{}&#8221;][\/et_pb_contact_field][et_pb_contact_field field_id=&#8221;Message&#8221; field_title=&#8221;TU MENSAJE&#8221; field_type=&#8221;text&#8221; required_mark=&#8221;off&#8221; fullwidth_field=&#8221;on&#8221; _builder_version=&#8221;4.16&#8243; border_width_bottom=&#8221;1px&#8221; global_colors_info=&#8221;{}&#8221; button_text_size__hover_enabled=&#8221;off&#8221; button_one_text_size__hover_enabled=&#8221;off&#8221; button_two_text_size__hover_enabled=&#8221;off&#8221; button_text_color__hover_enabled=&#8221;off&#8221; button_one_text_color__hover_enabled=&#8221;off&#8221; button_two_text_color__hover_enabled=&#8221;off&#8221; button_border_width__hover_enabled=&#8221;off&#8221; button_one_border_width__hover_enabled=&#8221;off&#8221; button_two_border_width__hover_enabled=&#8221;off&#8221; button_border_color__hover_enabled=&#8221;off&#8221; button_one_border_color__hover_enabled=&#8221;off&#8221; button_two_border_color__hover_enabled=&#8221;off&#8221; button_border_radius__hover_enabled=&#8221;off&#8221; button_one_border_radius__hover_enabled=&#8221;off&#8221; button_two_border_radius__hover_enabled=&#8221;off&#8221; button_letter_spacing__hover_enabled=&#8221;off&#8221; button_one_letter_spacing__hover_enabled=&#8221;off&#8221; button_two_letter_spacing__hover_enabled=&#8221;off&#8221; button_bg_color__hover_enabled=&#8221;off&#8221; button_one_bg_color__hover_enabled=&#8221;off&#8221; button_two_bg_color__hover_enabled=&#8221;off&#8221;][\/et_pb_contact_field][et_pb_contact_field field_id=&#8221;Pol\u00edtica_de_privacidad&#8221; field_title=&#8221; &#8221; field_type=&#8221;checkbox&#8221; checkbox_options=&#8221;%91{%22value%22:%22Acepta nuestra %22,%22checked%22:0,%22dragID%22:-1,%22link_url%22:%22https:\/\/masvicens.com\/es\/politica-de-privacidad-mas-vicens\/%22,%22link_text%22:%22Pol\u00edtica de Privacidad.%22}%93&#8243; fullwidth_field=&#8221;on&#8221; _builder_version=&#8221;4.19.1&#8243; _module_preset=&#8221;default&#8221; hover_enabled=&#8221;0&#8243; global_colors_info=&#8221;{}&#8221; field_title__hover_enabled=&#8221;off|desktop&#8221; sticky_enabled=&#8221;0&#8243;][\/et_pb_contact_field][\/et_pb_contact_form][\/et_pb_column][\/et_pb_row][\/et_pb_section]<\/p>\n","protected":false},"excerpt":{"rendered":"<p>CONTACTA CON NOSOTROS<\/p>\n","protected":false},"author":1,"featured_media":0,"parent":0,"menu_order":0,"comment_status":"closed","ping_status":"closed","template":"","meta":{"_et_pb_use_builder":"on","_et_pb_old_content":"","_et_gb_content_width":"","inline_featured_image":false,"_joinchat":[],"footnotes":""},"class_list":["post-198","page","type-page","status-publish","hentry"],"yoast_head":"<!-- This site is optimized with the Yoast SEO plugin v27.3 - https:\/\/yoast.com\/product\/yoast-seo-wordpress\/ -->\n<title>CONTACTO - Celler Mas Vicen\u00e7 | Re-evolucionant la tradici\u00f3<\/title>\n<meta name=\"description\" content=\"Si os surge cualquier duda, no dud\u00e9is en poneros en contacto con nosotros. Os atenderemos encantados por tel\u00e9fono o email.\" \/>\n<meta name=\"robots\" content=\"index, follow, max-snippet:-1, max-image-preview:large, max-video-preview:-1\" \/>\n<link rel=\"canonical\" href=\"https:\/\/masvicens.com\/es\/contacto\/\" \/>\n<meta property=\"og:locale\" content=\"es_ES\" \/>\n<meta property=\"og:type\" content=\"article\" \/>\n<meta property=\"og:title\" content=\"CONTACTO - Celler Mas Vicen\u00e7 | Re-evolucionant la tradici\u00f3\" \/>\n<meta property=\"og:description\" content=\"Si os surge cualquier duda, no dud\u00e9is en poneros en contacto con nosotros. Os atenderemos encantados por tel\u00e9fono o email.\" \/>\n<meta property=\"og:url\" content=\"https:\/\/masvicens.com\/es\/contacto\/\" \/>\n<meta property=\"og:site_name\" content=\"Celler Mas Vicen\u00e7 | Re-evolucionant la tradici\u00f3\" \/>\n<meta property=\"article:modified_time\" content=\"2022-12-04T19:46:45+00:00\" \/>\n<meta name=\"twitter:card\" content=\"summary_large_image\" \/>\n<meta name=\"twitter:label1\" content=\"Tiempo de lectura\" \/>\n\t<meta name=\"twitter:data1\" content=\"1 minuto\" \/>\n<script type=\"application\/ld+json\" class=\"yoast-schema-graph\">{\"@context\":\"https:\\\/\\\/schema.org\",\"@graph\":[{\"@type\":\"WebPage\",\"@id\":\"https:\\\/\\\/masvicens.com\\\/es\\\/contacto\\\/\",\"url\":\"https:\\\/\\\/masvicens.com\\\/es\\\/contacto\\\/\",\"name\":\"CONTACTO - Celler Mas Vicen\u00e7 | Re-evolucionant la tradici\u00f3\",\"isPartOf\":{\"@id\":\"https:\\\/\\\/masvicens.com\\\/es\\\/#website\"},\"datePublished\":\"2021-06-15T08:27:53+00:00\",\"dateModified\":\"2022-12-04T19:46:45+00:00\",\"description\":\"Si os surge cualquier duda, no dud\u00e9is en poneros en contacto con nosotros. Os atenderemos encantados por tel\u00e9fono o email.\",\"breadcrumb\":{\"@id\":\"https:\\\/\\\/masvicens.com\\\/es\\\/contacto\\\/#breadcrumb\"},\"inLanguage\":\"es\",\"potentialAction\":[{\"@type\":\"ReadAction\",\"target\":[\"https:\\\/\\\/masvicens.com\\\/es\\\/contacto\\\/\"]}]},{\"@type\":\"BreadcrumbList\",\"@id\":\"https:\\\/\\\/masvicens.com\\\/es\\\/contacto\\\/#breadcrumb\",\"itemListElement\":[{\"@type\":\"ListItem\",\"position\":1,\"name\":\"Portada\",\"item\":\"https:\\\/\\\/masvicens.com\\\/es\\\/\"},{\"@type\":\"ListItem\",\"position\":2,\"name\":\"CONTACTO\"}]},{\"@type\":\"WebSite\",\"@id\":\"https:\\\/\\\/masvicens.com\\\/es\\\/#website\",\"url\":\"https:\\\/\\\/masvicens.com\\\/es\\\/\",\"name\":\"Celler Mas Vicen\u00e7 | Re-evolucionant la tradici\u00f3\",\"description\":\"Veniu a viure l&#039;enoturisme i a con\u00e8ixer la nostra col\u00b7lecci\u00f3 de vins elaborats amb la millor selecci\u00f3 de ra\u00efm del nostre celler a Tarragona.\",\"potentialAction\":[{\"@type\":\"SearchAction\",\"target\":{\"@type\":\"EntryPoint\",\"urlTemplate\":\"https:\\\/\\\/masvicens.com\\\/es\\\/?s={search_term_string}\"},\"query-input\":{\"@type\":\"PropertyValueSpecification\",\"valueRequired\":true,\"valueName\":\"search_term_string\"}}],\"inLanguage\":\"es\"}]}<\/script>\n<!-- \/ Yoast SEO plugin. -->","yoast_head_json":{"title":"CONTACTO - Celler Mas Vicen\u00e7 | Re-evolucionant la tradici\u00f3","description":"Si os surge cualquier duda, no dud\u00e9is en poneros en contacto con nosotros. Os atenderemos encantados por tel\u00e9fono o email.","robots":{"index":"index","follow":"follow","max-snippet":"max-snippet:-1","max-image-preview":"max-image-preview:large","max-video-preview":"max-video-preview:-1"},"canonical":"https:\/\/masvicens.com\/es\/contacto\/","og_locale":"es_ES","og_type":"article","og_title":"CONTACTO - Celler Mas Vicen\u00e7 | Re-evolucionant la tradici\u00f3","og_description":"Si os surge cualquier duda, no dud\u00e9is en poneros en contacto con nosotros. Os atenderemos encantados por tel\u00e9fono o email.","og_url":"https:\/\/masvicens.com\/es\/contacto\/","og_site_name":"Celler Mas Vicen\u00e7 | Re-evolucionant la tradici\u00f3","article_modified_time":"2022-12-04T19:46:45+00:00","twitter_card":"summary_large_image","twitter_misc":{"Tiempo de lectura":"1 minuto"},"schema":{"@context":"https:\/\/schema.org","@graph":[{"@type":"WebPage","@id":"https:\/\/masvicens.com\/es\/contacto\/","url":"https:\/\/masvicens.com\/es\/contacto\/","name":"CONTACTO - Celler Mas Vicen\u00e7 | Re-evolucionant la tradici\u00f3","isPartOf":{"@id":"https:\/\/masvicens.com\/es\/#website"},"datePublished":"2021-06-15T08:27:53+00:00","dateModified":"2022-12-04T19:46:45+00:00","description":"Si os surge cualquier duda, no dud\u00e9is en poneros en contacto con nosotros. Os atenderemos encantados por tel\u00e9fono o email.","breadcrumb":{"@id":"https:\/\/masvicens.com\/es\/contacto\/#breadcrumb"},"inLanguage":"es","potentialAction":[{"@type":"ReadAction","target":["https:\/\/masvicens.com\/es\/contacto\/"]}]},{"@type":"BreadcrumbList","@id":"https:\/\/masvicens.com\/es\/contacto\/#breadcrumb","itemListElement":[{"@type":"ListItem","position":1,"name":"Portada","item":"https:\/\/masvicens.com\/es\/"},{"@type":"ListItem","position":2,"name":"CONTACTO"}]},{"@type":"WebSite","@id":"https:\/\/masvicens.com\/es\/#website","url":"https:\/\/masvicens.com\/es\/","name":"Celler Mas Vicen\u00e7 | Re-evolucionant la tradici\u00f3","description":"Veniu a viure l&#039;enoturisme i a con\u00e8ixer la nostra col\u00b7lecci\u00f3 de vins elaborats amb la millor selecci\u00f3 de ra\u00efm del nostre celler a Tarragona.","potentialAction":[{"@type":"SearchAction","target":{"@type":"EntryPoint","urlTemplate":"https:\/\/masvicens.com\/es\/?s={search_term_string}"},"query-input":{"@type":"PropertyValueSpecification","valueRequired":true,"valueName":"search_term_string"}}],"inLanguage":"es"}]}},"_links":{"self":[{"href":"https:\/\/masvicens.com\/es\/wp-json\/wp\/v2\/pages\/198","targetHints":{"allow":["GET"]}}],"collection":[{"href":"https:\/\/masvicens.com\/es\/wp-json\/wp\/v2\/pages"}],"about":[{"href":"https:\/\/masvicens.com\/es\/wp-json\/wp\/v2\/types\/page"}],"author":[{"embeddable":true,"href":"https:\/\/masvicens.com\/es\/wp-json\/wp\/v2\/users\/1"}],"replies":[{"embeddable":true,"href":"https:\/\/masvicens.com\/es\/wp-json\/wp\/v2\/comments?post=198"}],"version-history":[{"count":0,"href":"https:\/\/masvicens.com\/es\/wp-json\/wp\/v2\/pages\/198\/revisions"}],"wp:attachment":[{"href":"https:\/\/masvicens.com\/es\/wp-json\/wp\/v2\/media?parent=198"}],"curies":[{"name":"wp","href":"https:\/\/api.w.org\/{rel}","templated":true}]}}