{"id":21258,"date":"2021-08-05T09:47:54","date_gmt":"2021-08-05T09:47:54","guid":{"rendered":"https:\/\/masvicens.olalon.com\/?page_id=21258"},"modified":"2025-10-23T08:25:52","modified_gmt":"2025-10-23T08:25:52","slug":"la-esencia-del-cister","status":"publish","type":"page","link":"https:\/\/masvicens.com\/es\/enoturismo-en-tarragona\/la-esencia-del-cister\/","title":{"rendered":"La esencia del Cister"},"content":{"rendered":"<p>[et_pb_section fb_built=&#8221;1&#8243; custom_padding_last_edited=&#8221;off|phone&#8221; admin_label=&#8221;section&#8221; _builder_version=&#8221;4.16&#8243; background_color=&#8221;#e0e0e0&#8243; use_background_color_gradient=&#8221;on&#8221; background_color_gradient_direction=&#8221;204deg&#8221; background_color_gradient_stops=&#8221;rgba(68,68,68,0.38) 0%|rgba(17,17,17,0.71) 100%&#8221; background_color_gradient_overlays_image=&#8221;on&#8221; background_color_gradient_start=&#8221;rgba(68,68,68,0.38)&#8221; background_color_gradient_end=&#8221;rgba(17,17,17,0.71)&#8221; background_image=&#8221;https:\/\/masvicens.com\/wp-content\/uploads\/2021\/08\/MSV_FotosGenerals_Lona_-21.jpg&#8221; vertical_offset=&#8221;0px&#8221; height=&#8221;40vh&#8221; height_tablet=&#8221;&#8221; height_phone=&#8221;&#8221; height_last_edited=&#8221;on|tablet&#8221; max_height=&#8221;40vh&#8221; max_height_tablet=&#8221;60vh&#8221; max_height_phone=&#8221;60vh&#8221; max_height_last_edited=&#8221;on|tablet&#8221; custom_margin=&#8221;0px||||false|false&#8221; custom_margin_tablet=&#8221;-68px||||false|false&#8221; custom_margin_phone=&#8221;-50px||||false|false&#8221; custom_margin_last_edited=&#8221;on|phone&#8221; custom_padding=&#8221;0px||||false|false&#8221; custom_padding_phone=&#8221;0px||||false|false&#8221; sticky_limit_bottom=&#8221;body&#8221; locked=&#8221;off&#8221; global_colors_info=&#8221;{}&#8221;][et_pb_row admin_label=&#8221;Fila&#8221; _builder_version=&#8221;4.16&#8243; _module_preset=&#8221;default&#8221; use_background_color_gradient=&#8221;on&#8221; background_color_gradient_stops=&#8221;rgba(17,17,17,0.42) 0%|rgba(221,221,221,0.23) 100%&#8221; background_color_gradient_start=&#8221;rgba(17,17,17,0.42)&#8221; background_color_gradient_end=&#8221;rgba(221,221,221,0.23)&#8221; width=&#8221;100%&#8221; width_tablet=&#8221;100%&#8221; width_phone=&#8221;100%&#8221; width_last_edited=&#8221;on|phone&#8221; max_width=&#8221;100%&#8221; module_alignment=&#8221;center&#8221; height=&#8221;1000px&#8221; custom_margin=&#8221;|||40px|false|false&#8221; custom_margin_tablet=&#8221;&#8221; custom_margin_phone=&#8221;|||14px|false|false&#8221; custom_margin_last_edited=&#8221;on|phone&#8221; custom_padding=&#8221;250px|25px||0px|false|false&#8221; hover_transition_duration=&#8221;250ms&#8221; scroll_fade_enable=&#8221;on&#8221; scroll_fade=&#8221;0|22|22|49|100%|28%|0%&#8221; motion_trigger_start=&#8221;bottom&#8221; module_alignment_tablet=&#8221;center&#8221; module_alignment_phone=&#8221;center&#8221; module_alignment_last_edited=&#8221;on|phone&#8221; scroll_fade_tablet=&#8221;18|36|37|61|100%|100|0%&#8221; scroll_fade_phone=&#8221;15|39|40|100|100%|100|0%&#8221; scroll_fade_last_edited=&#8221;on|phone&#8221; global_colors_info=&#8221;{}&#8221;][et_pb_column type=&#8221;4_4&#8243; _builder_version=&#8221;4.16&#8243; _module_preset=&#8221;default&#8221; global_colors_info=&#8221;{}&#8221;][et_pb_text _builder_version=&#8221;4.16&#8243; _module_preset=&#8221;default&#8221; text_font=&#8221;Montserrat||||||||&#8221; text_text_color=&#8221;#ffffff&#8221; text_font_size=&#8221;50px&#8221; text_letter_spacing=&#8221;3px&#8221; header_font=&#8221;Montserrat||||||||&#8221; header_text_color=&#8221;#ffffff&#8221; header_font_size=&#8221;50px&#8221; header_letter_spacing=&#8221;3px&#8221; header_2_text_color=&#8221;#ffffff&#8221; header_2_font_size=&#8221;51px&#8221; custom_margin=&#8221;0px|300px|0px|300px|false|false&#8221; custom_margin_tablet=&#8221;|0px||0px|false|true&#8221; custom_margin_phone=&#8221;|0px||0px|false|true&#8221; custom_margin_last_edited=&#8221;on|tablet&#8221; custom_padding=&#8221;|40px||40px|false|true&#8221; header_font_size_tablet=&#8221;&#8221; header_font_size_phone=&#8221;34px&#8221; header_font_size_last_edited=&#8221;on|phone&#8221; global_colors_info=&#8221;{}&#8221;]<\/p>\n<h1>La esencia del Cister<\/h1>\n<p>[\/et_pb_text][\/et_pb_column][\/et_pb_row][\/et_pb_section][et_pb_section fb_built=&#8221;1&#8243; _builder_version=&#8221;4.16&#8243; _module_preset=&#8221;default&#8221; custom_margin=&#8221;0px||60px||false|false&#8221; custom_margin_tablet=&#8221;||0px||false|false&#8221; custom_margin_phone=&#8221;||0px||false|false&#8221; custom_margin_last_edited=&#8221;on|tablet&#8221; custom_padding=&#8221;||0px||false|false&#8221; global_colors_info=&#8221;{}&#8221;][et_pb_row column_structure=&#8221;3_5,2_5&#8243; _builder_version=&#8221;4.16&#8243; _module_preset=&#8221;default&#8221; max_width=&#8221;1700px&#8221; global_colors_info=&#8221;{}&#8221;][et_pb_column type=&#8221;3_5&#8243; _builder_version=&#8221;4.16&#8243; _module_preset=&#8221;default&#8221; global_colors_info=&#8221;{}&#8221;][et_pb_image src=&#8221;https:\/\/masvicens.com\/wp-content\/uploads\/2021\/08\/xocovi-24_compressed-1.jpg&#8221; alt=&#8221;Enoturismo Tarragona&#8221; title_text=&#8221;Enoturismo Tarragona&#8221; _builder_version=&#8221;4.16&#8243; _module_preset=&#8221;default&#8221; global_colors_info=&#8221;{}&#8221;][\/et_pb_image][\/et_pb_column][et_pb_column type=&#8221;2_5&#8243; _builder_version=&#8221;4.16&#8243; _module_preset=&#8221;default&#8221; global_colors_info=&#8221;{}&#8221;][et_pb_text _builder_version=&#8221;4.16&#8243; _module_preset=&#8221;default&#8221; header_2_font=&#8221;Montserrat|800|||||||&#8221; header_2_font_size=&#8221;36px&#8221; custom_margin=&#8221;100px||||false|false&#8221; custom_margin_tablet=&#8221;0px||||false|false&#8221; custom_margin_phone=&#8221;0px||||false|false&#8221; custom_margin_last_edited=&#8221;on|tablet&#8221; global_colors_info=&#8221;{}&#8221;]<\/p>\n<h2>Un viaje fascinante al pasado<\/h2>\n<p>[\/et_pb_text][et_pb_text _builder_version=&#8221;4.16&#8243; _module_preset=&#8221;default&#8221; text_font=&#8221;Montserrat||||||||&#8221; text_font_size=&#8221;18px&#8221; text_line_height=&#8221;1.8em&#8221; text_orientation=&#8221;center&#8221; custom_padding=&#8221;|0px|||false|false&#8221; custom_padding_tablet=&#8221;|0px|||false|false&#8221; custom_padding_phone=&#8221;&#8221; custom_padding_last_edited=&#8221;on|desktop&#8221; global_colors_info=&#8221;{}&#8221;]<\/p>\n<p style=\"text-align: justify;\"><span>Un viaje fascinante al pasado cisterciense con las visitas al Real Monasterio de Santes Creus y el Celler Mas Vicen\u00e7, con degustaci\u00f3n de vinos y aceite de oliva.<br \/>\nLa actividad se inicia en el Monasterio donde se lleva a cabo una visita guiada con audiovisual. Una vez finalizada la visita, el trayecto contin\u00faa hasta la bodega donde se disfruta de una visita guiada con degustaci\u00f3n de vinos, aceite de oliva y frutos secos del territorio.<br \/><\/span><\/p>\n<p style=\"text-align: left;\"><span><br \/>Para m\u00e1s informaci\u00f3n pod\u00e9is contactarnos a <strong>xavier@masvicens.com<\/strong> o llamando al <strong>627570075<\/strong>.<br \/><\/span><\/p>\n<p>[\/et_pb_text][et_pb_button button_url=&#8221;https:\/\/masvicens.com\/es\/reservar-enoturismo-mas-vicenc\/&#8221; button_text=&#8221;Reservar&#8221; button_alignment=&#8221;left&#8221; disabled_on=&#8221;off|off|off&#8221; _builder_version=&#8221;4.27.4&#8243; _module_preset=&#8221;default&#8221; custom_button=&#8221;on&#8221; button_text_color=&#8221;#ffffff&#8221; button_bg_color=&#8221;#A49C3C&#8221; button_border_color=&#8221;RGBA(0,0,0,0)&#8221; button_font=&#8221;||||||||&#8221; hover_enabled=&#8221;0&#8243; locked=&#8221;off&#8221; global_colors_info=&#8221;{}&#8221; button_bg_color__hover_enabled=&#8221;on|hover&#8221; button_bg_color__hover=&#8221;rgba(164,156,60,0.62)&#8221; button_bg_enable_color__hover=&#8221;on&#8221; sticky_enabled=&#8221;0&#8243;][\/et_pb_button][\/et_pb_column][\/et_pb_row][et_pb_row _builder_version=&#8221;4.16&#8243; _module_preset=&#8221;default&#8221; max_width=&#8221;1700px&#8221; locked=&#8221;off&#8221; global_colors_info=&#8221;{}&#8221;][et_pb_column type=&#8221;4_4&#8243; _builder_version=&#8221;4.16&#8243; _module_preset=&#8221;default&#8221; global_colors_info=&#8221;{}&#8221;][et_pb_text _builder_version=&#8221;4.17.4&#8243; _module_preset=&#8221;default&#8221; text_font=&#8221;Montserrat||||||||&#8221; text_font_size=&#8221;18px&#8221; text_line_height=&#8221;1.8em&#8221; header_2_font=&#8221;Montserrat|700|||||||&#8221; text_orientation=&#8221;center&#8221; custom_margin=&#8221;30px||||false|false&#8221; custom_padding=&#8221;|0px|||false|false&#8221; custom_padding_tablet=&#8221;|0px|||false|false&#8221; custom_padding_phone=&#8221;&#8221; custom_padding_last_edited=&#8221;on|desktop&#8221; global_colors_info=&#8221;{}&#8221;]<\/p>\n<h2 class=\"text-justified\" style=\"text-align: left;\">\u00bfQuieres regalar esta actividad?<\/h2>\n<p class=\"text-justified\" style=\"text-align: left;\">Simplemente elige la actividad en nuestro motor de reservas y marca la casilla &#8216;<strong>Regala a alguien esta actividad<\/strong>&#8216;. Una vez realizado el pago recibir\u00e1s el cup\u00f3n que podr\u00e1s reenviar a la persona homenajeada.<\/p>\n<p>[\/et_pb_text][\/et_pb_column][\/et_pb_row][\/et_pb_section]<\/p>\n","protected":false},"excerpt":{"rendered":"<p>La esencia del CisterUn viaje fascinante al pasadoUn viaje fascinante al pasado cisterciense con las visitas al Real Monasterio de Santes Creus y el Celler Mas Vicen\u00e7, con degustaci\u00f3n de vinos y aceite de oliva. La actividad se inicia en el Monasterio donde se lleva a cabo una visita guiada con audiovisual. Una vez finalizada [&hellip;]<\/p>\n","protected":false},"author":5,"featured_media":21579,"parent":32,"menu_order":0,"comment_status":"closed","ping_status":"closed","template":"","meta":{"_et_pb_use_builder":"on","_et_pb_old_content":"","_et_gb_content_width":"","inline_featured_image":false,"_joinchat":[],"footnotes":""},"class_list":["post-21258","page","type-page","status-publish","has-post-thumbnail","hentry"],"yoast_head":"<!-- This site is optimized with the Yoast SEO plugin v27.5 - https:\/\/yoast.com\/product\/yoast-seo-wordpress\/ -->\n<title>La esencia del Cister - Celler Mas Vicen\u00e7 | Re-evolucionant la tradici\u00f3<\/title>\n<meta name=\"description\" content=\"La esencia del cister, un viaje fascinante al pasado cisterciense con las visitas al Real Monasterio y a Mas Vicen\u00e7, con degustaci\u00f3n de vinos.\" \/>\n<meta name=\"robots\" content=\"index, follow, max-snippet:-1, max-image-preview:large, max-video-preview:-1\" \/>\n<link rel=\"canonical\" href=\"https:\/\/masvicens.com\/es\/enoturismo-en-tarragona\/la-esencia-del-cister\/\" \/>\n<meta property=\"og:locale\" content=\"es_ES\" \/>\n<meta property=\"og:type\" content=\"article\" \/>\n<meta property=\"og:title\" content=\"La esencia del Cister - Celler Mas Vicen\u00e7 | Re-evolucionant la tradici\u00f3\" \/>\n<meta property=\"og:description\" content=\"La esencia del cister, un viaje fascinante al pasado cisterciense con las visitas al Real Monasterio y a Mas Vicen\u00e7, con degustaci\u00f3n de vinos.\" \/>\n<meta property=\"og:url\" content=\"https:\/\/masvicens.com\/es\/enoturismo-en-tarragona\/la-esencia-del-cister\/\" \/>\n<meta property=\"og:site_name\" content=\"Celler Mas Vicen\u00e7 | Re-evolucionant la tradici\u00f3\" \/>\n<meta property=\"article:modified_time\" content=\"2025-10-23T08:25:52+00:00\" \/>\n<meta property=\"og:image\" content=\"https:\/\/masvicens.com\/wp-content\/uploads\/2021\/08\/xocovi-24_compressed-1.jpg\" \/>\n\t<meta property=\"og:image:width\" content=\"1920\" \/>\n\t<meta property=\"og:image:height\" content=\"1080\" \/>\n\t<meta property=\"og:image:type\" content=\"image\/jpeg\" \/>\n<meta name=\"twitter:card\" content=\"summary_large_image\" \/>\n<meta name=\"twitter:label1\" content=\"Tiempo de lectura\" \/>\n\t<meta name=\"twitter:data1\" content=\"2 minutos\" \/>\n<script type=\"application\/ld+json\" class=\"yoast-schema-graph\">{\"@context\":\"https:\\\/\\\/schema.org\",\"@graph\":[{\"@type\":\"WebPage\",\"@id\":\"https:\\\/\\\/masvicens.com\\\/es\\\/enoturismo-en-tarragona\\\/la-esencia-del-cister\\\/\",\"url\":\"https:\\\/\\\/masvicens.com\\\/es\\\/enoturismo-en-tarragona\\\/la-esencia-del-cister\\\/\",\"name\":\"La esencia del Cister - Celler Mas Vicen\u00e7 | Re-evolucionant la tradici\u00f3\",\"isPartOf\":{\"@id\":\"https:\\\/\\\/masvicens.com\\\/es\\\/#website\"},\"primaryImageOfPage\":{\"@id\":\"https:\\\/\\\/masvicens.com\\\/es\\\/enoturismo-en-tarragona\\\/la-esencia-del-cister\\\/#primaryimage\"},\"image\":{\"@id\":\"https:\\\/\\\/masvicens.com\\\/es\\\/enoturismo-en-tarragona\\\/la-esencia-del-cister\\\/#primaryimage\"},\"thumbnailUrl\":\"https:\\\/\\\/masvicens.com\\\/wp-content\\\/uploads\\\/2021\\\/08\\\/xocovi-24_compressed-1.jpg\",\"datePublished\":\"2021-08-05T09:47:54+00:00\",\"dateModified\":\"2025-10-23T08:25:52+00:00\",\"description\":\"La esencia del cister, un viaje fascinante al pasado cisterciense con las visitas al Real Monasterio y a Mas Vicen\u00e7, con degustaci\u00f3n de vinos.\",\"breadcrumb\":{\"@id\":\"https:\\\/\\\/masvicens.com\\\/es\\\/enoturismo-en-tarragona\\\/la-esencia-del-cister\\\/#breadcrumb\"},\"inLanguage\":\"es\",\"potentialAction\":[{\"@type\":\"ReadAction\",\"target\":[\"https:\\\/\\\/masvicens.com\\\/es\\\/enoturismo-en-tarragona\\\/la-esencia-del-cister\\\/\"]}]},{\"@type\":\"ImageObject\",\"inLanguage\":\"es\",\"@id\":\"https:\\\/\\\/masvicens.com\\\/es\\\/enoturismo-en-tarragona\\\/la-esencia-del-cister\\\/#primaryimage\",\"url\":\"https:\\\/\\\/masvicens.com\\\/wp-content\\\/uploads\\\/2021\\\/08\\\/xocovi-24_compressed-1.jpg\",\"contentUrl\":\"https:\\\/\\\/masvicens.com\\\/wp-content\\\/uploads\\\/2021\\\/08\\\/xocovi-24_compressed-1.jpg\",\"width\":1920,\"height\":1080,\"caption\":\"Enoturismo Tarragona: La esencia del cister\"},{\"@type\":\"BreadcrumbList\",\"@id\":\"https:\\\/\\\/masvicens.com\\\/es\\\/enoturismo-en-tarragona\\\/la-esencia-del-cister\\\/#breadcrumb\",\"itemListElement\":[{\"@type\":\"ListItem\",\"position\":1,\"name\":\"Portada\",\"item\":\"https:\\\/\\\/masvicens.com\\\/es\\\/\"},{\"@type\":\"ListItem\",\"position\":2,\"name\":\"ENOTURISMO\",\"item\":\"https:\\\/\\\/masvicens.com\\\/es\\\/enoturismo-en-tarragona\\\/\"},{\"@type\":\"ListItem\",\"position\":3,\"name\":\"La esencia del Cister\"}]},{\"@type\":\"WebSite\",\"@id\":\"https:\\\/\\\/masvicens.com\\\/es\\\/#website\",\"url\":\"https:\\\/\\\/masvicens.com\\\/es\\\/\",\"name\":\"Celler Mas Vicen\u00e7 | Re-evolucionant la tradici\u00f3\",\"description\":\"Veniu a viure l&#039;enoturisme i a con\u00e8ixer la nostra col\u00b7lecci\u00f3 de vins elaborats amb la millor selecci\u00f3 de ra\u00efm del nostre celler a Tarragona.\",\"potentialAction\":[{\"@type\":\"SearchAction\",\"target\":{\"@type\":\"EntryPoint\",\"urlTemplate\":\"https:\\\/\\\/masvicens.com\\\/es\\\/?s={search_term_string}\"},\"query-input\":{\"@type\":\"PropertyValueSpecification\",\"valueRequired\":true,\"valueName\":\"search_term_string\"}}],\"inLanguage\":\"es\"}]}<\/script>\n<!-- \/ Yoast SEO plugin. -->","yoast_head_json":{"title":"La esencia del Cister - Celler Mas Vicen\u00e7 | Re-evolucionant la tradici\u00f3","description":"La esencia del cister, un viaje fascinante al pasado cisterciense con las visitas al Real Monasterio y a Mas Vicen\u00e7, con degustaci\u00f3n de vinos.","robots":{"index":"index","follow":"follow","max-snippet":"max-snippet:-1","max-image-preview":"max-image-preview:large","max-video-preview":"max-video-preview:-1"},"canonical":"https:\/\/masvicens.com\/es\/enoturismo-en-tarragona\/la-esencia-del-cister\/","og_locale":"es_ES","og_type":"article","og_title":"La esencia del Cister - Celler Mas Vicen\u00e7 | Re-evolucionant la tradici\u00f3","og_description":"La esencia del cister, un viaje fascinante al pasado cisterciense con las visitas al Real Monasterio y a Mas Vicen\u00e7, con degustaci\u00f3n de vinos.","og_url":"https:\/\/masvicens.com\/es\/enoturismo-en-tarragona\/la-esencia-del-cister\/","og_site_name":"Celler Mas Vicen\u00e7 | Re-evolucionant la tradici\u00f3","article_modified_time":"2025-10-23T08:25:52+00:00","og_image":[{"width":1920,"height":1080,"url":"https:\/\/masvicens.com\/wp-content\/uploads\/2021\/08\/xocovi-24_compressed-1.jpg","type":"image\/jpeg"}],"twitter_card":"summary_large_image","twitter_misc":{"Tiempo de lectura":"2 minutos"},"schema":{"@context":"https:\/\/schema.org","@graph":[{"@type":"WebPage","@id":"https:\/\/masvicens.com\/es\/enoturismo-en-tarragona\/la-esencia-del-cister\/","url":"https:\/\/masvicens.com\/es\/enoturismo-en-tarragona\/la-esencia-del-cister\/","name":"La esencia del Cister - Celler Mas Vicen\u00e7 | Re-evolucionant la tradici\u00f3","isPartOf":{"@id":"https:\/\/masvicens.com\/es\/#website"},"primaryImageOfPage":{"@id":"https:\/\/masvicens.com\/es\/enoturismo-en-tarragona\/la-esencia-del-cister\/#primaryimage"},"image":{"@id":"https:\/\/masvicens.com\/es\/enoturismo-en-tarragona\/la-esencia-del-cister\/#primaryimage"},"thumbnailUrl":"https:\/\/masvicens.com\/wp-content\/uploads\/2021\/08\/xocovi-24_compressed-1.jpg","datePublished":"2021-08-05T09:47:54+00:00","dateModified":"2025-10-23T08:25:52+00:00","description":"La esencia del cister, un viaje fascinante al pasado cisterciense con las visitas al Real Monasterio y a Mas Vicen\u00e7, con degustaci\u00f3n de vinos.","breadcrumb":{"@id":"https:\/\/masvicens.com\/es\/enoturismo-en-tarragona\/la-esencia-del-cister\/#breadcrumb"},"inLanguage":"es","potentialAction":[{"@type":"ReadAction","target":["https:\/\/masvicens.com\/es\/enoturismo-en-tarragona\/la-esencia-del-cister\/"]}]},{"@type":"ImageObject","inLanguage":"es","@id":"https:\/\/masvicens.com\/es\/enoturismo-en-tarragona\/la-esencia-del-cister\/#primaryimage","url":"https:\/\/masvicens.com\/wp-content\/uploads\/2021\/08\/xocovi-24_compressed-1.jpg","contentUrl":"https:\/\/masvicens.com\/wp-content\/uploads\/2021\/08\/xocovi-24_compressed-1.jpg","width":1920,"height":1080,"caption":"Enoturismo Tarragona: La esencia del cister"},{"@type":"BreadcrumbList","@id":"https:\/\/masvicens.com\/es\/enoturismo-en-tarragona\/la-esencia-del-cister\/#breadcrumb","itemListElement":[{"@type":"ListItem","position":1,"name":"Portada","item":"https:\/\/masvicens.com\/es\/"},{"@type":"ListItem","position":2,"name":"ENOTURISMO","item":"https:\/\/masvicens.com\/es\/enoturismo-en-tarragona\/"},{"@type":"ListItem","position":3,"name":"La esencia del Cister"}]},{"@type":"WebSite","@id":"https:\/\/masvicens.com\/es\/#website","url":"https:\/\/masvicens.com\/es\/","name":"Celler Mas Vicen\u00e7 | Re-evolucionant la tradici\u00f3","description":"Veniu a viure l&#039;enoturisme i a con\u00e8ixer la nostra col\u00b7lecci\u00f3 de vins elaborats amb la millor selecci\u00f3 de ra\u00efm del nostre celler a Tarragona.","potentialAction":[{"@type":"SearchAction","target":{"@type":"EntryPoint","urlTemplate":"https:\/\/masvicens.com\/es\/?s={search_term_string}"},"query-input":{"@type":"PropertyValueSpecification","valueRequired":true,"valueName":"search_term_string"}}],"inLanguage":"es"}]}},"_links":{"self":[{"href":"https:\/\/masvicens.com\/es\/wp-json\/wp\/v2\/pages\/21258","targetHints":{"allow":["GET"]}}],"collection":[{"href":"https:\/\/masvicens.com\/es\/wp-json\/wp\/v2\/pages"}],"about":[{"href":"https:\/\/masvicens.com\/es\/wp-json\/wp\/v2\/types\/page"}],"author":[{"embeddable":true,"href":"https:\/\/masvicens.com\/es\/wp-json\/wp\/v2\/users\/5"}],"replies":[{"embeddable":true,"href":"https:\/\/masvicens.com\/es\/wp-json\/wp\/v2\/comments?post=21258"}],"version-history":[{"count":3,"href":"https:\/\/masvicens.com\/es\/wp-json\/wp\/v2\/pages\/21258\/revisions"}],"predecessor-version":[{"id":31442,"href":"https:\/\/masvicens.com\/es\/wp-json\/wp\/v2\/pages\/21258\/revisions\/31442"}],"up":[{"embeddable":true,"href":"https:\/\/masvicens.com\/es\/wp-json\/wp\/v2\/pages\/32"}],"wp:featuredmedia":[{"embeddable":true,"href":"https:\/\/masvicens.com\/es\/wp-json\/wp\/v2\/media\/21579"}],"wp:attachment":[{"href":"https:\/\/masvicens.com\/es\/wp-json\/wp\/v2\/media?parent=21258"}],"curies":[{"name":"wp","href":"https:\/\/api.w.org\/{rel}","templated":true}]}}