{"id":24143,"date":"2021-11-09T10:26:09","date_gmt":"2021-11-09T10:26:09","guid":{"rendered":"https:\/\/masvicens.com\/?page_id=24143"},"modified":"2021-11-09T10:37:49","modified_gmt":"2021-11-09T10:37:49","slug":"politica-de-privacidad-mas-vicens","status":"publish","type":"page","link":"https:\/\/masvicens.com\/es\/politica-de-privacidad-mas-vicens\/","title":{"rendered":"Pol\u00edtica de privacidad"},"content":{"rendered":"<p>[et_pb_section fb_built=&#8221;1&#8243; _builder_version=&#8221;4.9.10&#8243; _module_preset=&#8221;default&#8221; custom_margin=&#8221;||||false|true&#8221; custom_margin_tablet=&#8221;||||false|true&#8221; custom_margin_phone=&#8221;||||false|true&#8221; custom_margin_last_edited=&#8221;on|phone&#8221; custom_padding=&#8221;||||true|false&#8221; global_colors_info=&#8221;{}&#8221;][et_pb_row _builder_version=&#8221;4.9.10&#8243; _module_preset=&#8221;default&#8221; max_width_tablet=&#8221;2560px&#8221; max_width_phone=&#8221;&#8221; max_width_last_edited=&#8221;on|tablet&#8221; module_alignment=&#8221;center&#8221; custom_margin=&#8221;|209px||auto|false|false&#8221; custom_padding=&#8221;||||false|true&#8221; global_colors_info=&#8221;{}&#8221;][et_pb_column type=&#8221;4_4&#8243; _builder_version=&#8221;4.9.2&#8243; _module_preset=&#8221;default&#8221; global_colors_info=&#8221;{}&#8221;][et_pb_text _builder_version=&#8221;4.11.3&#8243; _module_preset=&#8221;default&#8221; text_font=&#8221;Open Sans||||||||&#8221; text_font_size=&#8221;20px&#8221; header_font=&#8221;|700|||||||&#8221; header_text_color=&#8221;#A30121&#8243; header_2_font=&#8221;|700|||||||&#8221; header_2_text_color=&#8221;#A30121&#8243; width=&#8221;100%&#8221; max_width=&#8221;100%&#8221; custom_margin=&#8221;||||false|true&#8221; custom_margin_last_edited=&#8221;off|desktop&#8221; custom_padding=&#8221;||||false|false&#8221; hover_enabled=&#8221;0&#8243; text_orientation_tablet=&#8221;&#8221; text_orientation_phone=&#8221;left&#8221; text_orientation_last_edited=&#8221;on|phone&#8221; global_colors_info=&#8221;{}&#8221; sticky_enabled=&#8221;0&#8243;]<\/p>\n<h1 style=\"text-align: justify;\">POL\u00cdTICA DE PRIVACIDAD<\/h1>\n<p style=\"text-align: justify;\">\n<p style=\"text-align: justify;\">MAS VICEN\u00c7 SCP, como responsable del presente Sitio Web y de conformidad con lo dispuesto por la Ley Org\u00e1nica 15\/1999, de 13 de diciembre, de Protecci\u00f3n de Datos de Car\u00e1cter Personal (LOPD) y por la Ley 34\/2002, de 11 de julio, de Servicios de la Sociedad de la Informaci\u00f3n y de Comercio Electr\u00f3nico (LSSICE), ha puesto en pr\u00e1ctica aquellas pol\u00edticas, medios y procedimientos t\u00e9cnicos y organizativos para garantizar y proteger la confidencialidad, integridad y disponibilidad de los datos de car\u00e1cter personal de sus usuarios. Estos datos ser\u00e1n tratados en un fichero debidamente inscrito en la Agencia Espa\u00f1ola de Protecci\u00f3n de Datos, de conformidad con lo establecido en la legislaci\u00f3n vigente.<\/p>\n<p style=\"text-align: justify;\">En el caso de que los datos a facilitar por el Usuario fueran necesarios para que el equipo de MAS VICEN\u00c7 SCP pudiera I) responder a las consultas, proporcionar informaciones requeridas por el usuario; II) realizar toda aquella prestaci\u00f3n de servicios y\/o productos contratados o suscritos por el usuario; III) proporcionar acceso al usuario a determinadas funcionalidades del sitio web; o bien IV) realizar todas aquellas actividades propias de MAS VICEN\u00c7 SCP, por la presente rese\u00f1adas, MAS VICEN\u00c7 SCP informar\u00e1 de dicha obligatoriedad al usuario, indic\u00e1ndole qu\u00e9 datos son de necesaria cumplimentaci\u00f3n.<\/p>\n<p style=\"text-align: justify;\">Al aceptar las presentes condiciones, t\u00e9rminos y pol\u00edticas y, en especial, mediante la indicaci\u00f3n, facilitaci\u00f3n, o introducci\u00f3n de estos datos, y de conformidad con lo establecido en el art\u00edculo 6 de la LOPD, el usuario otorga consentimiento inequ\u00edvoco a MAS VICEN\u00c7 SCP para que proceda al tratamiento de los datos suministrados en beneficio de las finalidades mencionadas anteriormente, as\u00ed como para que realice las siguientes actividades y\/o acciones, salvo que indique lo contrario al contratar o suscribir cualesquiera producto y\/o servicio de MAS VICEN\u00c7 SCP o a resultas de una revocaci\u00f3n posterior del consentimiento inicialmente otorgado:<\/p>\n<ul style=\"text-align: justify;\">\n<li>El env\u00edo de comunicaciones comerciales y\/o promocionales en papel, informando a los usuarios de las actividades, promociones, publicidad, noticias, ofertas y dem\u00e1s informaci\u00f3n sobre los servicios y productos relacionados con la actividad comercial MAS VICEN\u00c7 SCP<\/li>\n<li>El env\u00edo de comunicaciones comerciales por v\u00eda electr\u00f3nica, informando a los usuarios de las actividades, promociones, publicidad, noticias, ofertas y dem\u00e1s informaci\u00f3n sobre los servicios y productos de MAS VICEN\u00c7 SCP, iguales o similares a los que fueron inicialmente objeto de contrataci\u00f3n o de inter\u00e9s por el usuario.<\/li>\n<li>La conservaci\u00f3n de los datos durante los plazos previstos en las disposiciones aplicables.<\/li>\n<\/ul>\n<p style=\"text-align: justify;\">Sin perjuicio de todo lo anterior, no se considerar\u00e1 comunicaci\u00f3n comercial y\/o publicitaria toda aquella informaci\u00f3n enviada por MAS VICEN\u00c7 SCP -incluso por medios electr\u00f3nicos- a los usuarios de MAS VICEN\u00c7 SCP con la finalidad de llevar a cabo, ejecutar y\/o desarrollar cualquier prestaci\u00f3n suscrita o contratada -aun cuando no fuese suscrita por medios electr\u00f3nicos- por el usuario y todas las dem\u00e1s tareas, acciones y\/o actividades derivadas de dicha relaci\u00f3n contractual y\/o comercial.<\/p>\n<p style=\"text-align: justify;\">La entidad responsable de la base de datos, as\u00ed como los que intervengan en cualquier fase del tratamiento y\/o las entidades a quienes les hayan sido comunicadas -en su caso y en virtud de la correspondiente autorizaci\u00f3n conferida por el Usuario-, est\u00e1n obligadas a observar el secreto profesional y a adoptar los niveles de protecci\u00f3n y las medidas t\u00e9cnicas y organizativas necesarias a su alcance que garanticen la seguridad de los datos de car\u00e1cter personal, evitando, en la medida de lo posible, accesos no autorizados, modificaciones il\u00edcitas, sustracciones y\/o la p\u00e9rdida de los datos, a fin de procurar el correspondiente nivel de seguridad a los ficheros de MAS VICEN\u00c7 SCP seg\u00fan la naturaleza y sensibilidad de los datos facilitados por los usuarios del presente sitio web. Asimismo, MAS VICEN\u00c7 SCP se compromete a tener implementadas las medidas de seguridad que correspondan en virtud de lo establecido en el Reglamento de Medidas de (R.D. 1720\/2007).<\/p>\n<p style=\"text-align: justify;\">Los usuarios tienen reconocida por la indicada Ley Org\u00e1nica de Protecci\u00f3n de Datos los derechos de acceso, rectificaci\u00f3n, cancelaci\u00f3n y oposici\u00f3n y, en su caso, el derecho a revocar en cualquier momento el consentimiento prestado a la recepci\u00f3n de comunicaciones comerciales mediante el env\u00edo de correo electr\u00f3nico a<span>\u00a0<\/span>masvicens@masvicens.com<span>\u00a0<\/span>o mediante carta a Mas Vicen\u00e7 (CP.43811) Cabra del Camp, Tarragona.<\/p>\n<p>[\/et_pb_text][\/et_pb_column][\/et_pb_row][\/et_pb_section]<\/p>\n","protected":false},"excerpt":{"rendered":"<p>POL\u00cdTICA DE PRIVACIDAD MAS VICEN\u00c7 SCP, como responsable del presente Sitio Web y de conformidad con lo dispuesto por la Ley Org\u00e1nica 15\/1999, de 13 de diciembre, de Protecci\u00f3n de Datos de Car\u00e1cter Personal (LOPD) y por la Ley 34\/2002, de 11 de julio, de Servicios de la Sociedad de la Informaci\u00f3n y de Comercio [&hellip;]<\/p>\n","protected":false},"author":6,"featured_media":0,"parent":0,"menu_order":0,"comment_status":"closed","ping_status":"closed","template":"","meta":{"_et_pb_use_builder":"on","_et_pb_old_content":"","_et_gb_content_width":"","inline_featured_image":false,"_joinchat":[],"footnotes":""},"class_list":["post-24143","page","type-page","status-publish","hentry"],"yoast_head":"<!-- This site is optimized with the Yoast SEO plugin v27.4 - https:\/\/yoast.com\/product\/yoast-seo-wordpress\/ -->\n<title>Pol\u00edtica de privacidad - Mas Vicen\u00e7<\/title>\n<meta name=\"description\" content=\"Aqu\u00ed trobar\u00e1s les condicions d&#039;\u00fas i contractaci\u00f3, a m\u00e9s a m\u00e9s, dels preus dels enviaments de la web de Mas Vicen\u00e7.\" \/>\n<meta name=\"robots\" content=\"noindex, follow\" \/>\n<meta property=\"og:locale\" content=\"es_ES\" \/>\n<meta property=\"og:type\" content=\"article\" \/>\n<meta property=\"og:title\" content=\"Pol\u00edtica de privacidad - Mas Vicen\u00e7\" \/>\n<meta property=\"og:description\" content=\"Aqu\u00ed trobar\u00e1s les condicions d&#039;\u00fas i contractaci\u00f3, a m\u00e9s a m\u00e9s, dels preus dels enviaments de la web de Mas Vicen\u00e7.\" \/>\n<meta property=\"og:url\" content=\"https:\/\/masvicens.com\/es\/politica-de-privacidad-mas-vicens\/\" \/>\n<meta property=\"og:site_name\" content=\"Celler Mas Vicen\u00e7 | Re-evolucionant la tradici\u00f3\" \/>\n<meta property=\"article:modified_time\" content=\"2021-11-09T10:37:49+00:00\" \/>\n<meta name=\"twitter:card\" content=\"summary_large_image\" \/>\n<meta name=\"twitter:label1\" content=\"Tiempo de lectura\" \/>\n\t<meta name=\"twitter:data1\" content=\"26 minutos\" \/>\n<script type=\"application\/ld+json\" class=\"yoast-schema-graph\">{\"@context\":\"https:\\\/\\\/schema.org\",\"@graph\":[{\"@type\":\"WebPage\",\"@id\":\"https:\\\/\\\/masvicens.com\\\/es\\\/politica-de-privacidad-mas-vicens\\\/\",\"url\":\"https:\\\/\\\/masvicens.com\\\/es\\\/politica-de-privacidad-mas-vicens\\\/\",\"name\":\"Pol\u00edtica de privacidad - Mas Vicen\u00e7\",\"isPartOf\":{\"@id\":\"https:\\\/\\\/masvicens.com\\\/es\\\/#website\"},\"datePublished\":\"2021-11-09T10:26:09+00:00\",\"dateModified\":\"2021-11-09T10:37:49+00:00\",\"description\":\"Aqu\u00ed trobar\u00e1s les condicions d'\u00fas i contractaci\u00f3, a m\u00e9s a m\u00e9s, dels preus dels enviaments de la web de Mas Vicen\u00e7.\",\"breadcrumb\":{\"@id\":\"https:\\\/\\\/masvicens.com\\\/es\\\/politica-de-privacidad-mas-vicens\\\/#breadcrumb\"},\"inLanguage\":\"es\",\"potentialAction\":[{\"@type\":\"ReadAction\",\"target\":[\"https:\\\/\\\/masvicens.com\\\/es\\\/politica-de-privacidad-mas-vicens\\\/\"]}]},{\"@type\":\"BreadcrumbList\",\"@id\":\"https:\\\/\\\/masvicens.com\\\/es\\\/politica-de-privacidad-mas-vicens\\\/#breadcrumb\",\"itemListElement\":[{\"@type\":\"ListItem\",\"position\":1,\"name\":\"Portada\",\"item\":\"https:\\\/\\\/masvicens.com\\\/es\\\/\"},{\"@type\":\"ListItem\",\"position\":2,\"name\":\"Pol\u00edtica de privacidad\"}]},{\"@type\":\"WebSite\",\"@id\":\"https:\\\/\\\/masvicens.com\\\/es\\\/#website\",\"url\":\"https:\\\/\\\/masvicens.com\\\/es\\\/\",\"name\":\"Celler Mas Vicen\u00e7 | Re-evolucionant la tradici\u00f3\",\"description\":\"Veniu a viure l&#039;enoturisme i a con\u00e8ixer la nostra col\u00b7lecci\u00f3 de vins elaborats amb la millor selecci\u00f3 de ra\u00efm del nostre celler a Tarragona.\",\"potentialAction\":[{\"@type\":\"SearchAction\",\"target\":{\"@type\":\"EntryPoint\",\"urlTemplate\":\"https:\\\/\\\/masvicens.com\\\/es\\\/?s={search_term_string}\"},\"query-input\":{\"@type\":\"PropertyValueSpecification\",\"valueRequired\":true,\"valueName\":\"search_term_string\"}}],\"inLanguage\":\"es\"}]}<\/script>\n<!-- \/ Yoast SEO plugin. -->","yoast_head_json":{"title":"Pol\u00edtica de privacidad - Mas Vicen\u00e7","description":"Aqu\u00ed trobar\u00e1s les condicions d'\u00fas i contractaci\u00f3, a m\u00e9s a m\u00e9s, dels preus dels enviaments de la web de Mas Vicen\u00e7.","robots":{"index":"noindex","follow":"follow"},"og_locale":"es_ES","og_type":"article","og_title":"Pol\u00edtica de privacidad - Mas Vicen\u00e7","og_description":"Aqu\u00ed trobar\u00e1s les condicions d'\u00fas i contractaci\u00f3, a m\u00e9s a m\u00e9s, dels preus dels enviaments de la web de Mas Vicen\u00e7.","og_url":"https:\/\/masvicens.com\/es\/politica-de-privacidad-mas-vicens\/","og_site_name":"Celler Mas Vicen\u00e7 | Re-evolucionant la tradici\u00f3","article_modified_time":"2021-11-09T10:37:49+00:00","twitter_card":"summary_large_image","twitter_misc":{"Tiempo de lectura":"26 minutos"},"schema":{"@context":"https:\/\/schema.org","@graph":[{"@type":"WebPage","@id":"https:\/\/masvicens.com\/es\/politica-de-privacidad-mas-vicens\/","url":"https:\/\/masvicens.com\/es\/politica-de-privacidad-mas-vicens\/","name":"Pol\u00edtica de privacidad - Mas Vicen\u00e7","isPartOf":{"@id":"https:\/\/masvicens.com\/es\/#website"},"datePublished":"2021-11-09T10:26:09+00:00","dateModified":"2021-11-09T10:37:49+00:00","description":"Aqu\u00ed trobar\u00e1s les condicions d'\u00fas i contractaci\u00f3, a m\u00e9s a m\u00e9s, dels preus dels enviaments de la web de Mas Vicen\u00e7.","breadcrumb":{"@id":"https:\/\/masvicens.com\/es\/politica-de-privacidad-mas-vicens\/#breadcrumb"},"inLanguage":"es","potentialAction":[{"@type":"ReadAction","target":["https:\/\/masvicens.com\/es\/politica-de-privacidad-mas-vicens\/"]}]},{"@type":"BreadcrumbList","@id":"https:\/\/masvicens.com\/es\/politica-de-privacidad-mas-vicens\/#breadcrumb","itemListElement":[{"@type":"ListItem","position":1,"name":"Portada","item":"https:\/\/masvicens.com\/es\/"},{"@type":"ListItem","position":2,"name":"Pol\u00edtica de privacidad"}]},{"@type":"WebSite","@id":"https:\/\/masvicens.com\/es\/#website","url":"https:\/\/masvicens.com\/es\/","name":"Celler Mas Vicen\u00e7 | Re-evolucionant la tradici\u00f3","description":"Veniu a viure l&#039;enoturisme i a con\u00e8ixer la nostra col\u00b7lecci\u00f3 de vins elaborats amb la millor selecci\u00f3 de ra\u00efm del nostre celler a Tarragona.","potentialAction":[{"@type":"SearchAction","target":{"@type":"EntryPoint","urlTemplate":"https:\/\/masvicens.com\/es\/?s={search_term_string}"},"query-input":{"@type":"PropertyValueSpecification","valueRequired":true,"valueName":"search_term_string"}}],"inLanguage":"es"}]}},"_links":{"self":[{"href":"https:\/\/masvicens.com\/es\/wp-json\/wp\/v2\/pages\/24143","targetHints":{"allow":["GET"]}}],"collection":[{"href":"https:\/\/masvicens.com\/es\/wp-json\/wp\/v2\/pages"}],"about":[{"href":"https:\/\/masvicens.com\/es\/wp-json\/wp\/v2\/types\/page"}],"author":[{"embeddable":true,"href":"https:\/\/masvicens.com\/es\/wp-json\/wp\/v2\/users\/6"}],"replies":[{"embeddable":true,"href":"https:\/\/masvicens.com\/es\/wp-json\/wp\/v2\/comments?post=24143"}],"version-history":[{"count":0,"href":"https:\/\/masvicens.com\/es\/wp-json\/wp\/v2\/pages\/24143\/revisions"}],"wp:attachment":[{"href":"https:\/\/masvicens.com\/es\/wp-json\/wp\/v2\/media?parent=24143"}],"curies":[{"name":"wp","href":"https:\/\/api.w.org\/{rel}","templated":true}]}}