{"id":24150,"date":"2021-11-09T10:32:09","date_gmt":"2021-11-09T10:32:09","guid":{"rendered":"https:\/\/masvicens.com\/?page_id=24150"},"modified":"2021-11-09T10:37:21","modified_gmt":"2021-11-09T10:37:21","slug":"politica-de-cookies-mas-vicens","status":"publish","type":"page","link":"https:\/\/masvicens.com\/es\/politica-de-cookies-mas-vicens\/","title":{"rendered":"Pol\u00edtica de cookies"},"content":{"rendered":"<p>[et_pb_section fb_built=&#8221;1&#8243; _builder_version=&#8221;4.9.10&#8243; _module_preset=&#8221;default&#8221; custom_margin=&#8221;||||false|true&#8221; custom_margin_tablet=&#8221;||||false|true&#8221; custom_margin_phone=&#8221;||||false|true&#8221; custom_margin_last_edited=&#8221;on|phone&#8221; custom_padding=&#8221;||||true|false&#8221; global_colors_info=&#8221;{}&#8221;][et_pb_row _builder_version=&#8221;4.9.10&#8243; _module_preset=&#8221;default&#8221; max_width_tablet=&#8221;2560px&#8221; max_width_phone=&#8221;&#8221; max_width_last_edited=&#8221;on|tablet&#8221; module_alignment=&#8221;center&#8221; custom_margin=&#8221;|209px||auto|false|false&#8221; custom_padding=&#8221;||||false|true&#8221; global_colors_info=&#8221;{}&#8221;][et_pb_column type=&#8221;4_4&#8243; _builder_version=&#8221;4.9.2&#8243; _module_preset=&#8221;default&#8221; global_colors_info=&#8221;{}&#8221;][et_pb_text _builder_version=&#8221;4.11.3&#8243; _module_preset=&#8221;default&#8221; text_font=&#8221;Open Sans||||||||&#8221; text_font_size=&#8221;20px&#8221; header_font=&#8221;|700|||||||&#8221; header_text_color=&#8221;#A30121&#8243; header_2_font=&#8221;|700|||||||&#8221; header_2_text_color=&#8221;#A30121&#8243; width=&#8221;100%&#8221; max_width=&#8221;100%&#8221; custom_margin=&#8221;||||false|true&#8221; custom_margin_last_edited=&#8221;off|desktop&#8221; custom_padding=&#8221;||||false|false&#8221; hover_enabled=&#8221;0&#8243; text_orientation_tablet=&#8221;&#8221; text_orientation_phone=&#8221;left&#8221; text_orientation_last_edited=&#8221;on|phone&#8221; global_colors_info=&#8221;{}&#8221; sticky_enabled=&#8221;0&#8243;]<\/p>\n<h1 style=\"text-align: justify;\">POL\u00cdTICA DE COOKIES<\/h1>\n<p style=\"text-align: justify;\">\n<p style=\"text-align: justify;\">Esta p\u00e1gina web usa cookies para mejorar la experiencia del usuario. A continuaci\u00f3n, encontrar\u00e1 informaci\u00f3n sobre qu\u00e9 son las cookies, qu\u00e9 tipo de cookies utiliza esta p\u00e1gina, c\u00f3mo puede desactivar las cookies en su navegador y c\u00f3mo desactivar espec\u00edficamente la instalaci\u00f3n de cookies de terceros. Si no encuentra la informaci\u00f3n espec\u00edfica que usted est\u00e1 buscando, por favor env\u00ede un correo a<span>\u00a0<\/span><a href=\"mailto:masvicens@masvicens.com\">masvicens@masvicens.com<\/a>.<\/p>\n<p style=\"text-align: justify;\"><strong>\u00bfQu\u00e9 son las cookies?<\/strong><\/p>\n<p style=\"text-align: justify;\">Las cookies son peque\u00f1os archivos que algunas plataformas, como las p\u00e1ginas web, pueden instalar en su ordenador, smartphone, tableta o televisi\u00f3n conectada. Las cookies son muy \u00fatiles por diferentes motivos, desde un punto de vista t\u00e9cnico permiten que las p\u00e1ginas web funcionen de forma m\u00e1s \u00e1gil y adaptada a sus preferencias, como por ejemplo, almacenar su idioma o moneda de su pa\u00eds. Adem\u00e1s ayudan a los responsables de los sitios web a mejorar los servicios que ofrecen, gracias a la informaci\u00f3n estad\u00edstica que recogen a trav\u00e9s de ellas, y sirven para hacer m\u00e1s eficiente la publicidad que le podemos mostrar.<\/p>\n<p style=\"text-align: justify;\"><strong>\u00bfQu\u00e9 uso le damos a los diferentes tipos de cookies?<\/strong><\/p>\n<p style=\"text-align: justify;\"><strong>Cookies de sesi\u00f3n:<\/strong><span>\u00a0<\/span>Las cookies de sesi\u00f3n son aquellas que duran el tiempo que el usuario est\u00e1 navegando por la p\u00e1gina web y se borran al t\u00e9rmino.<\/p>\n<p style=\"text-align: justify;\"><strong>Cookies persistentes:<\/strong><span>\u00a0<\/span>Estas cookies quedan almacenadas en el terminal del usuario por un tiempo m\u00e1s largo, facilitando as\u00ed el control de las preferencias elegidas sin tener que repetir ciertos par\u00e1metros cada vez que se visite el sitio web.<\/p>\n<p style=\"text-align: justify;\"><strong>Cookies propias:<\/strong><span>\u00a0<\/span>Son cookies creadas por este sitio web y que solo puede leer el propio sitio. Por ejemplo: cookies t\u00e9cnicas para la carga de im\u00e1genes, cookies de personalizaci\u00f3n de par\u00e1metros de la web, cookies de an\u00e1lisis de tr\u00e1fico, etc.<\/p>\n<p style=\"text-align: justify;\"><strong>Cookies de terceros:<\/strong><span>\u00a0<\/span>Son cookies creadas por terceros y que utilizamos para diferentes servicios (por ej. An\u00e1lisis del sitio web o publicidad).<\/p>\n<p style=\"text-align: justify;\">Seg\u00fan su finalidad:<\/p>\n<p style=\"text-align: justify;\"><strong>Cookies t\u00e9cnicas:<\/strong><span>\u00a0<\/span>Las cookies t\u00e9cnicas son una de las utilizadas por nuestro sitio web, son aquellas imprescindibles y estrictamente necesarias para el correcto funcionamiento de un sitio web y la utilizaci\u00f3n de las diferentes opciones y servicios que ofrece. Por ejemplo, las que sirven para el mantenimiento de la sesi\u00f3n, la gesti\u00f3n del tiempo de respuesta, rendimiento o validaci\u00f3n de opciones, utilizar elementos de seguridad, compartir contenido con redes sociales, etc.<\/p>\n<p style=\"text-align: justify;\"><strong>Cookies de personalizaci\u00f3n:<\/strong><span>\u00a0<\/span>Estas cookies permiten al usuario especificar o personalizar algunas caracter\u00edsticas de las opciones generales de la p\u00e1gina Web. Por ejemplo, definir el idioma, configuraci\u00f3n regional o tipo de navegador.<\/p>\n<p style=\"text-align: justify;\"><strong>Cookies anal\u00edticas:<\/strong><span>\u00a0<\/span>Las cookies anal\u00edticas son utilizadas por nuestro portal web, para elaborar perfiles de navegaci\u00f3n y poder conocer las preferencias de los usuarios del mismo con el fin de mejorar la oferta de productos y servicios. Por ejemplo, mediante una cookie anal\u00edtica se controlar\u00edan las \u00e1reas geogr\u00e1ficas de mayor inter\u00e9s de un usuario, cu\u00e1l es el producto de m\u00e1s aceptaci\u00f3n, etc.<\/p>\n<p style=\"text-align: justify;\"><strong>Cookies publicitarias:<\/strong><span>\u00a0<\/span>Las cookies publicitarias permiten la gesti\u00f3n de los espacios publicitarios en base a criterios concretos. Por ejemplo la frecuencia de acceso, el contenido editado, etc. Las cookies de publicidad permiten a trav\u00e9s de la gesti\u00f3n de la publicidad almacenar informaci\u00f3n del comportamiento a trav\u00e9s de la observaci\u00f3n de h\u00e1bitos, estudiando los accesos y formando un perfil de preferencias del usuario, para ofrecerle publicidad relacionada con los intereses de su perfil.<\/p>\n<p style=\"text-align: justify;\"><strong>\u00bfQu\u00e9 cookies utilizamos?<\/strong><\/p>\n<table>\n<tbody>\n<tr>\n<th>COOKIE<\/th>\n<th>FINALIDAD<\/th>\n<th>TERCERO<\/th>\n<th>DURACI\u00d3N<\/th>\n<\/tr>\n<tr>\n<td><strong>_ga<\/strong><\/td>\n<td>Cookie utilizada por Google Analytics que contiene un identificador an\u00f3nimo usado para distinguir usuarios.<\/td>\n<td>www.googleanalytics.com<\/td>\n<td>2 a\u00f1os<\/td>\n<\/tr>\n<tr>\n<td><strong>_gat<\/strong><\/td>\n<td>Cookie utilizada por Google Analytics que se usa para diferenciar entre los diferentes objetos de seguimiento creados en la sesi\u00f3n.<\/td>\n<td>www.google-analytics.com<\/td>\n<td>10 minutos desde creaci\u00f3n o modificaci\u00f3n<\/td>\n<\/tr>\n<tr>\n<td><strong>__utma<\/strong><\/td>\n<td>Esta cookie se utiliza para determinar visitantes \u00fanicos a nuestro sitio y es actualizada con cada p\u00e1gina vista.<\/td>\n<td>www.google-analytics.com<\/td>\n<td>2 a\u00f1os desde cada actualizaci\u00f3n.<\/td>\n<\/tr>\n<tr>\n<td><strong>__utmb<\/strong><\/td>\n<td>Esta cookie se utiliza para establecer y continuar una sesi\u00f3n de usuario en nuestro sitio.<\/td>\n<td>www.google-analytics.com<\/td>\n<td>30 minutos desde cada actualizaci\u00f3n.<\/td>\n<\/tr>\n<tr>\n<td><strong>__utmc<\/strong><\/td>\n<td>Hist\u00f3ricamente, esta cookie operaba junto con la cookie __utmb para determinar si se deb\u00eda establecer una nueva sesi\u00f3n al usuario. Hoy en d\u00eda no se utiliza pero sigue aqu\u00ed para mantener compatibilidad hacia atr\u00e1s con el c\u00f3digo de theurchin.js y ga.js.<\/td>\n<td>www.google-analytics.com<\/td>\n<td>De sesi\u00f3n.<\/td>\n<\/tr>\n<tr>\n<td><strong>__utmt<\/strong><\/td>\n<td>La cookie __utmt pasa la informaci\u00f3n hacia el m\u00e9todo setVar(), el cual crea un segmento espec\u00edfico para los usuarios<\/td>\n<td>www.google-analytics.com<\/td>\n<td>2 a\u00f1os desde cada actualizaci\u00f3n.<\/td>\n<\/tr>\n<tr>\n<td><strong>__utmz<\/strong><\/td>\n<td>Esta cookie guarda informaci\u00f3n de referencias utilizadas por el visitante para llegar a nuestro sitio, ya sea de forma directa, un link de referencia, una b\u00fasqueda web o una campa\u00f1a de publicidad o por email. Se utiliza para calcular el tr\u00e1fico proveniente de buscadores web, campa\u00f1as de marketing y navegaci\u00f3n por nuestro sitio.<\/td>\n<td>www.google-analytics.com<\/td>\n<td>6 meses desde cada actualizaci\u00f3n.<\/td>\n<\/tr>\n<tr>\n<td><strong>PHPSESSID<\/strong><\/td>\n<td>Esta cookie es usada por el lenguaje de encriptado PHP para permitir que las variables de SESI\u00d3N sean guardadas en el servidor web.<\/td>\n<td>propia<\/td>\n<td>Sesi\u00f3n<\/td>\n<\/tr>\n<tr>\n<td><strong>pll_language<\/strong><\/td>\n<td>Esta cookie es propia de las herramientas con que se ha desarrollado la web, guarda el idioma escogido en la navegaci\u00f3n.<\/td>\n<td>Propia<\/td>\n<td>1 a\u00f1o<\/td>\n<\/tr>\n<tr>\n<td><strong>woocommerce_cart_hash<\/strong><\/td>\n<td>Permite la funcionalidad de la cesta de la compra.<\/td>\n<td>Propia<\/td>\n<td>Sesi\u00f3n<\/td>\n<\/tr>\n<tr>\n<td><strong>woocommerce_items_in_cart<\/strong><\/td>\n<td>Recoge si se han a\u00f1adido productos al carrito.<\/td>\n<td>Propia<\/td>\n<td>Sesi\u00f3n<\/td>\n<\/tr>\n<tr>\n<td><strong>wordpress_[hash]<\/strong><\/td>\n<td>Esta cookie se activa durante el login y guarda los detalles de autentificaci\u00f3n. Su uso est\u00e1 limitado al \u00e1rea de administraci\u00f3n, \/wp-config\/<\/td>\n<td>Propia<\/td>\n<td>Sesi\u00f3n<\/td>\n<\/tr>\n<tr>\n<td><strong>wordpress_logged_in_[hash]<\/strong><\/td>\n<td>Despu\u00e9s del loggin, WordPress activa la cookie wordpress_logged_in_, cuya funci\u00f3n es indicar cuando se ha conectado y qui\u00e9n es.<\/td>\n<td>Propia<\/td>\n<td>Sesi\u00f3n<\/td>\n<\/tr>\n<tr>\n<td><strong>wordpress_test_cookie<\/strong><\/td>\n<td>Esta cookie se utiliza para que el gestor de contenidos WordPress compruebe si el navegador tiene las cookies activadas.<\/td>\n<td>Propia<\/td>\n<td>Sesi\u00f3n<\/td>\n<\/tr>\n<tr>\n<td><strong>wp-settings-{time}-[UID]<\/strong><\/td>\n<td>Estas cookies son utilizadas por WordPress para personalizar la Interfaz de Usuario.<\/td>\n<td>Propia<\/td>\n<td>1 a\u00f1o<\/td>\n<\/tr>\n<tr>\n<td><strong>wp-settings-time-1<\/strong><\/td>\n<td>Estas cookies son utilizadas por WordPress para personalizar la Interfaz de Usuario<\/td>\n<td>Propia<\/td>\n<td>1 a\u00f1o<\/td>\n<\/tr>\n<tr>\n<td><strong>wp_woocommerce_session<\/strong><\/td>\n<td>Identificador \u00fanico de usuario.<\/td>\n<td>Propia<\/td>\n<td>1 d\u00eda<\/td>\n<\/tr>\n<tr>\n<td><strong>__zlcid<\/strong><\/td>\n<td>Almacena la identificaci\u00f3n de usuario utilizado en cada visita y cada sesi\u00f3n de chat.<\/td>\n<td>Propia<\/td>\n<td><\/td>\n<\/tr>\n<tr>\n<td><strong>__cfduid<\/strong><\/td>\n<td>\n<p>Identifica el tr\u00e1fico web de confianza.<\/p>\n<p>&nbsp;<\/p>\n<p>&nbsp;<\/p>\n<\/td>\n<td>Propia<\/td>\n<td>1 a\u00f1o<\/td>\n<\/tr>\n<\/tbody>\n<\/table>\n<p style=\"text-align: justify;\">\n<p style=\"text-align: justify;\"><strong>\u00bfC\u00f3mo puedo cambiar la configuraci\u00f3n de las cookies?<\/strong><\/p>\n<p style=\"text-align: justify;\"><a href=\"https:\/\/web.archive.org\/web\/20210126001819\/http:\/\/windows.microsoft.com\/es-es\/windows-vista\/block-or-allow-cookies\">Configuraci\u00f3n de cookies de Internet Explorer<\/a><\/p>\n<p style=\"text-align: justify;\">Configuraci\u00f3n de cookies de Firefox<\/p>\n<p style=\"text-align: justify;\"><a href=\"https:\/\/web.archive.org\/web\/20210126001819\/https:\/\/support.google.com\/chrome\/answer\/95647?hl=es\">Configuraci\u00f3n de cookies de Google Chrome<\/a><\/p>\n<p style=\"text-align: justify;\"><a href=\"https:\/\/web.archive.org\/web\/20210126001819\/https:\/\/support.apple.com\/kb\/HT1677?viewlocale=es_ES&amp;locale=es_ES\">Configuraci\u00f3n de cookies de Safari<\/a><\/p>\n<p style=\"text-align: justify;\"><a href=\"https:\/\/web.archive.org\/web\/20210126001819\/https:\/\/www.macromedia.com\/support\/documentation\/es\/flashplayer\/help\/settings_manager03.html\">Configuraci\u00f3n de cookies Flash<\/a><\/p>\n<p style=\"text-align: justify;\">\n<p style=\"text-align: justify;\">Si desea no permitir almacenar ning\u00fan tipo de dato de Flash Player, deseleccione las casillas \u201cPermitir que el contenido de Flash almacene informaci\u00f3n en el equipo\u201d y \u201cAlmacenar los componentes comunes de Flash para reducir los tiempos de descarga\u201d. Si desea limitar la cantidad de datos recogidos por las aplicaciones flash deslice el indicador de la barra del panel de configuraci\u00f3n global de almacenamiento en la posici\u00f3n que desee.<\/p>\n<p style=\"text-align: justify;\">Estos navegadores est\u00e1n sometidos a actualizaciones o modificaciones, por lo que no podemos garantizar que se ajusten completamente a la versi\u00f3n de su navegador. Tambi\u00e9n puede ser que utilice otro navegador no contemplado en estos enlaces como Konqueror, Arora, Flock, etc. Para evitar estos desajustes, puede acceder directamente desde las opciones de su navegador, generalmente en el men\u00fa de \u201cOpciones\u201d en la secci\u00f3n de \u201cPrivacidad\u201d. (Por favor, consulte la ayuda de su navegador para m\u00e1s informaci\u00f3n).<\/p>\n<p>[\/et_pb_text][\/et_pb_column][\/et_pb_row][\/et_pb_section]<\/p>\n","protected":false},"excerpt":{"rendered":"<p>POL\u00cdTICA DE COOKIES Esta p\u00e1gina web usa cookies para mejorar la experiencia del usuario. A continuaci\u00f3n, encontrar\u00e1 informaci\u00f3n sobre qu\u00e9 son las cookies, qu\u00e9 tipo de cookies utiliza esta p\u00e1gina, c\u00f3mo puede desactivar las cookies en su navegador y c\u00f3mo desactivar espec\u00edficamente la instalaci\u00f3n de cookies de terceros. Si no encuentra la informaci\u00f3n espec\u00edfica que [&hellip;]<\/p>\n","protected":false},"author":6,"featured_media":0,"parent":0,"menu_order":0,"comment_status":"closed","ping_status":"closed","template":"","meta":{"_et_pb_use_builder":"on","_et_pb_old_content":"","_et_gb_content_width":"","inline_featured_image":false,"_joinchat":[],"footnotes":""},"class_list":["post-24150","page","type-page","status-publish","hentry"],"yoast_head":"<!-- This site is optimized with the Yoast SEO plugin v27.4 - https:\/\/yoast.com\/product\/yoast-seo-wordpress\/ -->\n<title>Pol\u00edtica de cookies - Mas Vicen\u00e7<\/title>\n<meta name=\"description\" content=\"Aqu\u00ed trobar\u00e1s les condicions d&#039;\u00fas i contractaci\u00f3, a m\u00e9s a m\u00e9s, dels preus dels enviaments de la web de Mas Vicen\u00e7.\" \/>\n<meta name=\"robots\" content=\"noindex, follow\" \/>\n<meta property=\"og:locale\" content=\"es_ES\" \/>\n<meta property=\"og:type\" content=\"article\" \/>\n<meta property=\"og:title\" content=\"Pol\u00edtica de cookies - Mas Vicen\u00e7\" \/>\n<meta property=\"og:description\" content=\"Aqu\u00ed trobar\u00e1s les condicions d&#039;\u00fas i contractaci\u00f3, a m\u00e9s a m\u00e9s, dels preus dels enviaments de la web de Mas Vicen\u00e7.\" \/>\n<meta property=\"og:url\" content=\"https:\/\/masvicens.com\/es\/politica-de-cookies-mas-vicens\/\" \/>\n<meta property=\"og:site_name\" content=\"Celler Mas Vicen\u00e7 | Re-evolucionant la tradici\u00f3\" \/>\n<meta property=\"article:modified_time\" content=\"2021-11-09T10:37:21+00:00\" \/>\n<meta name=\"twitter:card\" content=\"summary_large_image\" \/>\n<meta name=\"twitter:label1\" content=\"Tiempo de lectura\" \/>\n\t<meta name=\"twitter:data1\" content=\"26 minutos\" \/>\n<script type=\"application\/ld+json\" class=\"yoast-schema-graph\">{\"@context\":\"https:\\\/\\\/schema.org\",\"@graph\":[{\"@type\":\"WebPage\",\"@id\":\"https:\\\/\\\/masvicens.com\\\/es\\\/politica-de-cookies-mas-vicens\\\/\",\"url\":\"https:\\\/\\\/masvicens.com\\\/es\\\/politica-de-cookies-mas-vicens\\\/\",\"name\":\"Pol\u00edtica de cookies - Mas Vicen\u00e7\",\"isPartOf\":{\"@id\":\"https:\\\/\\\/masvicens.com\\\/es\\\/#website\"},\"datePublished\":\"2021-11-09T10:32:09+00:00\",\"dateModified\":\"2021-11-09T10:37:21+00:00\",\"description\":\"Aqu\u00ed trobar\u00e1s les condicions d'\u00fas i contractaci\u00f3, a m\u00e9s a m\u00e9s, dels preus dels enviaments de la web de Mas Vicen\u00e7.\",\"breadcrumb\":{\"@id\":\"https:\\\/\\\/masvicens.com\\\/es\\\/politica-de-cookies-mas-vicens\\\/#breadcrumb\"},\"inLanguage\":\"es\",\"potentialAction\":[{\"@type\":\"ReadAction\",\"target\":[\"https:\\\/\\\/masvicens.com\\\/es\\\/politica-de-cookies-mas-vicens\\\/\"]}]},{\"@type\":\"BreadcrumbList\",\"@id\":\"https:\\\/\\\/masvicens.com\\\/es\\\/politica-de-cookies-mas-vicens\\\/#breadcrumb\",\"itemListElement\":[{\"@type\":\"ListItem\",\"position\":1,\"name\":\"Portada\",\"item\":\"https:\\\/\\\/masvicens.com\\\/es\\\/\"},{\"@type\":\"ListItem\",\"position\":2,\"name\":\"Pol\u00edtica de cookies\"}]},{\"@type\":\"WebSite\",\"@id\":\"https:\\\/\\\/masvicens.com\\\/es\\\/#website\",\"url\":\"https:\\\/\\\/masvicens.com\\\/es\\\/\",\"name\":\"Celler Mas Vicen\u00e7 | Re-evolucionant la tradici\u00f3\",\"description\":\"Veniu a viure l&#039;enoturisme i a con\u00e8ixer la nostra col\u00b7lecci\u00f3 de vins elaborats amb la millor selecci\u00f3 de ra\u00efm del nostre celler a Tarragona.\",\"potentialAction\":[{\"@type\":\"SearchAction\",\"target\":{\"@type\":\"EntryPoint\",\"urlTemplate\":\"https:\\\/\\\/masvicens.com\\\/es\\\/?s={search_term_string}\"},\"query-input\":{\"@type\":\"PropertyValueSpecification\",\"valueRequired\":true,\"valueName\":\"search_term_string\"}}],\"inLanguage\":\"es\"}]}<\/script>\n<!-- \/ Yoast SEO plugin. -->","yoast_head_json":{"title":"Pol\u00edtica de cookies - Mas Vicen\u00e7","description":"Aqu\u00ed trobar\u00e1s les condicions d'\u00fas i contractaci\u00f3, a m\u00e9s a m\u00e9s, dels preus dels enviaments de la web de Mas Vicen\u00e7.","robots":{"index":"noindex","follow":"follow"},"og_locale":"es_ES","og_type":"article","og_title":"Pol\u00edtica de cookies - Mas Vicen\u00e7","og_description":"Aqu\u00ed trobar\u00e1s les condicions d'\u00fas i contractaci\u00f3, a m\u00e9s a m\u00e9s, dels preus dels enviaments de la web de Mas Vicen\u00e7.","og_url":"https:\/\/masvicens.com\/es\/politica-de-cookies-mas-vicens\/","og_site_name":"Celler Mas Vicen\u00e7 | Re-evolucionant la tradici\u00f3","article_modified_time":"2021-11-09T10:37:21+00:00","twitter_card":"summary_large_image","twitter_misc":{"Tiempo de lectura":"26 minutos"},"schema":{"@context":"https:\/\/schema.org","@graph":[{"@type":"WebPage","@id":"https:\/\/masvicens.com\/es\/politica-de-cookies-mas-vicens\/","url":"https:\/\/masvicens.com\/es\/politica-de-cookies-mas-vicens\/","name":"Pol\u00edtica de cookies - Mas Vicen\u00e7","isPartOf":{"@id":"https:\/\/masvicens.com\/es\/#website"},"datePublished":"2021-11-09T10:32:09+00:00","dateModified":"2021-11-09T10:37:21+00:00","description":"Aqu\u00ed trobar\u00e1s les condicions d'\u00fas i contractaci\u00f3, a m\u00e9s a m\u00e9s, dels preus dels enviaments de la web de Mas Vicen\u00e7.","breadcrumb":{"@id":"https:\/\/masvicens.com\/es\/politica-de-cookies-mas-vicens\/#breadcrumb"},"inLanguage":"es","potentialAction":[{"@type":"ReadAction","target":["https:\/\/masvicens.com\/es\/politica-de-cookies-mas-vicens\/"]}]},{"@type":"BreadcrumbList","@id":"https:\/\/masvicens.com\/es\/politica-de-cookies-mas-vicens\/#breadcrumb","itemListElement":[{"@type":"ListItem","position":1,"name":"Portada","item":"https:\/\/masvicens.com\/es\/"},{"@type":"ListItem","position":2,"name":"Pol\u00edtica de cookies"}]},{"@type":"WebSite","@id":"https:\/\/masvicens.com\/es\/#website","url":"https:\/\/masvicens.com\/es\/","name":"Celler Mas Vicen\u00e7 | Re-evolucionant la tradici\u00f3","description":"Veniu a viure l&#039;enoturisme i a con\u00e8ixer la nostra col\u00b7lecci\u00f3 de vins elaborats amb la millor selecci\u00f3 de ra\u00efm del nostre celler a Tarragona.","potentialAction":[{"@type":"SearchAction","target":{"@type":"EntryPoint","urlTemplate":"https:\/\/masvicens.com\/es\/?s={search_term_string}"},"query-input":{"@type":"PropertyValueSpecification","valueRequired":true,"valueName":"search_term_string"}}],"inLanguage":"es"}]}},"_links":{"self":[{"href":"https:\/\/masvicens.com\/es\/wp-json\/wp\/v2\/pages\/24150","targetHints":{"allow":["GET"]}}],"collection":[{"href":"https:\/\/masvicens.com\/es\/wp-json\/wp\/v2\/pages"}],"about":[{"href":"https:\/\/masvicens.com\/es\/wp-json\/wp\/v2\/types\/page"}],"author":[{"embeddable":true,"href":"https:\/\/masvicens.com\/es\/wp-json\/wp\/v2\/users\/6"}],"replies":[{"embeddable":true,"href":"https:\/\/masvicens.com\/es\/wp-json\/wp\/v2\/comments?post=24150"}],"version-history":[{"count":0,"href":"https:\/\/masvicens.com\/es\/wp-json\/wp\/v2\/pages\/24150\/revisions"}],"wp:attachment":[{"href":"https:\/\/masvicens.com\/es\/wp-json\/wp\/v2\/media?parent=24150"}],"curies":[{"name":"wp","href":"https:\/\/api.w.org\/{rel}","templated":true}]}}