{"id":25608,"date":"2022-10-21T10:44:02","date_gmt":"2022-10-21T10:44:02","guid":{"rendered":"https:\/\/masvicens.com\/cesta\/"},"modified":"2024-06-10T07:39:28","modified_gmt":"2024-06-10T07:39:28","slug":"cesta","status":"publish","type":"page","link":"https:\/\/masvicens.com\/es\/cesta\/","title":{"rendered":"Cesta"},"content":{"rendered":"<p>[et_pb_section fb_built=&#8221;1&#8243; _builder_version=&#8221;4.16&#8243; global_colors_info=&#8221;{}&#8221;][et_pb_row _builder_version=&#8221;4.16&#8243; background_size=&#8221;initial&#8221; background_position=&#8221;top_left&#8221; background_repeat=&#8221;repeat&#8221; global_colors_info=&#8221;{}&#8221;][et_pb_column type=&#8221;4_4&#8243; _builder_version=&#8221;4.16&#8243; custom_padding=&#8221;|||&#8221; global_colors_info=&#8221;{}&#8221; custom_padding__hover=&#8221;|||&#8221;][et_pb_post_title meta=&#8221;off&#8221; featured_image=&#8221;off&#8221; _builder_version=&#8221;4.16&#8243; global_colors_info=&#8221;{}&#8221;][\/et_pb_post_title][et_pb_wc_cart_notice _builder_version=&#8221;4.16&#8243; global_colors_info=&#8221;{}&#8221;][\/et_pb_wc_cart_notice][et_pb_wc_cart_products _builder_version=&#8221;4.17.0&#8243; custom_button=&#8221;on&#8221; button_bg_color_last_edited=&#8221;off|desktop&#8221; global_colors_info=&#8221;{}&#8221; button_bg_color__hover_enabled=&#8221;on|hover&#8221; button_bg_color__hover=&#8221;#A30121&#8243; button_bg_enable_color__hover=&#8221;on&#8221; button_text_color__hover_enabled=&#8221;on|hover&#8221; button_text_color__hover=&#8221;#ffffff&#8221;][\/et_pb_wc_cart_products][et_pb_code _builder_version=&#8221;4.16&#8243; _module_preset=&#8221;default&#8221; global_colors_info=&#8221;{}&#8221;]<\/p>\n<style><!-- [et_pb_line_break_holder] -->.giftwrap_details{<!-- [et_pb_line_break_holder] -->  font-size: 22px;<!-- [et_pb_line_break_holder] -->}<!-- [et_pb_line_break_holder] --><!-- [et_pb_line_break_holder] -->.giftwrap_ul{<!-- [et_pb_line_break_holder] -->  font-size: 18px;<!-- [et_pb_line_break_holder] -->}<!-- [et_pb_line_break_holder] --><!-- [et_pb_line_break_holder] -->div.wc_giftwrap_notes_container{<!-- [et_pb_line_break_holder] -->  display:none;<!-- [et_pb_line_break_holder] -->}<!-- [et_pb_line_break_holder] --> \/* <!-- [et_pb_line_break_holder] -->.wc-giftwrap.giftwrap_checkout.wcgwp_could_giftwrap:nth-child(2), .wc-giftwrap.giftwrap_checkout.wcgwp_could_giftwrap:nth-child(3), .wc-giftwrap.giftwrap_checkout.wcgwp_could_giftwrap:nth-child(4) {<!-- [et_pb_line_break_holder] -->    display: none !important;<!-- [et_pb_line_break_holder] -->}<!-- [et_pb_line_break_holder] -->  *\/<!-- [et_pb_line_break_holder] --><\/style>\n<p><!-- [et_pb_line_break_holder] --><pee><!-- [et_pb_line_break_holder] --><!-- [et_pb_line_break_holder] --><script><!-- [et_pb_line_break_holder] -->window.onload = translateGift;<!-- [et_pb_line_break_holder] --><!-- [et_pb_line_break_holder] -->function translateGift() {<!-- [et_pb_line_break_holder] --><!-- [et_pb_line_break_holder] -->  let buttonGift = document.querySelector('button.show_giftwrap'),<!-- [et_pb_line_break_holder] -->    buttonCancelGift = document.querySelector('button.cancel_giftwrap'),<!-- [et_pb_line_break_holder] -->    buttonAddGift = document.querySelector('button.giftwrap_submit'),<!-- [et_pb_line_break_holder] -->    giftDetail = document.querySelector('.giftwrap_details')<!-- [et_pb_line_break_holder] --><!-- [et_pb_line_break_holder] -->  switch (document.documentElement.lang) {<!-- [et_pb_line_break_holder] -->    case \"ca\":<!-- [et_pb_line_break_holder] -->      buttonGift.textContent = 'Agregar regal dia del pare'<!-- [et_pb_line_break_holder] -->      buttonCancelGift.textContent = 'Cancelar'<!-- [et_pb_line_break_holder] -->      giftDetail.textContent = 'Tenim per a tu el seg\u00fcent regal:'<!-- [et_pb_line_break_holder] -->      buttonAddGift.textContent = 'Agregar regal'<!-- [et_pb_line_break_holder] -->      break;<!-- [et_pb_line_break_holder] -->   case \"es\":<!-- [et_pb_line_break_holder] -->\t\t   buttonGift.textContent = 'Agregar regalo d\u00eda del padre'<!-- [et_pb_line_break_holder] -->      buttonCancelGift.textContent = 'Cancelar'<!-- [et_pb_line_break_holder] -->      giftDetail.textContent = 'Tenemos para ti el siguiente regalo:'<!-- [et_pb_line_break_holder] -->      buttonAddGift.textContent = 'Agregar regalo'<!-- [et_pb_line_break_holder] -->   break;<!-- [et_pb_line_break_holder] -->   case \"en\":<!-- [et_pb_line_break_holder] -->\t\t   buttonGift.textContent = \"Add gift father's day\"<!-- [et_pb_line_break_holder] -->      buttonCancelGift.textContent = 'Cancel'<!-- [et_pb_line_break_holder] -->      giftDetail.textContent = 'We have for you the following gift:'<!-- [et_pb_line_break_holder] -->      buttonAddGift.textContent = 'Add gift'<!-- [et_pb_line_break_holder] -->   break;<!-- [et_pb_line_break_holder] -->   case \"fr\":<!-- [et_pb_line_break_holder] -->\t\t   buttonGift.textContent = \"Ajouter cadeau f\u00eate des p\u00e8res\"<!-- [et_pb_line_break_holder] -->      buttonCancelGift.textContent = 'Annuler'<!-- [et_pb_line_break_holder] -->      giftDetail.textContent = 'Nous avons pour vous le cadeau suivant :'<!-- [et_pb_line_break_holder] -->      buttonAddGift.textContent = 'Ajouter un cadeau'<!-- [et_pb_line_break_holder] -->   break;<!-- [et_pb_line_break_holder] -->  }<!-- [et_pb_line_break_holder] -->}<!-- [et_pb_line_break_holder] --><!-- [et_pb_line_break_holder] --><\/script>[\/et_pb_code][\/et_pb_column][\/et_pb_row][et_pb_row column_structure=&#8221;1_2,1_2&#8243; _builder_version=&#8221;4.16&#8243; background_size=&#8221;initial&#8221; background_position=&#8221;top_left&#8221; background_repeat=&#8221;repeat&#8221; global_colors_info=&#8221;{}&#8221;][et_pb_column type=&#8221;1_2&#8243; _builder_version=&#8221;4.16&#8243; custom_padding=&#8221;|||&#8221; global_colors_info=&#8221;{}&#8221; custom_padding__hover=&#8221;|||&#8221;][et_pb_wc_cross_sells _builder_version=&#8221;4.16&#8243; global_colors_info=&#8221;{}&#8221;][\/et_pb_wc_cross_sells][\/et_pb_column][et_pb_column type=&#8221;1_2&#8243; _builder_version=&#8221;4.16&#8243; custom_padding=&#8221;|||&#8221; global_colors_info=&#8221;{}&#8221; custom_padding__hover=&#8221;|||&#8221;][et_pb_wc_cart_totals _builder_version=&#8221;4.17.0&#8243; custom_button=&#8221;on&#8221; button_text_color=&#8221;#A30121&#8243; button_border_color=&#8221;#A30121&#8243; global_colors_info=&#8221;{}&#8221; button_text_color__hover_enabled=&#8221;on|hover&#8221; button_text_color__hover=&#8221;#ffffff&#8221; button_bg_color__hover_enabled=&#8221;on|hover&#8221; button_bg_color__hover=&#8221;#A30121&#8243; button_bg_enable_color__hover=&#8221;on&#8221;][\/et_pb_wc_cart_totals][\/et_pb_column][\/et_pb_row][\/et_pb_section]<\/p>\n","protected":false},"excerpt":{"rendered":"","protected":false},"author":1,"featured_media":0,"parent":0,"menu_order":0,"comment_status":"closed","ping_status":"closed","template":"","meta":{"_et_pb_use_builder":"on","_et_pb_old_content":"","_et_gb_content_width":"","inline_featured_image":false,"_joinchat":[],"footnotes":""},"class_list":["post-25608","page","type-page","status-publish","hentry"],"yoast_head":"<!-- This site is optimized with the Yoast SEO plugin v27.3 - https:\/\/yoast.com\/product\/yoast-seo-wordpress\/ -->\n<title>Cesta - Celler Mas Vicen\u00e7 | Re-evolucionant la tradici\u00f3<\/title>\n<meta name=\"robots\" content=\"index, follow, max-snippet:-1, max-image-preview:large, max-video-preview:-1\" \/>\n<link rel=\"canonical\" href=\"https:\/\/masvicens.com\/es\/cesta\/\" \/>\n<meta property=\"og:locale\" content=\"es_ES\" \/>\n<meta property=\"og:type\" content=\"article\" \/>\n<meta property=\"og:title\" content=\"Cesta - Celler Mas Vicen\u00e7 | Re-evolucionant la tradici\u00f3\" \/>\n<meta property=\"og:url\" content=\"https:\/\/masvicens.com\/es\/cesta\/\" \/>\n<meta property=\"og:site_name\" content=\"Celler Mas Vicen\u00e7 | Re-evolucionant la tradici\u00f3\" \/>\n<meta property=\"article:modified_time\" content=\"2024-06-10T07:39:28+00:00\" \/>\n<meta name=\"twitter:card\" content=\"summary_large_image\" \/>\n<meta name=\"twitter:label1\" content=\"Tiempo de lectura\" \/>\n\t<meta name=\"twitter:data1\" content=\"1 minuto\" \/>\n<script type=\"application\/ld+json\" class=\"yoast-schema-graph\">{\"@context\":\"https:\\\/\\\/schema.org\",\"@graph\":[{\"@type\":\"WebPage\",\"@id\":\"https:\\\/\\\/masvicens.com\\\/es\\\/cesta\\\/\",\"url\":\"https:\\\/\\\/masvicens.com\\\/es\\\/cesta\\\/\",\"name\":\"Cesta - Celler Mas Vicen\u00e7 | Re-evolucionant la tradici\u00f3\",\"isPartOf\":{\"@id\":\"https:\\\/\\\/masvicens.com\\\/es\\\/#website\"},\"datePublished\":\"2022-10-21T10:44:02+00:00\",\"dateModified\":\"2024-06-10T07:39:28+00:00\",\"breadcrumb\":{\"@id\":\"https:\\\/\\\/masvicens.com\\\/es\\\/cesta\\\/#breadcrumb\"},\"inLanguage\":\"es\",\"potentialAction\":[{\"@type\":\"ReadAction\",\"target\":[\"https:\\\/\\\/masvicens.com\\\/es\\\/cesta\\\/\"]}]},{\"@type\":\"BreadcrumbList\",\"@id\":\"https:\\\/\\\/masvicens.com\\\/es\\\/cesta\\\/#breadcrumb\",\"itemListElement\":[{\"@type\":\"ListItem\",\"position\":1,\"name\":\"Portada\",\"item\":\"https:\\\/\\\/masvicens.com\\\/es\\\/\"},{\"@type\":\"ListItem\",\"position\":2,\"name\":\"Cesta\"}]},{\"@type\":\"WebSite\",\"@id\":\"https:\\\/\\\/masvicens.com\\\/es\\\/#website\",\"url\":\"https:\\\/\\\/masvicens.com\\\/es\\\/\",\"name\":\"Celler Mas Vicen\u00e7 | Re-evolucionant la tradici\u00f3\",\"description\":\"Veniu a viure l&#039;enoturisme i a con\u00e8ixer la nostra col\u00b7lecci\u00f3 de vins elaborats amb la millor selecci\u00f3 de ra\u00efm del nostre celler a Tarragona.\",\"potentialAction\":[{\"@type\":\"SearchAction\",\"target\":{\"@type\":\"EntryPoint\",\"urlTemplate\":\"https:\\\/\\\/masvicens.com\\\/es\\\/?s={search_term_string}\"},\"query-input\":{\"@type\":\"PropertyValueSpecification\",\"valueRequired\":true,\"valueName\":\"search_term_string\"}}],\"inLanguage\":\"es\"}]}<\/script>\n<!-- \/ Yoast SEO plugin. -->","yoast_head_json":{"title":"Cesta - Celler Mas Vicen\u00e7 | Re-evolucionant la tradici\u00f3","robots":{"index":"index","follow":"follow","max-snippet":"max-snippet:-1","max-image-preview":"max-image-preview:large","max-video-preview":"max-video-preview:-1"},"canonical":"https:\/\/masvicens.com\/es\/cesta\/","og_locale":"es_ES","og_type":"article","og_title":"Cesta - Celler Mas Vicen\u00e7 | Re-evolucionant la tradici\u00f3","og_url":"https:\/\/masvicens.com\/es\/cesta\/","og_site_name":"Celler Mas Vicen\u00e7 | Re-evolucionant la tradici\u00f3","article_modified_time":"2024-06-10T07:39:28+00:00","twitter_card":"summary_large_image","twitter_misc":{"Tiempo de lectura":"1 minuto"},"schema":{"@context":"https:\/\/schema.org","@graph":[{"@type":"WebPage","@id":"https:\/\/masvicens.com\/es\/cesta\/","url":"https:\/\/masvicens.com\/es\/cesta\/","name":"Cesta - Celler Mas Vicen\u00e7 | Re-evolucionant la tradici\u00f3","isPartOf":{"@id":"https:\/\/masvicens.com\/es\/#website"},"datePublished":"2022-10-21T10:44:02+00:00","dateModified":"2024-06-10T07:39:28+00:00","breadcrumb":{"@id":"https:\/\/masvicens.com\/es\/cesta\/#breadcrumb"},"inLanguage":"es","potentialAction":[{"@type":"ReadAction","target":["https:\/\/masvicens.com\/es\/cesta\/"]}]},{"@type":"BreadcrumbList","@id":"https:\/\/masvicens.com\/es\/cesta\/#breadcrumb","itemListElement":[{"@type":"ListItem","position":1,"name":"Portada","item":"https:\/\/masvicens.com\/es\/"},{"@type":"ListItem","position":2,"name":"Cesta"}]},{"@type":"WebSite","@id":"https:\/\/masvicens.com\/es\/#website","url":"https:\/\/masvicens.com\/es\/","name":"Celler Mas Vicen\u00e7 | Re-evolucionant la tradici\u00f3","description":"Veniu a viure l&#039;enoturisme i a con\u00e8ixer la nostra col\u00b7lecci\u00f3 de vins elaborats amb la millor selecci\u00f3 de ra\u00efm del nostre celler a Tarragona.","potentialAction":[{"@type":"SearchAction","target":{"@type":"EntryPoint","urlTemplate":"https:\/\/masvicens.com\/es\/?s={search_term_string}"},"query-input":{"@type":"PropertyValueSpecification","valueRequired":true,"valueName":"search_term_string"}}],"inLanguage":"es"}]}},"_links":{"self":[{"href":"https:\/\/masvicens.com\/es\/wp-json\/wp\/v2\/pages\/25608","targetHints":{"allow":["GET"]}}],"collection":[{"href":"https:\/\/masvicens.com\/es\/wp-json\/wp\/v2\/pages"}],"about":[{"href":"https:\/\/masvicens.com\/es\/wp-json\/wp\/v2\/types\/page"}],"author":[{"embeddable":true,"href":"https:\/\/masvicens.com\/es\/wp-json\/wp\/v2\/users\/1"}],"replies":[{"embeddable":true,"href":"https:\/\/masvicens.com\/es\/wp-json\/wp\/v2\/comments?post=25608"}],"version-history":[{"count":1,"href":"https:\/\/masvicens.com\/es\/wp-json\/wp\/v2\/pages\/25608\/revisions"}],"predecessor-version":[{"id":28495,"href":"https:\/\/masvicens.com\/es\/wp-json\/wp\/v2\/pages\/25608\/revisions\/28495"}],"wp:attachment":[{"href":"https:\/\/masvicens.com\/es\/wp-json\/wp\/v2\/media?parent=25608"}],"curies":[{"name":"wp","href":"https:\/\/api.w.org\/{rel}","templated":true}]}}