{"id":31013,"date":"2025-09-10T19:21:29","date_gmt":"2025-09-10T19:21:29","guid":{"rendered":"https:\/\/masvicens.com\/?page_id=31013"},"modified":"2025-10-23T08:06:46","modified_gmt":"2025-10-23T08:06:46","slug":"reservar-enoturismo-mas-vicenc","status":"publish","type":"page","link":"https:\/\/masvicens.com\/es\/reservar-enoturismo-mas-vicenc\/","title":{"rendered":"Reservar enoturismo Mas Vicen\u00e7"},"content":{"rendered":"<p>[et_pb_section fb_built=&#8221;1&#8243; _builder_version=&#8221;4.27.4&#8243; _module_preset=&#8221;default&#8221; background_color=&#8221;#A30121&#8243; hover_enabled=&#8221;0&#8243; global_colors_info=&#8221;{}&#8221; locked=&#8221;off&#8221; sticky_enabled=&#8221;0&#8243;][et_pb_row _builder_version=&#8221;4.27.4&#8243; _module_preset=&#8221;default&#8221; global_colors_info=&#8221;{}&#8221;][et_pb_column type=&#8221;4_4&#8243; _builder_version=&#8221;4.27.4&#8243; _module_preset=&#8221;default&#8221; global_colors_info=&#8221;{}&#8221;][et_pb_heading title=&#8221;Vive Mas Vicen\u00e7: experiencias que unen tierra, vino y gastronom\u00eda&#8221; _builder_version=&#8221;4.27.4&#8243; _module_preset=&#8221;dc48aa2e-72bb-4d08-96d8-ceaaa20d2b50&#8243; title_text_align=&#8221;center&#8221; title_text_color=&#8221;#ffffff&#8221; title_font_size=&#8221;68px&#8221; hover_enabled=&#8221;0&#8243; global_colors_info=&#8221;{}&#8221; sticky_enabled=&#8221;0&#8243;][\/et_pb_heading][\/et_pb_column][\/et_pb_row][et_pb_row _builder_version=&#8221;4.27.4&#8243; _module_preset=&#8221;default&#8221; global_colors_info=&#8221;{}&#8221;][et_pb_column type=&#8221;4_4&#8243; _builder_version=&#8221;4.27.4&#8243; _module_preset=&#8221;default&#8221; global_colors_info=&#8221;{}&#8221;][et_pb_divider color=&#8221;#DDDDDD&#8221; divider_position=&#8221;center&#8221; _builder_version=&#8221;4.27.4&#8243; _module_preset=&#8221;default&#8221; border_color_all=&#8221;#A30121&#8243; global_colors_info=&#8221;{}&#8221;][\/et_pb_divider][\/et_pb_column][\/et_pb_row][et_pb_row _builder_version=&#8221;4.27.4&#8243; _module_preset=&#8221;default&#8221; global_colors_info=&#8221;{}&#8221;][et_pb_column type=&#8221;4_4&#8243; _builder_version=&#8221;4.27.4&#8243; _module_preset=&#8221;default&#8221; global_colors_info=&#8221;{}&#8221;][et_pb_text _builder_version=&#8221;4.27.4&#8243; _module_preset=&#8221;default&#8221; text_font=&#8221;|&#8211;et_global_body_font_weight|||||||&#8221; text_text_color=&#8221;#DDDDDD&#8221; text_font_size=&#8221;17px&#8221; text_orientation=&#8221;center&#8221; hover_enabled=&#8221;0&#8243; global_colors_info=&#8221;{}&#8221; sticky_enabled=&#8221;0&#8243;]<\/p>\n<p data-start=\"475\" data-end=\"821\">Sum\u00e9rgete en la esencia de una bodega familiar en el coraz\u00f3n del Alt Camp.<br data-start=\"654\" data-end=\"657\" \/>Disfruta de recorridos entre vi\u00f1edos, prueba nuestros vinos y participa en actividades especiales en fechas se\u00f1aladas: maridajes, vendimia, caminatas y mucho m\u00e1s.<\/p>\n<p data-start=\"823\" data-end=\"893\"><strong>\u00a1Reserva f\u00e1cilmente tu experiencia y empieza a brindar con nosotros!<\/strong><\/p>\n<p>[\/et_pb_text][\/et_pb_column][\/et_pb_row][\/et_pb_section][et_pb_section fb_built=&#8221;1&#8243; _builder_version=&#8221;4.27.4&#8243; _module_preset=&#8221;default&#8221; hover_enabled=&#8221;0&#8243; global_colors_info=&#8221;{}&#8221; background_color=&#8221;#A30121&#8243; sticky_enabled=&#8221;0&#8243;][et_pb_row column_structure=&#8221;1_2,1_2&#8243; _builder_version=&#8221;4.27.4&#8243; _module_preset=&#8221;default&#8221; width=&#8221;100%&#8221; max_width=&#8221;1440px&#8221; global_colors_info=&#8221;{}&#8221;][et_pb_column type=&#8221;1_2&#8243; _builder_version=&#8221;4.27.4&#8243; _module_preset=&#8221;default&#8221; global_colors_info=&#8221;{}&#8221;][et_pb_code _builder_version=&#8221;4.27.4&#8243; _module_preset=&#8221;default&#8221; global_colors_info=&#8221;{}&#8221;]<script>\n  if (typeof hasAmeliaEvent === 'undefined') {\n    var hasAmeliaEvent = true;\n  }\n  if (typeof hasEventApiCall === 'undefined' && ('' === '' && '' !== '1')) {\n    var hasEventApiCall = true;\n  }\n  var hasEventShortcode = (typeof hasEventShortcode === 'undefined') ? false : true;\n  var ameliaShortcodeData = (typeof ameliaShortcodeData === 'undefined') ? [] : ameliaShortcodeData;\n  ameliaShortcodeData.push(\n    {\n      'hasApiCall': (typeof hasEventApiCall !== 'undefined') && hasEventApiCall,\n      'trigger': '',\n      'trigger_type': '',\n      'triggered_form': 'ecf',\n      'in_dialog': '',\n      'counter': '1000',\n      'employee': '',\n      'eventId': '2',\n      'eventRecurring': 1,\n      'eventTag': \"\",\n      'locationId': \"\"\n    }\n  );\n  var ameliaShortcodeDataTriggered = (typeof ameliaShortcodeDataTriggered === 'undefined') ? [] : ameliaShortcodeDataTriggered;\n  if (ameliaShortcodeData[ameliaShortcodeData.length - 1].trigger !== '') {\n    if (ameliaShortcodeDataTriggered.filter(a => a.counter === ameliaShortcodeData[ameliaShortcodeData.length - 1].counter).length === 0) {\n      ameliaShortcodeDataTriggered.push(ameliaShortcodeData.pop());\n    } else {\n      ameliaShortcodeData.pop()\n    }\n  }\n  if (typeof hasEventApiCall !== 'undefined' && hasEventApiCall) {\n    hasEventApiCall = false;\n  }\n<\/script>\n\n<div\n  id=\"amelia-v2-booking-1000\"\n  class=\"amelia-v2-booking\"\n>\n    <events-calendar-form-wrapper><\/div>\n[\/et_pb_code][\/et_pb_column][et_pb_column type=&#8221;1_2&#8243; _builder_version=&#8221;4.27.4&#8243; _module_preset=&#8221;default&#8221; global_colors_info=&#8221;{}&#8221;][et_pb_code _builder_version=&#8221;4.27.4&#8243; _module_preset=&#8221;default&#8221; global_colors_info=&#8221;{}&#8221;]<script>\n  if (typeof hasAmeliaEvent === 'undefined') {\n    var hasAmeliaEvent = true;\n  }\n  if (typeof hasEventApiCall === 'undefined' && ('' === '' && '' !== '1')) {\n    var hasEventApiCall = true;\n  }\n  var hasEventShortcode = (typeof hasEventShortcode === 'undefined') ? false : true;\n  var ameliaShortcodeData = (typeof ameliaShortcodeData === 'undefined') ? [] : ameliaShortcodeData;\n  ameliaShortcodeData.push(\n    {\n      'hasApiCall': (typeof hasEventApiCall !== 'undefined') && hasEventApiCall,\n      'trigger': '',\n      'trigger_type': '',\n      'triggered_form': 'ecf',\n      'in_dialog': '',\n      'counter': '1001',\n      'employee': '',\n      'eventId': '1096',\n      'eventRecurring': 1,\n      'eventTag': \"\",\n      'locationId': \"\"\n    }\n  );\n  var ameliaShortcodeDataTriggered = (typeof ameliaShortcodeDataTriggered === 'undefined') ? [] : ameliaShortcodeDataTriggered;\n  if (ameliaShortcodeData[ameliaShortcodeData.length - 1].trigger !== '') {\n    if (ameliaShortcodeDataTriggered.filter(a => a.counter === ameliaShortcodeData[ameliaShortcodeData.length - 1].counter).length === 0) {\n      ameliaShortcodeDataTriggered.push(ameliaShortcodeData.pop());\n    } else {\n      ameliaShortcodeData.pop()\n    }\n  }\n  if (typeof hasEventApiCall !== 'undefined' && hasEventApiCall) {\n    hasEventApiCall = false;\n  }\n<\/script>\n\n<div\n  id=\"amelia-v2-booking-1001\"\n  class=\"amelia-v2-booking\"\n>\n    <events-calendar-form-wrapper><\/div>\n[\/et_pb_code][\/et_pb_column][\/et_pb_row][et_pb_row _builder_version=&#8221;4.27.4&#8243; _module_preset=&#8221;default&#8221; global_colors_info=&#8221;{}&#8221;][et_pb_column type=&#8221;4_4&#8243; _builder_version=&#8221;4.27.4&#8243; _module_preset=&#8221;default&#8221; global_colors_info=&#8221;{}&#8221;][et_pb_divider divider_position=&#8221;center&#8221; _builder_version=&#8221;4.27.4&#8243; _module_preset=&#8221;default&#8221; global_colors_info=&#8221;{}&#8221;][\/et_pb_divider][\/et_pb_column][\/et_pb_row][\/et_pb_section]<\/p>\n","protected":false},"excerpt":{"rendered":"<p>Sum\u00e9rgete en la esencia de una bodega familiar en el coraz\u00f3n del Alt Camp.Disfruta de recorridos entre vi\u00f1edos, prueba nuestros vinos y participa en actividades especiales en fechas se\u00f1aladas: maridajes, vendimia, caminatas y mucho m\u00e1s. \u00a1Reserva f\u00e1cilmente tu experiencia y empieza a brindar con nosotros!<script>\n  if (typeof hasAmeliaEvent === 'undefined') {\n    var hasAmeliaEvent = true;\n  }\n  if (typeof hasEventApiCall === 'undefined' && ('' === '' && '' !== '1')) {\n    var hasEventApiCall = true;\n  }\n  var hasEventShortcode = (typeof hasEventShortcode === 'undefined') ? false : true;\n  var ameliaShortcodeData = (typeof ameliaShortcodeData === 'undefined') ? [] : ameliaShortcodeData;\n  ameliaShortcodeData.push(\n    {\n      'hasApiCall': (typeof hasEventApiCall !== 'undefined') && hasEventApiCall,\n      'trigger': '',\n      'trigger_type': '',\n      'triggered_form': 'ecf',\n      'in_dialog': '',\n      'counter': '1002',\n      'employee': '',\n      'eventId': '2',\n      'eventRecurring': 1,\n      'eventTag': \"\",\n      'locationId': \"\"\n    }\n  );\n  var ameliaShortcodeDataTriggered = (typeof ameliaShortcodeDataTriggered === 'undefined') ? [] : ameliaShortcodeDataTriggered;\n  if (ameliaShortcodeData[ameliaShortcodeData.length - 1].trigger !== '') {\n    if (ameliaShortcodeDataTriggered.filter(a => a.counter === ameliaShortcodeData[ameliaShortcodeData.length - 1].counter).length === 0) {\n      ameliaShortcodeDataTriggered.push(ameliaShortcodeData.pop());\n    } else {\n      ameliaShortcodeData.pop()\n    }\n  }\n  if (typeof hasEventApiCall !== 'undefined' && hasEventApiCall) {\n    hasEventApiCall = false;\n  }\n<\/script>\n\n<div\n  id=\"amelia-v2-booking-1002\"\n  class=\"amelia-v2-booking\"\n>\n    <events-calendar-form-wrapper><\/div>\n<script>\n  if (typeof hasAmeliaEvent === 'undefined') {\n    var hasAmeliaEvent = true;\n  }\n  if (typeof hasEventApiCall === 'undefined' && ('' === '' && '' !== '1')) {\n    var hasEventApiCall = true;\n  }\n  var hasEventShortcode = (typeof hasEventShortcode === 'undefined') ? false : true;\n  var ameliaShortcodeData = (typeof ameliaShortcodeData === 'undefined') ? [] : ameliaShortcodeData;\n  ameliaShortcodeData.push(\n    {\n      'hasApiCall': (typeof hasEventApiCall !== 'undefined') && hasEventApiCall,\n      'trigger': '',\n      'trigger_type': '',\n      'triggered_form': 'ecf',\n      'in_dialog': '',\n      'counter': '1003',\n      'employee': '',\n      'eventId': '1096',\n      'eventRecurring': 1,\n      'eventTag': \"\",\n      'locationId': \"\"\n    }\n  );\n  var ameliaShortcodeDataTriggered = (typeof ameliaShortcodeDataTriggered === 'undefined') ? [] : ameliaShortcodeDataTriggered;\n  if (ameliaShortcodeData[ameliaShortcodeData.length - 1].trigger !== '') {\n    if (ameliaShortcodeDataTriggered.filter(a => a.counter === ameliaShortcodeData[ameliaShortcodeData.length - 1].counter).length === 0) {\n      ameliaShortcodeDataTriggered.push(ameliaShortcodeData.pop());\n    } else {\n      ameliaShortcodeData.pop()\n    }\n  }\n  if (typeof hasEventApiCall !== 'undefined' && hasEventApiCall) {\n    hasEventApiCall = false;\n  }\n<\/script>\n\n<div\n  id=\"amelia-v2-booking-1003\"\n  class=\"amelia-v2-booking\"\n>\n    <events-calendar-form-wrapper><\/div>\n<\/p>\n","protected":false},"author":10,"featured_media":31150,"parent":0,"menu_order":0,"comment_status":"closed","ping_status":"closed","template":"","meta":{"_et_pb_use_builder":"on","_et_pb_old_content":"","_et_gb_content_width":"","inline_featured_image":false,"_joinchat":[],"footnotes":""},"class_list":["post-31013","page","type-page","status-publish","has-post-thumbnail","hentry"],"yoast_head":"<!-- This site is optimized with the Yoast SEO plugin v27.3 - https:\/\/yoast.com\/product\/yoast-seo-wordpress\/ -->\n<title>Reservar enoturismo Mas Vicen\u00e7 - Celler Mas Vicen\u00e7 | Re-evolucionant la tradici\u00f3<\/title>\n<meta name=\"description\" content=\"\u00a1Reserva tu enoturismo en Mas Vicen\u00e7! Disfruta de recorridos entre vi\u00f1edos, prueba nuestros vinos y vive actividades \u00fanicas.\" \/>\n<meta name=\"robots\" content=\"noindex, nofollow\" \/>\n<meta property=\"og:locale\" content=\"es_ES\" \/>\n<meta property=\"og:type\" content=\"article\" \/>\n<meta property=\"og:title\" content=\"Reservar enoturismo Mas Vicen\u00e7 - Celler Mas Vicen\u00e7 | Re-evolucionant la tradici\u00f3\" \/>\n<meta property=\"og:description\" content=\"\u00a1Reserva tu enoturismo en Mas Vicen\u00e7! Disfruta de recorridos entre vi\u00f1edos, prueba nuestros vinos y vive actividades \u00fanicas.\" \/>\n<meta property=\"og:url\" content=\"https:\/\/masvicens.com\/es\/reservar-enoturismo-mas-vicenc\/\" \/>\n<meta property=\"og:site_name\" content=\"Celler Mas Vicen\u00e7 | Re-evolucionant la tradici\u00f3\" \/>\n<meta property=\"article:modified_time\" content=\"2025-10-23T08:06:46+00:00\" \/>\n<meta property=\"og:image\" content=\"https:\/\/masvicens.com\/wp-content\/uploads\/2025\/09\/MSV-VisitaGuiada-51.webp\" \/>\n\t<meta property=\"og:image:width\" content=\"2000\" \/>\n\t<meta property=\"og:image:height\" content=\"1333\" \/>\n\t<meta property=\"og:image:type\" content=\"image\/webp\" \/>\n<meta name=\"twitter:card\" content=\"summary_large_image\" \/>\n<meta name=\"twitter:label1\" content=\"Tiempo de lectura\" \/>\n\t<meta name=\"twitter:data1\" content=\"1 minuto\" \/>\n<script type=\"application\/ld+json\" class=\"yoast-schema-graph\">{\"@context\":\"https:\\\/\\\/schema.org\",\"@graph\":[{\"@type\":\"WebPage\",\"@id\":\"https:\\\/\\\/masvicens.com\\\/es\\\/reservar-enoturismo-mas-vicenc\\\/\",\"url\":\"https:\\\/\\\/masvicens.com\\\/es\\\/reservar-enoturismo-mas-vicenc\\\/\",\"name\":\"Reservar enoturismo Mas Vicen\u00e7 - Celler Mas Vicen\u00e7 | Re-evolucionant la tradici\u00f3\",\"isPartOf\":{\"@id\":\"https:\\\/\\\/masvicens.com\\\/es\\\/#website\"},\"primaryImageOfPage\":{\"@id\":\"https:\\\/\\\/masvicens.com\\\/es\\\/reservar-enoturismo-mas-vicenc\\\/#primaryimage\"},\"image\":{\"@id\":\"https:\\\/\\\/masvicens.com\\\/es\\\/reservar-enoturismo-mas-vicenc\\\/#primaryimage\"},\"thumbnailUrl\":\"https:\\\/\\\/masvicens.com\\\/wp-content\\\/uploads\\\/2025\\\/09\\\/MSV-VisitaGuiada-51.webp\",\"datePublished\":\"2025-09-10T19:21:29+00:00\",\"dateModified\":\"2025-10-23T08:06:46+00:00\",\"description\":\"\u00a1Reserva tu enoturismo en Mas Vicen\u00e7! Disfruta de recorridos entre vi\u00f1edos, prueba nuestros vinos y vive actividades \u00fanicas.\",\"breadcrumb\":{\"@id\":\"https:\\\/\\\/masvicens.com\\\/es\\\/reservar-enoturismo-mas-vicenc\\\/#breadcrumb\"},\"inLanguage\":\"es\",\"potentialAction\":[{\"@type\":\"ReadAction\",\"target\":[\"https:\\\/\\\/masvicens.com\\\/es\\\/reservar-enoturismo-mas-vicenc\\\/\"]}]},{\"@type\":\"ImageObject\",\"inLanguage\":\"es\",\"@id\":\"https:\\\/\\\/masvicens.com\\\/es\\\/reservar-enoturismo-mas-vicenc\\\/#primaryimage\",\"url\":\"https:\\\/\\\/masvicens.com\\\/wp-content\\\/uploads\\\/2025\\\/09\\\/MSV-VisitaGuiada-51.webp\",\"contentUrl\":\"https:\\\/\\\/masvicens.com\\\/wp-content\\\/uploads\\\/2025\\\/09\\\/MSV-VisitaGuiada-51.webp\",\"width\":2000,\"height\":1333,\"caption\":\"Enoturismo en Tarragona\"},{\"@type\":\"BreadcrumbList\",\"@id\":\"https:\\\/\\\/masvicens.com\\\/es\\\/reservar-enoturismo-mas-vicenc\\\/#breadcrumb\",\"itemListElement\":[{\"@type\":\"ListItem\",\"position\":1,\"name\":\"Portada\",\"item\":\"https:\\\/\\\/masvicens.com\\\/es\\\/\"},{\"@type\":\"ListItem\",\"position\":2,\"name\":\"Reservar enoturismo Mas Vicen\u00e7\"}]},{\"@type\":\"WebSite\",\"@id\":\"https:\\\/\\\/masvicens.com\\\/es\\\/#website\",\"url\":\"https:\\\/\\\/masvicens.com\\\/es\\\/\",\"name\":\"Celler Mas Vicen\u00e7 | Re-evolucionant la tradici\u00f3\",\"description\":\"Veniu a viure l&#039;enoturisme i a con\u00e8ixer la nostra col\u00b7lecci\u00f3 de vins elaborats amb la millor selecci\u00f3 de ra\u00efm del nostre celler a Tarragona.\",\"potentialAction\":[{\"@type\":\"SearchAction\",\"target\":{\"@type\":\"EntryPoint\",\"urlTemplate\":\"https:\\\/\\\/masvicens.com\\\/es\\\/?s={search_term_string}\"},\"query-input\":{\"@type\":\"PropertyValueSpecification\",\"valueRequired\":true,\"valueName\":\"search_term_string\"}}],\"inLanguage\":\"es\"}]}<\/script>\n<!-- \/ Yoast SEO plugin. -->","yoast_head_json":{"title":"Reservar enoturismo Mas Vicen\u00e7 - Celler Mas Vicen\u00e7 | Re-evolucionant la tradici\u00f3","description":"\u00a1Reserva tu enoturismo en Mas Vicen\u00e7! Disfruta de recorridos entre vi\u00f1edos, prueba nuestros vinos y vive actividades \u00fanicas.","robots":{"index":"noindex","follow":"nofollow"},"og_locale":"es_ES","og_type":"article","og_title":"Reservar enoturismo Mas Vicen\u00e7 - Celler Mas Vicen\u00e7 | Re-evolucionant la tradici\u00f3","og_description":"\u00a1Reserva tu enoturismo en Mas Vicen\u00e7! Disfruta de recorridos entre vi\u00f1edos, prueba nuestros vinos y vive actividades \u00fanicas.","og_url":"https:\/\/masvicens.com\/es\/reservar-enoturismo-mas-vicenc\/","og_site_name":"Celler Mas Vicen\u00e7 | Re-evolucionant la tradici\u00f3","article_modified_time":"2025-10-23T08:06:46+00:00","og_image":[{"width":2000,"height":1333,"url":"https:\/\/masvicens.com\/wp-content\/uploads\/2025\/09\/MSV-VisitaGuiada-51.webp","type":"image\/webp"}],"twitter_card":"summary_large_image","twitter_misc":{"Tiempo de lectura":"1 minuto"},"schema":{"@context":"https:\/\/schema.org","@graph":[{"@type":"WebPage","@id":"https:\/\/masvicens.com\/es\/reservar-enoturismo-mas-vicenc\/","url":"https:\/\/masvicens.com\/es\/reservar-enoturismo-mas-vicenc\/","name":"Reservar enoturismo Mas Vicen\u00e7 - Celler Mas Vicen\u00e7 | Re-evolucionant la tradici\u00f3","isPartOf":{"@id":"https:\/\/masvicens.com\/es\/#website"},"primaryImageOfPage":{"@id":"https:\/\/masvicens.com\/es\/reservar-enoturismo-mas-vicenc\/#primaryimage"},"image":{"@id":"https:\/\/masvicens.com\/es\/reservar-enoturismo-mas-vicenc\/#primaryimage"},"thumbnailUrl":"https:\/\/masvicens.com\/wp-content\/uploads\/2025\/09\/MSV-VisitaGuiada-51.webp","datePublished":"2025-09-10T19:21:29+00:00","dateModified":"2025-10-23T08:06:46+00:00","description":"\u00a1Reserva tu enoturismo en Mas Vicen\u00e7! Disfruta de recorridos entre vi\u00f1edos, prueba nuestros vinos y vive actividades \u00fanicas.","breadcrumb":{"@id":"https:\/\/masvicens.com\/es\/reservar-enoturismo-mas-vicenc\/#breadcrumb"},"inLanguage":"es","potentialAction":[{"@type":"ReadAction","target":["https:\/\/masvicens.com\/es\/reservar-enoturismo-mas-vicenc\/"]}]},{"@type":"ImageObject","inLanguage":"es","@id":"https:\/\/masvicens.com\/es\/reservar-enoturismo-mas-vicenc\/#primaryimage","url":"https:\/\/masvicens.com\/wp-content\/uploads\/2025\/09\/MSV-VisitaGuiada-51.webp","contentUrl":"https:\/\/masvicens.com\/wp-content\/uploads\/2025\/09\/MSV-VisitaGuiada-51.webp","width":2000,"height":1333,"caption":"Enoturismo en Tarragona"},{"@type":"BreadcrumbList","@id":"https:\/\/masvicens.com\/es\/reservar-enoturismo-mas-vicenc\/#breadcrumb","itemListElement":[{"@type":"ListItem","position":1,"name":"Portada","item":"https:\/\/masvicens.com\/es\/"},{"@type":"ListItem","position":2,"name":"Reservar enoturismo Mas Vicen\u00e7"}]},{"@type":"WebSite","@id":"https:\/\/masvicens.com\/es\/#website","url":"https:\/\/masvicens.com\/es\/","name":"Celler Mas Vicen\u00e7 | Re-evolucionant la tradici\u00f3","description":"Veniu a viure l&#039;enoturisme i a con\u00e8ixer la nostra col\u00b7lecci\u00f3 de vins elaborats amb la millor selecci\u00f3 de ra\u00efm del nostre celler a Tarragona.","potentialAction":[{"@type":"SearchAction","target":{"@type":"EntryPoint","urlTemplate":"https:\/\/masvicens.com\/es\/?s={search_term_string}"},"query-input":{"@type":"PropertyValueSpecification","valueRequired":true,"valueName":"search_term_string"}}],"inLanguage":"es"}]}},"_links":{"self":[{"href":"https:\/\/masvicens.com\/es\/wp-json\/wp\/v2\/pages\/31013","targetHints":{"allow":["GET"]}}],"collection":[{"href":"https:\/\/masvicens.com\/es\/wp-json\/wp\/v2\/pages"}],"about":[{"href":"https:\/\/masvicens.com\/es\/wp-json\/wp\/v2\/types\/page"}],"author":[{"embeddable":true,"href":"https:\/\/masvicens.com\/es\/wp-json\/wp\/v2\/users\/10"}],"replies":[{"embeddable":true,"href":"https:\/\/masvicens.com\/es\/wp-json\/wp\/v2\/comments?post=31013"}],"version-history":[{"count":12,"href":"https:\/\/masvicens.com\/es\/wp-json\/wp\/v2\/pages\/31013\/revisions"}],"predecessor-version":[{"id":31424,"href":"https:\/\/masvicens.com\/es\/wp-json\/wp\/v2\/pages\/31013\/revisions\/31424"}],"wp:featuredmedia":[{"embeddable":true,"href":"https:\/\/masvicens.com\/es\/wp-json\/wp\/v2\/media\/31150"}],"wp:attachment":[{"href":"https:\/\/masvicens.com\/es\/wp-json\/wp\/v2\/media?parent=31013"}],"curies":[{"name":"wp","href":"https:\/\/api.w.org\/{rel}","templated":true}]}}