{"id":25858,"date":"2022-11-30T15:26:50","date_gmt":"2022-11-30T15:26:50","guid":{"rendered":"https:\/\/masvicens.com\/?post_type=product&#038;p=25858"},"modified":"2025-12-10T16:12:24","modified_gmt":"2025-12-10T16:12:24","slug":"anada-antigua-nit-de-lluna-2019","status":"publish","type":"product","link":"https:\/\/masvicens.com\/es\/producte\/anada-antigua-nit-de-lluna-2019\/","title":{"rendered":"A\u00f1ada antigua Nit de Lluna 2019"},"content":{"rendered":"<p>[et_pb_section fb_built=&#8221;1&#8243; _builder_version=&#8221;4.16&#8243; custom_padding=&#8221;0px||||false|false&#8221; global_colors_info=&#8221;{}&#8221;][et_pb_row _builder_version=&#8221;4.16&#8243; background_size=&#8221;initial&#8221; background_position=&#8221;top_left&#8221; background_repeat=&#8221;repeat&#8221; width=&#8221;100%&#8221; custom_padding=&#8221;0px||0px||false|false&#8221; global_colors_info=&#8221;{}&#8221;][et_pb_column type=&#8221;4_4&#8243; _builder_version=&#8221;4.16&#8243; custom_padding=&#8221;|||&#8221; global_colors_info=&#8221;{}&#8221; custom_padding__hover=&#8221;|||&#8221;][et_pb_wc_breadcrumb _builder_version=&#8221;4.16&#8243; global_colors_info=&#8221;{}&#8221;][\/et_pb_wc_breadcrumb][et_pb_wc_cart_notice _builder_version=&#8221;4.16&#8243; global_colors_info=&#8221;{}&#8221;][\/et_pb_wc_cart_notice][\/et_pb_column][\/et_pb_row][et_pb_row column_structure=&#8221;1_2,1_2&#8243; _builder_version=&#8221;4.16&#8243; background_size=&#8221;initial&#8221; background_position=&#8221;top_left&#8221; background_repeat=&#8221;repeat&#8221; width=&#8221;100%&#8221; custom_padding=&#8221;0px||||false|false&#8221; global_colors_info=&#8221;{}&#8221;][et_pb_column type=&#8221;1_2&#8243; _builder_version=&#8221;4.16&#8243; custom_padding=&#8221;|||&#8221; global_colors_info=&#8221;{}&#8221; custom_padding__hover=&#8221;|||&#8221;][et_pb_wc_images _builder_version=&#8221;4.16&#8243; global_colors_info=&#8221;{}&#8221;][\/et_pb_wc_images][\/et_pb_column][et_pb_column type=&#8221;1_2&#8243; _builder_version=&#8221;4.16&#8243; custom_padding=&#8221;|||&#8221; global_colors_info=&#8221;{}&#8221; custom_padding__hover=&#8221;|||&#8221;][et_pb_wc_title _builder_version=&#8221;4.16&#8243; hover_enabled=&#8221;0&#8243; global_colors_info=&#8221;{}&#8221; sticky_enabled=&#8221;0&#8243;][\/et_pb_wc_title][et_pb_wc_rating _builder_version=&#8221;4.16&#8243; global_colors_info=&#8221;{}&#8221;][\/et_pb_wc_rating][et_pb_wc_price _builder_version=&#8221;4.16&#8243; global_colors_info=&#8221;{}&#8221;][\/et_pb_wc_price][et_pb_wc_description _builder_version=&#8221;4.16&#8243; global_colors_info=&#8221;{}&#8221;][\/et_pb_wc_description][et_pb_wc_add_to_cart _builder_version=&#8221;4.16&#8243; global_colors_info=&#8221;{}&#8221;][\/et_pb_wc_add_to_cart][et_pb_wc_meta _builder_version=&#8221;4.16&#8243; global_colors_info=&#8221;{}&#8221;][\/et_pb_wc_meta][\/et_pb_column][\/et_pb_row][et_pb_row _builder_version=&#8221;4.16&#8243; background_size=&#8221;initial&#8221; background_position=&#8221;top_left&#8221; background_repeat=&#8221;repeat&#8221; width=&#8221;100%&#8221; global_colors_info=&#8221;{}&#8221;][et_pb_column type=&#8221;4_4&#8243; _builder_version=&#8221;4.16&#8243; custom_padding=&#8221;|||&#8221; global_colors_info=&#8221;{}&#8221; custom_padding__hover=&#8221;|||&#8221;][et_pb_wc_tabs _builder_version=&#8221;4.16&#8243; hover_enabled=&#8221;0&#8243; global_colors_info=&#8221;{}&#8221; sticky_enabled=&#8221;0&#8243;]\t\t\t\t\t[\/et_pb_wc_tabs][et_pb_wc_upsells _builder_version=&#8221;4.16&#8243; global_colors_info=&#8221;{}&#8221;][\/et_pb_wc_upsells][et_pb_wc_related_products _builder_version=&#8221;4.16&#8243; global_colors_info=&#8221;{}&#8221;][\/et_pb_wc_related_products][\/et_pb_column][\/et_pb_row][\/et_pb_section]<\/p>\n","protected":false},"excerpt":{"rendered":"<h2>VINOS DE GUARDA \u00b7 ULL DE LLEBRE Y CABERNET SAUVIGNON<\/h2>\n<p>La longevidad de los vinos viene marcada por la convivencia de una serie de factores en torno a la vi\u00f1a y el vino. La calidad mineral del suelo, la profundidad de las ra\u00edces en las plantas m\u00e1s adultas, el origen y calidad de las barricas donde se envejece el l\u00edquido o el corcho que envuelve las botellas, son algunos ejemplos. En Mas Vicen\u00e7 procuramos cuidar al m\u00e1ximo estos factores y, junto con la complejidad orogr\u00e1fica, varietal y clim\u00e1tica de nuestros vi\u00f1edos, podemos obtener unos vinos con buena capacidad de guarda.<\/p>\n<p><em>Esta botella tiene un peso de 1.25 kg y una capacidad de 75 cl<\/em><\/p>\n<p>Consulta las <a href=\"https:\/\/masvicens.com\/condicions-us-i-contractacio\/#enviament\" target=\"_blank\" rel=\"noopener noreferrer\"><strong>condiciones de env\u00edo aqu\u00ed<\/strong> <\/a>| Entrega en 24\/72h<\/p>\n<p>&nbsp;<\/p>\n","protected":false},"featured_media":22890,"comment_status":"open","ping_status":"closed","template":"","meta":{"_et_pb_use_builder":"on","_et_pb_old_content":"<div class=\"et_pb_row et_pb_row_1_tb_body\">\r\n<div class=\"et_pb_column et_pb_column_4_4 et_pb_column_2_tb_body et_pb_css_mix_blend_mode_passthrough et-last-child\">\r\n<div class=\"et_pb_module et_pb_text et_pb_text_0_tb_body et_pb_text_align_center et_pb_bg_layout_light\">\r\n<div class=\"et_pb_text_inner masvicens-product-title\">\r\n<h3>UN VIAJE EN EL TIEMPO<\/h3>\r\n<\/div>\r\n<\/div>\r\n<!-- .et_pb_text -->\r\n\r\n<\/div>\r\n<!-- .et_pb_column -->\r\n\r\n<\/div>\r\n<div class=\"et_pb_row et_pb_row_2_tb_body et_pb_equal_columns et_pb_gutters2\">\r\n<div class=\"et_pb_column et_pb_column_1_3 et_pb_column_3_tb_body et_pb_css_mix_blend_mode_passthrough\">\r\n<div class=\"et_pb_module et_pb_text et_pb_text_1_tb_body et_pb_text_align_left et_pb_bg_layout_light masvicens-text-description\">\r\n<div class=\"et_pb_text_inner\"><strong>Variedad:<\/strong> La mezcla es Ull de Llebre (60%) y Cabernet (40%) y se envejeci\u00f3 durante 12 meses en barricas de roble. Las notas de frutas maduras y especiadas destacan en un vino muy fino y sedoso en boca.\r\n<strong>Cosecha:<\/strong> La a\u00f1ada 2019 se recuerda por una primavera generosa de lluvias y un posterior periodo de estr\u00e9s h\u00eddrico remarcable. Esto nos permiti\u00f3 obtener una cosecha cuantitativamente generosa y con un buen nivel cualitativo.<\/div>\r\n<\/div>\r\n<!-- .et_pb_text -->\r\n\r\n<\/div>\r\n<!-- .et_pb_column -->\r\n<div class=\"et_pb_column et_pb_column_1_3 et_pb_column_4_tb_body et_pb_css_mix_blend_mode_passthrough\">\r\n<div class=\"et_pb_module et_pb_image et_pb_image_0_tb_body\">\r\n\r\n<span class=\"et_pb_image_wrap \"><img class=\"mavicens-img-center\" title=\"msv-dis-botellas-web-castell-2\" src=\"https:\/\/masvicens.com\/wp-content\/uploads\/2021\/08\/MASVI-anyada-2008-tinto-NIT.png\" alt=\"Anada antigua vino tinto Arlequ\u00ed 2007\" width=\"auto\" height=\"auto\" data-pagespeed-url-hash=\"4193943145\" \/><\/span>\r\n\r\n<\/div>\r\n<\/div>\r\n<!-- .et_pb_column -->\r\n<div class=\"et_pb_column et_pb_column_1_3 et_pb_column_5_tb_body et_pb_css_mix_blend_mode_passthrough et-last-child\">\r\n<div class=\"et_pb_module et_pb_text et_pb_text_2_tb_body et_pb_text_align_left et_pb_bg_layout_light masvicens-text-description\">\r\n<div class=\"et_pb_text_inner\"><strong>Temperatura de servicio:<\/strong> Servirse entre los 16 y 22\u00baC.<\/div>\r\n<div class=\"et_pb_text_inner\"><strong>Aspecto gustativo:\u00a0<\/strong>En boca destacan los sabores de la fruta madura, el pimiento negro y un sutil toque a canela.\r\n<strong>Maridaje:<\/strong> \u00bfCon qu\u00e9 lo acompa\u00f1amos? Carnes blancas, risottos y embutidos, ser\u00edan algunos ejemplos para maridar este vino de larga capacidad evolutiva.<\/div>\r\n<\/div>\r\n<!-- .et_pb_text -->\r\n\r\n<\/div>\r\n<!-- .et_pb_column -->\r\n\r\n<\/div>","_et_gb_content_width":"","inline_featured_image":false,"_joinchat":[]},"product_brand":[],"product_cat":[58],"product_tag":[],"class_list":{"0":"post-25858","1":"product","2":"type-product","3":"status-publish","4":"has-post-thumbnail","6":"product_cat-vinos-de-anadas-antiguas","8":"first","9":"instock","10":"taxable","11":"shipping-taxable","12":"purchasable","13":"product-type-simple"},"yoast_head":"<!-- This site is optimized with the Yoast SEO plugin v27.3 - https:\/\/yoast.com\/product\/yoast-seo-wordpress\/ -->\n<title>A\u00f1ada antigua, vino tinto | Nit de Lluna 2019 | Mas Vicen\u00e7<\/title>\n<meta name=\"description\" content=\"Prueba y marida el vino tinto de Mas Vicen\u00e7 de a\u00f1ada antigua del Nit de Lluna de 2019. Un a\u00f1o marcado por las lluvias.\" \/>\n<meta name=\"robots\" content=\"index, follow, max-snippet:-1, max-image-preview:large, max-video-preview:-1\" \/>\n<link rel=\"canonical\" href=\"https:\/\/masvicens.com\/es\/producte\/anada-antigua-nit-de-lluna-2019\/\" \/>\n<meta property=\"og:locale\" content=\"es_ES\" \/>\n<meta property=\"og:type\" content=\"article\" \/>\n<meta property=\"og:title\" content=\"A\u00f1ada antigua, vino tinto | Nit de Lluna 2019 | Mas Vicen\u00e7\" \/>\n<meta property=\"og:description\" content=\"Prueba y marida el vino tinto de Mas Vicen\u00e7 de a\u00f1ada antigua del Nit de Lluna de 2019. Un a\u00f1o marcado por las lluvias.\" \/>\n<meta property=\"og:url\" content=\"https:\/\/masvicens.com\/es\/producte\/anada-antigua-nit-de-lluna-2019\/\" \/>\n<meta property=\"og:site_name\" content=\"Celler Mas Vicen\u00e7 | Re-evolucionant la tradici\u00f3\" \/>\n<meta property=\"article:modified_time\" content=\"2025-12-10T16:12:24+00:00\" \/>\n<meta property=\"og:image\" content=\"https:\/\/masvicens.com\/wp-content\/uploads\/2021\/08\/MSV_An\u0303adasViejas_-2-NIT.jpg\" \/>\n\t<meta property=\"og:image:width\" content=\"1920\" \/>\n\t<meta property=\"og:image:height\" content=\"1281\" \/>\n\t<meta property=\"og:image:type\" content=\"image\/jpeg\" \/>\n<meta name=\"twitter:card\" content=\"summary_large_image\" \/>\n<meta name=\"twitter:label1\" content=\"Tiempo de lectura\" \/>\n\t<meta name=\"twitter:data1\" content=\"2 minutos\" \/>\n<script type=\"application\/ld+json\" class=\"yoast-schema-graph\">{\"@context\":\"https:\\\/\\\/schema.org\",\"@graph\":[{\"@type\":\"WebPage\",\"@id\":\"https:\\\/\\\/masvicens.com\\\/es\\\/producte\\\/anada-antigua-nit-de-lluna-2019\\\/\",\"url\":\"https:\\\/\\\/masvicens.com\\\/es\\\/producte\\\/anada-antigua-nit-de-lluna-2019\\\/\",\"name\":\"A\u00f1ada antigua, vino tinto | Nit de Lluna 2019 | Mas Vicen\u00e7\",\"isPartOf\":{\"@id\":\"https:\\\/\\\/masvicens.com\\\/es\\\/#website\"},\"primaryImageOfPage\":{\"@id\":\"https:\\\/\\\/masvicens.com\\\/es\\\/producte\\\/anada-antigua-nit-de-lluna-2019\\\/#primaryimage\"},\"image\":{\"@id\":\"https:\\\/\\\/masvicens.com\\\/es\\\/producte\\\/anada-antigua-nit-de-lluna-2019\\\/#primaryimage\"},\"thumbnailUrl\":\"https:\\\/\\\/masvicens.com\\\/wp-content\\\/uploads\\\/2021\\\/08\\\/MSV_An\u0303adasViejas_-2-NIT.jpg\",\"datePublished\":\"2022-11-30T15:26:50+00:00\",\"dateModified\":\"2025-12-10T16:12:24+00:00\",\"description\":\"Prueba y marida el vino tinto de Mas Vicen\u00e7 de a\u00f1ada antigua del Nit de Lluna de 2019. Un a\u00f1o marcado por las lluvias.\",\"breadcrumb\":{\"@id\":\"https:\\\/\\\/masvicens.com\\\/es\\\/producte\\\/anada-antigua-nit-de-lluna-2019\\\/#breadcrumb\"},\"inLanguage\":\"es\",\"potentialAction\":[{\"@type\":\"ReadAction\",\"target\":[\"https:\\\/\\\/masvicens.com\\\/es\\\/producte\\\/anada-antigua-nit-de-lluna-2019\\\/\"]}]},{\"@type\":\"ImageObject\",\"inLanguage\":\"es\",\"@id\":\"https:\\\/\\\/masvicens.com\\\/es\\\/producte\\\/anada-antigua-nit-de-lluna-2019\\\/#primaryimage\",\"url\":\"https:\\\/\\\/masvicens.com\\\/wp-content\\\/uploads\\\/2021\\\/08\\\/MSV_An\u0303adasViejas_-2-NIT.jpg\",\"contentUrl\":\"https:\\\/\\\/masvicens.com\\\/wp-content\\\/uploads\\\/2021\\\/08\\\/MSV_An\u0303adasViejas_-2-NIT.jpg\",\"width\":1920,\"height\":1281,\"caption\":\"A\u00f1ada antigua Nit de Lluna 2012 | Mas Vicen\u00e7\"},{\"@type\":\"BreadcrumbList\",\"@id\":\"https:\\\/\\\/masvicens.com\\\/es\\\/producte\\\/anada-antigua-nit-de-lluna-2019\\\/#breadcrumb\",\"itemListElement\":[{\"@type\":\"ListItem\",\"position\":1,\"name\":\"Portada\",\"item\":\"https:\\\/\\\/masvicens.com\\\/es\\\/\"},{\"@type\":\"ListItem\",\"position\":2,\"name\":\"TIENDA\",\"item\":\"https:\\\/\\\/masvicens.com\\\/botiga-de-vins-online\\\/\"},{\"@type\":\"ListItem\",\"position\":3,\"name\":\"A\u00f1ada antigua Nit de Lluna 2019\"}]},{\"@type\":\"WebSite\",\"@id\":\"https:\\\/\\\/masvicens.com\\\/es\\\/#website\",\"url\":\"https:\\\/\\\/masvicens.com\\\/es\\\/\",\"name\":\"Celler Mas Vicen\u00e7 | Re-evolucionant la tradici\u00f3\",\"description\":\"Veniu a viure l&#039;enoturisme i a con\u00e8ixer la nostra col\u00b7lecci\u00f3 de vins elaborats amb la millor selecci\u00f3 de ra\u00efm del nostre celler a Tarragona.\",\"potentialAction\":[{\"@type\":\"SearchAction\",\"target\":{\"@type\":\"EntryPoint\",\"urlTemplate\":\"https:\\\/\\\/masvicens.com\\\/es\\\/?s={search_term_string}\"},\"query-input\":{\"@type\":\"PropertyValueSpecification\",\"valueRequired\":true,\"valueName\":\"search_term_string\"}}],\"inLanguage\":\"es\"}]}<\/script>\n<!-- \/ Yoast SEO plugin. -->","yoast_head_json":{"title":"A\u00f1ada antigua, vino tinto | Nit de Lluna 2019 | Mas Vicen\u00e7","description":"Prueba y marida el vino tinto de Mas Vicen\u00e7 de a\u00f1ada antigua del Nit de Lluna de 2019. Un a\u00f1o marcado por las lluvias.","robots":{"index":"index","follow":"follow","max-snippet":"max-snippet:-1","max-image-preview":"max-image-preview:large","max-video-preview":"max-video-preview:-1"},"canonical":"https:\/\/masvicens.com\/es\/producte\/anada-antigua-nit-de-lluna-2019\/","og_locale":"es_ES","og_type":"article","og_title":"A\u00f1ada antigua, vino tinto | Nit de Lluna 2019 | Mas Vicen\u00e7","og_description":"Prueba y marida el vino tinto de Mas Vicen\u00e7 de a\u00f1ada antigua del Nit de Lluna de 2019. Un a\u00f1o marcado por las lluvias.","og_url":"https:\/\/masvicens.com\/es\/producte\/anada-antigua-nit-de-lluna-2019\/","og_site_name":"Celler Mas Vicen\u00e7 | Re-evolucionant la tradici\u00f3","article_modified_time":"2025-12-10T16:12:24+00:00","og_image":[{"width":1920,"height":1281,"url":"https:\/\/masvicens.com\/wp-content\/uploads\/2021\/08\/MSV_An\u0303adasViejas_-2-NIT.jpg","type":"image\/jpeg"}],"twitter_card":"summary_large_image","twitter_misc":{"Tiempo de lectura":"2 minutos"},"schema":{"@context":"https:\/\/schema.org","@graph":[{"@type":"WebPage","@id":"https:\/\/masvicens.com\/es\/producte\/anada-antigua-nit-de-lluna-2019\/","url":"https:\/\/masvicens.com\/es\/producte\/anada-antigua-nit-de-lluna-2019\/","name":"A\u00f1ada antigua, vino tinto | Nit de Lluna 2019 | Mas Vicen\u00e7","isPartOf":{"@id":"https:\/\/masvicens.com\/es\/#website"},"primaryImageOfPage":{"@id":"https:\/\/masvicens.com\/es\/producte\/anada-antigua-nit-de-lluna-2019\/#primaryimage"},"image":{"@id":"https:\/\/masvicens.com\/es\/producte\/anada-antigua-nit-de-lluna-2019\/#primaryimage"},"thumbnailUrl":"https:\/\/masvicens.com\/wp-content\/uploads\/2021\/08\/MSV_An\u0303adasViejas_-2-NIT.jpg","datePublished":"2022-11-30T15:26:50+00:00","dateModified":"2025-12-10T16:12:24+00:00","description":"Prueba y marida el vino tinto de Mas Vicen\u00e7 de a\u00f1ada antigua del Nit de Lluna de 2019. Un a\u00f1o marcado por las lluvias.","breadcrumb":{"@id":"https:\/\/masvicens.com\/es\/producte\/anada-antigua-nit-de-lluna-2019\/#breadcrumb"},"inLanguage":"es","potentialAction":[{"@type":"ReadAction","target":["https:\/\/masvicens.com\/es\/producte\/anada-antigua-nit-de-lluna-2019\/"]}]},{"@type":"ImageObject","inLanguage":"es","@id":"https:\/\/masvicens.com\/es\/producte\/anada-antigua-nit-de-lluna-2019\/#primaryimage","url":"https:\/\/masvicens.com\/wp-content\/uploads\/2021\/08\/MSV_An\u0303adasViejas_-2-NIT.jpg","contentUrl":"https:\/\/masvicens.com\/wp-content\/uploads\/2021\/08\/MSV_An\u0303adasViejas_-2-NIT.jpg","width":1920,"height":1281,"caption":"A\u00f1ada antigua Nit de Lluna 2012 | Mas Vicen\u00e7"},{"@type":"BreadcrumbList","@id":"https:\/\/masvicens.com\/es\/producte\/anada-antigua-nit-de-lluna-2019\/#breadcrumb","itemListElement":[{"@type":"ListItem","position":1,"name":"Portada","item":"https:\/\/masvicens.com\/es\/"},{"@type":"ListItem","position":2,"name":"TIENDA","item":"https:\/\/masvicens.com\/botiga-de-vins-online\/"},{"@type":"ListItem","position":3,"name":"A\u00f1ada antigua Nit de Lluna 2019"}]},{"@type":"WebSite","@id":"https:\/\/masvicens.com\/es\/#website","url":"https:\/\/masvicens.com\/es\/","name":"Celler Mas Vicen\u00e7 | Re-evolucionant la tradici\u00f3","description":"Veniu a viure l&#039;enoturisme i a con\u00e8ixer la nostra col\u00b7lecci\u00f3 de vins elaborats amb la millor selecci\u00f3 de ra\u00efm del nostre celler a Tarragona.","potentialAction":[{"@type":"SearchAction","target":{"@type":"EntryPoint","urlTemplate":"https:\/\/masvicens.com\/es\/?s={search_term_string}"},"query-input":{"@type":"PropertyValueSpecification","valueRequired":true,"valueName":"search_term_string"}}],"inLanguage":"es"}]}},"_links":{"self":[{"href":"https:\/\/masvicens.com\/es\/wp-json\/wp\/v2\/product\/25858","targetHints":{"allow":["GET"]}}],"collection":[{"href":"https:\/\/masvicens.com\/es\/wp-json\/wp\/v2\/product"}],"about":[{"href":"https:\/\/masvicens.com\/es\/wp-json\/wp\/v2\/types\/product"}],"replies":[{"embeddable":true,"href":"https:\/\/masvicens.com\/es\/wp-json\/wp\/v2\/comments?post=25858"}],"wp:featuredmedia":[{"embeddable":true,"href":"https:\/\/masvicens.com\/es\/wp-json\/wp\/v2\/media\/22890"}],"wp:attachment":[{"href":"https:\/\/masvicens.com\/es\/wp-json\/wp\/v2\/media?parent=25858"}],"wp:term":[{"taxonomy":"product_brand","embeddable":true,"href":"https:\/\/masvicens.com\/es\/wp-json\/wp\/v2\/product_brand?post=25858"},{"taxonomy":"product_cat","embeddable":true,"href":"https:\/\/masvicens.com\/es\/wp-json\/wp\/v2\/product_cat?post=25858"},{"taxonomy":"product_tag","embeddable":true,"href":"https:\/\/masvicens.com\/es\/wp-json\/wp\/v2\/product_tag?post=25858"}],"curies":[{"name":"wp","href":"https:\/\/api.w.org\/{rel}","templated":true}]}}