{"id":27385,"date":"2023-12-13T13:15:02","date_gmt":"2023-12-13T13:15:02","guid":{"rendered":"https:\/\/masvicens.com\/?post_type=product&#038;p=27385"},"modified":"2025-12-13T04:59:30","modified_gmt":"2025-12-13T04:59:30","slug":"vino-novel-solidario","status":"publish","type":"product","link":"https:\/\/masvicens.com\/es\/producte\/vino-novel-solidario\/","title":{"rendered":"Vino Novel"},"content":{"rendered":"<p>[et_pb_section fb_built=&#8221;1&#8243; _builder_version=&#8221;4.16&#8243; custom_padding=&#8221;0px||||false|false&#8221; global_colors_info=&#8221;{}&#8221;][et_pb_row _builder_version=&#8221;4.16&#8243; background_size=&#8221;initial&#8221; background_position=&#8221;top_left&#8221; background_repeat=&#8221;repeat&#8221; width=&#8221;100%&#8221; custom_padding=&#8221;0px||0px||false|false&#8221; global_colors_info=&#8221;{}&#8221;][et_pb_column type=&#8221;4_4&#8243; _builder_version=&#8221;4.16&#8243; custom_padding=&#8221;|||&#8221; global_colors_info=&#8221;{}&#8221; custom_padding__hover=&#8221;|||&#8221;][et_pb_wc_breadcrumb _builder_version=&#8221;4.16&#8243; global_colors_info=&#8221;{}&#8221;][\/et_pb_wc_breadcrumb][et_pb_wc_cart_notice _builder_version=&#8221;4.16&#8243; global_colors_info=&#8221;{}&#8221;][\/et_pb_wc_cart_notice][\/et_pb_column][\/et_pb_row][et_pb_row column_structure=&#8221;1_2,1_2&#8243; _builder_version=&#8221;4.16&#8243; background_size=&#8221;initial&#8221; background_position=&#8221;top_left&#8221; background_repeat=&#8221;repeat&#8221; width=&#8221;100%&#8221; custom_padding=&#8221;0px||||false|false&#8221; global_colors_info=&#8221;{}&#8221;][et_pb_column type=&#8221;1_2&#8243; _builder_version=&#8221;4.16&#8243; custom_padding=&#8221;|||&#8221; global_colors_info=&#8221;{}&#8221; custom_padding__hover=&#8221;|||&#8221;][et_pb_wc_images _builder_version=&#8221;4.20.2&#8243; global_colors_info=&#8221;{}&#8221;][\/et_pb_wc_images][\/et_pb_column][et_pb_column type=&#8221;1_2&#8243; _builder_version=&#8221;4.16&#8243; custom_padding=&#8221;|||&#8221; global_colors_info=&#8221;{}&#8221; custom_padding__hover=&#8221;|||&#8221;][et_pb_wc_title _builder_version=&#8221;4.16&#8243; global_colors_info=&#8221;{}&#8221;][\/et_pb_wc_title][et_pb_wc_rating _builder_version=&#8221;4.16&#8243; global_colors_info=&#8221;{}&#8221;][\/et_pb_wc_rating][et_pb_wc_price _builder_version=&#8221;4.16&#8243; global_colors_info=&#8221;{}&#8221;][\/et_pb_wc_price][et_pb_wc_description _builder_version=&#8221;4.16&#8243; hover_enabled=&#8221;0&#8243; global_colors_info=&#8221;{}&#8221; sticky_enabled=&#8221;0&#8243;][\/et_pb_wc_description][et_pb_wc_add_to_cart _builder_version=&#8221;4.16&#8243; global_colors_info=&#8221;{}&#8221;][\/et_pb_wc_add_to_cart][et_pb_wc_meta _builder_version=&#8221;4.16&#8243; global_colors_info=&#8221;{}&#8221;][\/et_pb_wc_meta][\/et_pb_column][\/et_pb_row][et_pb_row _builder_version=&#8221;4.16&#8243; background_size=&#8221;initial&#8221; background_position=&#8221;top_left&#8221; background_repeat=&#8221;repeat&#8221; width=&#8221;100%&#8221; global_colors_info=&#8221;{}&#8221;][et_pb_column type=&#8221;4_4&#8243; _builder_version=&#8221;4.16&#8243; custom_padding=&#8221;|||&#8221; global_colors_info=&#8221;{}&#8221; custom_padding__hover=&#8221;|||&#8221;][et_pb_wc_tabs _builder_version=&#8221;4.16&#8243; global_colors_info=&#8221;{}&#8221;] [\/et_pb_wc_tabs][et_pb_wc_upsells _builder_version=&#8221;4.16&#8243; global_colors_info=&#8221;{}&#8221;][\/et_pb_wc_upsells][et_pb_wc_related_products _builder_version=&#8221;4.16&#8243; global_colors_info=&#8221;{}&#8221;][\/et_pb_wc_related_products][\/et_pb_column][\/et_pb_row][\/et_pb_section]<\/p>\n","protected":false},"excerpt":{"rendered":"<h2>EL VINO NOVEL DE MAS VICEN\u00c7<\/h2>\n<p data-pm-slice=\"1 1 []\">Fresco \u00b7 de A\u00f1ada \u00b7 Solidario<\/p>\n<p data-pm-slice=\"1 1 []\">El fruto de este vino novel nace en uno de los vi\u00f1edos m\u00e1s emblem\u00e1ticos de<br \/>\nMas Vicen\u00e7, plantado en vaso el a\u00f1o 90 en la zona de los \u201cJordans de Cabra\u201d.<br \/>\nDe car\u00e1cter umbr\u00edo y rodeado completamente de bosque, obtenemos un tempranillo de expresi\u00f3n sorprendente.<br \/>\nVendimiado a mano el pasado 16 de septiembre y elaborado mediante la t\u00e9cnica de la<br \/>\nmaceraci\u00f3n carb\u00f3nica, este vino invoca al placer a trav\u00e9s de su sensaci\u00f3n m\u00e1s refrescante y golosa.<\/p>\n<h2>UN NOVEL CON FIN SOLIDARIO<\/h2>\n<p data-start=\"95\" data-end=\"318\"><strong data-start=\"95\" data-end=\"316\">Este a\u00f1o, nuestro Vi Novell solidario colabora con <em data-start=\"148\" data-end=\"163\">Fan del Llu\u00eds<\/em>, una iniciativa que apoya a las personas con laminopat\u00eda cong\u00e9nita, una enfermedad minoritaria que afecta la musculatura, la respiraci\u00f3n y el coraz\u00f3n.<\/strong><\/p>\n<p data-start=\"320\" data-end=\"453\">Con cada botella, <strong data-start=\"338\" data-end=\"409\">contribuyes a la investigaci\u00f3n y al apoyo de las familias afectadas<\/strong> a trav\u00e9s de la <a href=\"https:\/\/www.fundacionandresmarcio.org\/\"><em data-start=\"425\" data-end=\"450\">Fundaci\u00f3n Andr\u00e9s Marcio<\/em><\/a>.<\/p>\n<p><em>&#8220;Las peque\u00f1as cosas son las responsables de los grandes cambios&#8221;<\/em>. (Paulo Coelho)<\/p>\n<p>Consulta las <a href=\"https:\/\/masvicens.com\/condicions-us-i-contractacio\/#enviament\" target=\"_blank\" rel=\"noopener noreferrer\"><strong>condiciones de env\u00edo aqu\u00ed<\/strong> <\/a>| Entrega en 24\/72h<\/p>\n<p>&nbsp;<\/p>\n","protected":false},"featured_media":28772,"comment_status":"open","ping_status":"closed","template":"","meta":{"_et_pb_use_builder":"on","_et_pb_old_content":"<div class=\"et_pb_row et_pb_row_1_tb_body\">\r\n<div class=\"et_pb_column et_pb_column_4_4 et_pb_column_2_tb_body et_pb_css_mix_blend_mode_passthrough et-last-child\">\r\n<div class=\"et_pb_module et_pb_text et_pb_text_0_tb_body et_pb_text_align_center et_pb_bg_layout_light\">\r\n<div class=\"et_pb_text_inner masvicens-product-title\">\r\n<h2>UN NOVEL CON FIN SOLIDARIO<\/h2>\r\n<\/div>\r\n<\/div>\r\n<!-- .et_pb_text -->\r\n\r\n<\/div>\r\n<!-- .et_pb_column -->\r\n\r\n<\/div>\r\n<div class=\"et_pb_row et_pb_row_2_tb_body et_pb_equal_columns et_pb_gutters2\">\r\n<div class=\"et_pb_column et_pb_column_1_3 et_pb_column_3_tb_body et_pb_css_mix_blend_mode_passthrough\">\r\n<div class=\"et_pb_module et_pb_text et_pb_text_1_tb_body et_pb_text_align_left et_pb_bg_layout_light masvicens-text-description\">\r\n<div class=\"et_pb_text_inner\">\r\n\r\n<strong>1-Variedad:<\/strong> 100% Tempranillo. Vi\u00f1edo plantado en vaso en el a\u00f1o 90 con el abuelo Joan Morat\u00f3 y nuestro padre Francesc Ferr\u00e9 al frente. Su orientaci\u00f3n umbr\u00eda, la densidad boscosa del entorno, ventilaci\u00f3n y riqueza de su suelo, ofrece una sanidad y calidad \u00f3ptimas.\r\n\r\n<strong>2-Cosecha:<\/strong> Manual y en cajas durante el pasado 16 de septiembre. La tendencia menos productiva de la cosecha muy presente, con casi un 40% menos de productividad. Sin embargo, la maduraci\u00f3n fen\u00f3lica y estado sanitario resultaron excelentes.\r\n\r\n<strong>3-Elaboraci\u00f3n:<\/strong> El aspecto diferencial es la maceraci\u00f3n carb\u00f3nica, una t\u00e9cnica donde respetamos los racimos hasta bien entrada la fermentaci\u00f3n. Caja en caja, llenamos el dep\u00f3sito de acero inoxidable sin un proceso de derrapado anterior. Esto nos acentuar\u00e1 la frescura y la vertiente m\u00e1s afrutada del vino novel.\r\n\r\n<\/div>\r\n<\/div>\r\n<!-- .et_pb_text -->\r\n\r\n<\/div>\r\n<!-- .et_pb_column -->\r\n<div class=\"et_pb_column et_pb_column_1_3 et_pb_column_4_tb_body et_pb_css_mix_blend_mode_passthrough\">\r\n<div class=\"et_pb_module et_pb_image et_pb_image_0_tb_body masvi-img-container\">\r\n\r\n<span class=\"et_pb_image_wrap \"><img class=\"alignnone wp-image-27389 size-full\" src=\"https:\/\/masvicens.com\/wp-content\/uploads\/2023\/12\/MSV-Bodego-NEWS-01.webp\" alt=\"vi novell solidari mas vicens\" width=\"1281\" height=\"1920\" \/><\/span>\r\n\r\n<\/div>\r\n<\/div>\r\n<!-- .et_pb_column -->\r\n<div class=\"et_pb_column et_pb_column_1_3 et_pb_column_5_tb_body et_pb_css_mix_blend_mode_passthrough et-last-child\">\r\n<div class=\"et_pb_module et_pb_text et_pb_text_2_tb_body et_pb_text_align_left et_pb_bg_layout_light masvicens-text-description\">\r\n<div class=\"et_pb_text_inner\">\r\n\r\n<strong>4- Aspecto visual:<\/strong> De capa media, posee unas tonalidades rojas y violetas propias de su juventud.\r\n\r\n<strong>5-Aspecto olfativo:<\/strong> Arom\u00e1ticamente encontramos unas sensaciones que nos pueden recordar a las moras y fresas silvestres con un trasfondo l\u00e1ctico.\r\n\r\n<strong>6- Aspecto gustativo:<\/strong> Destacamos su singularidad m\u00e1s varietal con notas especiadas y de frutos del bosque maduros. De estructura ligera, es goloso, refrescante e invita a disfrutarlo!\r\n\r\n<strong>7-Maridaje:<\/strong> Es un vino ideal para compartir con buenos amigos, tan simple y esencial en nuestro d\u00eda a d\u00eda. Un buen desayuno con arenque salado, una cena con embutidos, los caracoles bien especiados o una buena cal\u00e7otada, ser\u00edan momentos perfectos para disfrutar nuestro vino novel. Adem\u00e1s, su fin solidario le convierte en la excusa perfecta para colaborar en una buena causa.\r\n\r\n<\/div>\r\n<\/div>\r\n<!-- .et_pb_text -->\r\n\r\n<\/div>\r\n<!-- .et_pb_column -->\r\n\r\n<\/div>","_et_gb_content_width":"","inline_featured_image":false,"_joinchat":[]},"product_brand":[],"product_cat":[28],"product_tag":[],"class_list":{"0":"post-27385","1":"product","2":"type-product","3":"status-publish","4":"has-post-thumbnail","6":"product_cat-vinos","8":"first","9":"instock","10":"taxable","11":"shipping-taxable","12":"purchasable","13":"product-type-simple"},"yoast_head":"<!-- This site is optimized with the Yoast SEO plugin v27.3 - https:\/\/yoast.com\/product\/yoast-seo-wordpress\/ -->\n<title>Vino Novel Solidario de Mas Vicen\u00e7<\/title>\n<meta name=\"description\" content=\"Vino Novel Solidario de Mas Vicen\u00e7. Fresco, de A\u00f1ada y solidario. Cosecha 2024 para colaborar con la fundaci\u00f3n Fundaci\u00f3n Noelia.\" \/>\n<meta name=\"robots\" content=\"index, follow, max-snippet:-1, max-image-preview:large, max-video-preview:-1\" \/>\n<link rel=\"canonical\" href=\"https:\/\/masvicens.com\/es\/producte\/vino-novel-solidario\/\" \/>\n<meta property=\"og:locale\" content=\"es_ES\" \/>\n<meta property=\"og:type\" content=\"article\" \/>\n<meta property=\"og:title\" content=\"Vino Novel Solidario de Mas Vicen\u00e7\" \/>\n<meta property=\"og:description\" content=\"Vino Novel Solidario de Mas Vicen\u00e7. Fresco, de A\u00f1ada y solidario. Cosecha 2024 para colaborar con la fundaci\u00f3n Fundaci\u00f3n Noelia.\" \/>\n<meta property=\"og:url\" content=\"https:\/\/masvicens.com\/es\/producte\/vino-novel-solidario\/\" \/>\n<meta property=\"og:site_name\" content=\"Celler Mas Vicen\u00e7 | Re-evolucionant la tradici\u00f3\" \/>\n<meta property=\"article:modified_time\" content=\"2025-12-13T04:59:30+00:00\" \/>\n<meta property=\"og:image\" content=\"https:\/\/masvicens.com\/wp-content\/uploads\/2023\/12\/MSV-Novell-24-4_retallat_resultat.webp\" \/>\n\t<meta property=\"og:image:width\" content=\"2100\" \/>\n\t<meta property=\"og:image:height\" content=\"2100\" \/>\n\t<meta property=\"og:image:type\" content=\"image\/webp\" \/>\n<meta name=\"twitter:card\" content=\"summary_large_image\" \/>\n<meta name=\"twitter:label1\" content=\"Tiempo de lectura\" \/>\n\t<meta name=\"twitter:data1\" content=\"1 minuto\" \/>\n<script type=\"application\/ld+json\" class=\"yoast-schema-graph\">{\"@context\":\"https:\\\/\\\/schema.org\",\"@graph\":[{\"@type\":\"WebPage\",\"@id\":\"https:\\\/\\\/masvicens.com\\\/es\\\/producte\\\/vino-novel-solidario\\\/\",\"url\":\"https:\\\/\\\/masvicens.com\\\/es\\\/producte\\\/vino-novel-solidario\\\/\",\"name\":\"Vino Novel Solidario de Mas Vicen\u00e7\",\"isPartOf\":{\"@id\":\"https:\\\/\\\/masvicens.com\\\/es\\\/#website\"},\"primaryImageOfPage\":{\"@id\":\"https:\\\/\\\/masvicens.com\\\/es\\\/producte\\\/vino-novel-solidario\\\/#primaryimage\"},\"image\":{\"@id\":\"https:\\\/\\\/masvicens.com\\\/es\\\/producte\\\/vino-novel-solidario\\\/#primaryimage\"},\"thumbnailUrl\":\"https:\\\/\\\/masvicens.com\\\/wp-content\\\/uploads\\\/2023\\\/12\\\/MSV-Novell-24-4_retallat_resultat.webp\",\"datePublished\":\"2023-12-13T13:15:02+00:00\",\"dateModified\":\"2025-12-13T04:59:30+00:00\",\"description\":\"Vino Novel Solidario de Mas Vicen\u00e7. Fresco, de A\u00f1ada y solidario. Cosecha 2024 para colaborar con la fundaci\u00f3n Fundaci\u00f3n Noelia.\",\"breadcrumb\":{\"@id\":\"https:\\\/\\\/masvicens.com\\\/es\\\/producte\\\/vino-novel-solidario\\\/#breadcrumb\"},\"inLanguage\":\"es\",\"potentialAction\":[{\"@type\":\"ReadAction\",\"target\":[\"https:\\\/\\\/masvicens.com\\\/es\\\/producte\\\/vino-novel-solidario\\\/\"]}]},{\"@type\":\"ImageObject\",\"inLanguage\":\"es\",\"@id\":\"https:\\\/\\\/masvicens.com\\\/es\\\/producte\\\/vino-novel-solidario\\\/#primaryimage\",\"url\":\"https:\\\/\\\/masvicens.com\\\/wp-content\\\/uploads\\\/2023\\\/12\\\/MSV-Novell-24-4_retallat_resultat.webp\",\"contentUrl\":\"https:\\\/\\\/masvicens.com\\\/wp-content\\\/uploads\\\/2023\\\/12\\\/MSV-Novell-24-4_retallat_resultat.webp\",\"width\":2100,\"height\":2100,\"caption\":\"pack solidario vi novell 2024 mas vicens\"},{\"@type\":\"BreadcrumbList\",\"@id\":\"https:\\\/\\\/masvicens.com\\\/es\\\/producte\\\/vino-novel-solidario\\\/#breadcrumb\",\"itemListElement\":[{\"@type\":\"ListItem\",\"position\":1,\"name\":\"Portada\",\"item\":\"https:\\\/\\\/masvicens.com\\\/es\\\/\"},{\"@type\":\"ListItem\",\"position\":2,\"name\":\"TIENDA\",\"item\":\"https:\\\/\\\/masvicens.com\\\/botiga-de-vins-online\\\/\"},{\"@type\":\"ListItem\",\"position\":3,\"name\":\"Vino Novel\"}]},{\"@type\":\"WebSite\",\"@id\":\"https:\\\/\\\/masvicens.com\\\/es\\\/#website\",\"url\":\"https:\\\/\\\/masvicens.com\\\/es\\\/\",\"name\":\"Celler Mas Vicen\u00e7 | Re-evolucionant la tradici\u00f3\",\"description\":\"Veniu a viure l&#039;enoturisme i a con\u00e8ixer la nostra col\u00b7lecci\u00f3 de vins elaborats amb la millor selecci\u00f3 de ra\u00efm del nostre celler a Tarragona.\",\"potentialAction\":[{\"@type\":\"SearchAction\",\"target\":{\"@type\":\"EntryPoint\",\"urlTemplate\":\"https:\\\/\\\/masvicens.com\\\/es\\\/?s={search_term_string}\"},\"query-input\":{\"@type\":\"PropertyValueSpecification\",\"valueRequired\":true,\"valueName\":\"search_term_string\"}}],\"inLanguage\":\"es\"}]}<\/script>\n<!-- \/ Yoast SEO plugin. -->","yoast_head_json":{"title":"Vino Novel Solidario de Mas Vicen\u00e7","description":"Vino Novel Solidario de Mas Vicen\u00e7. Fresco, de A\u00f1ada y solidario. Cosecha 2024 para colaborar con la fundaci\u00f3n Fundaci\u00f3n Noelia.","robots":{"index":"index","follow":"follow","max-snippet":"max-snippet:-1","max-image-preview":"max-image-preview:large","max-video-preview":"max-video-preview:-1"},"canonical":"https:\/\/masvicens.com\/es\/producte\/vino-novel-solidario\/","og_locale":"es_ES","og_type":"article","og_title":"Vino Novel Solidario de Mas Vicen\u00e7","og_description":"Vino Novel Solidario de Mas Vicen\u00e7. Fresco, de A\u00f1ada y solidario. Cosecha 2024 para colaborar con la fundaci\u00f3n Fundaci\u00f3n Noelia.","og_url":"https:\/\/masvicens.com\/es\/producte\/vino-novel-solidario\/","og_site_name":"Celler Mas Vicen\u00e7 | Re-evolucionant la tradici\u00f3","article_modified_time":"2025-12-13T04:59:30+00:00","og_image":[{"width":2100,"height":2100,"url":"https:\/\/masvicens.com\/wp-content\/uploads\/2023\/12\/MSV-Novell-24-4_retallat_resultat.webp","type":"image\/webp"}],"twitter_card":"summary_large_image","twitter_misc":{"Tiempo de lectura":"1 minuto"},"schema":{"@context":"https:\/\/schema.org","@graph":[{"@type":"WebPage","@id":"https:\/\/masvicens.com\/es\/producte\/vino-novel-solidario\/","url":"https:\/\/masvicens.com\/es\/producte\/vino-novel-solidario\/","name":"Vino Novel Solidario de Mas Vicen\u00e7","isPartOf":{"@id":"https:\/\/masvicens.com\/es\/#website"},"primaryImageOfPage":{"@id":"https:\/\/masvicens.com\/es\/producte\/vino-novel-solidario\/#primaryimage"},"image":{"@id":"https:\/\/masvicens.com\/es\/producte\/vino-novel-solidario\/#primaryimage"},"thumbnailUrl":"https:\/\/masvicens.com\/wp-content\/uploads\/2023\/12\/MSV-Novell-24-4_retallat_resultat.webp","datePublished":"2023-12-13T13:15:02+00:00","dateModified":"2025-12-13T04:59:30+00:00","description":"Vino Novel Solidario de Mas Vicen\u00e7. Fresco, de A\u00f1ada y solidario. Cosecha 2024 para colaborar con la fundaci\u00f3n Fundaci\u00f3n Noelia.","breadcrumb":{"@id":"https:\/\/masvicens.com\/es\/producte\/vino-novel-solidario\/#breadcrumb"},"inLanguage":"es","potentialAction":[{"@type":"ReadAction","target":["https:\/\/masvicens.com\/es\/producte\/vino-novel-solidario\/"]}]},{"@type":"ImageObject","inLanguage":"es","@id":"https:\/\/masvicens.com\/es\/producte\/vino-novel-solidario\/#primaryimage","url":"https:\/\/masvicens.com\/wp-content\/uploads\/2023\/12\/MSV-Novell-24-4_retallat_resultat.webp","contentUrl":"https:\/\/masvicens.com\/wp-content\/uploads\/2023\/12\/MSV-Novell-24-4_retallat_resultat.webp","width":2100,"height":2100,"caption":"pack solidario vi novell 2024 mas vicens"},{"@type":"BreadcrumbList","@id":"https:\/\/masvicens.com\/es\/producte\/vino-novel-solidario\/#breadcrumb","itemListElement":[{"@type":"ListItem","position":1,"name":"Portada","item":"https:\/\/masvicens.com\/es\/"},{"@type":"ListItem","position":2,"name":"TIENDA","item":"https:\/\/masvicens.com\/botiga-de-vins-online\/"},{"@type":"ListItem","position":3,"name":"Vino Novel"}]},{"@type":"WebSite","@id":"https:\/\/masvicens.com\/es\/#website","url":"https:\/\/masvicens.com\/es\/","name":"Celler Mas Vicen\u00e7 | Re-evolucionant la tradici\u00f3","description":"Veniu a viure l&#039;enoturisme i a con\u00e8ixer la nostra col\u00b7lecci\u00f3 de vins elaborats amb la millor selecci\u00f3 de ra\u00efm del nostre celler a Tarragona.","potentialAction":[{"@type":"SearchAction","target":{"@type":"EntryPoint","urlTemplate":"https:\/\/masvicens.com\/es\/?s={search_term_string}"},"query-input":{"@type":"PropertyValueSpecification","valueRequired":true,"valueName":"search_term_string"}}],"inLanguage":"es"}]}},"_links":{"self":[{"href":"https:\/\/masvicens.com\/es\/wp-json\/wp\/v2\/product\/27385","targetHints":{"allow":["GET"]}}],"collection":[{"href":"https:\/\/masvicens.com\/es\/wp-json\/wp\/v2\/product"}],"about":[{"href":"https:\/\/masvicens.com\/es\/wp-json\/wp\/v2\/types\/product"}],"replies":[{"embeddable":true,"href":"https:\/\/masvicens.com\/es\/wp-json\/wp\/v2\/comments?post=27385"}],"wp:featuredmedia":[{"embeddable":true,"href":"https:\/\/masvicens.com\/es\/wp-json\/wp\/v2\/media\/28772"}],"wp:attachment":[{"href":"https:\/\/masvicens.com\/es\/wp-json\/wp\/v2\/media?parent=27385"}],"wp:term":[{"taxonomy":"product_brand","embeddable":true,"href":"https:\/\/masvicens.com\/es\/wp-json\/wp\/v2\/product_brand?post=27385"},{"taxonomy":"product_cat","embeddable":true,"href":"https:\/\/masvicens.com\/es\/wp-json\/wp\/v2\/product_cat?post=27385"},{"taxonomy":"product_tag","embeddable":true,"href":"https:\/\/masvicens.com\/es\/wp-json\/wp\/v2\/product_tag?post=27385"}],"curies":[{"name":"wp","href":"https:\/\/api.w.org\/{rel}","templated":true}]}}