{"id":28274,"date":"2024-05-08T05:51:47","date_gmt":"2024-05-08T05:51:47","guid":{"rendered":"https:\/\/masvicens.com\/?post_type=product&#038;p=28274"},"modified":"2026-01-17T16:29:30","modified_gmt":"2026-01-17T16:29:30","slug":"el-amfora-del-mar","status":"publish","type":"product","link":"https:\/\/masvicens.com\/es\/producte\/el-amfora-del-mar\/","title":{"rendered":"EL \u00c1MFORA DEL MAR"},"content":{"rendered":"<p>[et_pb_section fb_built=&#8221;1&#8243; _builder_version=&#8221;4.16&#8243; custom_padding=&#8221;0px||||false|false&#8221; global_colors_info=&#8221;{}&#8221;][et_pb_row _builder_version=&#8221;4.16&#8243; background_size=&#8221;initial&#8221; background_position=&#8221;top_left&#8221; background_repeat=&#8221;repeat&#8221; width=&#8221;100%&#8221; custom_padding=&#8221;0px||0px||false|false&#8221; global_colors_info=&#8221;{}&#8221;][et_pb_column type=&#8221;4_4&#8243; _builder_version=&#8221;4.16&#8243; custom_padding=&#8221;|||&#8221; global_colors_info=&#8221;{}&#8221; custom_padding__hover=&#8221;|||&#8221;][et_pb_wc_breadcrumb _builder_version=&#8221;4.16&#8243; global_colors_info=&#8221;{}&#8221;][\/et_pb_wc_breadcrumb][et_pb_wc_cart_notice _builder_version=&#8221;4.16&#8243; global_colors_info=&#8221;{}&#8221;][\/et_pb_wc_cart_notice][\/et_pb_column][\/et_pb_row][et_pb_row column_structure=&#8221;1_2,1_2&#8243; _builder_version=&#8221;4.16&#8243; background_size=&#8221;initial&#8221; background_position=&#8221;top_left&#8221; background_repeat=&#8221;repeat&#8221; width=&#8221;100%&#8221; custom_padding=&#8221;0px||||false|false&#8221; global_colors_info=&#8221;{}&#8221;][et_pb_column type=&#8221;1_2&#8243; _builder_version=&#8221;4.16&#8243; custom_padding=&#8221;|||&#8221; global_colors_info=&#8221;{}&#8221; custom_padding__hover=&#8221;|||&#8221;][et_pb_wc_images _builder_version=&#8221;4.25.0&#8243; global_colors_info=&#8221;{}&#8221;][\/et_pb_wc_images][\/et_pb_column][et_pb_column type=&#8221;1_2&#8243; _builder_version=&#8221;4.16&#8243; custom_padding=&#8221;|||&#8221; global_colors_info=&#8221;{}&#8221; custom_padding__hover=&#8221;|||&#8221;][et_pb_wc_title _builder_version=&#8221;4.16&#8243; global_colors_info=&#8221;{}&#8221;][\/et_pb_wc_title][et_pb_wc_rating _builder_version=&#8221;4.16&#8243; global_colors_info=&#8221;{}&#8221;][\/et_pb_wc_rating][et_pb_wc_price _builder_version=&#8221;4.16&#8243; global_colors_info=&#8221;{}&#8221;][\/et_pb_wc_price][et_pb_wc_description _builder_version=&#8221;4.16&#8243; global_colors_info=&#8221;{}&#8221;][\/et_pb_wc_description][et_pb_wc_add_to_cart _builder_version=&#8221;4.16&#8243; global_colors_info=&#8221;{}&#8221;][\/et_pb_wc_add_to_cart][et_pb_wc_meta _builder_version=&#8221;4.16&#8243; global_colors_info=&#8221;{}&#8221;][\/et_pb_wc_meta][\/et_pb_column][\/et_pb_row][et_pb_row _builder_version=&#8221;4.16&#8243; background_size=&#8221;initial&#8221; background_position=&#8221;top_left&#8221; background_repeat=&#8221;repeat&#8221; width=&#8221;100%&#8221; global_colors_info=&#8221;{}&#8221;][et_pb_column type=&#8221;4_4&#8243; _builder_version=&#8221;4.16&#8243; custom_padding=&#8221;|||&#8221; global_colors_info=&#8221;{}&#8221; custom_padding__hover=&#8221;|||&#8221;][et_pb_wc_tabs include_tabs=&#8221;||reviews&#8221; _builder_version=&#8221;4.25.0&#8243; global_colors_info=&#8221;{}&#8221;] [\/et_pb_wc_tabs][et_pb_wc_upsells _builder_version=&#8221;4.16&#8243; global_colors_info=&#8221;{}&#8221;][\/et_pb_wc_upsells][et_pb_wc_related_products _builder_version=&#8221;4.16&#8243; global_colors_info=&#8221;{}&#8221;][\/et_pb_wc_related_products][\/et_pb_column][\/et_pb_row][\/et_pb_section]<\/p>\n","protected":false},"excerpt":{"rendered":"<h2>EL \u00c1MFORA DEL MAR<\/h2>\n<p data-pm-slice=\"1 1 []\">Malvas\u00eda de Mas Vicen\u00e7<\/p>\n<p data-pm-slice=\"1 1 []\">Vino monovarietal de malvas\u00eda criado 400 d\u00edas en \u00e1nfora de arcilla bajo el mar tarraconense.<br \/>\nEste vino es un homenaje a la hist\u00f3rica conexi\u00f3n de los romanos de la antigua Tarraco con el vino y a la influencia del mar mediterr\u00e1neo hacia nuestro territorio vin\u00edcola.<\/p>\n<p>Es una malvas\u00eda de la finca \u2018Cal Pere Blanc\u2019 pacientemente evolucionada a las profundidades de la costa tarraconense, con corales incrustados en la cer\u00e1mica y unas sensaciones salinas exponencialmente marcadas.<\/p>\n<p>Bajo el mar, las condiciones de humedad, presi\u00f3n y el movimiento de las corrientes marinas, le han aportado al vino unas sensaciones extraordinarias. Descubrimos una textura m\u00e1s cremosa en boca y unos aromas sutilmente salinos que velan en armon\u00eda con la vertiente m\u00e1s floral de la aut\u00f3ctona variedad.<\/p>\n<p>En estas \u00e1nforas os presentamos una malvas\u00eda acariciada por la marinada y posteriormente ba\u00f1ada en aguas tarraconenses, donde la gastronom\u00eda de procedencia marina, como los arroces o bien las ortigas y los ostrones, ser\u00e1n un buen maridaje.<\/p>\n<p>Deseamos que disfrute de esta exclusiva experiencia mediterr\u00e1nea!<\/p>\n<p>A\u00f1ada 2022. \u00c1nforas sumergidas: 50 unidades.<\/p>\n<p>Consulta las <a href=\"https:\/\/masvicens.com\/condicions-us-i-contractacio\/#enviament\" target=\"_blank\" rel=\"noopener noreferrer\"><strong>condiciones de env\u00edo aqu\u00ed<\/strong> <\/a>| Entrega en 24\/72h<\/p>\n<p>&nbsp;<\/p>\n","protected":false},"featured_media":28278,"comment_status":"open","ping_status":"closed","template":"","meta":{"_et_pb_use_builder":"on","_et_pb_old_content":"","_et_gb_content_width":"","inline_featured_image":false,"_joinchat":[]},"product_brand":[],"product_cat":[28],"product_tag":[],"class_list":{"0":"post-28274","1":"product","2":"type-product","3":"status-publish","4":"has-post-thumbnail","6":"product_cat-vinos","8":"first","9":"instock","10":"taxable","11":"shipping-taxable","12":"purchasable","13":"product-type-simple"},"yoast_head":"<!-- This site is optimized with the Yoast SEO plugin v27.3 - https:\/\/yoast.com\/product\/yoast-seo-wordpress\/ -->\n<title>EL \u00c1MFORA DEL MAR - Malvas\u00eda de Mas Vicen\u00e7<\/title>\n<meta name=\"description\" content=\"Vino monovarietal de malvas\u00eda criado 400 d\u00edas en \u00e1nfora de arcilla bajo el mar tarraconense. El \u00e1mfora del mar de Mas Vicen\u00e7.\" \/>\n<meta name=\"robots\" content=\"index, follow, max-snippet:-1, max-image-preview:large, max-video-preview:-1\" \/>\n<link rel=\"canonical\" href=\"https:\/\/masvicens.com\/es\/producte\/el-amfora-del-mar\/\" \/>\n<meta property=\"og:locale\" content=\"es_ES\" \/>\n<meta property=\"og:type\" content=\"article\" \/>\n<meta property=\"og:title\" content=\"EL \u00c1MFORA DEL MAR - Malvas\u00eda de Mas Vicen\u00e7\" \/>\n<meta property=\"og:description\" content=\"Vino monovarietal de malvas\u00eda criado 400 d\u00edas en \u00e1nfora de arcilla bajo el mar tarraconense. El \u00e1mfora del mar de Mas Vicen\u00e7.\" \/>\n<meta property=\"og:url\" content=\"https:\/\/masvicens.com\/es\/producte\/el-amfora-del-mar\/\" \/>\n<meta property=\"og:site_name\" content=\"Celler Mas Vicen\u00e7 | Re-evolucionant la tradici\u00f3\" \/>\n<meta property=\"article:modified_time\" content=\"2026-01-17T16:29:30+00:00\" \/>\n<meta property=\"og:image\" content=\"https:\/\/masvicens.com\/wp-content\/uploads\/2024\/05\/MSV-Amfora-1_resultat-scaled.webp\" \/>\n\t<meta property=\"og:image:width\" content=\"2560\" \/>\n\t<meta property=\"og:image:height\" content=\"1708\" \/>\n\t<meta property=\"og:image:type\" content=\"image\/webp\" \/>\n<meta name=\"twitter:card\" content=\"summary_large_image\" \/>\n<meta name=\"twitter:label1\" content=\"Tiempo de lectura\" \/>\n\t<meta name=\"twitter:data1\" content=\"1 minuto\" \/>\n<script type=\"application\/ld+json\" class=\"yoast-schema-graph\">{\"@context\":\"https:\\\/\\\/schema.org\",\"@graph\":[{\"@type\":\"WebPage\",\"@id\":\"https:\\\/\\\/masvicens.com\\\/es\\\/producte\\\/el-amfora-del-mar\\\/\",\"url\":\"https:\\\/\\\/masvicens.com\\\/es\\\/producte\\\/el-amfora-del-mar\\\/\",\"name\":\"EL \u00c1MFORA DEL MAR - Malvas\u00eda de Mas Vicen\u00e7\",\"isPartOf\":{\"@id\":\"https:\\\/\\\/masvicens.com\\\/es\\\/#website\"},\"primaryImageOfPage\":{\"@id\":\"https:\\\/\\\/masvicens.com\\\/es\\\/producte\\\/el-amfora-del-mar\\\/#primaryimage\"},\"image\":{\"@id\":\"https:\\\/\\\/masvicens.com\\\/es\\\/producte\\\/el-amfora-del-mar\\\/#primaryimage\"},\"thumbnailUrl\":\"https:\\\/\\\/masvicens.com\\\/wp-content\\\/uploads\\\/2024\\\/05\\\/MSV-Amfora-1_resultat-scaled.webp\",\"datePublished\":\"2024-05-08T05:51:47+00:00\",\"dateModified\":\"2026-01-17T16:29:30+00:00\",\"description\":\"Vino monovarietal de malvas\u00eda criado 400 d\u00edas en \u00e1nfora de arcilla bajo el mar tarraconense. El \u00e1mfora del mar de Mas Vicen\u00e7.\",\"breadcrumb\":{\"@id\":\"https:\\\/\\\/masvicens.com\\\/es\\\/producte\\\/el-amfora-del-mar\\\/#breadcrumb\"},\"inLanguage\":\"es\",\"potentialAction\":[{\"@type\":\"ReadAction\",\"target\":[\"https:\\\/\\\/masvicens.com\\\/es\\\/producte\\\/el-amfora-del-mar\\\/\"]}]},{\"@type\":\"ImageObject\",\"inLanguage\":\"es\",\"@id\":\"https:\\\/\\\/masvicens.com\\\/es\\\/producte\\\/el-amfora-del-mar\\\/#primaryimage\",\"url\":\"https:\\\/\\\/masvicens.com\\\/wp-content\\\/uploads\\\/2024\\\/05\\\/MSV-Amfora-1_resultat-scaled.webp\",\"contentUrl\":\"https:\\\/\\\/masvicens.com\\\/wp-content\\\/uploads\\\/2024\\\/05\\\/MSV-Amfora-1_resultat-scaled.webp\",\"width\":2560,\"height\":1708,\"caption\":\"EL \u00c1MFORA DEL MAR\"},{\"@type\":\"BreadcrumbList\",\"@id\":\"https:\\\/\\\/masvicens.com\\\/es\\\/producte\\\/el-amfora-del-mar\\\/#breadcrumb\",\"itemListElement\":[{\"@type\":\"ListItem\",\"position\":1,\"name\":\"Portada\",\"item\":\"https:\\\/\\\/masvicens.com\\\/es\\\/\"},{\"@type\":\"ListItem\",\"position\":2,\"name\":\"TIENDA\",\"item\":\"https:\\\/\\\/masvicens.com\\\/botiga-de-vins-online\\\/\"},{\"@type\":\"ListItem\",\"position\":3,\"name\":\"EL \u00c1MFORA DEL MAR\"}]},{\"@type\":\"WebSite\",\"@id\":\"https:\\\/\\\/masvicens.com\\\/es\\\/#website\",\"url\":\"https:\\\/\\\/masvicens.com\\\/es\\\/\",\"name\":\"Celler Mas Vicen\u00e7 | Re-evolucionant la tradici\u00f3\",\"description\":\"Veniu a viure l&#039;enoturisme i a con\u00e8ixer la nostra col\u00b7lecci\u00f3 de vins elaborats amb la millor selecci\u00f3 de ra\u00efm del nostre celler a Tarragona.\",\"potentialAction\":[{\"@type\":\"SearchAction\",\"target\":{\"@type\":\"EntryPoint\",\"urlTemplate\":\"https:\\\/\\\/masvicens.com\\\/es\\\/?s={search_term_string}\"},\"query-input\":{\"@type\":\"PropertyValueSpecification\",\"valueRequired\":true,\"valueName\":\"search_term_string\"}}],\"inLanguage\":\"es\"}]}<\/script>\n<!-- \/ Yoast SEO plugin. -->","yoast_head_json":{"title":"EL \u00c1MFORA DEL MAR - Malvas\u00eda de Mas Vicen\u00e7","description":"Vino monovarietal de malvas\u00eda criado 400 d\u00edas en \u00e1nfora de arcilla bajo el mar tarraconense. El \u00e1mfora del mar de Mas Vicen\u00e7.","robots":{"index":"index","follow":"follow","max-snippet":"max-snippet:-1","max-image-preview":"max-image-preview:large","max-video-preview":"max-video-preview:-1"},"canonical":"https:\/\/masvicens.com\/es\/producte\/el-amfora-del-mar\/","og_locale":"es_ES","og_type":"article","og_title":"EL \u00c1MFORA DEL MAR - Malvas\u00eda de Mas Vicen\u00e7","og_description":"Vino monovarietal de malvas\u00eda criado 400 d\u00edas en \u00e1nfora de arcilla bajo el mar tarraconense. El \u00e1mfora del mar de Mas Vicen\u00e7.","og_url":"https:\/\/masvicens.com\/es\/producte\/el-amfora-del-mar\/","og_site_name":"Celler Mas Vicen\u00e7 | Re-evolucionant la tradici\u00f3","article_modified_time":"2026-01-17T16:29:30+00:00","og_image":[{"width":2560,"height":1708,"url":"https:\/\/masvicens.com\/wp-content\/uploads\/2024\/05\/MSV-Amfora-1_resultat-scaled.webp","type":"image\/webp"}],"twitter_card":"summary_large_image","twitter_misc":{"Tiempo de lectura":"1 minuto"},"schema":{"@context":"https:\/\/schema.org","@graph":[{"@type":"WebPage","@id":"https:\/\/masvicens.com\/es\/producte\/el-amfora-del-mar\/","url":"https:\/\/masvicens.com\/es\/producte\/el-amfora-del-mar\/","name":"EL \u00c1MFORA DEL MAR - Malvas\u00eda de Mas Vicen\u00e7","isPartOf":{"@id":"https:\/\/masvicens.com\/es\/#website"},"primaryImageOfPage":{"@id":"https:\/\/masvicens.com\/es\/producte\/el-amfora-del-mar\/#primaryimage"},"image":{"@id":"https:\/\/masvicens.com\/es\/producte\/el-amfora-del-mar\/#primaryimage"},"thumbnailUrl":"https:\/\/masvicens.com\/wp-content\/uploads\/2024\/05\/MSV-Amfora-1_resultat-scaled.webp","datePublished":"2024-05-08T05:51:47+00:00","dateModified":"2026-01-17T16:29:30+00:00","description":"Vino monovarietal de malvas\u00eda criado 400 d\u00edas en \u00e1nfora de arcilla bajo el mar tarraconense. El \u00e1mfora del mar de Mas Vicen\u00e7.","breadcrumb":{"@id":"https:\/\/masvicens.com\/es\/producte\/el-amfora-del-mar\/#breadcrumb"},"inLanguage":"es","potentialAction":[{"@type":"ReadAction","target":["https:\/\/masvicens.com\/es\/producte\/el-amfora-del-mar\/"]}]},{"@type":"ImageObject","inLanguage":"es","@id":"https:\/\/masvicens.com\/es\/producte\/el-amfora-del-mar\/#primaryimage","url":"https:\/\/masvicens.com\/wp-content\/uploads\/2024\/05\/MSV-Amfora-1_resultat-scaled.webp","contentUrl":"https:\/\/masvicens.com\/wp-content\/uploads\/2024\/05\/MSV-Amfora-1_resultat-scaled.webp","width":2560,"height":1708,"caption":"EL \u00c1MFORA DEL MAR"},{"@type":"BreadcrumbList","@id":"https:\/\/masvicens.com\/es\/producte\/el-amfora-del-mar\/#breadcrumb","itemListElement":[{"@type":"ListItem","position":1,"name":"Portada","item":"https:\/\/masvicens.com\/es\/"},{"@type":"ListItem","position":2,"name":"TIENDA","item":"https:\/\/masvicens.com\/botiga-de-vins-online\/"},{"@type":"ListItem","position":3,"name":"EL \u00c1MFORA DEL MAR"}]},{"@type":"WebSite","@id":"https:\/\/masvicens.com\/es\/#website","url":"https:\/\/masvicens.com\/es\/","name":"Celler Mas Vicen\u00e7 | Re-evolucionant la tradici\u00f3","description":"Veniu a viure l&#039;enoturisme i a con\u00e8ixer la nostra col\u00b7lecci\u00f3 de vins elaborats amb la millor selecci\u00f3 de ra\u00efm del nostre celler a Tarragona.","potentialAction":[{"@type":"SearchAction","target":{"@type":"EntryPoint","urlTemplate":"https:\/\/masvicens.com\/es\/?s={search_term_string}"},"query-input":{"@type":"PropertyValueSpecification","valueRequired":true,"valueName":"search_term_string"}}],"inLanguage":"es"}]}},"_links":{"self":[{"href":"https:\/\/masvicens.com\/es\/wp-json\/wp\/v2\/product\/28274","targetHints":{"allow":["GET"]}}],"collection":[{"href":"https:\/\/masvicens.com\/es\/wp-json\/wp\/v2\/product"}],"about":[{"href":"https:\/\/masvicens.com\/es\/wp-json\/wp\/v2\/types\/product"}],"replies":[{"embeddable":true,"href":"https:\/\/masvicens.com\/es\/wp-json\/wp\/v2\/comments?post=28274"}],"wp:featuredmedia":[{"embeddable":true,"href":"https:\/\/masvicens.com\/es\/wp-json\/wp\/v2\/media\/28278"}],"wp:attachment":[{"href":"https:\/\/masvicens.com\/es\/wp-json\/wp\/v2\/media?parent=28274"}],"wp:term":[{"taxonomy":"product_brand","embeddable":true,"href":"https:\/\/masvicens.com\/es\/wp-json\/wp\/v2\/product_brand?post=28274"},{"taxonomy":"product_cat","embeddable":true,"href":"https:\/\/masvicens.com\/es\/wp-json\/wp\/v2\/product_cat?post=28274"},{"taxonomy":"product_tag","embeddable":true,"href":"https:\/\/masvicens.com\/es\/wp-json\/wp\/v2\/product_tag?post=28274"}],"curies":[{"name":"wp","href":"https:\/\/api.w.org\/{rel}","templated":true}]}}