{"id":31761,"date":"2025-10-16T23:53:26","date_gmt":"2025-10-16T23:53:26","guid":{"rendered":"https:\/\/masvicens.com\/producte\/visitas-guiadas-con-degustacion\/"},"modified":"2025-10-16T23:53:26","modified_gmt":"2025-10-16T23:53:26","slug":"visitas-guiadas-con-degustacion","status":"publish","type":"product","link":"https:\/\/masvicens.com\/es\/producte\/visitas-guiadas-con-degustacion\/","title":{"rendered":"Visitas guiadas con degustaci\u00f3n"},"content":{"rendered":"","protected":false},"excerpt":{"rendered":"<h2><strong>Visitas guiadas con degustaci\u00f3n en Mas Vicen\u00e7:<\/strong>\u00a0descubre la esencia de la bodega<\/h2>\n<p><em>Re-evolucionando el enoturismo en Tarragona<\/em><\/p>\n<p>Vive las\u00a0visitas guiadas con degustaci\u00f3n\u00a0en Mas Vicen\u00e7.\u00a0Hay lugares que explican historias solo al pisarlos. Mas Vicen\u00e7 es uno de estos. Rodeados de vi\u00f1as cargadas de memoria, te invitamos a vivir una experiencia que va m\u00e1s all\u00e1 de la cata: un recorrido emocional por nuestra esencia, la tierra que nos inspira y el vino que nos define.<\/p>\n<p><strong>Un viaje a los or\u00edgenes del vino, con todos los sentidos<\/strong><\/p>\n","protected":false},"featured_media":31965,"comment_status":"closed","ping_status":"closed","template":"","meta":{"_et_pb_use_builder":"","_et_pb_old_content":"","_et_gb_content_width":"","inline_featured_image":false,"_joinchat":[]},"product_brand":[],"product_cat":[15],"product_tag":[],"class_list":{"0":"post-31761","1":"product","2":"type-product","3":"status-publish","4":"has-post-thumbnail","6":"product_cat-sin-categorizar","8":"first","9":"instock","10":"taxable","11":"shipping-taxable","12":"purchasable","13":"product-type-variable"},"yoast_head":"<!-- This site is optimized with the Yoast SEO plugin v27.4 - https:\/\/yoast.com\/product\/yoast-seo-wordpress\/ -->\n<title>Visitas guiadas con degustaci\u00f3n - Celler Mas Vicen\u00e7 | Re-evolucionant la tradici\u00f3<\/title>\n<meta name=\"robots\" content=\"index, follow, max-snippet:-1, max-image-preview:large, max-video-preview:-1\" \/>\n<link rel=\"canonical\" href=\"https:\/\/masvicens.com\/es\/producte\/visitas-guiadas-con-degustacion\/\" \/>\n<meta property=\"og:locale\" content=\"es_ES\" \/>\n<meta property=\"og:type\" content=\"article\" \/>\n<meta property=\"og:title\" content=\"Visitas guiadas con degustaci\u00f3n - Celler Mas Vicen\u00e7 | Re-evolucionant la tradici\u00f3\" \/>\n<meta property=\"og:description\" content=\"Visitas guiadas con degustaci\u00f3n en Mas Vicen\u00e7:\u00a0descubre la esencia de la bodega Re-evolucionando el enoturismo en Tarragona Vive las\u00a0visitas guiadas con degustaci\u00f3n\u00a0en Mas Vicen\u00e7.\u00a0Hay lugares que explican historias solo al pisarlos. Mas Vicen\u00e7 es uno de estos. Rodeados de vi\u00f1as cargadas de memoria, te invitamos a vivir una experiencia que va m\u00e1s all\u00e1 de la cata: un recorrido emocional por nuestra esencia, la tierra que nos inspira y el vino que nos define. Un viaje a los or\u00edgenes del vino, con todos los sentidos\" \/>\n<meta property=\"og:url\" content=\"https:\/\/masvicens.com\/es\/producte\/visitas-guiadas-con-degustacion\/\" \/>\n<meta property=\"og:site_name\" content=\"Celler Mas Vicen\u00e7 | Re-evolucionant la tradici\u00f3\" \/>\n<meta property=\"og:image\" content=\"https:\/\/masvicens.com\/wp-content\/uploads\/2025\/07\/MSV-VisitaGuiada-54_resultat-e1752649107700.webp\" \/>\n\t<meta property=\"og:image:width\" content=\"1571\" \/>\n\t<meta property=\"og:image:height\" content=\"1047\" \/>\n\t<meta property=\"og:image:type\" content=\"image\/webp\" \/>\n<meta name=\"twitter:card\" content=\"summary_large_image\" \/>\n<script type=\"application\/ld+json\" class=\"yoast-schema-graph\">{\"@context\":\"https:\\\/\\\/schema.org\",\"@graph\":[{\"@type\":\"WebPage\",\"@id\":\"https:\\\/\\\/masvicens.com\\\/es\\\/producte\\\/visitas-guiadas-con-degustacion\\\/\",\"url\":\"https:\\\/\\\/masvicens.com\\\/es\\\/producte\\\/visitas-guiadas-con-degustacion\\\/\",\"name\":\"Visitas guiadas con degustaci\u00f3n - Celler Mas Vicen\u00e7 | Re-evolucionant la tradici\u00f3\",\"isPartOf\":{\"@id\":\"https:\\\/\\\/masvicens.com\\\/es\\\/#website\"},\"primaryImageOfPage\":{\"@id\":\"https:\\\/\\\/masvicens.com\\\/es\\\/producte\\\/visitas-guiadas-con-degustacion\\\/#primaryimage\"},\"image\":{\"@id\":\"https:\\\/\\\/masvicens.com\\\/es\\\/producte\\\/visitas-guiadas-con-degustacion\\\/#primaryimage\"},\"thumbnailUrl\":\"https:\\\/\\\/masvicens.com\\\/wp-content\\\/uploads\\\/2025\\\/10\\\/MSV-VisitaGuiada-Custom.jpg\",\"datePublished\":\"2025-10-16T23:53:26+00:00\",\"breadcrumb\":{\"@id\":\"https:\\\/\\\/masvicens.com\\\/es\\\/producte\\\/visitas-guiadas-con-degustacion\\\/#breadcrumb\"},\"inLanguage\":\"es\",\"potentialAction\":[{\"@type\":\"ReadAction\",\"target\":[\"https:\\\/\\\/masvicens.com\\\/es\\\/producte\\\/visitas-guiadas-con-degustacion\\\/\"]}]},{\"@type\":\"ImageObject\",\"inLanguage\":\"es\",\"@id\":\"https:\\\/\\\/masvicens.com\\\/es\\\/producte\\\/visitas-guiadas-con-degustacion\\\/#primaryimage\",\"url\":\"https:\\\/\\\/masvicens.com\\\/wp-content\\\/uploads\\\/2025\\\/10\\\/MSV-VisitaGuiada-Custom.jpg\",\"contentUrl\":\"https:\\\/\\\/masvicens.com\\\/wp-content\\\/uploads\\\/2025\\\/10\\\/MSV-VisitaGuiada-Custom.jpg\",\"width\":1024,\"height\":683},{\"@type\":\"BreadcrumbList\",\"@id\":\"https:\\\/\\\/masvicens.com\\\/es\\\/producte\\\/visitas-guiadas-con-degustacion\\\/#breadcrumb\",\"itemListElement\":[{\"@type\":\"ListItem\",\"position\":1,\"name\":\"Portada\",\"item\":\"https:\\\/\\\/masvicens.com\\\/es\\\/\"},{\"@type\":\"ListItem\",\"position\":2,\"name\":\"TIENDA\",\"item\":\"https:\\\/\\\/masvicens.com\\\/botiga-de-vins-online\\\/\"},{\"@type\":\"ListItem\",\"position\":3,\"name\":\"Visitas guiadas con degustaci\u00f3n\"}]},{\"@type\":\"WebSite\",\"@id\":\"https:\\\/\\\/masvicens.com\\\/es\\\/#website\",\"url\":\"https:\\\/\\\/masvicens.com\\\/es\\\/\",\"name\":\"Celler Mas Vicen\u00e7 | Re-evolucionant la tradici\u00f3\",\"description\":\"Veniu a viure l&#039;enoturisme i a con\u00e8ixer la nostra col\u00b7lecci\u00f3 de vins elaborats amb la millor selecci\u00f3 de ra\u00efm del nostre celler a Tarragona.\",\"potentialAction\":[{\"@type\":\"SearchAction\",\"target\":{\"@type\":\"EntryPoint\",\"urlTemplate\":\"https:\\\/\\\/masvicens.com\\\/es\\\/?s={search_term_string}\"},\"query-input\":{\"@type\":\"PropertyValueSpecification\",\"valueRequired\":true,\"valueName\":\"search_term_string\"}}],\"inLanguage\":\"es\"}]}<\/script>\n<!-- \/ Yoast SEO plugin. -->","yoast_head_json":{"title":"Visitas guiadas con degustaci\u00f3n - Celler Mas Vicen\u00e7 | Re-evolucionant la tradici\u00f3","robots":{"index":"index","follow":"follow","max-snippet":"max-snippet:-1","max-image-preview":"max-image-preview:large","max-video-preview":"max-video-preview:-1"},"canonical":"https:\/\/masvicens.com\/es\/producte\/visitas-guiadas-con-degustacion\/","og_locale":"es_ES","og_type":"article","og_title":"Visitas guiadas con degustaci\u00f3n - Celler Mas Vicen\u00e7 | Re-evolucionant la tradici\u00f3","og_description":"Visitas guiadas con degustaci\u00f3n en Mas Vicen\u00e7:\u00a0descubre la esencia de la bodega Re-evolucionando el enoturismo en Tarragona Vive las\u00a0visitas guiadas con degustaci\u00f3n\u00a0en Mas Vicen\u00e7.\u00a0Hay lugares que explican historias solo al pisarlos. Mas Vicen\u00e7 es uno de estos. Rodeados de vi\u00f1as cargadas de memoria, te invitamos a vivir una experiencia que va m\u00e1s all\u00e1 de la cata: un recorrido emocional por nuestra esencia, la tierra que nos inspira y el vino que nos define. Un viaje a los or\u00edgenes del vino, con todos los sentidos","og_url":"https:\/\/masvicens.com\/es\/producte\/visitas-guiadas-con-degustacion\/","og_site_name":"Celler Mas Vicen\u00e7 | Re-evolucionant la tradici\u00f3","og_image":[{"width":1571,"height":1047,"url":"https:\/\/masvicens.com\/wp-content\/uploads\/2025\/07\/MSV-VisitaGuiada-54_resultat-e1752649107700.webp","type":"image\/webp"}],"twitter_card":"summary_large_image","schema":{"@context":"https:\/\/schema.org","@graph":[{"@type":"WebPage","@id":"https:\/\/masvicens.com\/es\/producte\/visitas-guiadas-con-degustacion\/","url":"https:\/\/masvicens.com\/es\/producte\/visitas-guiadas-con-degustacion\/","name":"Visitas guiadas con degustaci\u00f3n - Celler Mas Vicen\u00e7 | Re-evolucionant la tradici\u00f3","isPartOf":{"@id":"https:\/\/masvicens.com\/es\/#website"},"primaryImageOfPage":{"@id":"https:\/\/masvicens.com\/es\/producte\/visitas-guiadas-con-degustacion\/#primaryimage"},"image":{"@id":"https:\/\/masvicens.com\/es\/producte\/visitas-guiadas-con-degustacion\/#primaryimage"},"thumbnailUrl":"https:\/\/masvicens.com\/wp-content\/uploads\/2025\/10\/MSV-VisitaGuiada-Custom.jpg","datePublished":"2025-10-16T23:53:26+00:00","breadcrumb":{"@id":"https:\/\/masvicens.com\/es\/producte\/visitas-guiadas-con-degustacion\/#breadcrumb"},"inLanguage":"es","potentialAction":[{"@type":"ReadAction","target":["https:\/\/masvicens.com\/es\/producte\/visitas-guiadas-con-degustacion\/"]}]},{"@type":"ImageObject","inLanguage":"es","@id":"https:\/\/masvicens.com\/es\/producte\/visitas-guiadas-con-degustacion\/#primaryimage","url":"https:\/\/masvicens.com\/wp-content\/uploads\/2025\/10\/MSV-VisitaGuiada-Custom.jpg","contentUrl":"https:\/\/masvicens.com\/wp-content\/uploads\/2025\/10\/MSV-VisitaGuiada-Custom.jpg","width":1024,"height":683},{"@type":"BreadcrumbList","@id":"https:\/\/masvicens.com\/es\/producte\/visitas-guiadas-con-degustacion\/#breadcrumb","itemListElement":[{"@type":"ListItem","position":1,"name":"Portada","item":"https:\/\/masvicens.com\/es\/"},{"@type":"ListItem","position":2,"name":"TIENDA","item":"https:\/\/masvicens.com\/botiga-de-vins-online\/"},{"@type":"ListItem","position":3,"name":"Visitas guiadas con degustaci\u00f3n"}]},{"@type":"WebSite","@id":"https:\/\/masvicens.com\/es\/#website","url":"https:\/\/masvicens.com\/es\/","name":"Celler Mas Vicen\u00e7 | Re-evolucionant la tradici\u00f3","description":"Veniu a viure l&#039;enoturisme i a con\u00e8ixer la nostra col\u00b7lecci\u00f3 de vins elaborats amb la millor selecci\u00f3 de ra\u00efm del nostre celler a Tarragona.","potentialAction":[{"@type":"SearchAction","target":{"@type":"EntryPoint","urlTemplate":"https:\/\/masvicens.com\/es\/?s={search_term_string}"},"query-input":{"@type":"PropertyValueSpecification","valueRequired":true,"valueName":"search_term_string"}}],"inLanguage":"es"}]}},"_links":{"self":[{"href":"https:\/\/masvicens.com\/es\/wp-json\/wp\/v2\/product\/31761","targetHints":{"allow":["GET"]}}],"collection":[{"href":"https:\/\/masvicens.com\/es\/wp-json\/wp\/v2\/product"}],"about":[{"href":"https:\/\/masvicens.com\/es\/wp-json\/wp\/v2\/types\/product"}],"replies":[{"embeddable":true,"href":"https:\/\/masvicens.com\/es\/wp-json\/wp\/v2\/comments?post=31761"}],"wp:featuredmedia":[{"embeddable":true,"href":"https:\/\/masvicens.com\/es\/wp-json\/wp\/v2\/media\/31965"}],"wp:attachment":[{"href":"https:\/\/masvicens.com\/es\/wp-json\/wp\/v2\/media?parent=31761"}],"wp:term":[{"taxonomy":"product_brand","embeddable":true,"href":"https:\/\/masvicens.com\/es\/wp-json\/wp\/v2\/product_brand?post=31761"},{"taxonomy":"product_cat","embeddable":true,"href":"https:\/\/masvicens.com\/es\/wp-json\/wp\/v2\/product_cat?post=31761"},{"taxonomy":"product_tag","embeddable":true,"href":"https:\/\/masvicens.com\/es\/wp-json\/wp\/v2\/product_tag?post=31761"}],"curies":[{"name":"wp","href":"https:\/\/api.w.org\/{rel}","templated":true}]}}