{"id":31793,"date":"2025-10-17T05:32:55","date_gmt":"2025-10-17T05:32:55","guid":{"rendered":"https:\/\/masvicens.com\/producte\/chocolate-y-vida\/"},"modified":"2025-10-17T05:32:55","modified_gmt":"2025-10-17T05:32:55","slug":"chocolate-y-vida","status":"publish","type":"product","link":"https:\/\/masvicens.com\/es\/producte\/chocolate-y-vida\/","title":{"rendered":"Chocolate y Vida"},"content":{"rendered":"","protected":false},"excerpt":{"rendered":"<h2><strong>El Chocolate y Vida de Mas Vicen\u00e7:<\/strong> la experiencia enotur\u00edstica que fusiona vino y chocolate<\/h2>\n<p><em>Re-evolucionando el enoturismo en Tarragona<\/em><\/p>\n<p>Vive Chocolate y Vida de Mas Vicen\u00e7: una actividad que nace para descrubir la fusi\u00f3n de sabores entre el vino y el chocolate. Se analiza sensorialmente todos los procesos del vino, desde la vi\u00f1a hasta la crianza, y el chocolate artesanal para disfrutar del maridaje perfecto. Cada pieza de chocolate est\u00e1 creada especialmente para cada uno de los vinos de Mas Vicen\u00e7.<\/p>\n<p><strong>M\u00e1s que una cata de vinos, una experiencia para los sentidos<\/strong><\/p>\n","protected":false},"featured_media":31949,"comment_status":"closed","ping_status":"closed","template":"","meta":{"_et_pb_use_builder":"","_et_pb_old_content":"","_et_gb_content_width":"","inline_featured_image":false,"_joinchat":[]},"product_brand":[],"product_cat":[15],"product_tag":[],"class_list":{"0":"post-31793","1":"product","2":"type-product","3":"status-publish","4":"has-post-thumbnail","6":"product_cat-sin-categorizar","8":"first","9":"instock","10":"taxable","11":"shipping-taxable","12":"purchasable","13":"product-type-variable"},"yoast_head":"<!-- This site is optimized with the Yoast SEO plugin v27.4 - https:\/\/yoast.com\/product\/yoast-seo-wordpress\/ -->\n<title>Chocolate y Vida - Celler Mas Vicen\u00e7 | Re-evolucionant la tradici\u00f3<\/title>\n<meta name=\"robots\" content=\"index, follow, max-snippet:-1, max-image-preview:large, max-video-preview:-1\" \/>\n<link rel=\"canonical\" href=\"https:\/\/masvicens.com\/es\/producte\/chocolate-y-vida\/\" \/>\n<meta property=\"og:locale\" content=\"es_ES\" \/>\n<meta property=\"og:type\" content=\"article\" \/>\n<meta property=\"og:title\" content=\"Chocolate y Vida - Celler Mas Vicen\u00e7 | Re-evolucionant la tradici\u00f3\" \/>\n<meta property=\"og:description\" content=\"El Chocolate y Vida de Mas Vicen\u00e7: la experiencia enotur\u00edstica que fusiona vino y chocolate Re-evolucionando el enoturismo en Tarragona Vive Chocolate y Vida de Mas Vicen\u00e7: una actividad que nace para descrubir la fusi\u00f3n de sabores entre el vino y el chocolate. Se analiza sensorialmente todos los procesos del vino, desde la vi\u00f1a hasta la crianza, y el chocolate artesanal para disfrutar del maridaje perfecto. Cada pieza de chocolate est\u00e1 creada especialmente para cada uno de los vinos de Mas Vicen\u00e7. M\u00e1s que una cata de vinos, una experiencia para los sentidos\" \/>\n<meta property=\"og:url\" content=\"https:\/\/masvicens.com\/es\/producte\/chocolate-y-vida\/\" \/>\n<meta property=\"og:site_name\" content=\"Celler Mas Vicen\u00e7 | Re-evolucionant la tradici\u00f3\" \/>\n<meta property=\"og:image\" content=\"https:\/\/masvicens.com\/wp-content\/uploads\/2025\/10\/Xoco-Vida-Masvi_-21.jpg\" \/>\n\t<meta property=\"og:image:width\" content=\"1199\" \/>\n\t<meta property=\"og:image:height\" content=\"802\" \/>\n\t<meta property=\"og:image:type\" content=\"image\/jpeg\" \/>\n<meta name=\"twitter:card\" content=\"summary_large_image\" \/>\n<script type=\"application\/ld+json\" class=\"yoast-schema-graph\">{\"@context\":\"https:\\\/\\\/schema.org\",\"@graph\":[{\"@type\":\"WebPage\",\"@id\":\"https:\\\/\\\/masvicens.com\\\/es\\\/producte\\\/chocolate-y-vida\\\/\",\"url\":\"https:\\\/\\\/masvicens.com\\\/es\\\/producte\\\/chocolate-y-vida\\\/\",\"name\":\"Chocolate y Vida - Celler Mas Vicen\u00e7 | Re-evolucionant la tradici\u00f3\",\"isPartOf\":{\"@id\":\"https:\\\/\\\/masvicens.com\\\/es\\\/#website\"},\"primaryImageOfPage\":{\"@id\":\"https:\\\/\\\/masvicens.com\\\/es\\\/producte\\\/chocolate-y-vida\\\/#primaryimage\"},\"image\":{\"@id\":\"https:\\\/\\\/masvicens.com\\\/es\\\/producte\\\/chocolate-y-vida\\\/#primaryimage\"},\"thumbnailUrl\":\"https:\\\/\\\/masvicens.com\\\/wp-content\\\/uploads\\\/2025\\\/10\\\/MSV-XocoVida-Custom.jpg\",\"datePublished\":\"2025-10-17T05:32:55+00:00\",\"breadcrumb\":{\"@id\":\"https:\\\/\\\/masvicens.com\\\/es\\\/producte\\\/chocolate-y-vida\\\/#breadcrumb\"},\"inLanguage\":\"es\",\"potentialAction\":[{\"@type\":\"ReadAction\",\"target\":[\"https:\\\/\\\/masvicens.com\\\/es\\\/producte\\\/chocolate-y-vida\\\/\"]}]},{\"@type\":\"ImageObject\",\"inLanguage\":\"es\",\"@id\":\"https:\\\/\\\/masvicens.com\\\/es\\\/producte\\\/chocolate-y-vida\\\/#primaryimage\",\"url\":\"https:\\\/\\\/masvicens.com\\\/wp-content\\\/uploads\\\/2025\\\/10\\\/MSV-XocoVida-Custom.jpg\",\"contentUrl\":\"https:\\\/\\\/masvicens.com\\\/wp-content\\\/uploads\\\/2025\\\/10\\\/MSV-XocoVida-Custom.jpg\",\"width\":1024,\"height\":684},{\"@type\":\"BreadcrumbList\",\"@id\":\"https:\\\/\\\/masvicens.com\\\/es\\\/producte\\\/chocolate-y-vida\\\/#breadcrumb\",\"itemListElement\":[{\"@type\":\"ListItem\",\"position\":1,\"name\":\"Portada\",\"item\":\"https:\\\/\\\/masvicens.com\\\/es\\\/\"},{\"@type\":\"ListItem\",\"position\":2,\"name\":\"TIENDA\",\"item\":\"https:\\\/\\\/masvicens.com\\\/botiga-de-vins-online\\\/\"},{\"@type\":\"ListItem\",\"position\":3,\"name\":\"Chocolate y Vida\"}]},{\"@type\":\"WebSite\",\"@id\":\"https:\\\/\\\/masvicens.com\\\/es\\\/#website\",\"url\":\"https:\\\/\\\/masvicens.com\\\/es\\\/\",\"name\":\"Celler Mas Vicen\u00e7 | Re-evolucionant la tradici\u00f3\",\"description\":\"Veniu a viure l&#039;enoturisme i a con\u00e8ixer la nostra col\u00b7lecci\u00f3 de vins elaborats amb la millor selecci\u00f3 de ra\u00efm del nostre celler a Tarragona.\",\"potentialAction\":[{\"@type\":\"SearchAction\",\"target\":{\"@type\":\"EntryPoint\",\"urlTemplate\":\"https:\\\/\\\/masvicens.com\\\/es\\\/?s={search_term_string}\"},\"query-input\":{\"@type\":\"PropertyValueSpecification\",\"valueRequired\":true,\"valueName\":\"search_term_string\"}}],\"inLanguage\":\"es\"}]}<\/script>\n<!-- \/ Yoast SEO plugin. -->","yoast_head_json":{"title":"Chocolate y Vida - Celler Mas Vicen\u00e7 | Re-evolucionant la tradici\u00f3","robots":{"index":"index","follow":"follow","max-snippet":"max-snippet:-1","max-image-preview":"max-image-preview:large","max-video-preview":"max-video-preview:-1"},"canonical":"https:\/\/masvicens.com\/es\/producte\/chocolate-y-vida\/","og_locale":"es_ES","og_type":"article","og_title":"Chocolate y Vida - Celler Mas Vicen\u00e7 | Re-evolucionant la tradici\u00f3","og_description":"El Chocolate y Vida de Mas Vicen\u00e7: la experiencia enotur\u00edstica que fusiona vino y chocolate Re-evolucionando el enoturismo en Tarragona Vive Chocolate y Vida de Mas Vicen\u00e7: una actividad que nace para descrubir la fusi\u00f3n de sabores entre el vino y el chocolate. Se analiza sensorialmente todos los procesos del vino, desde la vi\u00f1a hasta la crianza, y el chocolate artesanal para disfrutar del maridaje perfecto. Cada pieza de chocolate est\u00e1 creada especialmente para cada uno de los vinos de Mas Vicen\u00e7. M\u00e1s que una cata de vinos, una experiencia para los sentidos","og_url":"https:\/\/masvicens.com\/es\/producte\/chocolate-y-vida\/","og_site_name":"Celler Mas Vicen\u00e7 | Re-evolucionant la tradici\u00f3","og_image":[{"width":1199,"height":802,"url":"https:\/\/masvicens.com\/wp-content\/uploads\/2025\/10\/Xoco-Vida-Masvi_-21.jpg","type":"image\/jpeg"}],"twitter_card":"summary_large_image","schema":{"@context":"https:\/\/schema.org","@graph":[{"@type":"WebPage","@id":"https:\/\/masvicens.com\/es\/producte\/chocolate-y-vida\/","url":"https:\/\/masvicens.com\/es\/producte\/chocolate-y-vida\/","name":"Chocolate y Vida - Celler Mas Vicen\u00e7 | Re-evolucionant la tradici\u00f3","isPartOf":{"@id":"https:\/\/masvicens.com\/es\/#website"},"primaryImageOfPage":{"@id":"https:\/\/masvicens.com\/es\/producte\/chocolate-y-vida\/#primaryimage"},"image":{"@id":"https:\/\/masvicens.com\/es\/producte\/chocolate-y-vida\/#primaryimage"},"thumbnailUrl":"https:\/\/masvicens.com\/wp-content\/uploads\/2025\/10\/MSV-XocoVida-Custom.jpg","datePublished":"2025-10-17T05:32:55+00:00","breadcrumb":{"@id":"https:\/\/masvicens.com\/es\/producte\/chocolate-y-vida\/#breadcrumb"},"inLanguage":"es","potentialAction":[{"@type":"ReadAction","target":["https:\/\/masvicens.com\/es\/producte\/chocolate-y-vida\/"]}]},{"@type":"ImageObject","inLanguage":"es","@id":"https:\/\/masvicens.com\/es\/producte\/chocolate-y-vida\/#primaryimage","url":"https:\/\/masvicens.com\/wp-content\/uploads\/2025\/10\/MSV-XocoVida-Custom.jpg","contentUrl":"https:\/\/masvicens.com\/wp-content\/uploads\/2025\/10\/MSV-XocoVida-Custom.jpg","width":1024,"height":684},{"@type":"BreadcrumbList","@id":"https:\/\/masvicens.com\/es\/producte\/chocolate-y-vida\/#breadcrumb","itemListElement":[{"@type":"ListItem","position":1,"name":"Portada","item":"https:\/\/masvicens.com\/es\/"},{"@type":"ListItem","position":2,"name":"TIENDA","item":"https:\/\/masvicens.com\/botiga-de-vins-online\/"},{"@type":"ListItem","position":3,"name":"Chocolate y Vida"}]},{"@type":"WebSite","@id":"https:\/\/masvicens.com\/es\/#website","url":"https:\/\/masvicens.com\/es\/","name":"Celler Mas Vicen\u00e7 | Re-evolucionant la tradici\u00f3","description":"Veniu a viure l&#039;enoturisme i a con\u00e8ixer la nostra col\u00b7lecci\u00f3 de vins elaborats amb la millor selecci\u00f3 de ra\u00efm del nostre celler a Tarragona.","potentialAction":[{"@type":"SearchAction","target":{"@type":"EntryPoint","urlTemplate":"https:\/\/masvicens.com\/es\/?s={search_term_string}"},"query-input":{"@type":"PropertyValueSpecification","valueRequired":true,"valueName":"search_term_string"}}],"inLanguage":"es"}]}},"_links":{"self":[{"href":"https:\/\/masvicens.com\/es\/wp-json\/wp\/v2\/product\/31793","targetHints":{"allow":["GET"]}}],"collection":[{"href":"https:\/\/masvicens.com\/es\/wp-json\/wp\/v2\/product"}],"about":[{"href":"https:\/\/masvicens.com\/es\/wp-json\/wp\/v2\/types\/product"}],"replies":[{"embeddable":true,"href":"https:\/\/masvicens.com\/es\/wp-json\/wp\/v2\/comments?post=31793"}],"wp:featuredmedia":[{"embeddable":true,"href":"https:\/\/masvicens.com\/es\/wp-json\/wp\/v2\/media\/31949"}],"wp:attachment":[{"href":"https:\/\/masvicens.com\/es\/wp-json\/wp\/v2\/media?parent=31793"}],"wp:term":[{"taxonomy":"product_brand","embeddable":true,"href":"https:\/\/masvicens.com\/es\/wp-json\/wp\/v2\/product_brand?post=31793"},{"taxonomy":"product_cat","embeddable":true,"href":"https:\/\/masvicens.com\/es\/wp-json\/wp\/v2\/product_cat?post=31793"},{"taxonomy":"product_tag","embeddable":true,"href":"https:\/\/masvicens.com\/es\/wp-json\/wp\/v2\/product_tag?post=31793"}],"curies":[{"name":"wp","href":"https:\/\/api.w.org\/{rel}","templated":true}]}}