{"id":31816,"date":"2025-10-17T05:16:19","date_gmt":"2025-10-17T05:16:19","guid":{"rendered":"https:\/\/masvicens.com\/producte\/walk-wine-ruta-de-la-biodiversidad\/"},"modified":"2025-10-17T05:16:19","modified_gmt":"2025-10-17T05:16:19","slug":"walk-wine-ruta-de-la-biodiversidad","status":"publish","type":"product","link":"https:\/\/masvicens.com\/es\/producte\/walk-wine-ruta-de-la-biodiversidad\/","title":{"rendered":"Walk &#038; Wine: Ruta de la Biodiversidad"},"content":{"rendered":"","protected":false},"excerpt":{"rendered":"<div class=\"et_pb_module et_pb_text et_pb_text_0  et_pb_text_align_left et_pb_bg_layout_light\">\n<div class=\"et_pb_text_inner\">\n<h1 data-start=\"179\" data-end=\"271\"><strong data-start=\"179\" data-end=\"271\">Walk &amp; Wine a tu aire:\u00a0<\/strong>la experiencia de enoturismo para amantes del vino y la naturaleza<\/h1>\n<\/div>\n<\/div>\n<div class=\"et_pb_module et_pb_text et_pb_text_1  et_pb_text_align_left et_pb_bg_layout_light\">\n<div class=\"et_pb_text_inner\">\n<p>Re-evolucionando el enoturismo en Tarragona<\/p>\n<\/div>\n<\/div>\n<div class=\"et_pb_module et_pb_text et_pb_text_2  et_pb_text_align_left et_pb_bg_layout_light\">\n<div class=\"et_pb_text_inner\">\n<p>Vive el Walk &amp; Wine a tu aire en Mas Vicen\u00e7: cada d\u00eda de la semana puedes caminar entre vi\u00f1edos, descubrir barracas de piedra seca y disfrutar de una cata sorpresa en pleno coraz\u00f3n de la naturaleza.<br data-start=\"273\" data-end=\"276\" \/>Te ofrecemos 3 rutas, 3 paisajes y 3 degustaciones diferentes. \u00a1Elige la que m\u00e1s te guste!<br data-start=\"366\" data-end=\"369\" \/><strong><em><span class=\"OYPEnA font-feature-liga-off font-feature-clig-off font-feature-calt-off text-decoration-none text-strikethrough-none\">Vino, naturaleza y aromas en cada paso<\/span><\/em><\/strong><\/p>\n<\/div>\n<\/div>\n","protected":false},"featured_media":31957,"comment_status":"closed","ping_status":"closed","template":"","meta":{"_et_pb_use_builder":"","_et_pb_old_content":"","_et_gb_content_width":"","inline_featured_image":false,"_joinchat":[]},"product_brand":[],"product_cat":[15],"product_tag":[],"class_list":{"0":"post-31816","1":"product","2":"type-product","3":"status-publish","4":"has-post-thumbnail","6":"product_cat-sin-categorizar","8":"first","9":"instock","10":"taxable","11":"shipping-taxable","12":"purchasable","13":"product-type-variable"},"yoast_head":"<!-- This site is optimized with the Yoast SEO plugin v27.3 - https:\/\/yoast.com\/product\/yoast-seo-wordpress\/ -->\n<title>Walk &amp; Wine: Ruta de la Biodiversidad - Celler Mas Vicen\u00e7 | Re-evolucionant la tradici\u00f3<\/title>\n<meta name=\"robots\" content=\"index, follow, max-snippet:-1, max-image-preview:large, max-video-preview:-1\" \/>\n<link rel=\"canonical\" href=\"https:\/\/masvicens.com\/es\/producte\/walk-wine-ruta-de-la-biodiversidad\/\" \/>\n<meta property=\"og:locale\" content=\"es_ES\" \/>\n<meta property=\"og:type\" content=\"article\" \/>\n<meta property=\"og:title\" content=\"Walk &amp; Wine: Ruta de la Biodiversidad - Celler Mas Vicen\u00e7 | Re-evolucionant la tradici\u00f3\" \/>\n<meta property=\"og:description\" content=\"Walk &amp; Wine a tu aire:\u00a0la experiencia de enoturismo para amantes del vino y la naturaleza     Re-evolucionando el enoturismo en Tarragona     Vive el Walk &amp; Wine a tu aire en Mas Vicen\u00e7: cada d\u00eda de la semana puedes caminar entre vi\u00f1edos, descubrir barracas de piedra seca y disfrutar de una cata sorpresa en pleno coraz\u00f3n de la naturaleza.Te ofrecemos 3 rutas, 3 paisajes y 3 degustaciones diferentes. \u00a1Elige la que m\u00e1s te guste!Vino, naturaleza y aromas en cada paso\" \/>\n<meta property=\"og:url\" content=\"https:\/\/masvicens.com\/es\/producte\/walk-wine-ruta-de-la-biodiversidad\/\" \/>\n<meta property=\"og:site_name\" content=\"Celler Mas Vicen\u00e7 | Re-evolucionant la tradici\u00f3\" \/>\n<meta property=\"og:image\" content=\"https:\/\/masvicens.com\/wp-content\/uploads\/2025\/10\/mv_walkandwinealteuaire.jpg\" \/>\n\t<meta property=\"og:image:width\" content=\"2000\" \/>\n\t<meta property=\"og:image:height\" content=\"1334\" \/>\n\t<meta property=\"og:image:type\" content=\"image\/jpeg\" \/>\n<meta name=\"twitter:card\" content=\"summary_large_image\" \/>\n<script type=\"application\/ld+json\" class=\"yoast-schema-graph\">{\"@context\":\"https:\\\/\\\/schema.org\",\"@graph\":[{\"@type\":\"WebPage\",\"@id\":\"https:\\\/\\\/masvicens.com\\\/es\\\/producte\\\/walk-wine-ruta-de-la-biodiversidad\\\/\",\"url\":\"https:\\\/\\\/masvicens.com\\\/es\\\/producte\\\/walk-wine-ruta-de-la-biodiversidad\\\/\",\"name\":\"Walk & Wine: Ruta de la Biodiversidad - Celler Mas Vicen\u00e7 | Re-evolucionant la tradici\u00f3\",\"isPartOf\":{\"@id\":\"https:\\\/\\\/masvicens.com\\\/es\\\/#website\"},\"primaryImageOfPage\":{\"@id\":\"https:\\\/\\\/masvicens.com\\\/es\\\/producte\\\/walk-wine-ruta-de-la-biodiversidad\\\/#primaryimage\"},\"image\":{\"@id\":\"https:\\\/\\\/masvicens.com\\\/es\\\/producte\\\/walk-wine-ruta-de-la-biodiversidad\\\/#primaryimage\"},\"thumbnailUrl\":\"https:\\\/\\\/masvicens.com\\\/wp-content\\\/uploads\\\/2025\\\/10\\\/MSV-WW-Ruta-2-Custom.jpg\",\"datePublished\":\"2025-10-17T05:16:19+00:00\",\"breadcrumb\":{\"@id\":\"https:\\\/\\\/masvicens.com\\\/es\\\/producte\\\/walk-wine-ruta-de-la-biodiversidad\\\/#breadcrumb\"},\"inLanguage\":\"es\",\"potentialAction\":[{\"@type\":\"ReadAction\",\"target\":[\"https:\\\/\\\/masvicens.com\\\/es\\\/producte\\\/walk-wine-ruta-de-la-biodiversidad\\\/\"]}]},{\"@type\":\"ImageObject\",\"inLanguage\":\"es\",\"@id\":\"https:\\\/\\\/masvicens.com\\\/es\\\/producte\\\/walk-wine-ruta-de-la-biodiversidad\\\/#primaryimage\",\"url\":\"https:\\\/\\\/masvicens.com\\\/wp-content\\\/uploads\\\/2025\\\/10\\\/MSV-WW-Ruta-2-Custom.jpg\",\"contentUrl\":\"https:\\\/\\\/masvicens.com\\\/wp-content\\\/uploads\\\/2025\\\/10\\\/MSV-WW-Ruta-2-Custom.jpg\",\"width\":1024,\"height\":683},{\"@type\":\"BreadcrumbList\",\"@id\":\"https:\\\/\\\/masvicens.com\\\/es\\\/producte\\\/walk-wine-ruta-de-la-biodiversidad\\\/#breadcrumb\",\"itemListElement\":[{\"@type\":\"ListItem\",\"position\":1,\"name\":\"Portada\",\"item\":\"https:\\\/\\\/masvicens.com\\\/es\\\/\"},{\"@type\":\"ListItem\",\"position\":2,\"name\":\"TIENDA\",\"item\":\"https:\\\/\\\/masvicens.com\\\/botiga-de-vins-online\\\/\"},{\"@type\":\"ListItem\",\"position\":3,\"name\":\"Walk &#038; Wine: Ruta de la Biodiversidad\"}]},{\"@type\":\"WebSite\",\"@id\":\"https:\\\/\\\/masvicens.com\\\/es\\\/#website\",\"url\":\"https:\\\/\\\/masvicens.com\\\/es\\\/\",\"name\":\"Celler Mas Vicen\u00e7 | Re-evolucionant la tradici\u00f3\",\"description\":\"Veniu a viure l&#039;enoturisme i a con\u00e8ixer la nostra col\u00b7lecci\u00f3 de vins elaborats amb la millor selecci\u00f3 de ra\u00efm del nostre celler a Tarragona.\",\"potentialAction\":[{\"@type\":\"SearchAction\",\"target\":{\"@type\":\"EntryPoint\",\"urlTemplate\":\"https:\\\/\\\/masvicens.com\\\/es\\\/?s={search_term_string}\"},\"query-input\":{\"@type\":\"PropertyValueSpecification\",\"valueRequired\":true,\"valueName\":\"search_term_string\"}}],\"inLanguage\":\"es\"}]}<\/script>\n<!-- \/ Yoast SEO plugin. -->","yoast_head_json":{"title":"Walk & Wine: Ruta de la Biodiversidad - Celler Mas Vicen\u00e7 | Re-evolucionant la tradici\u00f3","robots":{"index":"index","follow":"follow","max-snippet":"max-snippet:-1","max-image-preview":"max-image-preview:large","max-video-preview":"max-video-preview:-1"},"canonical":"https:\/\/masvicens.com\/es\/producte\/walk-wine-ruta-de-la-biodiversidad\/","og_locale":"es_ES","og_type":"article","og_title":"Walk & Wine: Ruta de la Biodiversidad - Celler Mas Vicen\u00e7 | Re-evolucionant la tradici\u00f3","og_description":"Walk &amp; Wine a tu aire:\u00a0la experiencia de enoturismo para amantes del vino y la naturaleza     Re-evolucionando el enoturismo en Tarragona     Vive el Walk &amp; Wine a tu aire en Mas Vicen\u00e7: cada d\u00eda de la semana puedes caminar entre vi\u00f1edos, descubrir barracas de piedra seca y disfrutar de una cata sorpresa en pleno coraz\u00f3n de la naturaleza.Te ofrecemos 3 rutas, 3 paisajes y 3 degustaciones diferentes. \u00a1Elige la que m\u00e1s te guste!Vino, naturaleza y aromas en cada paso","og_url":"https:\/\/masvicens.com\/es\/producte\/walk-wine-ruta-de-la-biodiversidad\/","og_site_name":"Celler Mas Vicen\u00e7 | Re-evolucionant la tradici\u00f3","og_image":[{"width":2000,"height":1334,"url":"https:\/\/masvicens.com\/wp-content\/uploads\/2025\/10\/mv_walkandwinealteuaire.jpg","type":"image\/jpeg"}],"twitter_card":"summary_large_image","schema":{"@context":"https:\/\/schema.org","@graph":[{"@type":"WebPage","@id":"https:\/\/masvicens.com\/es\/producte\/walk-wine-ruta-de-la-biodiversidad\/","url":"https:\/\/masvicens.com\/es\/producte\/walk-wine-ruta-de-la-biodiversidad\/","name":"Walk & Wine: Ruta de la Biodiversidad - Celler Mas Vicen\u00e7 | Re-evolucionant la tradici\u00f3","isPartOf":{"@id":"https:\/\/masvicens.com\/es\/#website"},"primaryImageOfPage":{"@id":"https:\/\/masvicens.com\/es\/producte\/walk-wine-ruta-de-la-biodiversidad\/#primaryimage"},"image":{"@id":"https:\/\/masvicens.com\/es\/producte\/walk-wine-ruta-de-la-biodiversidad\/#primaryimage"},"thumbnailUrl":"https:\/\/masvicens.com\/wp-content\/uploads\/2025\/10\/MSV-WW-Ruta-2-Custom.jpg","datePublished":"2025-10-17T05:16:19+00:00","breadcrumb":{"@id":"https:\/\/masvicens.com\/es\/producte\/walk-wine-ruta-de-la-biodiversidad\/#breadcrumb"},"inLanguage":"es","potentialAction":[{"@type":"ReadAction","target":["https:\/\/masvicens.com\/es\/producte\/walk-wine-ruta-de-la-biodiversidad\/"]}]},{"@type":"ImageObject","inLanguage":"es","@id":"https:\/\/masvicens.com\/es\/producte\/walk-wine-ruta-de-la-biodiversidad\/#primaryimage","url":"https:\/\/masvicens.com\/wp-content\/uploads\/2025\/10\/MSV-WW-Ruta-2-Custom.jpg","contentUrl":"https:\/\/masvicens.com\/wp-content\/uploads\/2025\/10\/MSV-WW-Ruta-2-Custom.jpg","width":1024,"height":683},{"@type":"BreadcrumbList","@id":"https:\/\/masvicens.com\/es\/producte\/walk-wine-ruta-de-la-biodiversidad\/#breadcrumb","itemListElement":[{"@type":"ListItem","position":1,"name":"Portada","item":"https:\/\/masvicens.com\/es\/"},{"@type":"ListItem","position":2,"name":"TIENDA","item":"https:\/\/masvicens.com\/botiga-de-vins-online\/"},{"@type":"ListItem","position":3,"name":"Walk &#038; Wine: Ruta de la Biodiversidad"}]},{"@type":"WebSite","@id":"https:\/\/masvicens.com\/es\/#website","url":"https:\/\/masvicens.com\/es\/","name":"Celler Mas Vicen\u00e7 | Re-evolucionant la tradici\u00f3","description":"Veniu a viure l&#039;enoturisme i a con\u00e8ixer la nostra col\u00b7lecci\u00f3 de vins elaborats amb la millor selecci\u00f3 de ra\u00efm del nostre celler a Tarragona.","potentialAction":[{"@type":"SearchAction","target":{"@type":"EntryPoint","urlTemplate":"https:\/\/masvicens.com\/es\/?s={search_term_string}"},"query-input":{"@type":"PropertyValueSpecification","valueRequired":true,"valueName":"search_term_string"}}],"inLanguage":"es"}]}},"_links":{"self":[{"href":"https:\/\/masvicens.com\/es\/wp-json\/wp\/v2\/product\/31816","targetHints":{"allow":["GET"]}}],"collection":[{"href":"https:\/\/masvicens.com\/es\/wp-json\/wp\/v2\/product"}],"about":[{"href":"https:\/\/masvicens.com\/es\/wp-json\/wp\/v2\/types\/product"}],"replies":[{"embeddable":true,"href":"https:\/\/masvicens.com\/es\/wp-json\/wp\/v2\/comments?post=31816"}],"wp:featuredmedia":[{"embeddable":true,"href":"https:\/\/masvicens.com\/es\/wp-json\/wp\/v2\/media\/31957"}],"wp:attachment":[{"href":"https:\/\/masvicens.com\/es\/wp-json\/wp\/v2\/media?parent=31816"}],"wp:term":[{"taxonomy":"product_brand","embeddable":true,"href":"https:\/\/masvicens.com\/es\/wp-json\/wp\/v2\/product_brand?post=31816"},{"taxonomy":"product_cat","embeddable":true,"href":"https:\/\/masvicens.com\/es\/wp-json\/wp\/v2\/product_cat?post=31816"},{"taxonomy":"product_tag","embeddable":true,"href":"https:\/\/masvicens.com\/es\/wp-json\/wp\/v2\/product_tag?post=31816"}],"curies":[{"name":"wp","href":"https:\/\/api.w.org\/{rel}","templated":true}]}}