{"id":596,"date":"2021-06-22T10:13:54","date_gmt":"2021-06-22T10:13:54","guid":{"rendered":"https:\/\/masvicens.olalon.com\/?post_type=product&#038;p=596"},"modified":"2025-12-13T05:02:07","modified_gmt":"2025-12-13T05:02:07","slug":"vino-tinto-nit-de-lluna","status":"publish","type":"product","link":"https:\/\/masvicens.com\/es\/producte\/vino-tinto-nit-de-lluna\/","title":{"rendered":"Nit de Lluna, vino tinto crianza"},"content":{"rendered":"<p>[et_pb_section fb_built=&#8221;1&#8243; _builder_version=&#8221;4.16&#8243; custom_padding=&#8221;0px||||false|false&#8221; global_colors_info=&#8221;{}&#8221;][et_pb_row _builder_version=&#8221;4.16&#8243; background_size=&#8221;initial&#8221; background_position=&#8221;top_left&#8221; background_repeat=&#8221;repeat&#8221; width=&#8221;100%&#8221; custom_padding=&#8221;0px||0px||false|false&#8221; global_colors_info=&#8221;{}&#8221;][et_pb_column type=&#8221;4_4&#8243; _builder_version=&#8221;4.16&#8243; custom_padding=&#8221;|||&#8221; global_colors_info=&#8221;{}&#8221; custom_padding__hover=&#8221;|||&#8221;][et_pb_wc_breadcrumb _builder_version=&#8221;4.16&#8243; global_colors_info=&#8221;{}&#8221;][\/et_pb_wc_breadcrumb][et_pb_wc_cart_notice _builder_version=&#8221;4.16&#8243; global_colors_info=&#8221;{}&#8221;][\/et_pb_wc_cart_notice][\/et_pb_column][\/et_pb_row][et_pb_row column_structure=&#8221;1_2,1_2&#8243; _builder_version=&#8221;4.16&#8243; background_size=&#8221;initial&#8221; background_position=&#8221;top_left&#8221; background_repeat=&#8221;repeat&#8221; width=&#8221;100%&#8221; custom_padding=&#8221;0px||||false|false&#8221; global_colors_info=&#8221;{}&#8221;][et_pb_column type=&#8221;1_2&#8243; _builder_version=&#8221;4.16&#8243; custom_padding=&#8221;|||&#8221; global_colors_info=&#8221;{}&#8221; custom_padding__hover=&#8221;|||&#8221;][et_pb_wc_images _builder_version=&#8221;4.16&#8243; global_colors_info=&#8221;{}&#8221;][\/et_pb_wc_images][\/et_pb_column][et_pb_column type=&#8221;1_2&#8243; _builder_version=&#8221;4.16&#8243; custom_padding=&#8221;|||&#8221; global_colors_info=&#8221;{}&#8221; custom_padding__hover=&#8221;|||&#8221;][et_pb_wc_title _builder_version=&#8221;4.16&#8243; global_colors_info=&#8221;{}&#8221;][\/et_pb_wc_title][et_pb_wc_rating _builder_version=&#8221;4.16&#8243; global_colors_info=&#8221;{}&#8221;][\/et_pb_wc_rating][et_pb_wc_price _builder_version=&#8221;4.16&#8243; global_colors_info=&#8221;{}&#8221;][\/et_pb_wc_price][et_pb_wc_description _builder_version=&#8221;4.24.3&#8243; global_colors_info=&#8221;{}&#8221;][\/et_pb_wc_description][et_pb_wc_add_to_cart _builder_version=&#8221;4.16&#8243; global_colors_info=&#8221;{}&#8221;][\/et_pb_wc_add_to_cart][et_pb_wc_meta _builder_version=&#8221;4.16&#8243; global_colors_info=&#8221;{}&#8221;][\/et_pb_wc_meta][\/et_pb_column][\/et_pb_row][et_pb_row _builder_version=&#8221;4.16&#8243; background_size=&#8221;initial&#8221; background_position=&#8221;top_left&#8221; background_repeat=&#8221;repeat&#8221; width=&#8221;100%&#8221; global_colors_info=&#8221;{}&#8221;][et_pb_column type=&#8221;4_4&#8243; _builder_version=&#8221;4.16&#8243; custom_padding=&#8221;|||&#8221; global_colors_info=&#8221;{}&#8221; custom_padding__hover=&#8221;|||&#8221;][et_pb_wc_tabs _builder_version=&#8221;4.16&#8243; global_colors_info=&#8221;{}&#8221;]\t\t\t\t\t[\/et_pb_wc_tabs][et_pb_wc_upsells _builder_version=&#8221;4.16&#8243; global_colors_info=&#8221;{}&#8221;][\/et_pb_wc_upsells][et_pb_wc_related_products _builder_version=&#8221;4.16&#8243; global_colors_info=&#8221;{}&#8221;][\/et_pb_wc_related_products][\/et_pb_column][\/et_pb_row][\/et_pb_section]<\/p>\n","protected":false},"excerpt":{"rendered":"<h2>SYRAH, GARNATXA NEGRA, ULL DE LLEBRE Y CARI\u00d1ENA<\/h2>\n<p>Mas Vicen\u00e7 ha elaborado un vino especial para seducir y enamorar. Es la propuesta perfecta para cualquier velada, inspirada en la magia de la noche, que invita a descubrir un vino de crianza complejo, intenso y especiado.<\/p>\n<p><em>Esta botella tiene un peso de 1.25 kg y una capacidad de 75 cl<\/em><\/p>\n<p>Consulta las <a href=\"https:\/\/masvicens.com\/condicions-us-i-contractacio\/#enviament\" target=\"_blank\" rel=\"noopener noreferrer\"><strong>condiciones de env\u00edo aqu\u00ed<\/strong> <\/a>| Entrega en 24\/72h<\/p>\n<p>&nbsp;<\/p>\n","protected":false},"featured_media":26942,"comment_status":"open","ping_status":"closed","template":"","meta":{"_et_pb_use_builder":"on","_et_pb_old_content":"<div class=\"et_pb_row et_pb_row_1_tb_body\">\r\n<div class=\"et_pb_column et_pb_column_4_4 et_pb_column_2_tb_body et_pb_css_mix_blend_mode_passthrough et-last-child\">\r\n<div class=\"et_pb_module et_pb_text et_pb_text_0_tb_body et_pb_text_align_center et_pb_bg_layout_light\">\r\n<div class=\"et_pb_text_inner masvicens-product-title\">\r\n<h3>UNA NOCHE PARA DESCUBRIR, IMAGINAR Y RECORDAR<\/h3>\r\n<\/div>\r\n<\/div>\r\n<!-- .et_pb_text -->\r\n\r\n<\/div>\r\n<!-- .et_pb_column -->\r\n\r\n<\/div>\r\n<div class=\"et_pb_row et_pb_row_2_tb_body et_pb_equal_columns et_pb_gutters2\">\r\n<div class=\"et_pb_column et_pb_column_1_3 et_pb_column_3_tb_body et_pb_css_mix_blend_mode_passthrough\">\r\n<div class=\"et_pb_module et_pb_text et_pb_text_1_tb_body et_pb_text_align_left et_pb_bg_layout_light masvicens-text-description\">\r\n<div class=\"et_pb_text_inner\"><strong>Variedad:<\/strong> Las variedades son Syrah (35%), Garnatxa Negra (30%), Ull de llebre (20%) y cari\u00f1ena (15%).\r\n<strong>Cosecha:<\/strong> 2022. Selecci\u00f3n y vendimia manual. A\u00f1o c\u00e1lido y productivo debido a la buena pluviosidad primaveral. Las dos variedades presentaron unas condiciones generales muy buenas, sin ning\u00fan s\u00edntoma de debilidad sanitaria.\r\n<strong>Elaboraci\u00f3n:<\/strong> El proceso de maceraci\u00f3n pelicular es de 6 d\u00edas. Prensado y fermentaci\u00f3n posterior en dep\u00f3sitos de acero inoxidable, con control de temperatura. La crianza se lleva a cabo en un per\u00edodo de 12 meses en barricas de roble franc\u00e9s de tercer, cuarto y quinto a\u00f1o.\r\n<strong>Aspecto visual:<\/strong> Su color es intenso, opaco y con un ribete rojizo bien marcado.<\/div>\r\n<\/div>\r\n<!-- .et_pb_text -->\r\n\r\n<\/div>\r\n<!-- .et_pb_column -->\r\n<div class=\"et_pb_column et_pb_column_1_3 et_pb_column_4_tb_body et_pb_css_mix_blend_mode_passthrough\">\r\n<div class=\"et_pb_module et_pb_image et_pb_image_0_tb_body masvi-img-container\">\r\n\r\n<span class=\"et_pb_image_wrap \"><img class=\"alignnone size-medium wp-image-739\" src=\"\/wp-content\/uploads\/2021\/06\/nit-de-lluna-vi-negre-celler-mas-vicens-2.jpg\" alt=\"\" width=\"auto\" height=\"auto\" \/><\/span>\r\n\r\n<\/div>\r\n<\/div>\r\n<!-- .et_pb_column -->\r\n<div class=\"et_pb_column et_pb_column_1_3 et_pb_column_5_tb_body et_pb_css_mix_blend_mode_passthrough et-last-child\">\r\n<div class=\"et_pb_module et_pb_text et_pb_text_2_tb_body et_pb_text_align_left et_pb_bg_layout_light masvicens-text-description\">\r\n<div class=\"et_pb_text_inner\"><strong>Aspecto olfativo:<\/strong> El tiempo de crianza le aporta una complejidad muy interesante. La fruta negra como las moras y las ciruelas predominan sobre un fondo especiado de romero, tomillo o bajo bosque.\r\n<strong>Aspecto gustativo:<\/strong> En boca destacan los sabores de los frutos silvestres como las moras y las frambuesas. Su entrada es intensa pero el post gusto es ligero y suave, d\u00e1ndole un perfil de frescor y dinamismo muy interesante.\r\n<strong>Maridaje:<\/strong> Es el vino m\u00e1s vers\u00e1til de la bodega. Le van muy bien, por ejemplo, las carnes blancas, el pescado azul como el at\u00fan, los arroces de monta\u00f1a, los embutidos y los quesos variados.\r\n<strong>Temperatura de servicio:<\/strong> Entre 16 y 18 \u00baC.<\/div>\r\n<\/div>\r\n<!-- .et_pb_text -->\r\n\r\n<\/div>\r\n<!-- .et_pb_column -->\r\n\r\n<\/div>","_et_gb_content_width":"","inline_featured_image":false,"_joinchat":[]},"product_brand":[],"product_cat":[28],"product_tag":[],"class_list":{"0":"post-596","1":"product","2":"type-product","3":"status-publish","4":"has-post-thumbnail","6":"product_cat-vinos","7":"product_shipping_class-botella-ca","9":"first","10":"instock","11":"taxable","12":"shipping-taxable","13":"purchasable","14":"product-type-simple"},"yoast_head":"<!-- This site is optimized with the Yoast SEO plugin v27.3 - https:\/\/yoast.com\/product\/yoast-seo-wordpress\/ -->\n<title>Vino tinto crianza | Nit de Lluna | Mas Vicen\u00e7<\/title>\n<meta name=\"description\" content=\"El vino tinto Nit de Lluna es un vino especial para seducir y enamorar. Es la propuesta perfecta para cualquier velada, inspirada en la magia de la noche.\" \/>\n<meta name=\"robots\" content=\"index, follow, max-snippet:-1, max-image-preview:large, max-video-preview:-1\" \/>\n<link rel=\"canonical\" href=\"https:\/\/masvicens.com\/es\/producte\/vino-tinto-nit-de-lluna\/\" \/>\n<meta property=\"og:locale\" content=\"es_ES\" \/>\n<meta property=\"og:type\" content=\"article\" \/>\n<meta property=\"og:title\" content=\"Vino tinto crianza | Nit de Lluna | Mas Vicen\u00e7\" \/>\n<meta property=\"og:description\" content=\"El vino tinto Nit de Lluna es un vino especial para seducir y enamorar. Es la propuesta perfecta para cualquier velada, inspirada en la magia de la noche.\" \/>\n<meta property=\"og:url\" content=\"https:\/\/masvicens.com\/es\/producte\/vino-tinto-nit-de-lluna\/\" \/>\n<meta property=\"og:site_name\" content=\"Celler Mas Vicen\u00e7 | Re-evolucionant la tradici\u00f3\" \/>\n<meta property=\"article:modified_time\" content=\"2025-12-13T05:02:07+00:00\" \/>\n<meta property=\"og:image\" content=\"https:\/\/masvicens.com\/wp-content\/uploads\/2021\/06\/MSV-Bodego-NEWS-01.webp\" \/>\n\t<meta property=\"og:image:width\" content=\"1366\" \/>\n\t<meta property=\"og:image:height\" content=\"2048\" \/>\n\t<meta property=\"og:image:type\" content=\"image\/webp\" \/>\n<meta name=\"twitter:card\" content=\"summary_large_image\" \/>\n<meta name=\"twitter:label1\" content=\"Tiempo de lectura\" \/>\n\t<meta name=\"twitter:data1\" content=\"2 minutos\" \/>\n<script type=\"application\/ld+json\" class=\"yoast-schema-graph\">{\"@context\":\"https:\\\/\\\/schema.org\",\"@graph\":[{\"@type\":\"WebPage\",\"@id\":\"https:\\\/\\\/masvicens.com\\\/es\\\/producte\\\/vino-tinto-nit-de-lluna\\\/\",\"url\":\"https:\\\/\\\/masvicens.com\\\/es\\\/producte\\\/vino-tinto-nit-de-lluna\\\/\",\"name\":\"Vino tinto crianza | Nit de Lluna | Mas Vicen\u00e7\",\"isPartOf\":{\"@id\":\"https:\\\/\\\/masvicens.com\\\/es\\\/#website\"},\"primaryImageOfPage\":{\"@id\":\"https:\\\/\\\/masvicens.com\\\/es\\\/producte\\\/vino-tinto-nit-de-lluna\\\/#primaryimage\"},\"image\":{\"@id\":\"https:\\\/\\\/masvicens.com\\\/es\\\/producte\\\/vino-tinto-nit-de-lluna\\\/#primaryimage\"},\"thumbnailUrl\":\"https:\\\/\\\/masvicens.com\\\/wp-content\\\/uploads\\\/2021\\\/06\\\/MSV-Bodego-NEWS-01.webp\",\"datePublished\":\"2021-06-22T10:13:54+00:00\",\"dateModified\":\"2025-12-13T05:02:07+00:00\",\"description\":\"El vino tinto Nit de Lluna es un vino especial para seducir y enamorar. Es la propuesta perfecta para cualquier velada, inspirada en la magia de la noche.\",\"breadcrumb\":{\"@id\":\"https:\\\/\\\/masvicens.com\\\/es\\\/producte\\\/vino-tinto-nit-de-lluna\\\/#breadcrumb\"},\"inLanguage\":\"es\",\"potentialAction\":[{\"@type\":\"ReadAction\",\"target\":[\"https:\\\/\\\/masvicens.com\\\/es\\\/producte\\\/vino-tinto-nit-de-lluna\\\/\"]}]},{\"@type\":\"ImageObject\",\"inLanguage\":\"es\",\"@id\":\"https:\\\/\\\/masvicens.com\\\/es\\\/producte\\\/vino-tinto-nit-de-lluna\\\/#primaryimage\",\"url\":\"https:\\\/\\\/masvicens.com\\\/wp-content\\\/uploads\\\/2021\\\/06\\\/MSV-Bodego-NEWS-01.webp\",\"contentUrl\":\"https:\\\/\\\/masvicens.com\\\/wp-content\\\/uploads\\\/2021\\\/06\\\/MSV-Bodego-NEWS-01.webp\",\"width\":1366,\"height\":2048,\"caption\":\"comprar nit de lluna mas vicen\u00e7\"},{\"@type\":\"BreadcrumbList\",\"@id\":\"https:\\\/\\\/masvicens.com\\\/es\\\/producte\\\/vino-tinto-nit-de-lluna\\\/#breadcrumb\",\"itemListElement\":[{\"@type\":\"ListItem\",\"position\":1,\"name\":\"Portada\",\"item\":\"https:\\\/\\\/masvicens.com\\\/es\\\/\"},{\"@type\":\"ListItem\",\"position\":2,\"name\":\"TIENDA\",\"item\":\"https:\\\/\\\/masvicens.com\\\/botiga-de-vins-online\\\/\"},{\"@type\":\"ListItem\",\"position\":3,\"name\":\"Nit de Lluna, vino tinto crianza\"}]},{\"@type\":\"WebSite\",\"@id\":\"https:\\\/\\\/masvicens.com\\\/es\\\/#website\",\"url\":\"https:\\\/\\\/masvicens.com\\\/es\\\/\",\"name\":\"Celler Mas Vicen\u00e7 | Re-evolucionant la tradici\u00f3\",\"description\":\"Veniu a viure l&#039;enoturisme i a con\u00e8ixer la nostra col\u00b7lecci\u00f3 de vins elaborats amb la millor selecci\u00f3 de ra\u00efm del nostre celler a Tarragona.\",\"potentialAction\":[{\"@type\":\"SearchAction\",\"target\":{\"@type\":\"EntryPoint\",\"urlTemplate\":\"https:\\\/\\\/masvicens.com\\\/es\\\/?s={search_term_string}\"},\"query-input\":{\"@type\":\"PropertyValueSpecification\",\"valueRequired\":true,\"valueName\":\"search_term_string\"}}],\"inLanguage\":\"es\"}]}<\/script>\n<!-- \/ Yoast SEO plugin. -->","yoast_head_json":{"title":"Vino tinto crianza | Nit de Lluna | Mas Vicen\u00e7","description":"El vino tinto Nit de Lluna es un vino especial para seducir y enamorar. Es la propuesta perfecta para cualquier velada, inspirada en la magia de la noche.","robots":{"index":"index","follow":"follow","max-snippet":"max-snippet:-1","max-image-preview":"max-image-preview:large","max-video-preview":"max-video-preview:-1"},"canonical":"https:\/\/masvicens.com\/es\/producte\/vino-tinto-nit-de-lluna\/","og_locale":"es_ES","og_type":"article","og_title":"Vino tinto crianza | Nit de Lluna | Mas Vicen\u00e7","og_description":"El vino tinto Nit de Lluna es un vino especial para seducir y enamorar. Es la propuesta perfecta para cualquier velada, inspirada en la magia de la noche.","og_url":"https:\/\/masvicens.com\/es\/producte\/vino-tinto-nit-de-lluna\/","og_site_name":"Celler Mas Vicen\u00e7 | Re-evolucionant la tradici\u00f3","article_modified_time":"2025-12-13T05:02:07+00:00","og_image":[{"width":1366,"height":2048,"url":"https:\/\/masvicens.com\/wp-content\/uploads\/2021\/06\/MSV-Bodego-NEWS-01.webp","type":"image\/webp"}],"twitter_card":"summary_large_image","twitter_misc":{"Tiempo de lectura":"2 minutos"},"schema":{"@context":"https:\/\/schema.org","@graph":[{"@type":"WebPage","@id":"https:\/\/masvicens.com\/es\/producte\/vino-tinto-nit-de-lluna\/","url":"https:\/\/masvicens.com\/es\/producte\/vino-tinto-nit-de-lluna\/","name":"Vino tinto crianza | Nit de Lluna | Mas Vicen\u00e7","isPartOf":{"@id":"https:\/\/masvicens.com\/es\/#website"},"primaryImageOfPage":{"@id":"https:\/\/masvicens.com\/es\/producte\/vino-tinto-nit-de-lluna\/#primaryimage"},"image":{"@id":"https:\/\/masvicens.com\/es\/producte\/vino-tinto-nit-de-lluna\/#primaryimage"},"thumbnailUrl":"https:\/\/masvicens.com\/wp-content\/uploads\/2021\/06\/MSV-Bodego-NEWS-01.webp","datePublished":"2021-06-22T10:13:54+00:00","dateModified":"2025-12-13T05:02:07+00:00","description":"El vino tinto Nit de Lluna es un vino especial para seducir y enamorar. Es la propuesta perfecta para cualquier velada, inspirada en la magia de la noche.","breadcrumb":{"@id":"https:\/\/masvicens.com\/es\/producte\/vino-tinto-nit-de-lluna\/#breadcrumb"},"inLanguage":"es","potentialAction":[{"@type":"ReadAction","target":["https:\/\/masvicens.com\/es\/producte\/vino-tinto-nit-de-lluna\/"]}]},{"@type":"ImageObject","inLanguage":"es","@id":"https:\/\/masvicens.com\/es\/producte\/vino-tinto-nit-de-lluna\/#primaryimage","url":"https:\/\/masvicens.com\/wp-content\/uploads\/2021\/06\/MSV-Bodego-NEWS-01.webp","contentUrl":"https:\/\/masvicens.com\/wp-content\/uploads\/2021\/06\/MSV-Bodego-NEWS-01.webp","width":1366,"height":2048,"caption":"comprar nit de lluna mas vicen\u00e7"},{"@type":"BreadcrumbList","@id":"https:\/\/masvicens.com\/es\/producte\/vino-tinto-nit-de-lluna\/#breadcrumb","itemListElement":[{"@type":"ListItem","position":1,"name":"Portada","item":"https:\/\/masvicens.com\/es\/"},{"@type":"ListItem","position":2,"name":"TIENDA","item":"https:\/\/masvicens.com\/botiga-de-vins-online\/"},{"@type":"ListItem","position":3,"name":"Nit de Lluna, vino tinto crianza"}]},{"@type":"WebSite","@id":"https:\/\/masvicens.com\/es\/#website","url":"https:\/\/masvicens.com\/es\/","name":"Celler Mas Vicen\u00e7 | Re-evolucionant la tradici\u00f3","description":"Veniu a viure l&#039;enoturisme i a con\u00e8ixer la nostra col\u00b7lecci\u00f3 de vins elaborats amb la millor selecci\u00f3 de ra\u00efm del nostre celler a Tarragona.","potentialAction":[{"@type":"SearchAction","target":{"@type":"EntryPoint","urlTemplate":"https:\/\/masvicens.com\/es\/?s={search_term_string}"},"query-input":{"@type":"PropertyValueSpecification","valueRequired":true,"valueName":"search_term_string"}}],"inLanguage":"es"}]}},"_links":{"self":[{"href":"https:\/\/masvicens.com\/es\/wp-json\/wp\/v2\/product\/596","targetHints":{"allow":["GET"]}}],"collection":[{"href":"https:\/\/masvicens.com\/es\/wp-json\/wp\/v2\/product"}],"about":[{"href":"https:\/\/masvicens.com\/es\/wp-json\/wp\/v2\/types\/product"}],"replies":[{"embeddable":true,"href":"https:\/\/masvicens.com\/es\/wp-json\/wp\/v2\/comments?post=596"}],"wp:featuredmedia":[{"embeddable":true,"href":"https:\/\/masvicens.com\/es\/wp-json\/wp\/v2\/media\/26942"}],"wp:attachment":[{"href":"https:\/\/masvicens.com\/es\/wp-json\/wp\/v2\/media?parent=596"}],"wp:term":[{"taxonomy":"product_brand","embeddable":true,"href":"https:\/\/masvicens.com\/es\/wp-json\/wp\/v2\/product_brand?post=596"},{"taxonomy":"product_cat","embeddable":true,"href":"https:\/\/masvicens.com\/es\/wp-json\/wp\/v2\/product_cat?post=596"},{"taxonomy":"product_tag","embeddable":true,"href":"https:\/\/masvicens.com\/es\/wp-json\/wp\/v2\/product_tag?post=596"}],"curies":[{"name":"wp","href":"https:\/\/api.w.org\/{rel}","templated":true}]}}