{"id":636,"date":"2021-06-22T10:14:47","date_gmt":"2021-06-22T10:14:47","guid":{"rendered":"https:\/\/masvicens.olalon.com\/?post_type=product&#038;p=636"},"modified":"2022-12-27T16:05:16","modified_gmt":"2022-12-27T16:05:16","slug":"bomba-vacio-mas-vicens","status":"publish","type":"product","link":"https:\/\/masvicens.com\/es\/producte\/bomba-vacio-mas-vicens\/","title":{"rendered":"bomba de vac\u00edo de Mas Vicen\u00e7"},"content":{"rendered":"","protected":false},"excerpt":{"rendered":"<p>Lo mejor siempre es terminarse la botella pero, si no es as\u00ed, no dejes que se oxide r\u00e1pidamente! Con la bomba de vac\u00edo de Mas Vicen\u00e7 alargar\u00e1s la vida al vino.<\/p>\n<p>Consulta las <a href=\"https:\/\/masvicens.com\/condicions-us-i-contractacio\/#enviament\" target=\"_blank\" rel=\"noopener noreferrer\"><strong>condiciones de env\u00edo aqu\u00ed<\/strong> <\/a>| Entrega en 24\/72h<\/p>\n<p>&nbsp;<\/p>\n","protected":false},"featured_media":672,"comment_status":"open","ping_status":"closed","template":"","meta":{"_et_pb_use_builder":"","_et_pb_old_content":"","_et_gb_content_width":"","inline_featured_image":false,"_joinchat":[]},"product_brand":[],"product_cat":[56],"product_tag":[],"class_list":{"0":"post-636","1":"product","2":"type-product","3":"status-publish","4":"has-post-thumbnail","6":"product_cat-accesorios","8":"first","9":"instock","10":"taxable","11":"shipping-taxable","12":"purchasable","13":"product-type-simple"},"yoast_head":"<!-- This site is optimized with the Yoast SEO plugin v27.3 - https:\/\/yoast.com\/product\/yoast-seo-wordpress\/ -->\n<title>bomba de vac\u00edo de Mas Vicen\u00e7 | Mas Vicen\u00e7<\/title>\n<meta name=\"description\" content=\"Lo mejor siempre es terminarse la botella pero, si no es as\u00ed, no dejes que se oxide r\u00e1pidamente! Con la bomba de vac\u00edo de Mas Vicen\u00e7 alargar\u00e1s vida al vino.\" \/>\n<meta name=\"robots\" content=\"index, follow, max-snippet:-1, max-image-preview:large, max-video-preview:-1\" \/>\n<link rel=\"canonical\" href=\"https:\/\/masvicens.com\/es\/producte\/bomba-vacio-mas-vicens\/\" \/>\n<meta property=\"og:locale\" content=\"es_ES\" \/>\n<meta property=\"og:type\" content=\"article\" \/>\n<meta property=\"og:title\" content=\"bomba de vac\u00edo de Mas Vicen\u00e7 | Mas Vicen\u00e7\" \/>\n<meta property=\"og:description\" content=\"Lo mejor siempre es terminarse la botella pero, si no es as\u00ed, no dejes que se oxide r\u00e1pidamente! Con la bomba de vac\u00edo de Mas Vicen\u00e7 alargar\u00e1s vida al vino.\" \/>\n<meta property=\"og:url\" content=\"https:\/\/masvicens.com\/es\/producte\/bomba-vacio-mas-vicens\/\" \/>\n<meta property=\"og:site_name\" content=\"Celler Mas Vicen\u00e7 | Re-evolucionant la tradici\u00f3\" \/>\n<meta property=\"article:modified_time\" content=\"2022-12-27T16:05:16+00:00\" \/>\n<meta property=\"og:image\" content=\"https:\/\/masvicens.com\/wp-content\/uploads\/2021\/06\/masvi-accesorio-tapon-1-scaled-1.jpg\" \/>\n\t<meta property=\"og:image:width\" content=\"2560\" \/>\n\t<meta property=\"og:image:height\" content=\"1710\" \/>\n\t<meta property=\"og:image:type\" content=\"image\/jpeg\" \/>\n<meta name=\"twitter:card\" content=\"summary_large_image\" \/>\n<script type=\"application\/ld+json\" class=\"yoast-schema-graph\">{\"@context\":\"https:\\\/\\\/schema.org\",\"@graph\":[{\"@type\":\"WebPage\",\"@id\":\"https:\\\/\\\/masvicens.com\\\/es\\\/producte\\\/bomba-vacio-mas-vicens\\\/\",\"url\":\"https:\\\/\\\/masvicens.com\\\/es\\\/producte\\\/bomba-vacio-mas-vicens\\\/\",\"name\":\"bomba de vac\u00edo de Mas Vicen\u00e7 | Mas Vicen\u00e7\",\"isPartOf\":{\"@id\":\"https:\\\/\\\/masvicens.com\\\/es\\\/#website\"},\"primaryImageOfPage\":{\"@id\":\"https:\\\/\\\/masvicens.com\\\/es\\\/producte\\\/bomba-vacio-mas-vicens\\\/#primaryimage\"},\"image\":{\"@id\":\"https:\\\/\\\/masvicens.com\\\/es\\\/producte\\\/bomba-vacio-mas-vicens\\\/#primaryimage\"},\"thumbnailUrl\":\"https:\\\/\\\/masvicens.com\\\/wp-content\\\/uploads\\\/2021\\\/06\\\/masvi-accesorio-tapon-1-scaled-1.jpg\",\"datePublished\":\"2021-06-22T10:14:47+00:00\",\"dateModified\":\"2022-12-27T16:05:16+00:00\",\"description\":\"Lo mejor siempre es terminarse la botella pero, si no es as\u00ed, no dejes que se oxide r\u00e1pidamente! Con la bomba de vac\u00edo de Mas Vicen\u00e7 alargar\u00e1s vida al vino.\",\"breadcrumb\":{\"@id\":\"https:\\\/\\\/masvicens.com\\\/es\\\/producte\\\/bomba-vacio-mas-vicens\\\/#breadcrumb\"},\"inLanguage\":\"es\",\"potentialAction\":[{\"@type\":\"ReadAction\",\"target\":[\"https:\\\/\\\/masvicens.com\\\/es\\\/producte\\\/bomba-vacio-mas-vicens\\\/\"]}]},{\"@type\":\"ImageObject\",\"inLanguage\":\"es\",\"@id\":\"https:\\\/\\\/masvicens.com\\\/es\\\/producte\\\/bomba-vacio-mas-vicens\\\/#primaryimage\",\"url\":\"https:\\\/\\\/masvicens.com\\\/wp-content\\\/uploads\\\/2021\\\/06\\\/masvi-accesorio-tapon-1-scaled-1.jpg\",\"contentUrl\":\"https:\\\/\\\/masvicens.com\\\/wp-content\\\/uploads\\\/2021\\\/06\\\/masvi-accesorio-tapon-1-scaled-1.jpg\",\"width\":2560,\"height\":1710},{\"@type\":\"BreadcrumbList\",\"@id\":\"https:\\\/\\\/masvicens.com\\\/es\\\/producte\\\/bomba-vacio-mas-vicens\\\/#breadcrumb\",\"itemListElement\":[{\"@type\":\"ListItem\",\"position\":1,\"name\":\"Portada\",\"item\":\"https:\\\/\\\/masvicens.com\\\/es\\\/\"},{\"@type\":\"ListItem\",\"position\":2,\"name\":\"TIENDA\",\"item\":\"https:\\\/\\\/masvicens.com\\\/botiga-de-vins-online\\\/\"},{\"@type\":\"ListItem\",\"position\":3,\"name\":\"bomba de vac\u00edo de Mas Vicen\u00e7\"}]},{\"@type\":\"WebSite\",\"@id\":\"https:\\\/\\\/masvicens.com\\\/es\\\/#website\",\"url\":\"https:\\\/\\\/masvicens.com\\\/es\\\/\",\"name\":\"Celler Mas Vicen\u00e7 | Re-evolucionant la tradici\u00f3\",\"description\":\"Veniu a viure l&#039;enoturisme i a con\u00e8ixer la nostra col\u00b7lecci\u00f3 de vins elaborats amb la millor selecci\u00f3 de ra\u00efm del nostre celler a Tarragona.\",\"potentialAction\":[{\"@type\":\"SearchAction\",\"target\":{\"@type\":\"EntryPoint\",\"urlTemplate\":\"https:\\\/\\\/masvicens.com\\\/es\\\/?s={search_term_string}\"},\"query-input\":{\"@type\":\"PropertyValueSpecification\",\"valueRequired\":true,\"valueName\":\"search_term_string\"}}],\"inLanguage\":\"es\"}]}<\/script>\n<!-- \/ Yoast SEO plugin. -->","yoast_head_json":{"title":"bomba de vac\u00edo de Mas Vicen\u00e7 | Mas Vicen\u00e7","description":"Lo mejor siempre es terminarse la botella pero, si no es as\u00ed, no dejes que se oxide r\u00e1pidamente! Con la bomba de vac\u00edo de Mas Vicen\u00e7 alargar\u00e1s vida al vino.","robots":{"index":"index","follow":"follow","max-snippet":"max-snippet:-1","max-image-preview":"max-image-preview:large","max-video-preview":"max-video-preview:-1"},"canonical":"https:\/\/masvicens.com\/es\/producte\/bomba-vacio-mas-vicens\/","og_locale":"es_ES","og_type":"article","og_title":"bomba de vac\u00edo de Mas Vicen\u00e7 | Mas Vicen\u00e7","og_description":"Lo mejor siempre es terminarse la botella pero, si no es as\u00ed, no dejes que se oxide r\u00e1pidamente! Con la bomba de vac\u00edo de Mas Vicen\u00e7 alargar\u00e1s vida al vino.","og_url":"https:\/\/masvicens.com\/es\/producte\/bomba-vacio-mas-vicens\/","og_site_name":"Celler Mas Vicen\u00e7 | Re-evolucionant la tradici\u00f3","article_modified_time":"2022-12-27T16:05:16+00:00","og_image":[{"width":2560,"height":1710,"url":"https:\/\/masvicens.com\/wp-content\/uploads\/2021\/06\/masvi-accesorio-tapon-1-scaled-1.jpg","type":"image\/jpeg"}],"twitter_card":"summary_large_image","schema":{"@context":"https:\/\/schema.org","@graph":[{"@type":"WebPage","@id":"https:\/\/masvicens.com\/es\/producte\/bomba-vacio-mas-vicens\/","url":"https:\/\/masvicens.com\/es\/producte\/bomba-vacio-mas-vicens\/","name":"bomba de vac\u00edo de Mas Vicen\u00e7 | Mas Vicen\u00e7","isPartOf":{"@id":"https:\/\/masvicens.com\/es\/#website"},"primaryImageOfPage":{"@id":"https:\/\/masvicens.com\/es\/producte\/bomba-vacio-mas-vicens\/#primaryimage"},"image":{"@id":"https:\/\/masvicens.com\/es\/producte\/bomba-vacio-mas-vicens\/#primaryimage"},"thumbnailUrl":"https:\/\/masvicens.com\/wp-content\/uploads\/2021\/06\/masvi-accesorio-tapon-1-scaled-1.jpg","datePublished":"2021-06-22T10:14:47+00:00","dateModified":"2022-12-27T16:05:16+00:00","description":"Lo mejor siempre es terminarse la botella pero, si no es as\u00ed, no dejes que se oxide r\u00e1pidamente! Con la bomba de vac\u00edo de Mas Vicen\u00e7 alargar\u00e1s vida al vino.","breadcrumb":{"@id":"https:\/\/masvicens.com\/es\/producte\/bomba-vacio-mas-vicens\/#breadcrumb"},"inLanguage":"es","potentialAction":[{"@type":"ReadAction","target":["https:\/\/masvicens.com\/es\/producte\/bomba-vacio-mas-vicens\/"]}]},{"@type":"ImageObject","inLanguage":"es","@id":"https:\/\/masvicens.com\/es\/producte\/bomba-vacio-mas-vicens\/#primaryimage","url":"https:\/\/masvicens.com\/wp-content\/uploads\/2021\/06\/masvi-accesorio-tapon-1-scaled-1.jpg","contentUrl":"https:\/\/masvicens.com\/wp-content\/uploads\/2021\/06\/masvi-accesorio-tapon-1-scaled-1.jpg","width":2560,"height":1710},{"@type":"BreadcrumbList","@id":"https:\/\/masvicens.com\/es\/producte\/bomba-vacio-mas-vicens\/#breadcrumb","itemListElement":[{"@type":"ListItem","position":1,"name":"Portada","item":"https:\/\/masvicens.com\/es\/"},{"@type":"ListItem","position":2,"name":"TIENDA","item":"https:\/\/masvicens.com\/botiga-de-vins-online\/"},{"@type":"ListItem","position":3,"name":"bomba de vac\u00edo de Mas Vicen\u00e7"}]},{"@type":"WebSite","@id":"https:\/\/masvicens.com\/es\/#website","url":"https:\/\/masvicens.com\/es\/","name":"Celler Mas Vicen\u00e7 | Re-evolucionant la tradici\u00f3","description":"Veniu a viure l&#039;enoturisme i a con\u00e8ixer la nostra col\u00b7lecci\u00f3 de vins elaborats amb la millor selecci\u00f3 de ra\u00efm del nostre celler a Tarragona.","potentialAction":[{"@type":"SearchAction","target":{"@type":"EntryPoint","urlTemplate":"https:\/\/masvicens.com\/es\/?s={search_term_string}"},"query-input":{"@type":"PropertyValueSpecification","valueRequired":true,"valueName":"search_term_string"}}],"inLanguage":"es"}]}},"_links":{"self":[{"href":"https:\/\/masvicens.com\/es\/wp-json\/wp\/v2\/product\/636","targetHints":{"allow":["GET"]}}],"collection":[{"href":"https:\/\/masvicens.com\/es\/wp-json\/wp\/v2\/product"}],"about":[{"href":"https:\/\/masvicens.com\/es\/wp-json\/wp\/v2\/types\/product"}],"replies":[{"embeddable":true,"href":"https:\/\/masvicens.com\/es\/wp-json\/wp\/v2\/comments?post=636"}],"wp:featuredmedia":[{"embeddable":true,"href":"https:\/\/masvicens.com\/es\/wp-json\/wp\/v2\/media\/672"}],"wp:attachment":[{"href":"https:\/\/masvicens.com\/es\/wp-json\/wp\/v2\/media?parent=636"}],"wp:term":[{"taxonomy":"product_brand","embeddable":true,"href":"https:\/\/masvicens.com\/es\/wp-json\/wp\/v2\/product_brand?post=636"},{"taxonomy":"product_cat","embeddable":true,"href":"https:\/\/masvicens.com\/es\/wp-json\/wp\/v2\/product_cat?post=636"},{"taxonomy":"product_tag","embeddable":true,"href":"https:\/\/masvicens.com\/es\/wp-json\/wp\/v2\/product_tag?post=636"}],"curies":[{"name":"wp","href":"https:\/\/api.w.org\/{rel}","templated":true}]}}