{"id":21936,"date":"2021-08-05T09:47:54","date_gmt":"2021-08-05T09:47:54","guid":{"rendered":"https:\/\/masvicens.olalon.com\/la-esencia-del-cister\/"},"modified":"2025-10-23T08:17:37","modified_gmt":"2025-10-23T08:17:37","slug":"essence-du-cister","status":"publish","type":"page","link":"https:\/\/masvicens.com\/fr\/oenoturismo-tarragona\/essence-du-cister\/","title":{"rendered":"L&#8217;essence du cister"},"content":{"rendered":"<p>[et_pb_section fb_built=&#8221;1&#8243; custom_padding_last_edited=&#8221;off|phone&#8221; admin_label=&#8221;section&#8221; _builder_version=&#8221;4.16&#8243; background_color=&#8221;#e0e0e0&#8243; use_background_color_gradient=&#8221;on&#8221; background_color_gradient_direction=&#8221;204deg&#8221; background_color_gradient_stops=&#8221;rgba(68,68,68,0.38) 0%|rgba(17,17,17,0.71) 100%&#8221; background_color_gradient_overlays_image=&#8221;on&#8221; background_color_gradient_start=&#8221;rgba(68,68,68,0.38)&#8221; background_color_gradient_end=&#8221;rgba(17,17,17,0.71)&#8221; background_image=&#8221;https:\/\/masvicens.com\/wp-content\/uploads\/2021\/08\/MSV_FotosGenerals_Lona_-21.jpg&#8221; vertical_offset=&#8221;0px&#8221; height=&#8221;40vh&#8221; height_tablet=&#8221;&#8221; height_phone=&#8221;&#8221; height_last_edited=&#8221;on|tablet&#8221; max_height=&#8221;40vh&#8221; max_height_tablet=&#8221;60vh&#8221; max_height_phone=&#8221;60vh&#8221; max_height_last_edited=&#8221;on|tablet&#8221; custom_margin=&#8221;0px||||false|false&#8221; custom_margin_tablet=&#8221;-68px||||false|false&#8221; custom_margin_phone=&#8221;-50px||||false|false&#8221; custom_margin_last_edited=&#8221;on|phone&#8221; custom_padding=&#8221;0px||||false|false&#8221; custom_padding_phone=&#8221;0px||||false|false&#8221; sticky_limit_bottom=&#8221;body&#8221; locked=&#8221;off&#8221; global_colors_info=&#8221;{}&#8221;][et_pb_row admin_label=&#8221;Fila&#8221; _builder_version=&#8221;4.16&#8243; _module_preset=&#8221;default&#8221; use_background_color_gradient=&#8221;on&#8221; background_color_gradient_stops=&#8221;rgba(17,17,17,0.42) 0%|rgba(221,221,221,0.23) 100%&#8221; background_color_gradient_start=&#8221;rgba(17,17,17,0.42)&#8221; background_color_gradient_end=&#8221;rgba(221,221,221,0.23)&#8221; width=&#8221;100%&#8221; width_tablet=&#8221;100%&#8221; width_phone=&#8221;100%&#8221; width_last_edited=&#8221;on|phone&#8221; max_width=&#8221;100%&#8221; module_alignment=&#8221;center&#8221; height=&#8221;1000px&#8221; custom_margin=&#8221;|||40px|false|false&#8221; custom_margin_tablet=&#8221;&#8221; custom_margin_phone=&#8221;|||14px|false|false&#8221; custom_margin_last_edited=&#8221;on|phone&#8221; custom_padding=&#8221;250px|25px||0px|false|false&#8221; hover_transition_duration=&#8221;250ms&#8221; scroll_fade_enable=&#8221;on&#8221; scroll_fade=&#8221;0|22|22|49|100%|28%|0%&#8221; motion_trigger_start=&#8221;bottom&#8221; module_alignment_tablet=&#8221;center&#8221; module_alignment_phone=&#8221;center&#8221; module_alignment_last_edited=&#8221;on|phone&#8221; scroll_fade_tablet=&#8221;18|36|37|61|100%|100|0%&#8221; scroll_fade_phone=&#8221;15|39|40|100|100%|100|0%&#8221; scroll_fade_last_edited=&#8221;on|phone&#8221; global_colors_info=&#8221;{}&#8221;][et_pb_column type=&#8221;4_4&#8243; _builder_version=&#8221;4.16&#8243; _module_preset=&#8221;default&#8221; global_colors_info=&#8221;{}&#8221;][et_pb_text _builder_version=&#8221;4.16&#8243; _module_preset=&#8221;default&#8221; text_font=&#8221;Montserrat||||||||&#8221; text_text_color=&#8221;#ffffff&#8221; text_font_size=&#8221;50px&#8221; text_letter_spacing=&#8221;3px&#8221; header_font=&#8221;Montserrat||||||||&#8221; header_text_color=&#8221;#ffffff&#8221; header_font_size=&#8221;50px&#8221; header_letter_spacing=&#8221;3px&#8221; header_2_text_color=&#8221;#ffffff&#8221; header_2_font_size=&#8221;51px&#8221; custom_margin=&#8221;0px|300px|0px|300px|false|false&#8221; custom_margin_tablet=&#8221;|0px||0px|false|true&#8221; custom_margin_phone=&#8221;|0px||0px|false|true&#8221; custom_margin_last_edited=&#8221;on|tablet&#8221; custom_padding=&#8221;|40px||40px|false|true&#8221; header_font_size_tablet=&#8221;&#8221; header_font_size_phone=&#8221;34px&#8221; header_font_size_last_edited=&#8221;on|phone&#8221; global_colors_info=&#8221;{}&#8221;]<\/p>\n<h1>L&#8217;essence du cister<\/h1>\n<p>[\/et_pb_text][\/et_pb_column][\/et_pb_row][\/et_pb_section][et_pb_section fb_built=&#8221;1&#8243; _builder_version=&#8221;4.16&#8243; _module_preset=&#8221;default&#8221; custom_margin=&#8221;0px||60px||false|false&#8221; custom_margin_tablet=&#8221;||0px||false|false&#8221; custom_margin_phone=&#8221;||0px||false|false&#8221; custom_margin_last_edited=&#8221;on|tablet&#8221; custom_padding=&#8221;||0px||false|false&#8221; global_colors_info=&#8221;{}&#8221;][et_pb_row column_structure=&#8221;3_5,2_5&#8243; _builder_version=&#8221;4.16&#8243; _module_preset=&#8221;default&#8221; max_width=&#8221;1700px&#8221; global_colors_info=&#8221;{}&#8221;][et_pb_column type=&#8221;3_5&#8243; _builder_version=&#8221;4.16&#8243; _module_preset=&#8221;default&#8221; global_colors_info=&#8221;{}&#8221;][et_pb_image src=&#8221;https:\/\/masvicens.com\/wp-content\/uploads\/2021\/08\/xocovi-24_compressed-1.jpg&#8221; alt=&#8221;Enoturismo Tarragona&#8221; title_text=&#8221;Enoturismo Tarragona&#8221; _builder_version=&#8221;4.16&#8243; _module_preset=&#8221;default&#8221; global_colors_info=&#8221;{}&#8221;][\/et_pb_image][\/et_pb_column][et_pb_column type=&#8221;2_5&#8243; _builder_version=&#8221;4.16&#8243; _module_preset=&#8221;default&#8221; global_colors_info=&#8221;{}&#8221;][et_pb_text _builder_version=&#8221;4.16&#8243; _module_preset=&#8221;default&#8221; header_2_font=&#8221;Montserrat|800|||||||&#8221; header_2_font_size=&#8221;36px&#8221; custom_margin=&#8221;100px||||false|false&#8221; custom_margin_tablet=&#8221;0px||||false|false&#8221; custom_margin_phone=&#8221;0px||||false|false&#8221; custom_margin_last_edited=&#8221;on|tablet&#8221; global_colors_info=&#8221;{}&#8221;]<\/p>\n<h2>Un voyage fascinant dans le pass\u00e9<\/h2>\n<p>[\/et_pb_text][et_pb_text _builder_version=&#8221;4.16&#8243; _module_preset=&#8221;default&#8221; text_font=&#8221;Montserrat||||||||&#8221; text_font_size=&#8221;18px&#8221; text_line_height=&#8221;1.8em&#8221; text_orientation=&#8221;center&#8221; custom_padding=&#8221;|0px|||false|false&#8221; custom_padding_tablet=&#8221;|0px|||false|false&#8221; custom_padding_phone=&#8221;&#8221; custom_padding_last_edited=&#8221;on|desktop&#8221; global_colors_info=&#8221;{}&#8221;]<\/p>\n<p style=\"text-align: justify;\">Un voyage fascinant dans le pass\u00e9 cistercien avec des visites au Monast\u00e8re Royal de Santes Creus et \u00e0 la Cave Mas Vicen\u00e7, y compris une d\u00e9gustation de vin et de l\u2019huile d\u2019olive.<br \/>L\u2019activit\u00e9 commence au Monast\u00e8re o\u00f9 l\u2019on r\u00e9alise une visite guid\u00e9e audiovisuelle. Apr\u00e8s la visite, le trajet se poursuit \u00e0 la cave o\u00f9 l\u2019on peut profiter d\u2019une visite guid\u00e9e avec d\u00e9gustation de vins, huile d\u2019olive et des fruits secs.<\/p>\n<p style=\"text-align: justify;\">Pour de plus amples informations, consultez-nous \u00e0 <strong>xavier@masvicens.com <\/strong>ou appelant <strong>627 570 075.<\/strong><\/p>\n<p>[\/et_pb_text][et_pb_button button_url=&#8221;https:\/\/masvicens.com\/fr\/reserver-enotourisme-mas-vicenc\/&#8221; button_text=&#8221;Reserver&#8221; button_alignment=&#8221;left&#8221; _builder_version=&#8221;4.27.4&#8243; _module_preset=&#8221;default&#8221; custom_button=&#8221;on&#8221; button_text_color=&#8221;#ffffff&#8221; button_bg_color=&#8221;#A49C3C&#8221; button_border_color=&#8221;RGBA(0,0,0,0)&#8221; button_font=&#8221;Open Sans||||||||&#8221; hover_enabled=&#8221;0&#8243; locked=&#8221;off&#8221; global_colors_info=&#8221;{}&#8221; button_bg_color__hover_enabled=&#8221;on|hover&#8221; button_bg_color__hover=&#8221;rgba(164,156,60,0.62)&#8221; button_bg_enable_color__hover=&#8221;on&#8221; sticky_enabled=&#8221;0&#8243;][\/et_pb_button][\/et_pb_column][\/et_pb_row][et_pb_row _builder_version=&#8221;4.16&#8243; _module_preset=&#8221;default&#8221; max_width=&#8221;1700px&#8221; locked=&#8221;off&#8221; global_colors_info=&#8221;{}&#8221;][et_pb_column type=&#8221;4_4&#8243; _builder_version=&#8221;4.16&#8243; _module_preset=&#8221;default&#8221; global_colors_info=&#8221;{}&#8221;][et_pb_text _builder_version=&#8221;4.17.4&#8243; _module_preset=&#8221;default&#8221; text_font=&#8221;Montserrat||||||||&#8221; text_font_size=&#8221;18px&#8221; text_line_height=&#8221;1.8em&#8221; header_2_font=&#8221;Montserrat|700|||||||&#8221; text_orientation=&#8221;center&#8221; custom_padding=&#8221;|0px|||false|false&#8221; custom_padding_tablet=&#8221;|0px|||false|false&#8221; custom_padding_phone=&#8221;&#8221; custom_padding_last_edited=&#8221;on|desktop&#8221; global_colors_info=&#8221;{}&#8221;]<\/p>\n<h2 class=\"text-justified\" style=\"text-align: left;\">Vous souhaitez offrir cette activit\u00e9?<\/h2>\n<p class=\"text-justified\" style=\"text-align: left;\">S\u00e9lectionnez simplement l&#8217;activit\u00e9 dans notre moteur de r\u00e9servation et cochez la case &#8220;<strong>Offrir cette activit\u00e9 \u00e0 quelqu&#8217;un<\/strong>&#8220;. Une fois le paiement effectu\u00e9, vous recevrez le coupon que vous pourrez faire parvenir \u00e0 la personne honor\u00e9e.<\/p>\n<p>[\/et_pb_text][\/et_pb_column][\/et_pb_row][\/et_pb_section]<\/p>\n","protected":false},"excerpt":{"rendered":"<p>L&#8217;essence du cisterUn voyage fascinant dans le pass\u00e9Un voyage fascinant dans le pass\u00e9 cistercien avec des visites au Monast\u00e8re Royal de Santes Creus et \u00e0 la Cave Mas Vicen\u00e7, y compris une d\u00e9gustation de vin et de l\u2019huile d\u2019olive.L\u2019activit\u00e9 commence au Monast\u00e8re o\u00f9 l\u2019on r\u00e9alise une visite guid\u00e9e audiovisuelle. Apr\u00e8s la visite, le trajet se [&hellip;]<\/p>\n","protected":false},"author":5,"featured_media":22050,"parent":22012,"menu_order":0,"comment_status":"closed","ping_status":"closed","template":"","meta":{"_et_pb_use_builder":"on","_et_pb_old_content":"","_et_gb_content_width":"","inline_featured_image":false,"_joinchat":[],"footnotes":""},"class_list":["post-21936","page","type-page","status-publish","has-post-thumbnail","hentry"],"yoast_head":"<!-- This site is optimized with the Yoast SEO plugin v27.5 - https:\/\/yoast.com\/product\/yoast-seo-wordpress\/ -->\n<title>L&#039;essence du cister - Celler Mas Vicen\u00e7 | Re-evolucionant la tradici\u00f3<\/title>\n<meta name=\"description\" content=\"L&#039;essence du cister un voyage fascinant dans le pass\u00e9 cistercien avec des visites au Santes Creus et \u00e0 Mas Vicen\u00e7 et compris une d\u00e9gustation.\" \/>\n<meta name=\"robots\" content=\"index, follow, max-snippet:-1, max-image-preview:large, max-video-preview:-1\" \/>\n<link rel=\"canonical\" href=\"https:\/\/masvicens.com\/fr\/oenoturismo-tarragona\/essence-du-cister\/\" \/>\n<meta property=\"og:locale\" content=\"fr_FR\" \/>\n<meta property=\"og:type\" content=\"article\" \/>\n<meta property=\"og:title\" content=\"L&#039;essence du cister - Celler Mas Vicen\u00e7 | Re-evolucionant la tradici\u00f3\" \/>\n<meta property=\"og:description\" content=\"L&#039;essence du cister un voyage fascinant dans le pass\u00e9 cistercien avec des visites au Santes Creus et \u00e0 Mas Vicen\u00e7 et compris une d\u00e9gustation.\" \/>\n<meta property=\"og:url\" content=\"https:\/\/masvicens.com\/fr\/oenoturismo-tarragona\/essence-du-cister\/\" \/>\n<meta property=\"og:site_name\" content=\"Celler Mas Vicen\u00e7 | Re-evolucionant la tradici\u00f3\" \/>\n<meta property=\"article:modified_time\" content=\"2025-10-23T08:17:37+00:00\" \/>\n<meta property=\"og:image\" content=\"https:\/\/masvicens.com\/wp-content\/uploads\/2021\/08\/xocovi-24_compressed-1.jpg\" \/>\n\t<meta property=\"og:image:width\" content=\"1920\" \/>\n\t<meta property=\"og:image:height\" content=\"1080\" \/>\n\t<meta property=\"og:image:type\" content=\"image\/jpeg\" \/>\n<meta name=\"twitter:card\" content=\"summary_large_image\" \/>\n<meta name=\"twitter:label1\" content=\"Dur\u00e9e de lecture estim\u00e9e\" \/>\n\t<meta name=\"twitter:data1\" content=\"2 minutes\" \/>\n<script type=\"application\/ld+json\" class=\"yoast-schema-graph\">{\"@context\":\"https:\\\/\\\/schema.org\",\"@graph\":[{\"@type\":\"WebPage\",\"@id\":\"https:\\\/\\\/masvicens.com\\\/fr\\\/oenoturismo-tarragona\\\/essence-du-cister\\\/\",\"url\":\"https:\\\/\\\/masvicens.com\\\/fr\\\/oenoturismo-tarragona\\\/essence-du-cister\\\/\",\"name\":\"L'essence du cister - Celler Mas Vicen\u00e7 | Re-evolucionant la tradici\u00f3\",\"isPartOf\":{\"@id\":\"https:\\\/\\\/masvicens.com\\\/fr\\\/#website\"},\"primaryImageOfPage\":{\"@id\":\"https:\\\/\\\/masvicens.com\\\/fr\\\/oenoturismo-tarragona\\\/essence-du-cister\\\/#primaryimage\"},\"image\":{\"@id\":\"https:\\\/\\\/masvicens.com\\\/fr\\\/oenoturismo-tarragona\\\/essence-du-cister\\\/#primaryimage\"},\"thumbnailUrl\":\"https:\\\/\\\/masvicens.com\\\/wp-content\\\/uploads\\\/2021\\\/08\\\/xocovi-24_compressed-1.jpg\",\"datePublished\":\"2021-08-05T09:47:54+00:00\",\"dateModified\":\"2025-10-23T08:17:37+00:00\",\"description\":\"L'essence du cister un voyage fascinant dans le pass\u00e9 cistercien avec des visites au Santes Creus et \u00e0 Mas Vicen\u00e7 et compris une d\u00e9gustation.\",\"breadcrumb\":{\"@id\":\"https:\\\/\\\/masvicens.com\\\/fr\\\/oenoturismo-tarragona\\\/essence-du-cister\\\/#breadcrumb\"},\"inLanguage\":\"fr-FR\",\"potentialAction\":[{\"@type\":\"ReadAction\",\"target\":[\"https:\\\/\\\/masvicens.com\\\/fr\\\/oenoturismo-tarragona\\\/essence-du-cister\\\/\"]}]},{\"@type\":\"ImageObject\",\"inLanguage\":\"fr-FR\",\"@id\":\"https:\\\/\\\/masvicens.com\\\/fr\\\/oenoturismo-tarragona\\\/essence-du-cister\\\/#primaryimage\",\"url\":\"https:\\\/\\\/masvicens.com\\\/wp-content\\\/uploads\\\/2021\\\/08\\\/xocovi-24_compressed-1.jpg\",\"contentUrl\":\"https:\\\/\\\/masvicens.com\\\/wp-content\\\/uploads\\\/2021\\\/08\\\/xocovi-24_compressed-1.jpg\",\"width\":1920,\"height\":1080,\"caption\":\"Enoturismo Tarragona\"},{\"@type\":\"BreadcrumbList\",\"@id\":\"https:\\\/\\\/masvicens.com\\\/fr\\\/oenoturismo-tarragona\\\/essence-du-cister\\\/#breadcrumb\",\"itemListElement\":[{\"@type\":\"ListItem\",\"position\":1,\"name\":\"Portada\",\"item\":\"https:\\\/\\\/masvicens.com\\\/fr\\\/\"},{\"@type\":\"ListItem\",\"position\":2,\"name\":\"OENOTOURISME\",\"item\":\"https:\\\/\\\/masvicens.com\\\/fr\\\/oenoturismo-tarragona\\\/\"},{\"@type\":\"ListItem\",\"position\":3,\"name\":\"L&#8217;essence du cister\"}]},{\"@type\":\"WebSite\",\"@id\":\"https:\\\/\\\/masvicens.com\\\/fr\\\/#website\",\"url\":\"https:\\\/\\\/masvicens.com\\\/fr\\\/\",\"name\":\"Celler Mas Vicen\u00e7 | Re-evolucionant la tradici\u00f3\",\"description\":\"Veniu a viure l&#039;enoturisme i a con\u00e8ixer la nostra col\u00b7lecci\u00f3 de vins elaborats amb la millor selecci\u00f3 de ra\u00efm del nostre celler a Tarragona.\",\"potentialAction\":[{\"@type\":\"SearchAction\",\"target\":{\"@type\":\"EntryPoint\",\"urlTemplate\":\"https:\\\/\\\/masvicens.com\\\/fr\\\/?s={search_term_string}\"},\"query-input\":{\"@type\":\"PropertyValueSpecification\",\"valueRequired\":true,\"valueName\":\"search_term_string\"}}],\"inLanguage\":\"fr-FR\"}]}<\/script>\n<!-- \/ Yoast SEO plugin. -->","yoast_head_json":{"title":"L'essence du cister - Celler Mas Vicen\u00e7 | Re-evolucionant la tradici\u00f3","description":"L'essence du cister un voyage fascinant dans le pass\u00e9 cistercien avec des visites au Santes Creus et \u00e0 Mas Vicen\u00e7 et compris une d\u00e9gustation.","robots":{"index":"index","follow":"follow","max-snippet":"max-snippet:-1","max-image-preview":"max-image-preview:large","max-video-preview":"max-video-preview:-1"},"canonical":"https:\/\/masvicens.com\/fr\/oenoturismo-tarragona\/essence-du-cister\/","og_locale":"fr_FR","og_type":"article","og_title":"L'essence du cister - Celler Mas Vicen\u00e7 | Re-evolucionant la tradici\u00f3","og_description":"L'essence du cister un voyage fascinant dans le pass\u00e9 cistercien avec des visites au Santes Creus et \u00e0 Mas Vicen\u00e7 et compris une d\u00e9gustation.","og_url":"https:\/\/masvicens.com\/fr\/oenoturismo-tarragona\/essence-du-cister\/","og_site_name":"Celler Mas Vicen\u00e7 | Re-evolucionant la tradici\u00f3","article_modified_time":"2025-10-23T08:17:37+00:00","og_image":[{"width":1920,"height":1080,"url":"https:\/\/masvicens.com\/wp-content\/uploads\/2021\/08\/xocovi-24_compressed-1.jpg","type":"image\/jpeg"}],"twitter_card":"summary_large_image","twitter_misc":{"Dur\u00e9e de lecture estim\u00e9e":"2 minutes"},"schema":{"@context":"https:\/\/schema.org","@graph":[{"@type":"WebPage","@id":"https:\/\/masvicens.com\/fr\/oenoturismo-tarragona\/essence-du-cister\/","url":"https:\/\/masvicens.com\/fr\/oenoturismo-tarragona\/essence-du-cister\/","name":"L'essence du cister - Celler Mas Vicen\u00e7 | Re-evolucionant la tradici\u00f3","isPartOf":{"@id":"https:\/\/masvicens.com\/fr\/#website"},"primaryImageOfPage":{"@id":"https:\/\/masvicens.com\/fr\/oenoturismo-tarragona\/essence-du-cister\/#primaryimage"},"image":{"@id":"https:\/\/masvicens.com\/fr\/oenoturismo-tarragona\/essence-du-cister\/#primaryimage"},"thumbnailUrl":"https:\/\/masvicens.com\/wp-content\/uploads\/2021\/08\/xocovi-24_compressed-1.jpg","datePublished":"2021-08-05T09:47:54+00:00","dateModified":"2025-10-23T08:17:37+00:00","description":"L'essence du cister un voyage fascinant dans le pass\u00e9 cistercien avec des visites au Santes Creus et \u00e0 Mas Vicen\u00e7 et compris une d\u00e9gustation.","breadcrumb":{"@id":"https:\/\/masvicens.com\/fr\/oenoturismo-tarragona\/essence-du-cister\/#breadcrumb"},"inLanguage":"fr-FR","potentialAction":[{"@type":"ReadAction","target":["https:\/\/masvicens.com\/fr\/oenoturismo-tarragona\/essence-du-cister\/"]}]},{"@type":"ImageObject","inLanguage":"fr-FR","@id":"https:\/\/masvicens.com\/fr\/oenoturismo-tarragona\/essence-du-cister\/#primaryimage","url":"https:\/\/masvicens.com\/wp-content\/uploads\/2021\/08\/xocovi-24_compressed-1.jpg","contentUrl":"https:\/\/masvicens.com\/wp-content\/uploads\/2021\/08\/xocovi-24_compressed-1.jpg","width":1920,"height":1080,"caption":"Enoturismo Tarragona"},{"@type":"BreadcrumbList","@id":"https:\/\/masvicens.com\/fr\/oenoturismo-tarragona\/essence-du-cister\/#breadcrumb","itemListElement":[{"@type":"ListItem","position":1,"name":"Portada","item":"https:\/\/masvicens.com\/fr\/"},{"@type":"ListItem","position":2,"name":"OENOTOURISME","item":"https:\/\/masvicens.com\/fr\/oenoturismo-tarragona\/"},{"@type":"ListItem","position":3,"name":"L&#8217;essence du cister"}]},{"@type":"WebSite","@id":"https:\/\/masvicens.com\/fr\/#website","url":"https:\/\/masvicens.com\/fr\/","name":"Celler Mas Vicen\u00e7 | Re-evolucionant la tradici\u00f3","description":"Veniu a viure l&#039;enoturisme i a con\u00e8ixer la nostra col\u00b7lecci\u00f3 de vins elaborats amb la millor selecci\u00f3 de ra\u00efm del nostre celler a Tarragona.","potentialAction":[{"@type":"SearchAction","target":{"@type":"EntryPoint","urlTemplate":"https:\/\/masvicens.com\/fr\/?s={search_term_string}"},"query-input":{"@type":"PropertyValueSpecification","valueRequired":true,"valueName":"search_term_string"}}],"inLanguage":"fr-FR"}]}},"_links":{"self":[{"href":"https:\/\/masvicens.com\/fr\/wp-json\/wp\/v2\/pages\/21936","targetHints":{"allow":["GET"]}}],"collection":[{"href":"https:\/\/masvicens.com\/fr\/wp-json\/wp\/v2\/pages"}],"about":[{"href":"https:\/\/masvicens.com\/fr\/wp-json\/wp\/v2\/types\/page"}],"author":[{"embeddable":true,"href":"https:\/\/masvicens.com\/fr\/wp-json\/wp\/v2\/users\/5"}],"replies":[{"embeddable":true,"href":"https:\/\/masvicens.com\/fr\/wp-json\/wp\/v2\/comments?post=21936"}],"version-history":[{"count":2,"href":"https:\/\/masvicens.com\/fr\/wp-json\/wp\/v2\/pages\/21936\/revisions"}],"predecessor-version":[{"id":31430,"href":"https:\/\/masvicens.com\/fr\/wp-json\/wp\/v2\/pages\/21936\/revisions\/31430"}],"up":[{"embeddable":true,"href":"https:\/\/masvicens.com\/fr\/wp-json\/wp\/v2\/pages\/22012"}],"wp:featuredmedia":[{"embeddable":true,"href":"https:\/\/masvicens.com\/fr\/wp-json\/wp\/v2\/media\/22050"}],"wp:attachment":[{"href":"https:\/\/masvicens.com\/fr\/wp-json\/wp\/v2\/media?parent=21936"}],"curies":[{"name":"wp","href":"https:\/\/api.w.org\/{rel}","templated":true}]}}