{"id":31018,"date":"2025-09-10T19:20:25","date_gmt":"2025-09-10T19:20:25","guid":{"rendered":"https:\/\/masvicens.com\/?page_id=31018"},"modified":"2025-10-23T08:08:34","modified_gmt":"2025-10-23T08:08:34","slug":"reserver-enotourisme-mas-vicenc","status":"publish","type":"page","link":"https:\/\/masvicens.com\/fr\/reserver-enotourisme-mas-vicenc\/","title":{"rendered":"R\u00e9server enotourisme Mas Vicen\u00e7"},"content":{"rendered":"<p>[et_pb_section fb_built=&#8221;1&#8243; _builder_version=&#8221;4.27.4&#8243; _module_preset=&#8221;default&#8221; background_color=&#8221;#A30121&#8243; hover_enabled=&#8221;0&#8243; global_colors_info=&#8221;{}&#8221; locked=&#8221;off&#8221; sticky_enabled=&#8221;0&#8243;][et_pb_row _builder_version=&#8221;4.27.4&#8243; _module_preset=&#8221;default&#8221; global_colors_info=&#8221;{}&#8221;][et_pb_column type=&#8221;4_4&#8243; _builder_version=&#8221;4.27.4&#8243; _module_preset=&#8221;default&#8221; global_colors_info=&#8221;{}&#8221;][et_pb_heading title=&#8221;Vivez Mas Vicen\u00e7 : des exp\u00e9riences qui relient terre, vin et gastronomie&#8221; _builder_version=&#8221;4.27.4&#8243; _module_preset=&#8221;dc48aa2e-72bb-4d08-96d8-ceaaa20d2b50&#8243; title_text_align=&#8221;center&#8221; title_text_color=&#8221;#ffffff&#8221; title_font_size=&#8221;68px&#8221; hover_enabled=&#8221;0&#8243; global_colors_info=&#8221;{}&#8221; sticky_enabled=&#8221;0&#8243;][\/et_pb_heading][\/et_pb_column][\/et_pb_row][et_pb_row _builder_version=&#8221;4.27.4&#8243; _module_preset=&#8221;default&#8221; global_colors_info=&#8221;{}&#8221;][et_pb_column type=&#8221;4_4&#8243; _builder_version=&#8221;4.27.4&#8243; _module_preset=&#8221;default&#8221; global_colors_info=&#8221;{}&#8221;][et_pb_divider color=&#8221;#DDDDDD&#8221; divider_position=&#8221;center&#8221; _builder_version=&#8221;4.27.4&#8243; _module_preset=&#8221;default&#8221; border_color_all=&#8221;#A30121&#8243; global_colors_info=&#8221;{}&#8221;][\/et_pb_divider][\/et_pb_column][\/et_pb_row][et_pb_row _builder_version=&#8221;4.27.4&#8243; _module_preset=&#8221;default&#8221; global_colors_info=&#8221;{}&#8221;][et_pb_column type=&#8221;4_4&#8243; _builder_version=&#8221;4.27.4&#8243; _module_preset=&#8221;default&#8221; global_colors_info=&#8221;{}&#8221;][et_pb_text _builder_version=&#8221;4.27.4&#8243; _module_preset=&#8221;default&#8221; text_font=&#8221;|&#8211;et_global_body_font_weight|||||||&#8221; text_text_color=&#8221;#DDDDDD&#8221; text_font_size=&#8221;17px&#8221; text_orientation=&#8221;center&#8221; hover_enabled=&#8221;0&#8243; global_colors_info=&#8221;{}&#8221; sticky_enabled=&#8221;0&#8243;]<\/p>\n<p data-start=\"1285\" data-end=\"1641\">Plongez dans l\u2019essence d\u2019un domaine familial au c\u0153ur de l\u2019Alt Camp.<br data-start=\"1464\" data-end=\"1467\" \/>Profitez de visites entre les vignes, d\u00e9gustez nos vins et participez \u00e0 des activit\u00e9s sp\u00e9ciales \u00e0 dates cl\u00e9s : accords mets-vins, vendanges, promenades et bien plus encore.<\/p>\n<p data-start=\"1643\" data-end=\"1717\"><strong>R\u00e9servez facilement votre exp\u00e9rience et commencez \u00e0 trinquer avec nous!<\/strong><\/p>\n<p>[\/et_pb_text][\/et_pb_column][\/et_pb_row][\/et_pb_section][et_pb_section fb_built=&#8221;1&#8243; _builder_version=&#8221;4.27.4&#8243; _module_preset=&#8221;default&#8221; hover_enabled=&#8221;0&#8243; global_colors_info=&#8221;{}&#8221; background_color=&#8221;#A30121&#8243; sticky_enabled=&#8221;0&#8243;][et_pb_row column_structure=&#8221;1_2,1_2&#8243; _builder_version=&#8221;4.27.4&#8243; _module_preset=&#8221;default&#8221; width=&#8221;100%&#8221; max_width=&#8221;1440px&#8221; global_colors_info=&#8221;{}&#8221;][et_pb_column type=&#8221;1_2&#8243; _builder_version=&#8221;4.27.4&#8243; _module_preset=&#8221;default&#8221; global_colors_info=&#8221;{}&#8221;][et_pb_code _builder_version=&#8221;4.27.4&#8243; _module_preset=&#8221;default&#8221; global_colors_info=&#8221;{}&#8221;]<script>\n  if (typeof hasAmeliaEvent === 'undefined') {\n    var hasAmeliaEvent = true;\n  }\n  if (typeof hasEventApiCall === 'undefined' && ('' === '' && '' !== '1')) {\n    var hasEventApiCall = true;\n  }\n  var hasEventShortcode = (typeof hasEventShortcode === 'undefined') ? false : true;\n  var ameliaShortcodeData = (typeof ameliaShortcodeData === 'undefined') ? [] : ameliaShortcodeData;\n  ameliaShortcodeData.push(\n    {\n      'hasApiCall': (typeof hasEventApiCall !== 'undefined') && hasEventApiCall,\n      'trigger': '',\n      'trigger_type': '',\n      'triggered_form': 'ecf',\n      'in_dialog': '',\n      'counter': '1000',\n      'employee': '',\n      'eventId': '2',\n      'eventRecurring': 1,\n      'eventTag': \"\",\n      'locationId': \"\"\n    }\n  );\n  var ameliaShortcodeDataTriggered = (typeof ameliaShortcodeDataTriggered === 'undefined') ? [] : ameliaShortcodeDataTriggered;\n  if (ameliaShortcodeData[ameliaShortcodeData.length - 1].trigger !== '') {\n    if (ameliaShortcodeDataTriggered.filter(a => a.counter === ameliaShortcodeData[ameliaShortcodeData.length - 1].counter).length === 0) {\n      ameliaShortcodeDataTriggered.push(ameliaShortcodeData.pop());\n    } else {\n      ameliaShortcodeData.pop()\n    }\n  }\n  if (typeof hasEventApiCall !== 'undefined' && hasEventApiCall) {\n    hasEventApiCall = false;\n  }\n<\/script>\n\n<div\n  id=\"amelia-v2-booking-1000\"\n  class=\"amelia-v2-booking\"\n>\n    <events-calendar-form-wrapper><\/div>\n[\/et_pb_code][\/et_pb_column][et_pb_column type=&#8221;1_2&#8243; _builder_version=&#8221;4.27.4&#8243; _module_preset=&#8221;default&#8221; global_colors_info=&#8221;{}&#8221;][et_pb_code _builder_version=&#8221;4.27.4&#8243; _module_preset=&#8221;default&#8221; global_colors_info=&#8221;{}&#8221;]<script>\n  if (typeof hasAmeliaEvent === 'undefined') {\n    var hasAmeliaEvent = true;\n  }\n  if (typeof hasEventApiCall === 'undefined' && ('' === '' && '' !== '1')) {\n    var hasEventApiCall = true;\n  }\n  var hasEventShortcode = (typeof hasEventShortcode === 'undefined') ? false : true;\n  var ameliaShortcodeData = (typeof ameliaShortcodeData === 'undefined') ? [] : ameliaShortcodeData;\n  ameliaShortcodeData.push(\n    {\n      'hasApiCall': (typeof hasEventApiCall !== 'undefined') && hasEventApiCall,\n      'trigger': '',\n      'trigger_type': '',\n      'triggered_form': 'ecf',\n      'in_dialog': '',\n      'counter': '1001',\n      'employee': '',\n      'eventId': '1096',\n      'eventRecurring': 1,\n      'eventTag': \"\",\n      'locationId': \"\"\n    }\n  );\n  var ameliaShortcodeDataTriggered = (typeof ameliaShortcodeDataTriggered === 'undefined') ? [] : ameliaShortcodeDataTriggered;\n  if (ameliaShortcodeData[ameliaShortcodeData.length - 1].trigger !== '') {\n    if (ameliaShortcodeDataTriggered.filter(a => a.counter === ameliaShortcodeData[ameliaShortcodeData.length - 1].counter).length === 0) {\n      ameliaShortcodeDataTriggered.push(ameliaShortcodeData.pop());\n    } else {\n      ameliaShortcodeData.pop()\n    }\n  }\n  if (typeof hasEventApiCall !== 'undefined' && hasEventApiCall) {\n    hasEventApiCall = false;\n  }\n<\/script>\n\n<div\n  id=\"amelia-v2-booking-1001\"\n  class=\"amelia-v2-booking\"\n>\n    <events-calendar-form-wrapper><\/div>\n[\/et_pb_code][\/et_pb_column][\/et_pb_row][et_pb_row _builder_version=&#8221;4.27.4&#8243; _module_preset=&#8221;default&#8221; global_colors_info=&#8221;{}&#8221;][et_pb_column type=&#8221;4_4&#8243; _builder_version=&#8221;4.27.4&#8243; _module_preset=&#8221;default&#8221; global_colors_info=&#8221;{}&#8221;][et_pb_divider divider_position=&#8221;center&#8221; _builder_version=&#8221;4.27.4&#8243; _module_preset=&#8221;default&#8221; global_colors_info=&#8221;{}&#8221;][\/et_pb_divider][\/et_pb_column][\/et_pb_row][\/et_pb_section]<\/p>\n","protected":false},"excerpt":{"rendered":"<p>Plongez dans l\u2019essence d\u2019un domaine familial au c\u0153ur de l\u2019Alt Camp.Profitez de visites entre les vignes, d\u00e9gustez nos vins et participez \u00e0 des activit\u00e9s sp\u00e9ciales \u00e0 dates cl\u00e9s : accords mets-vins, vendanges, promenades et bien plus encore. R\u00e9servez facilement votre exp\u00e9rience et commencez \u00e0 trinquer avec nous!<script>\n  if (typeof hasAmeliaEvent === 'undefined') {\n    var hasAmeliaEvent = true;\n  }\n  if (typeof hasEventApiCall === 'undefined' && ('' === '' && '' !== '1')) {\n    var hasEventApiCall = true;\n  }\n  var hasEventShortcode = (typeof hasEventShortcode === 'undefined') ? false : true;\n  var ameliaShortcodeData = (typeof ameliaShortcodeData === 'undefined') ? [] : ameliaShortcodeData;\n  ameliaShortcodeData.push(\n    {\n      'hasApiCall': (typeof hasEventApiCall !== 'undefined') && hasEventApiCall,\n      'trigger': '',\n      'trigger_type': '',\n      'triggered_form': 'ecf',\n      'in_dialog': '',\n      'counter': '1002',\n      'employee': '',\n      'eventId': '2',\n      'eventRecurring': 1,\n      'eventTag': \"\",\n      'locationId': \"\"\n    }\n  );\n  var ameliaShortcodeDataTriggered = (typeof ameliaShortcodeDataTriggered === 'undefined') ? [] : ameliaShortcodeDataTriggered;\n  if (ameliaShortcodeData[ameliaShortcodeData.length - 1].trigger !== '') {\n    if (ameliaShortcodeDataTriggered.filter(a => a.counter === ameliaShortcodeData[ameliaShortcodeData.length - 1].counter).length === 0) {\n      ameliaShortcodeDataTriggered.push(ameliaShortcodeData.pop());\n    } else {\n      ameliaShortcodeData.pop()\n    }\n  }\n  if (typeof hasEventApiCall !== 'undefined' && hasEventApiCall) {\n    hasEventApiCall = false;\n  }\n<\/script>\n\n<div\n  id=\"amelia-v2-booking-1002\"\n  class=\"amelia-v2-booking\"\n>\n    <events-calendar-form-wrapper><\/div>\n<script>\n  if (typeof hasAmeliaEvent === 'undefined') {\n    var hasAmeliaEvent = true;\n  }\n  if (typeof hasEventApiCall === 'undefined' && ('' === '' && '' !== '1')) {\n    var hasEventApiCall = true;\n  }\n  var hasEventShortcode = (typeof hasEventShortcode === 'undefined') ? false : true;\n  var ameliaShortcodeData = (typeof ameliaShortcodeData === 'undefined') ? [] : ameliaShortcodeData;\n  ameliaShortcodeData.push(\n    {\n      'hasApiCall': (typeof hasEventApiCall !== 'undefined') && hasEventApiCall,\n      'trigger': '',\n      'trigger_type': '',\n      'triggered_form': 'ecf',\n      'in_dialog': '',\n      'counter': '1003',\n      'employee': '',\n      'eventId': '1096',\n      'eventRecurring': 1,\n      'eventTag': \"\",\n      'locationId': \"\"\n    }\n  );\n  var ameliaShortcodeDataTriggered = (typeof ameliaShortcodeDataTriggered === 'undefined') ? [] : ameliaShortcodeDataTriggered;\n  if (ameliaShortcodeData[ameliaShortcodeData.length - 1].trigger !== '') {\n    if (ameliaShortcodeDataTriggered.filter(a => a.counter === ameliaShortcodeData[ameliaShortcodeData.length - 1].counter).length === 0) {\n      ameliaShortcodeDataTriggered.push(ameliaShortcodeData.pop());\n    } else {\n      ameliaShortcodeData.pop()\n    }\n  }\n  if (typeof hasEventApiCall !== 'undefined' && hasEventApiCall) {\n    hasEventApiCall = false;\n  }\n<\/script>\n\n<div\n  id=\"amelia-v2-booking-1003\"\n  class=\"amelia-v2-booking\"\n>\n    <events-calendar-form-wrapper><\/div>\n<\/p>\n","protected":false},"author":10,"featured_media":31149,"parent":0,"menu_order":0,"comment_status":"closed","ping_status":"closed","template":"","meta":{"_et_pb_use_builder":"on","_et_pb_old_content":"","_et_gb_content_width":"","inline_featured_image":false,"_joinchat":[],"footnotes":""},"class_list":["post-31018","page","type-page","status-publish","has-post-thumbnail","hentry"],"yoast_head":"<!-- This site is optimized with the Yoast SEO plugin v27.3 - https:\/\/yoast.com\/product\/yoast-seo-wordpress\/ -->\n<title>R\u00e9server enotourisme Mas Vicen\u00e7 - Celler Mas Vicen\u00e7 | Re-evolucionant la tradici\u00f3<\/title>\n<meta name=\"description\" content=\"R\u00e9servez votre enotourisme \u00e0 Mas Vicen\u00e7 ! Profitez de visites entre les vignes, d\u00e9gustez nos vins et participez \u00e0 des activit\u00e9s uniques.\" \/>\n<meta name=\"robots\" content=\"noindex, nofollow\" \/>\n<meta property=\"og:locale\" content=\"fr_FR\" \/>\n<meta property=\"og:type\" content=\"article\" \/>\n<meta property=\"og:title\" content=\"R\u00e9server enotourisme Mas Vicen\u00e7 - Celler Mas Vicen\u00e7 | Re-evolucionant la tradici\u00f3\" \/>\n<meta property=\"og:description\" content=\"R\u00e9servez votre enotourisme \u00e0 Mas Vicen\u00e7 ! Profitez de visites entre les vignes, d\u00e9gustez nos vins et participez \u00e0 des activit\u00e9s uniques.\" \/>\n<meta property=\"og:url\" content=\"https:\/\/masvicens.com\/fr\/reserver-enotourisme-mas-vicenc\/\" \/>\n<meta property=\"og:site_name\" content=\"Celler Mas Vicen\u00e7 | Re-evolucionant la tradici\u00f3\" \/>\n<meta property=\"article:modified_time\" content=\"2025-10-23T08:08:34+00:00\" \/>\n<meta property=\"og:image\" content=\"https:\/\/masvicens.com\/wp-content\/uploads\/2025\/09\/MSV-VisitaGuiada-51.webp\" \/>\n\t<meta property=\"og:image:width\" content=\"2000\" \/>\n\t<meta property=\"og:image:height\" content=\"1333\" \/>\n\t<meta property=\"og:image:type\" content=\"image\/webp\" \/>\n<meta name=\"twitter:card\" content=\"summary_large_image\" \/>\n<meta name=\"twitter:label1\" content=\"Dur\u00e9e de lecture estim\u00e9e\" \/>\n\t<meta name=\"twitter:data1\" content=\"1 minute\" \/>\n<script type=\"application\/ld+json\" class=\"yoast-schema-graph\">{\"@context\":\"https:\\\/\\\/schema.org\",\"@graph\":[{\"@type\":\"WebPage\",\"@id\":\"https:\\\/\\\/masvicens.com\\\/fr\\\/reserver-enotourisme-mas-vicenc\\\/\",\"url\":\"https:\\\/\\\/masvicens.com\\\/fr\\\/reserver-enotourisme-mas-vicenc\\\/\",\"name\":\"R\u00e9server enotourisme Mas Vicen\u00e7 - Celler Mas Vicen\u00e7 | Re-evolucionant la tradici\u00f3\",\"isPartOf\":{\"@id\":\"https:\\\/\\\/masvicens.com\\\/fr\\\/#website\"},\"primaryImageOfPage\":{\"@id\":\"https:\\\/\\\/masvicens.com\\\/fr\\\/reserver-enotourisme-mas-vicenc\\\/#primaryimage\"},\"image\":{\"@id\":\"https:\\\/\\\/masvicens.com\\\/fr\\\/reserver-enotourisme-mas-vicenc\\\/#primaryimage\"},\"thumbnailUrl\":\"https:\\\/\\\/masvicens.com\\\/wp-content\\\/uploads\\\/2025\\\/09\\\/MSV-VisitaGuiada-51.webp\",\"datePublished\":\"2025-09-10T19:20:25+00:00\",\"dateModified\":\"2025-10-23T08:08:34+00:00\",\"description\":\"R\u00e9servez votre enotourisme \u00e0 Mas Vicen\u00e7 ! Profitez de visites entre les vignes, d\u00e9gustez nos vins et participez \u00e0 des activit\u00e9s uniques.\",\"breadcrumb\":{\"@id\":\"https:\\\/\\\/masvicens.com\\\/fr\\\/reserver-enotourisme-mas-vicenc\\\/#breadcrumb\"},\"inLanguage\":\"fr-FR\",\"potentialAction\":[{\"@type\":\"ReadAction\",\"target\":[\"https:\\\/\\\/masvicens.com\\\/fr\\\/reserver-enotourisme-mas-vicenc\\\/\"]}]},{\"@type\":\"ImageObject\",\"inLanguage\":\"fr-FR\",\"@id\":\"https:\\\/\\\/masvicens.com\\\/fr\\\/reserver-enotourisme-mas-vicenc\\\/#primaryimage\",\"url\":\"https:\\\/\\\/masvicens.com\\\/wp-content\\\/uploads\\\/2025\\\/09\\\/MSV-VisitaGuiada-51.webp\",\"contentUrl\":\"https:\\\/\\\/masvicens.com\\\/wp-content\\\/uploads\\\/2025\\\/09\\\/MSV-VisitaGuiada-51.webp\",\"width\":2000,\"height\":1333,\"caption\":\"Enoturismo en Tarragona\"},{\"@type\":\"BreadcrumbList\",\"@id\":\"https:\\\/\\\/masvicens.com\\\/fr\\\/reserver-enotourisme-mas-vicenc\\\/#breadcrumb\",\"itemListElement\":[{\"@type\":\"ListItem\",\"position\":1,\"name\":\"Portada\",\"item\":\"https:\\\/\\\/masvicens.com\\\/fr\\\/\"},{\"@type\":\"ListItem\",\"position\":2,\"name\":\"R\u00e9server enotourisme Mas Vicen\u00e7\"}]},{\"@type\":\"WebSite\",\"@id\":\"https:\\\/\\\/masvicens.com\\\/fr\\\/#website\",\"url\":\"https:\\\/\\\/masvicens.com\\\/fr\\\/\",\"name\":\"Celler Mas Vicen\u00e7 | Re-evolucionant la tradici\u00f3\",\"description\":\"Veniu a viure l&#039;enoturisme i a con\u00e8ixer la nostra col\u00b7lecci\u00f3 de vins elaborats amb la millor selecci\u00f3 de ra\u00efm del nostre celler a Tarragona.\",\"potentialAction\":[{\"@type\":\"SearchAction\",\"target\":{\"@type\":\"EntryPoint\",\"urlTemplate\":\"https:\\\/\\\/masvicens.com\\\/fr\\\/?s={search_term_string}\"},\"query-input\":{\"@type\":\"PropertyValueSpecification\",\"valueRequired\":true,\"valueName\":\"search_term_string\"}}],\"inLanguage\":\"fr-FR\"}]}<\/script>\n<!-- \/ Yoast SEO plugin. -->","yoast_head_json":{"title":"R\u00e9server enotourisme Mas Vicen\u00e7 - Celler Mas Vicen\u00e7 | Re-evolucionant la tradici\u00f3","description":"R\u00e9servez votre enotourisme \u00e0 Mas Vicen\u00e7 ! Profitez de visites entre les vignes, d\u00e9gustez nos vins et participez \u00e0 des activit\u00e9s uniques.","robots":{"index":"noindex","follow":"nofollow"},"og_locale":"fr_FR","og_type":"article","og_title":"R\u00e9server enotourisme Mas Vicen\u00e7 - Celler Mas Vicen\u00e7 | Re-evolucionant la tradici\u00f3","og_description":"R\u00e9servez votre enotourisme \u00e0 Mas Vicen\u00e7 ! Profitez de visites entre les vignes, d\u00e9gustez nos vins et participez \u00e0 des activit\u00e9s uniques.","og_url":"https:\/\/masvicens.com\/fr\/reserver-enotourisme-mas-vicenc\/","og_site_name":"Celler Mas Vicen\u00e7 | Re-evolucionant la tradici\u00f3","article_modified_time":"2025-10-23T08:08:34+00:00","og_image":[{"width":2000,"height":1333,"url":"https:\/\/masvicens.com\/wp-content\/uploads\/2025\/09\/MSV-VisitaGuiada-51.webp","type":"image\/webp"}],"twitter_card":"summary_large_image","twitter_misc":{"Dur\u00e9e de lecture estim\u00e9e":"1 minute"},"schema":{"@context":"https:\/\/schema.org","@graph":[{"@type":"WebPage","@id":"https:\/\/masvicens.com\/fr\/reserver-enotourisme-mas-vicenc\/","url":"https:\/\/masvicens.com\/fr\/reserver-enotourisme-mas-vicenc\/","name":"R\u00e9server enotourisme Mas Vicen\u00e7 - Celler Mas Vicen\u00e7 | Re-evolucionant la tradici\u00f3","isPartOf":{"@id":"https:\/\/masvicens.com\/fr\/#website"},"primaryImageOfPage":{"@id":"https:\/\/masvicens.com\/fr\/reserver-enotourisme-mas-vicenc\/#primaryimage"},"image":{"@id":"https:\/\/masvicens.com\/fr\/reserver-enotourisme-mas-vicenc\/#primaryimage"},"thumbnailUrl":"https:\/\/masvicens.com\/wp-content\/uploads\/2025\/09\/MSV-VisitaGuiada-51.webp","datePublished":"2025-09-10T19:20:25+00:00","dateModified":"2025-10-23T08:08:34+00:00","description":"R\u00e9servez votre enotourisme \u00e0 Mas Vicen\u00e7 ! Profitez de visites entre les vignes, d\u00e9gustez nos vins et participez \u00e0 des activit\u00e9s uniques.","breadcrumb":{"@id":"https:\/\/masvicens.com\/fr\/reserver-enotourisme-mas-vicenc\/#breadcrumb"},"inLanguage":"fr-FR","potentialAction":[{"@type":"ReadAction","target":["https:\/\/masvicens.com\/fr\/reserver-enotourisme-mas-vicenc\/"]}]},{"@type":"ImageObject","inLanguage":"fr-FR","@id":"https:\/\/masvicens.com\/fr\/reserver-enotourisme-mas-vicenc\/#primaryimage","url":"https:\/\/masvicens.com\/wp-content\/uploads\/2025\/09\/MSV-VisitaGuiada-51.webp","contentUrl":"https:\/\/masvicens.com\/wp-content\/uploads\/2025\/09\/MSV-VisitaGuiada-51.webp","width":2000,"height":1333,"caption":"Enoturismo en Tarragona"},{"@type":"BreadcrumbList","@id":"https:\/\/masvicens.com\/fr\/reserver-enotourisme-mas-vicenc\/#breadcrumb","itemListElement":[{"@type":"ListItem","position":1,"name":"Portada","item":"https:\/\/masvicens.com\/fr\/"},{"@type":"ListItem","position":2,"name":"R\u00e9server enotourisme Mas Vicen\u00e7"}]},{"@type":"WebSite","@id":"https:\/\/masvicens.com\/fr\/#website","url":"https:\/\/masvicens.com\/fr\/","name":"Celler Mas Vicen\u00e7 | Re-evolucionant la tradici\u00f3","description":"Veniu a viure l&#039;enoturisme i a con\u00e8ixer la nostra col\u00b7lecci\u00f3 de vins elaborats amb la millor selecci\u00f3 de ra\u00efm del nostre celler a Tarragona.","potentialAction":[{"@type":"SearchAction","target":{"@type":"EntryPoint","urlTemplate":"https:\/\/masvicens.com\/fr\/?s={search_term_string}"},"query-input":{"@type":"PropertyValueSpecification","valueRequired":true,"valueName":"search_term_string"}}],"inLanguage":"fr-FR"}]}},"_links":{"self":[{"href":"https:\/\/masvicens.com\/fr\/wp-json\/wp\/v2\/pages\/31018","targetHints":{"allow":["GET"]}}],"collection":[{"href":"https:\/\/masvicens.com\/fr\/wp-json\/wp\/v2\/pages"}],"about":[{"href":"https:\/\/masvicens.com\/fr\/wp-json\/wp\/v2\/types\/page"}],"author":[{"embeddable":true,"href":"https:\/\/masvicens.com\/fr\/wp-json\/wp\/v2\/users\/10"}],"replies":[{"embeddable":true,"href":"https:\/\/masvicens.com\/fr\/wp-json\/wp\/v2\/comments?post=31018"}],"version-history":[{"count":12,"href":"https:\/\/masvicens.com\/fr\/wp-json\/wp\/v2\/pages\/31018\/revisions"}],"predecessor-version":[{"id":31425,"href":"https:\/\/masvicens.com\/fr\/wp-json\/wp\/v2\/pages\/31018\/revisions\/31425"}],"wp:featuredmedia":[{"embeddable":true,"href":"https:\/\/masvicens.com\/fr\/wp-json\/wp\/v2\/media\/31149"}],"wp:attachment":[{"href":"https:\/\/masvicens.com\/fr\/wp-json\/wp\/v2\/media?parent=31018"}],"curies":[{"name":"wp","href":"https:\/\/api.w.org\/{rel}","templated":true}]}}