{"id":22746,"date":"2021-06-22T10:14:47","date_gmt":"2021-06-22T10:14:47","guid":{"rendered":"https:\/\/masvicens.com\/producto\/verre-du-vin-mas-vicens\/"},"modified":"2022-12-20T11:47:52","modified_gmt":"2022-12-20T11:47:52","slug":"verre-du-vin-mas-vicens","status":"publish","type":"product","link":"https:\/\/masvicens.com\/fr\/producte\/verre-du-vin-mas-vicens\/","title":{"rendered":"Verre du vin Mas Vicen\u00e7"},"content":{"rendered":"","protected":false},"excerpt":{"rendered":"<p>Savourez les nuances de chaque vin avec ce verre \u00e0 vin Mas Vicen\u00e7. Saviez-vous que le vin s&#8217;exprime toujours mieux avec un verre de qualit\u00e9 ?<\/p>\n<div class=\"woocommerce-product-details__short-description\">\n<p>V\u00e9rifiez les\u00a0<a href=\"https:\/\/masvicens.com\/fr\/condiciones-de-uso-y-contratacion\/#expedition\" target=\"_blank\" rel=\"noopener noreferrer\"><strong>conditions d\u2019exp\u00e9dition ici<\/strong><\/a>\u00a0<\/p>\n<\/div>\n","protected":false},"featured_media":22747,"comment_status":"open","ping_status":"closed","template":"","meta":{"_et_pb_use_builder":"","_et_pb_old_content":"","_et_gb_content_width":"","inline_featured_image":false,"_joinchat":[]},"product_brand":[],"product_cat":[78],"product_tag":[],"class_list":{"0":"post-22746","1":"product","2":"type-product","3":"status-publish","4":"has-post-thumbnail","6":"product_cat-accessoires","8":"first","9":"instock","10":"taxable","11":"shipping-taxable","12":"purchasable","13":"product-type-simple"},"yoast_head":"<!-- This site is optimized with the Yoast SEO plugin v27.3 - https:\/\/yoast.com\/product\/yoast-seo-wordpress\/ -->\n<title>Verre \u00e0 vin Mas Vicen\u00e7 | Plus de Vicen\u00e7<\/title>\n<meta name=\"description\" content=\"Savourez les nuances de chaque vin avec ce verre \u00e0 vin Mas Vicen\u00e7. Saviez-vous que le vin s&#039;exprime toujours mieux avec un verre de qualit\u00e9 ?\" \/>\n<meta name=\"robots\" content=\"index, follow, max-snippet:-1, max-image-preview:large, max-video-preview:-1\" \/>\n<link rel=\"canonical\" href=\"https:\/\/masvicens.com\/fr\/producte\/verre-du-vin-mas-vicens\/\" \/>\n<meta property=\"og:locale\" content=\"fr_FR\" \/>\n<meta property=\"og:type\" content=\"article\" \/>\n<meta property=\"og:title\" content=\"Verre \u00e0 vin Mas Vicen\u00e7 | Plus de Vicen\u00e7\" \/>\n<meta property=\"og:description\" content=\"Savourez les nuances de chaque vin avec ce verre \u00e0 vin Mas Vicen\u00e7. Saviez-vous que le vin s&#039;exprime toujours mieux avec un verre de qualit\u00e9 ?\" \/>\n<meta property=\"og:url\" content=\"https:\/\/masvicens.com\/fr\/producte\/verre-du-vin-mas-vicens\/\" \/>\n<meta property=\"og:site_name\" content=\"Celler Mas Vicen\u00e7 | Re-evolucionant la tradici\u00f3\" \/>\n<meta property=\"article:modified_time\" content=\"2022-12-20T11:47:52+00:00\" \/>\n<meta property=\"og:image\" content=\"https:\/\/masvicens.com\/wp-content\/uploads\/2021\/06\/masvi-accesorio-copa-1-scaled-1.jpg\" \/>\n\t<meta property=\"og:image:width\" content=\"1709\" \/>\n\t<meta property=\"og:image:height\" content=\"2560\" \/>\n\t<meta property=\"og:image:type\" content=\"image\/jpeg\" \/>\n<meta name=\"twitter:card\" content=\"summary_large_image\" \/>\n<script type=\"application\/ld+json\" class=\"yoast-schema-graph\">{\"@context\":\"https:\\\/\\\/schema.org\",\"@graph\":[{\"@type\":\"WebPage\",\"@id\":\"https:\\\/\\\/masvicens.com\\\/fr\\\/producte\\\/verre-du-vin-mas-vicens\\\/\",\"url\":\"https:\\\/\\\/masvicens.com\\\/fr\\\/producte\\\/verre-du-vin-mas-vicens\\\/\",\"name\":\"Verre \u00e0 vin Mas Vicen\u00e7 | Plus de Vicen\u00e7\",\"isPartOf\":{\"@id\":\"https:\\\/\\\/masvicens.com\\\/fr\\\/#website\"},\"primaryImageOfPage\":{\"@id\":\"https:\\\/\\\/masvicens.com\\\/fr\\\/producte\\\/verre-du-vin-mas-vicens\\\/#primaryimage\"},\"image\":{\"@id\":\"https:\\\/\\\/masvicens.com\\\/fr\\\/producte\\\/verre-du-vin-mas-vicens\\\/#primaryimage\"},\"thumbnailUrl\":\"https:\\\/\\\/masvicens.com\\\/wp-content\\\/uploads\\\/2021\\\/06\\\/masvi-accesorio-copa-1-scaled-1.jpg\",\"datePublished\":\"2021-06-22T10:14:47+00:00\",\"dateModified\":\"2022-12-20T11:47:52+00:00\",\"description\":\"Savourez les nuances de chaque vin avec ce verre \u00e0 vin Mas Vicen\u00e7. Saviez-vous que le vin s'exprime toujours mieux avec un verre de qualit\u00e9 ?\",\"breadcrumb\":{\"@id\":\"https:\\\/\\\/masvicens.com\\\/fr\\\/producte\\\/verre-du-vin-mas-vicens\\\/#breadcrumb\"},\"inLanguage\":\"fr-FR\",\"potentialAction\":[{\"@type\":\"ReadAction\",\"target\":[\"https:\\\/\\\/masvicens.com\\\/fr\\\/producte\\\/verre-du-vin-mas-vicens\\\/\"]}]},{\"@type\":\"ImageObject\",\"inLanguage\":\"fr-FR\",\"@id\":\"https:\\\/\\\/masvicens.com\\\/fr\\\/producte\\\/verre-du-vin-mas-vicens\\\/#primaryimage\",\"url\":\"https:\\\/\\\/masvicens.com\\\/wp-content\\\/uploads\\\/2021\\\/06\\\/masvi-accesorio-copa-1-scaled-1.jpg\",\"contentUrl\":\"https:\\\/\\\/masvicens.com\\\/wp-content\\\/uploads\\\/2021\\\/06\\\/masvi-accesorio-copa-1-scaled-1.jpg\",\"width\":1709,\"height\":2560,\"caption\":\"Copa de vino Mas Vicen\u00e7\"},{\"@type\":\"BreadcrumbList\",\"@id\":\"https:\\\/\\\/masvicens.com\\\/fr\\\/producte\\\/verre-du-vin-mas-vicens\\\/#breadcrumb\",\"itemListElement\":[{\"@type\":\"ListItem\",\"position\":1,\"name\":\"Portada\",\"item\":\"https:\\\/\\\/masvicens.com\\\/fr\\\/\"},{\"@type\":\"ListItem\",\"position\":2,\"name\":\"TIENDA\",\"item\":\"https:\\\/\\\/masvicens.com\\\/botiga-de-vins-online\\\/\"},{\"@type\":\"ListItem\",\"position\":3,\"name\":\"Verre du vin Mas Vicen\u00e7\"}]},{\"@type\":\"WebSite\",\"@id\":\"https:\\\/\\\/masvicens.com\\\/fr\\\/#website\",\"url\":\"https:\\\/\\\/masvicens.com\\\/fr\\\/\",\"name\":\"Celler Mas Vicen\u00e7 | Re-evolucionant la tradici\u00f3\",\"description\":\"Veniu a viure l&#039;enoturisme i a con\u00e8ixer la nostra col\u00b7lecci\u00f3 de vins elaborats amb la millor selecci\u00f3 de ra\u00efm del nostre celler a Tarragona.\",\"potentialAction\":[{\"@type\":\"SearchAction\",\"target\":{\"@type\":\"EntryPoint\",\"urlTemplate\":\"https:\\\/\\\/masvicens.com\\\/fr\\\/?s={search_term_string}\"},\"query-input\":{\"@type\":\"PropertyValueSpecification\",\"valueRequired\":true,\"valueName\":\"search_term_string\"}}],\"inLanguage\":\"fr-FR\"}]}<\/script>\n<!-- \/ Yoast SEO plugin. -->","yoast_head_json":{"title":"Verre \u00e0 vin Mas Vicen\u00e7 | Plus de Vicen\u00e7","description":"Savourez les nuances de chaque vin avec ce verre \u00e0 vin Mas Vicen\u00e7. Saviez-vous que le vin s'exprime toujours mieux avec un verre de qualit\u00e9 ?","robots":{"index":"index","follow":"follow","max-snippet":"max-snippet:-1","max-image-preview":"max-image-preview:large","max-video-preview":"max-video-preview:-1"},"canonical":"https:\/\/masvicens.com\/fr\/producte\/verre-du-vin-mas-vicens\/","og_locale":"fr_FR","og_type":"article","og_title":"Verre \u00e0 vin Mas Vicen\u00e7 | Plus de Vicen\u00e7","og_description":"Savourez les nuances de chaque vin avec ce verre \u00e0 vin Mas Vicen\u00e7. Saviez-vous que le vin s'exprime toujours mieux avec un verre de qualit\u00e9 ?","og_url":"https:\/\/masvicens.com\/fr\/producte\/verre-du-vin-mas-vicens\/","og_site_name":"Celler Mas Vicen\u00e7 | Re-evolucionant la tradici\u00f3","article_modified_time":"2022-12-20T11:47:52+00:00","og_image":[{"width":1709,"height":2560,"url":"https:\/\/masvicens.com\/wp-content\/uploads\/2021\/06\/masvi-accesorio-copa-1-scaled-1.jpg","type":"image\/jpeg"}],"twitter_card":"summary_large_image","schema":{"@context":"https:\/\/schema.org","@graph":[{"@type":"WebPage","@id":"https:\/\/masvicens.com\/fr\/producte\/verre-du-vin-mas-vicens\/","url":"https:\/\/masvicens.com\/fr\/producte\/verre-du-vin-mas-vicens\/","name":"Verre \u00e0 vin Mas Vicen\u00e7 | Plus de Vicen\u00e7","isPartOf":{"@id":"https:\/\/masvicens.com\/fr\/#website"},"primaryImageOfPage":{"@id":"https:\/\/masvicens.com\/fr\/producte\/verre-du-vin-mas-vicens\/#primaryimage"},"image":{"@id":"https:\/\/masvicens.com\/fr\/producte\/verre-du-vin-mas-vicens\/#primaryimage"},"thumbnailUrl":"https:\/\/masvicens.com\/wp-content\/uploads\/2021\/06\/masvi-accesorio-copa-1-scaled-1.jpg","datePublished":"2021-06-22T10:14:47+00:00","dateModified":"2022-12-20T11:47:52+00:00","description":"Savourez les nuances de chaque vin avec ce verre \u00e0 vin Mas Vicen\u00e7. Saviez-vous que le vin s'exprime toujours mieux avec un verre de qualit\u00e9 ?","breadcrumb":{"@id":"https:\/\/masvicens.com\/fr\/producte\/verre-du-vin-mas-vicens\/#breadcrumb"},"inLanguage":"fr-FR","potentialAction":[{"@type":"ReadAction","target":["https:\/\/masvicens.com\/fr\/producte\/verre-du-vin-mas-vicens\/"]}]},{"@type":"ImageObject","inLanguage":"fr-FR","@id":"https:\/\/masvicens.com\/fr\/producte\/verre-du-vin-mas-vicens\/#primaryimage","url":"https:\/\/masvicens.com\/wp-content\/uploads\/2021\/06\/masvi-accesorio-copa-1-scaled-1.jpg","contentUrl":"https:\/\/masvicens.com\/wp-content\/uploads\/2021\/06\/masvi-accesorio-copa-1-scaled-1.jpg","width":1709,"height":2560,"caption":"Copa de vino Mas Vicen\u00e7"},{"@type":"BreadcrumbList","@id":"https:\/\/masvicens.com\/fr\/producte\/verre-du-vin-mas-vicens\/#breadcrumb","itemListElement":[{"@type":"ListItem","position":1,"name":"Portada","item":"https:\/\/masvicens.com\/fr\/"},{"@type":"ListItem","position":2,"name":"TIENDA","item":"https:\/\/masvicens.com\/botiga-de-vins-online\/"},{"@type":"ListItem","position":3,"name":"Verre du vin Mas Vicen\u00e7"}]},{"@type":"WebSite","@id":"https:\/\/masvicens.com\/fr\/#website","url":"https:\/\/masvicens.com\/fr\/","name":"Celler Mas Vicen\u00e7 | Re-evolucionant la tradici\u00f3","description":"Veniu a viure l&#039;enoturisme i a con\u00e8ixer la nostra col\u00b7lecci\u00f3 de vins elaborats amb la millor selecci\u00f3 de ra\u00efm del nostre celler a Tarragona.","potentialAction":[{"@type":"SearchAction","target":{"@type":"EntryPoint","urlTemplate":"https:\/\/masvicens.com\/fr\/?s={search_term_string}"},"query-input":{"@type":"PropertyValueSpecification","valueRequired":true,"valueName":"search_term_string"}}],"inLanguage":"fr-FR"}]}},"_links":{"self":[{"href":"https:\/\/masvicens.com\/fr\/wp-json\/wp\/v2\/product\/22746","targetHints":{"allow":["GET"]}}],"collection":[{"href":"https:\/\/masvicens.com\/fr\/wp-json\/wp\/v2\/product"}],"about":[{"href":"https:\/\/masvicens.com\/fr\/wp-json\/wp\/v2\/types\/product"}],"replies":[{"embeddable":true,"href":"https:\/\/masvicens.com\/fr\/wp-json\/wp\/v2\/comments?post=22746"}],"wp:featuredmedia":[{"embeddable":true,"href":"https:\/\/masvicens.com\/fr\/wp-json\/wp\/v2\/media\/22747"}],"wp:attachment":[{"href":"https:\/\/masvicens.com\/fr\/wp-json\/wp\/v2\/media?parent=22746"}],"wp:term":[{"taxonomy":"product_brand","embeddable":true,"href":"https:\/\/masvicens.com\/fr\/wp-json\/wp\/v2\/product_brand?post=22746"},{"taxonomy":"product_cat","embeddable":true,"href":"https:\/\/masvicens.com\/fr\/wp-json\/wp\/v2\/product_cat?post=22746"},{"taxonomy":"product_tag","embeddable":true,"href":"https:\/\/masvicens.com\/fr\/wp-json\/wp\/v2\/product_tag?post=22746"}],"curies":[{"name":"wp","href":"https:\/\/api.w.org\/{rel}","templated":true}]}}