{"id":22816,"date":"2021-06-22T10:15:09","date_gmt":"2021-06-22T10:15:09","guid":{"rendered":"https:\/\/masvicens.com\/producto\/agost-vinaigre-de-rose\/"},"modified":"2022-12-27T15:51:00","modified_gmt":"2022-12-27T15:51:00","slug":"agost-vinaigre-de-rose","status":"publish","type":"product","link":"https:\/\/masvicens.com\/fr\/producte\/agost-vinaigre-de-rose\/","title":{"rendered":"Agost, Vinaigre de Rose"},"content":{"rendered":"<p>[et_pb_section fb_built=&#8221;1&#8243; _builder_version=&#8221;4.16&#8243; custom_padding=&#8221;0px||||false|false&#8221; global_colors_info=&#8221;{}&#8221;][et_pb_row _builder_version=&#8221;4.16&#8243; background_size=&#8221;initial&#8221; background_position=&#8221;top_left&#8221; background_repeat=&#8221;repeat&#8221; width=&#8221;100%&#8221; custom_padding=&#8221;0px||0px||false|false&#8221; global_colors_info=&#8221;{}&#8221;][et_pb_column type=&#8221;4_4&#8243; _builder_version=&#8221;4.16&#8243; custom_padding=&#8221;|||&#8221; global_colors_info=&#8221;{}&#8221; custom_padding__hover=&#8221;|||&#8221;][et_pb_wc_breadcrumb _builder_version=&#8221;4.16&#8243; global_colors_info=&#8221;{}&#8221;][\/et_pb_wc_breadcrumb][et_pb_wc_cart_notice _builder_version=&#8221;4.16&#8243; global_colors_info=&#8221;{}&#8221;][\/et_pb_wc_cart_notice][\/et_pb_column][\/et_pb_row][et_pb_row column_structure=&#8221;1_2,1_2&#8243; _builder_version=&#8221;4.16&#8243; background_size=&#8221;initial&#8221; background_position=&#8221;top_left&#8221; background_repeat=&#8221;repeat&#8221; width=&#8221;100%&#8221; custom_padding=&#8221;0px||||false|false&#8221; global_colors_info=&#8221;{}&#8221;][et_pb_column type=&#8221;1_2&#8243; _builder_version=&#8221;4.16&#8243; custom_padding=&#8221;|||&#8221; global_colors_info=&#8221;{}&#8221; custom_padding__hover=&#8221;|||&#8221;][et_pb_wc_images show_product_image=&#8221;off&#8221; show_product_gallery=&#8221;off&#8221; show_sale_badge=&#8221;off&#8221; _builder_version=&#8221;4.16&#8243; global_colors_info=&#8221;{}&#8221;][\/et_pb_wc_images][\/et_pb_column][et_pb_column type=&#8221;1_2&#8243; _builder_version=&#8221;4.16&#8243; custom_padding=&#8221;|||&#8221; global_colors_info=&#8221;{}&#8221; custom_padding__hover=&#8221;|||&#8221;][et_pb_wc_title _builder_version=&#8221;4.16&#8243; global_colors_info=&#8221;{}&#8221;][\/et_pb_wc_title][et_pb_wc_rating _builder_version=&#8221;4.16&#8243; global_colors_info=&#8221;{}&#8221;][\/et_pb_wc_rating][et_pb_wc_price _builder_version=&#8221;4.16&#8243; global_colors_info=&#8221;{}&#8221;][\/et_pb_wc_price][et_pb_wc_description _builder_version=&#8221;4.16&#8243; global_colors_info=&#8221;{}&#8221;][\/et_pb_wc_description][et_pb_wc_add_to_cart _builder_version=&#8221;4.16&#8243; global_colors_info=&#8221;{}&#8221;][\/et_pb_wc_add_to_cart][et_pb_wc_meta _builder_version=&#8221;4.16&#8243; global_colors_info=&#8221;{}&#8221;][\/et_pb_wc_meta][\/et_pb_column][\/et_pb_row][et_pb_row _builder_version=&#8221;4.16&#8243; background_size=&#8221;initial&#8221; background_position=&#8221;top_left&#8221; background_repeat=&#8221;repeat&#8221; width=&#8221;100%&#8221; global_colors_info=&#8221;{}&#8221;][et_pb_column type=&#8221;4_4&#8243; _builder_version=&#8221;4.16&#8243; custom_padding=&#8221;|||&#8221; global_colors_info=&#8221;{}&#8221; custom_padding__hover=&#8221;|||&#8221;][et_pb_wc_tabs _builder_version=&#8221;4.16&#8243; global_colors_info=&#8221;{}&#8221;]\t\t\t\t\t[\/et_pb_wc_tabs][et_pb_wc_upsells _builder_version=&#8221;4.16&#8243; global_colors_info=&#8221;{}&#8221;][\/et_pb_wc_upsells][et_pb_wc_related_products _builder_version=&#8221;4.16&#8243; global_colors_info=&#8221;{}&#8221;][\/et_pb_wc_related_products][\/et_pb_column][\/et_pb_row][\/et_pb_section]<\/p>\n","protected":false},"excerpt":{"rendered":"<h2>LE VINAIGRE DE MAS VICEN\u00c7<\/h2>\n<p>Pendant les mois chauds les plus intenses, c&#8217;est lorsque la fermentation ac\u00e9tique est activ\u00e9e dans le vin pour devenir du vinaigre et d&#8217;o\u00f9 l&#8217;origine d&#8217;AGOST, le nom du vinaigre rose de Mas Vicen\u00e7. <em>This bottle has a weight of 1.25 kg\u00a0<\/em><\/p>\n<div class=\"woocommerce-product-details__short-description\">Check the\u00a0<a href=\"https:\/\/masvicens.com\/en\/terms-and-conditions-%C2%B7-transport-%C2%B7-cookies-%C2%B7-privacity-conditions\/#delivery\" target=\"_blank\" rel=\"noopener noreferrer\"><strong>shipping conditions here\u00a0<\/strong><\/a><\/div>\n","protected":false},"featured_media":27759,"comment_status":"open","ping_status":"closed","template":"","meta":{"_et_pb_use_builder":"on","_et_pb_old_content":"<div class=\"et_pb_row et_pb_row_1_tb_body\">\r\n<div class=\"et_pb_column et_pb_column_4_4 et_pb_column_2_tb_body et_pb_css_mix_blend_mode_passthrough et-last-child\">\r\n<div class=\"et_pb_module et_pb_text et_pb_text_0_tb_body et_pb_text_align_center et_pb_bg_layout_light\">\r\n<div class=\"et_pb_text_inner masvicens-product-title\">\r\n<h3>VINAGRE DE VINO ROSADO<\/h3>\r\n<\/div>\r\n<\/div>\r\n<!-- .et_pb_text -->\r\n\r\n<\/div>\r\n<!-- .et_pb_column -->\r\n\r\n<\/div>\r\n<div class=\"et_pb_row et_pb_row_2_tb_body et_pb_equal_columns et_pb_gutters2\">\r\n<div class=\"et_pb_column et_pb_column_1_3 et_pb_column_3_tb_body et_pb_css_mix_blend_mode_passthrough\">\r\n<div class=\"et_pb_module et_pb_text et_pb_text_1_tb_body et_pb_text_align_left et_pb_bg_layout_light masvicens-text-description\">\r\n<div class=\"et_pb_text_inner\">La exposici\u00f3n del vino rosado a una elevada temperatura y una lenta oxidaci\u00f3n natural nos permite preservar en el vinagre los matices m\u00e1s varietales de la garnacha. Los dos a\u00f1os de crianza en barricas de m\u00e1s de 30 a\u00f1os nos aportan personalidad y suavidad al paladar sin desvirtuar las frutas rojas de su origen.<\/div>\r\n<\/div>\r\n<!-- .et_pb_text -->\r\n\r\n<\/div>\r\n<!-- .et_pb_column -->\r\n<div class=\"et_pb_column et_pb_column_1_3 et_pb_column_4_tb_body et_pb_css_mix_blend_mode_passthrough\">\r\n<div class=\"et_pb_module et_pb_image et_pb_image_0_tb_body masvi-img-container\">\r\n\r\n<span class=\"et_pb_image_wrap \"><img class=\"alignnone size-medium wp-image-19920\" src=\"\/wp-content\/uploads\/2021\/06\/masvi-vinagre-agost-2.jpg\" alt=\"\" width=\"224\" height=\"auto\" \/><\/span>\r\n\r\n<\/div>\r\n<\/div>\r\n<!-- .et_pb_column -->\r\n<div class=\"et_pb_column et_pb_column_1_3 et_pb_column_5_tb_body et_pb_css_mix_blend_mode_passthrough et-last-child\">\r\n<div class=\"et_pb_module et_pb_text et_pb_text_2_tb_body et_pb_text_align_left et_pb_bg_layout_light masvicens-text-description\">\r\n<div class=\"et_pb_text_inner\">El resultado es sorprendente e ideal para acompa\u00f1ar todo tipo de gastronom\u00eda de origen marino por su suavidad y postgusto dulz\u00f3n. Adem\u00e1s, su sutil acidez lo convierte en imprescindible en ensaladas de todo tipo, as\u00ed como en diferentes estilos de t\u00e1rtars y ceviches.<\/div>\r\n<\/div>\r\n<!-- .et_pb_text -->\r\n\r\n<\/div>\r\n<!-- .et_pb_column -->\r\n\r\n<\/div>","_et_gb_content_width":"","inline_featured_image":false,"_joinchat":[]},"product_brand":[],"product_cat":[84],"product_tag":[],"class_list":{"0":"post-22816","1":"product","2":"type-product","3":"status-publish","4":"has-post-thumbnail","6":"product_cat-autres","7":"product_shipping_class-botella-ca","9":"first","10":"instock","11":"taxable","12":"shipping-taxable","13":"purchasable","14":"product-type-simple"},"yoast_head":"<!-- This site is optimized with the Yoast SEO plugin v27.4 - https:\/\/yoast.com\/product\/yoast-seo-wordpress\/ -->\n<title>AGOST, vinaigre de vin ros\u00e9 id\u00e9al | Plus de Vicen\u00e7<\/title>\n<meta name=\"description\" content=\"&#039;Agost&#039; est un vinaigre de vin ros\u00e9 \u00e9labor\u00e9 avec la conservation des nuances les plus variables de la Grenache \u00e0 haute temp\u00e9rature et naturellement oxyd\u00e9.\" \/>\n<meta name=\"robots\" content=\"index, follow, max-snippet:-1, max-image-preview:large, max-video-preview:-1\" \/>\n<link rel=\"canonical\" href=\"https:\/\/masvicens.com\/fr\/producte\/agost-vinaigre-de-rose\/\" \/>\n<meta property=\"og:locale\" content=\"fr_FR\" \/>\n<meta property=\"og:type\" content=\"article\" \/>\n<meta property=\"og:title\" content=\"AGOST, vinaigre de vin ros\u00e9 id\u00e9al | Plus de Vicen\u00e7\" \/>\n<meta property=\"og:description\" content=\"&#039;Agost&#039; est un vinaigre de vin ros\u00e9 \u00e9labor\u00e9 avec la conservation des nuances les plus variables de la Grenache \u00e0 haute temp\u00e9rature et naturellement oxyd\u00e9.\" \/>\n<meta property=\"og:url\" content=\"https:\/\/masvicens.com\/fr\/producte\/agost-vinaigre-de-rose\/\" \/>\n<meta property=\"og:site_name\" content=\"Celler Mas Vicen\u00e7 | Re-evolucionant la tradici\u00f3\" \/>\n<meta property=\"article:modified_time\" content=\"2022-12-27T15:51:00+00:00\" \/>\n<meta property=\"og:image\" content=\"https:\/\/masvicens.com\/wp-content\/uploads\/2021\/06\/MSV_gener-39.jpg\" \/>\n\t<meta property=\"og:image:width\" content=\"1080\" \/>\n\t<meta property=\"og:image:height\" content=\"721\" \/>\n\t<meta property=\"og:image:type\" content=\"image\/jpeg\" \/>\n<meta name=\"twitter:card\" content=\"summary_large_image\" \/>\n<meta name=\"twitter:label1\" content=\"Dur\u00e9e de lecture estim\u00e9e\" \/>\n\t<meta name=\"twitter:data1\" content=\"1 minute\" \/>\n<script type=\"application\/ld+json\" class=\"yoast-schema-graph\">{\"@context\":\"https:\\\/\\\/schema.org\",\"@graph\":[{\"@type\":\"WebPage\",\"@id\":\"https:\\\/\\\/masvicens.com\\\/fr\\\/producte\\\/agost-vinaigre-de-rose\\\/\",\"url\":\"https:\\\/\\\/masvicens.com\\\/fr\\\/producte\\\/agost-vinaigre-de-rose\\\/\",\"name\":\"AGOST, vinaigre de vin ros\u00e9 id\u00e9al | Plus de Vicen\u00e7\",\"isPartOf\":{\"@id\":\"https:\\\/\\\/masvicens.com\\\/fr\\\/#website\"},\"primaryImageOfPage\":{\"@id\":\"https:\\\/\\\/masvicens.com\\\/fr\\\/producte\\\/agost-vinaigre-de-rose\\\/#primaryimage\"},\"image\":{\"@id\":\"https:\\\/\\\/masvicens.com\\\/fr\\\/producte\\\/agost-vinaigre-de-rose\\\/#primaryimage\"},\"thumbnailUrl\":\"https:\\\/\\\/masvicens.com\\\/wp-content\\\/uploads\\\/2021\\\/06\\\/MSV-Bodegones-Packs-81.jpg\",\"datePublished\":\"2021-06-22T10:15:09+00:00\",\"dateModified\":\"2022-12-27T15:51:00+00:00\",\"description\":\"'Agost' est un vinaigre de vin ros\u00e9 \u00e9labor\u00e9 avec la conservation des nuances les plus variables de la Grenache \u00e0 haute temp\u00e9rature et naturellement oxyd\u00e9.\",\"breadcrumb\":{\"@id\":\"https:\\\/\\\/masvicens.com\\\/fr\\\/producte\\\/agost-vinaigre-de-rose\\\/#breadcrumb\"},\"inLanguage\":\"fr-FR\",\"potentialAction\":[{\"@type\":\"ReadAction\",\"target\":[\"https:\\\/\\\/masvicens.com\\\/fr\\\/producte\\\/agost-vinaigre-de-rose\\\/\"]}]},{\"@type\":\"ImageObject\",\"inLanguage\":\"fr-FR\",\"@id\":\"https:\\\/\\\/masvicens.com\\\/fr\\\/producte\\\/agost-vinaigre-de-rose\\\/#primaryimage\",\"url\":\"https:\\\/\\\/masvicens.com\\\/wp-content\\\/uploads\\\/2021\\\/06\\\/MSV-Bodegones-Packs-81.jpg\",\"contentUrl\":\"https:\\\/\\\/masvicens.com\\\/wp-content\\\/uploads\\\/2021\\\/06\\\/MSV-Bodegones-Packs-81.jpg\",\"width\":5304,\"height\":7952,\"caption\":\"vinagre de vi rosat mas vicens\"},{\"@type\":\"BreadcrumbList\",\"@id\":\"https:\\\/\\\/masvicens.com\\\/fr\\\/producte\\\/agost-vinaigre-de-rose\\\/#breadcrumb\",\"itemListElement\":[{\"@type\":\"ListItem\",\"position\":1,\"name\":\"Portada\",\"item\":\"https:\\\/\\\/masvicens.com\\\/fr\\\/\"},{\"@type\":\"ListItem\",\"position\":2,\"name\":\"TIENDA\",\"item\":\"https:\\\/\\\/masvicens.com\\\/botiga-de-vins-online\\\/\"},{\"@type\":\"ListItem\",\"position\":3,\"name\":\"Agost, Vinaigre de Rose\"}]},{\"@type\":\"WebSite\",\"@id\":\"https:\\\/\\\/masvicens.com\\\/fr\\\/#website\",\"url\":\"https:\\\/\\\/masvicens.com\\\/fr\\\/\",\"name\":\"Celler Mas Vicen\u00e7 | Re-evolucionant la tradici\u00f3\",\"description\":\"Veniu a viure l&#039;enoturisme i a con\u00e8ixer la nostra col\u00b7lecci\u00f3 de vins elaborats amb la millor selecci\u00f3 de ra\u00efm del nostre celler a Tarragona.\",\"potentialAction\":[{\"@type\":\"SearchAction\",\"target\":{\"@type\":\"EntryPoint\",\"urlTemplate\":\"https:\\\/\\\/masvicens.com\\\/fr\\\/?s={search_term_string}\"},\"query-input\":{\"@type\":\"PropertyValueSpecification\",\"valueRequired\":true,\"valueName\":\"search_term_string\"}}],\"inLanguage\":\"fr-FR\"}]}<\/script>\n<!-- \/ Yoast SEO plugin. -->","yoast_head_json":{"title":"AGOST, vinaigre de vin ros\u00e9 id\u00e9al | Plus de Vicen\u00e7","description":"'Agost' est un vinaigre de vin ros\u00e9 \u00e9labor\u00e9 avec la conservation des nuances les plus variables de la Grenache \u00e0 haute temp\u00e9rature et naturellement oxyd\u00e9.","robots":{"index":"index","follow":"follow","max-snippet":"max-snippet:-1","max-image-preview":"max-image-preview:large","max-video-preview":"max-video-preview:-1"},"canonical":"https:\/\/masvicens.com\/fr\/producte\/agost-vinaigre-de-rose\/","og_locale":"fr_FR","og_type":"article","og_title":"AGOST, vinaigre de vin ros\u00e9 id\u00e9al | Plus de Vicen\u00e7","og_description":"'Agost' est un vinaigre de vin ros\u00e9 \u00e9labor\u00e9 avec la conservation des nuances les plus variables de la Grenache \u00e0 haute temp\u00e9rature et naturellement oxyd\u00e9.","og_url":"https:\/\/masvicens.com\/fr\/producte\/agost-vinaigre-de-rose\/","og_site_name":"Celler Mas Vicen\u00e7 | Re-evolucionant la tradici\u00f3","article_modified_time":"2022-12-27T15:51:00+00:00","og_image":[{"width":1080,"height":721,"url":"https:\/\/masvicens.com\/wp-content\/uploads\/2021\/06\/MSV_gener-39.jpg","type":"image\/jpeg"}],"twitter_card":"summary_large_image","twitter_misc":{"Dur\u00e9e de lecture estim\u00e9e":"1 minute"},"schema":{"@context":"https:\/\/schema.org","@graph":[{"@type":"WebPage","@id":"https:\/\/masvicens.com\/fr\/producte\/agost-vinaigre-de-rose\/","url":"https:\/\/masvicens.com\/fr\/producte\/agost-vinaigre-de-rose\/","name":"AGOST, vinaigre de vin ros\u00e9 id\u00e9al | Plus de Vicen\u00e7","isPartOf":{"@id":"https:\/\/masvicens.com\/fr\/#website"},"primaryImageOfPage":{"@id":"https:\/\/masvicens.com\/fr\/producte\/agost-vinaigre-de-rose\/#primaryimage"},"image":{"@id":"https:\/\/masvicens.com\/fr\/producte\/agost-vinaigre-de-rose\/#primaryimage"},"thumbnailUrl":"https:\/\/masvicens.com\/wp-content\/uploads\/2021\/06\/MSV-Bodegones-Packs-81.jpg","datePublished":"2021-06-22T10:15:09+00:00","dateModified":"2022-12-27T15:51:00+00:00","description":"'Agost' est un vinaigre de vin ros\u00e9 \u00e9labor\u00e9 avec la conservation des nuances les plus variables de la Grenache \u00e0 haute temp\u00e9rature et naturellement oxyd\u00e9.","breadcrumb":{"@id":"https:\/\/masvicens.com\/fr\/producte\/agost-vinaigre-de-rose\/#breadcrumb"},"inLanguage":"fr-FR","potentialAction":[{"@type":"ReadAction","target":["https:\/\/masvicens.com\/fr\/producte\/agost-vinaigre-de-rose\/"]}]},{"@type":"ImageObject","inLanguage":"fr-FR","@id":"https:\/\/masvicens.com\/fr\/producte\/agost-vinaigre-de-rose\/#primaryimage","url":"https:\/\/masvicens.com\/wp-content\/uploads\/2021\/06\/MSV-Bodegones-Packs-81.jpg","contentUrl":"https:\/\/masvicens.com\/wp-content\/uploads\/2021\/06\/MSV-Bodegones-Packs-81.jpg","width":5304,"height":7952,"caption":"vinagre de vi rosat mas vicens"},{"@type":"BreadcrumbList","@id":"https:\/\/masvicens.com\/fr\/producte\/agost-vinaigre-de-rose\/#breadcrumb","itemListElement":[{"@type":"ListItem","position":1,"name":"Portada","item":"https:\/\/masvicens.com\/fr\/"},{"@type":"ListItem","position":2,"name":"TIENDA","item":"https:\/\/masvicens.com\/botiga-de-vins-online\/"},{"@type":"ListItem","position":3,"name":"Agost, Vinaigre de Rose"}]},{"@type":"WebSite","@id":"https:\/\/masvicens.com\/fr\/#website","url":"https:\/\/masvicens.com\/fr\/","name":"Celler Mas Vicen\u00e7 | Re-evolucionant la tradici\u00f3","description":"Veniu a viure l&#039;enoturisme i a con\u00e8ixer la nostra col\u00b7lecci\u00f3 de vins elaborats amb la millor selecci\u00f3 de ra\u00efm del nostre celler a Tarragona.","potentialAction":[{"@type":"SearchAction","target":{"@type":"EntryPoint","urlTemplate":"https:\/\/masvicens.com\/fr\/?s={search_term_string}"},"query-input":{"@type":"PropertyValueSpecification","valueRequired":true,"valueName":"search_term_string"}}],"inLanguage":"fr-FR"}]}},"_links":{"self":[{"href":"https:\/\/masvicens.com\/fr\/wp-json\/wp\/v2\/product\/22816","targetHints":{"allow":["GET"]}}],"collection":[{"href":"https:\/\/masvicens.com\/fr\/wp-json\/wp\/v2\/product"}],"about":[{"href":"https:\/\/masvicens.com\/fr\/wp-json\/wp\/v2\/types\/product"}],"replies":[{"embeddable":true,"href":"https:\/\/masvicens.com\/fr\/wp-json\/wp\/v2\/comments?post=22816"}],"wp:featuredmedia":[{"embeddable":true,"href":"https:\/\/masvicens.com\/fr\/wp-json\/wp\/v2\/media\/27759"}],"wp:attachment":[{"href":"https:\/\/masvicens.com\/fr\/wp-json\/wp\/v2\/media?parent=22816"}],"wp:term":[{"taxonomy":"product_brand","embeddable":true,"href":"https:\/\/masvicens.com\/fr\/wp-json\/wp\/v2\/product_brand?post=22816"},{"taxonomy":"product_cat","embeddable":true,"href":"https:\/\/masvicens.com\/fr\/wp-json\/wp\/v2\/product_cat?post=22816"},{"taxonomy":"product_tag","embeddable":true,"href":"https:\/\/masvicens.com\/fr\/wp-json\/wp\/v2\/product_tag?post=22816"}],"curies":[{"name":"wp","href":"https:\/\/api.w.org\/{rel}","templated":true}]}}