{"id":22908,"date":"2021-08-09T11:34:42","date_gmt":"2021-08-09T11:34:42","guid":{"rendered":"https:\/\/masvicens.com\/producto\/vieux-millesimes-dent-de-lleo-2016\/"},"modified":"2022-12-27T15:24:06","modified_gmt":"2022-12-27T15:24:06","slug":"vieux-millesimes-dent-de-lleo-2016","status":"publish","type":"product","link":"https:\/\/masvicens.com\/fr\/producte\/vieux-millesimes-dent-de-lleo-2016\/","title":{"rendered":"Vieux Mill\u00e9simes Dent de Lle\u00f3 2016"},"content":{"rendered":"<p>[et_pb_section fb_built=&#8221;1&#8243; _builder_version=&#8221;4.16&#8243; custom_padding=&#8221;0px||||false|false&#8221; global_colors_info=&#8221;{}&#8221;][et_pb_row _builder_version=&#8221;4.16&#8243; background_size=&#8221;initial&#8221; background_position=&#8221;top_left&#8221; background_repeat=&#8221;repeat&#8221; width=&#8221;100%&#8221; custom_padding=&#8221;0px||0px||false|false&#8221; global_colors_info=&#8221;{}&#8221;][et_pb_column type=&#8221;4_4&#8243; _builder_version=&#8221;4.16&#8243; custom_padding=&#8221;|||&#8221; global_colors_info=&#8221;{}&#8221; custom_padding__hover=&#8221;|||&#8221;]<\/p>\n<p>[et_pb_wc_breadcrumb _builder_version=&#8221;3.0.47&#8243; global_colors_info=&#8221;{}&#8221;][\/et_pb_wc_breadcrumb][et_pb_wc_cart_notice _builder_version=&#8221;3.0.47&#8243; global_colors_info=&#8221;{}&#8221;][\/et_pb_wc_cart_notice]<\/p>\n<p>[\/et_pb_column][\/et_pb_row][et_pb_row column_structure=&#8221;1_2,1_2&#8243; _builder_version=&#8221;4.16&#8243; background_size=&#8221;initial&#8221; background_position=&#8221;top_left&#8221; background_repeat=&#8221;repeat&#8221; width=&#8221;100%&#8221; custom_padding=&#8221;0px||||false|false&#8221; global_colors_info=&#8221;{}&#8221;][et_pb_column type=&#8221;1_2&#8243; _builder_version=&#8221;4.16&#8243; custom_padding=&#8221;|||&#8221; global_colors_info=&#8221;{}&#8221; custom_padding__hover=&#8221;|||&#8221;]<\/p>\n<p>[et_pb_wc_images _builder_version=&#8221;3.0.47&#8243; global_colors_info=&#8221;{}&#8221;][\/et_pb_wc_images]<\/p>\n<p>[\/et_pb_column][et_pb_column type=&#8221;1_2&#8243; _builder_version=&#8221;4.16&#8243; custom_padding=&#8221;|||&#8221; global_colors_info=&#8221;{}&#8221; custom_padding__hover=&#8221;|||&#8221;][et_pb_wc_title _builder_version=&#8221;4.16&#8243; global_colors_info=&#8221;{}&#8221;][\/et_pb_wc_title][et_pb_wc_rating _builder_version=&#8221;4.16&#8243; global_colors_info=&#8221;{}&#8221;][\/et_pb_wc_rating][et_pb_wc_price _builder_version=&#8221;4.16&#8243; global_colors_info=&#8221;{}&#8221;][\/et_pb_wc_price][et_pb_wc_description _builder_version=&#8221;4.16&#8243; global_colors_info=&#8221;{}&#8221;][\/et_pb_wc_description][et_pb_wc_add_to_cart _builder_version=&#8221;4.16&#8243; global_colors_info=&#8221;{}&#8221;][\/et_pb_wc_add_to_cart][et_pb_wc_meta _builder_version=&#8221;4.16&#8243; global_colors_info=&#8221;{}&#8221;][\/et_pb_wc_meta][\/et_pb_column][\/et_pb_row][et_pb_row _builder_version=&#8221;4.16&#8243; background_size=&#8221;initial&#8221; background_position=&#8221;top_left&#8221; background_repeat=&#8221;repeat&#8221; width=&#8221;100%&#8221; global_colors_info=&#8221;{}&#8221;][et_pb_column type=&#8221;4_4&#8243; _builder_version=&#8221;4.16&#8243; custom_padding=&#8221;|||&#8221; global_colors_info=&#8221;{}&#8221; custom_padding__hover=&#8221;|||&#8221;]<\/p>\n<p>[et_pb_wc_tabs _builder_version=&#8221;3.0.47&#8243; global_colors_info=&#8221;{}&#8221;] [\/et_pb_wc_tabs][et_pb_wc_upsells _builder_version=&#8221;3.0.47&#8243; global_colors_info=&#8221;{}&#8221;][\/et_pb_wc_upsells][et_pb_wc_related_products _builder_version=&#8221;3.0.47&#8243; global_colors_info=&#8221;{}&#8221;][\/et_pb_wc_related_products]<\/p>\n<p>[\/et_pb_column][\/et_pb_row][\/et_pb_section]<\/p>\n","protected":false},"excerpt":{"rendered":"<h2>VIEUX MILL\u00c9SIMES \u00b7 CHARDONNAY ET GARNACHA BLANCA<\/h2>\n<p>La long\u00e9vit\u00e9 des vins est marqu\u00e9e par la coexistence de diff\u00e9rents facteurs autour de la vigne et du vin. La qualit\u00e9 min\u00e9rale du sol, la profondeur des racines chez les plantes les plus adultes, l&#8217;origine et la qualit\u00e9 des f\u00fbts de ch\u00eane ou du li\u00e8ge, en sont quelques exemples. Au Mas Vicen\u00e7, nous essayons de prendre le plus grand soin de ces facteurs et, avec la complexit\u00e9 orographique et climatique de nos vignobles, nous pouvons obtenir des vins avec une bonne capacit\u00e9 de vieillissement.<\/p>\n<p><em>Ce produit a un poids de 1,25 kg et une contenance de 75cl<\/em><\/p>\n<p>&nbsp;<\/p>\n<div class=\"woocommerce-product-details__short-description\">\n<p>V\u00e9rifiez les\u00a0<a href=\"https:\/\/masvicens.com\/fr\/condiciones-de-uso-y-contratacion\/#expedition\" target=\"_blank\" rel=\"noopener noreferrer\"><strong>conditions d\u2019exp\u00e9dition ici<\/strong><\/a>\u00a0<\/p>\n<\/div>\n","protected":false},"featured_media":22899,"comment_status":"open","ping_status":"closed","template":"","meta":{"_et_pb_use_builder":"on","_et_pb_old_content":"<div class=\"et_pb_row et_pb_row_1_tb_body\">\r\n<div class=\"et_pb_column et_pb_column_4_4 et_pb_column_2_tb_body et_pb_css_mix_blend_mode_passthrough et-last-child\">\r\n<div class=\"et_pb_module et_pb_text et_pb_text_0_tb_body et_pb_text_align_center et_pb_bg_layout_light\">\r\n<div class=\"et_pb_text_inner masvicens-product-title\">\r\n<h3>UN VIAJE EN EL TIEMPO<\/h3>\r\n<\/div>\r\n<\/div>\r\n<!-- .et_pb_text -->\r\n\r\n<\/div>\r\n<!-- .et_pb_column -->\r\n\r\n<\/div>\r\n<div class=\"et_pb_row et_pb_row_2_tb_body et_pb_equal_columns et_pb_gutters2\">\r\n<div class=\"et_pb_column et_pb_column_1_3 et_pb_column_3_tb_body et_pb_css_mix_blend_mode_passthrough\">\r\n<div class=\"et_pb_module et_pb_text et_pb_text_1_tb_body et_pb_text_align_left et_pb_bg_layout_light masvicens-text-description\">\r\n<div class=\"et_pb_text_inner\"><strong>Variedad:<\/strong> En este vino la mezcla fue del 70% Chardonnay y 30% Garnacha blanca con un paso en barricas nuevas de roble franc\u00e9s durante 6 meses. Grado alcoh\u00f3lico: 13.5% vol. Estas caracter\u00edsticas dan al vino un buen potencial de envejecimiento conservando su untuosidad y complejidad con el paso de los a\u00f1os.\r\n<strong>Cosecha:<\/strong> La a\u00f1ada 2017 la recordamos como una de las m\u00e1s agradecidas a nivel clim\u00e1tico por su escasez de lluvias a finales de verano y septiembre, d\u00e1ndonos un alto equilibrio entre las maduraciones y acidez a nivel gen\u00e9rico.<\/div>\r\n<\/div>\r\n<!-- .et_pb_text -->\r\n\r\n<\/div>\r\n<!-- .et_pb_column -->\r\n<div class=\"et_pb_column et_pb_column_1_3 et_pb_column_4_tb_body et_pb_css_mix_blend_mode_passthrough\">\r\n<div class=\"et_pb_module et_pb_image et_pb_image_0_tb_body\">\r\n\r\n<span class=\"et_pb_image_wrap \"><img class=\"mavicens-img-center\" title=\"msv-dis-botellas-web-castell-2\" src=\"https:\/\/masvicens.com\/wp-content\/uploads\/2021\/08\/MASVI-anyada-2008-blanco-1-1.jpg\" alt=\"Dent de Lle\u00f3 - a\u00f1ada 2017 - Mas Vicen\u00e7\" width=\"auto\" height=\"auto\" data-pagespeed-url-hash=\"4193943145\" \/><\/span>\r\n\r\n<\/div>\r\n<\/div>\r\n<!-- .et_pb_column -->\r\n<div class=\"et_pb_column et_pb_column_1_3 et_pb_column_5_tb_body et_pb_css_mix_blend_mode_passthrough et-last-child\">\r\n<div class=\"et_pb_module et_pb_text et_pb_text_2_tb_body et_pb_text_align_left et_pb_bg_layout_light masvicens-text-description\">\r\n<div class=\"et_pb_text_inner\"><strong>Temperatura de servicio:<\/strong> Servirse a unos 8-10\u00baC.<\/div>\r\n<div class=\"et_pb_text_inner\"><strong>Aspecto gustativo:\u00a0<\/strong>En boca destacan los sabores de la pi\u00f1a madura, los tostados y la mineralizaci\u00f3n.\r\n<strong>Maridaje:<\/strong> \u00bfCon qu\u00e9 lo acompa\u00f1amos? Su textura cremosa y alta complejidad arom\u00e1tica lo convierten en un vino ideal para maridar con cazoletas de pescado y marisco o arroces bien intensos de sabor. Los quesos curados y las carnes grasas a la brasa tambi\u00e9n maridar\u00e1n bien.<\/div>\r\n<\/div>\r\n<!-- .et_pb_text -->\r\n\r\n<\/div>\r\n<!-- .et_pb_column -->\r\n\r\n<\/div>","_et_gb_content_width":"","inline_featured_image":false,"_joinchat":[]},"product_brand":[],"product_cat":[80],"product_tag":[],"class_list":{"0":"post-22908","1":"product","2":"type-product","3":"status-publish","4":"has-post-thumbnail","6":"product_cat-vieux-millesimes","7":"product_shipping_class-botella-ca","9":"first","10":"instock","11":"taxable","12":"shipping-taxable","13":"purchasable","14":"product-type-simple"},"yoast_head":"<!-- This site is optimized with the Yoast SEO plugin v27.4 - https:\/\/yoast.com\/product\/yoast-seo-wordpress\/ -->\n<title>Vin blanc vieux mill\u00e9sime | Dent de Lle\u00f3 2016 | Mas Vicen\u00e7<\/title>\n<meta name=\"description\" content=\"D\u00e9gustez le vin exclusif de vieux mill\u00e9simes de vin blanc de la Dent de Lle\u00f3 de 2016. Un mill\u00e9sime marqu\u00e9 par le manque de pr\u00e9cipitations.\" \/>\n<meta name=\"robots\" content=\"index, follow, max-snippet:-1, max-image-preview:large, max-video-preview:-1\" \/>\n<link rel=\"canonical\" href=\"https:\/\/masvicens.com\/fr\/producte\/vieux-millesimes-dent-de-lleo-2016\/\" \/>\n<meta property=\"og:locale\" content=\"fr_FR\" \/>\n<meta property=\"og:type\" content=\"article\" \/>\n<meta property=\"og:title\" content=\"Vin blanc vieux mill\u00e9sime | Dent de Lle\u00f3 2016 | Mas Vicen\u00e7\" \/>\n<meta property=\"og:description\" content=\"D\u00e9gustez le vin exclusif de vieux mill\u00e9simes de vin blanc de la Dent de Lle\u00f3 de 2016. Un mill\u00e9sime marqu\u00e9 par le manque de pr\u00e9cipitations.\" \/>\n<meta property=\"og:url\" content=\"https:\/\/masvicens.com\/fr\/producte\/vieux-millesimes-dent-de-lleo-2016\/\" \/>\n<meta property=\"og:site_name\" content=\"Celler Mas Vicen\u00e7 | Re-evolucionant la tradici\u00f3\" \/>\n<meta property=\"article:modified_time\" content=\"2022-12-27T15:24:06+00:00\" \/>\n<meta property=\"og:image\" content=\"https:\/\/masvicens.com\/wp-content\/uploads\/2021\/08\/MSV_An\u0303adasViejas_-1-1.jpg\" \/>\n\t<meta property=\"og:image:width\" content=\"1920\" \/>\n\t<meta property=\"og:image:height\" content=\"1281\" \/>\n\t<meta property=\"og:image:type\" content=\"image\/jpeg\" \/>\n<meta name=\"twitter:card\" content=\"summary_large_image\" \/>\n<meta name=\"twitter:label1\" content=\"Dur\u00e9e de lecture estim\u00e9e\" \/>\n\t<meta name=\"twitter:data1\" content=\"2 minutes\" \/>\n<script type=\"application\/ld+json\" class=\"yoast-schema-graph\">{\"@context\":\"https:\\\/\\\/schema.org\",\"@graph\":[{\"@type\":\"WebPage\",\"@id\":\"https:\\\/\\\/masvicens.com\\\/fr\\\/producte\\\/vieux-millesimes-dent-de-lleo-2016\\\/\",\"url\":\"https:\\\/\\\/masvicens.com\\\/fr\\\/producte\\\/vieux-millesimes-dent-de-lleo-2016\\\/\",\"name\":\"Vin blanc vieux mill\u00e9sime | Dent de Lle\u00f3 2016 | Mas Vicen\u00e7\",\"isPartOf\":{\"@id\":\"https:\\\/\\\/masvicens.com\\\/fr\\\/#website\"},\"primaryImageOfPage\":{\"@id\":\"https:\\\/\\\/masvicens.com\\\/fr\\\/producte\\\/vieux-millesimes-dent-de-lleo-2016\\\/#primaryimage\"},\"image\":{\"@id\":\"https:\\\/\\\/masvicens.com\\\/fr\\\/producte\\\/vieux-millesimes-dent-de-lleo-2016\\\/#primaryimage\"},\"thumbnailUrl\":\"https:\\\/\\\/masvicens.com\\\/wp-content\\\/uploads\\\/2021\\\/08\\\/MSV_An\u0303adasViejas_-1-1.jpg\",\"datePublished\":\"2021-08-09T11:34:42+00:00\",\"dateModified\":\"2022-12-27T15:24:06+00:00\",\"description\":\"D\u00e9gustez le vin exclusif de vieux mill\u00e9simes de vin blanc de la Dent de Lle\u00f3 de 2016. Un mill\u00e9sime marqu\u00e9 par le manque de pr\u00e9cipitations.\",\"breadcrumb\":{\"@id\":\"https:\\\/\\\/masvicens.com\\\/fr\\\/producte\\\/vieux-millesimes-dent-de-lleo-2016\\\/#breadcrumb\"},\"inLanguage\":\"fr-FR\",\"potentialAction\":[{\"@type\":\"ReadAction\",\"target\":[\"https:\\\/\\\/masvicens.com\\\/fr\\\/producte\\\/vieux-millesimes-dent-de-lleo-2016\\\/\"]}]},{\"@type\":\"ImageObject\",\"inLanguage\":\"fr-FR\",\"@id\":\"https:\\\/\\\/masvicens.com\\\/fr\\\/producte\\\/vieux-millesimes-dent-de-lleo-2016\\\/#primaryimage\",\"url\":\"https:\\\/\\\/masvicens.com\\\/wp-content\\\/uploads\\\/2021\\\/08\\\/MSV_An\u0303adasViejas_-1-1.jpg\",\"contentUrl\":\"https:\\\/\\\/masvicens.com\\\/wp-content\\\/uploads\\\/2021\\\/08\\\/MSV_An\u0303adasViejas_-1-1.jpg\",\"width\":1920,\"height\":1281,\"caption\":\"A\u00f1ada antigua vino blanco| Dent de Lle\u00f3 2016\"},{\"@type\":\"BreadcrumbList\",\"@id\":\"https:\\\/\\\/masvicens.com\\\/fr\\\/producte\\\/vieux-millesimes-dent-de-lleo-2016\\\/#breadcrumb\",\"itemListElement\":[{\"@type\":\"ListItem\",\"position\":1,\"name\":\"Portada\",\"item\":\"https:\\\/\\\/masvicens.com\\\/fr\\\/\"},{\"@type\":\"ListItem\",\"position\":2,\"name\":\"TIENDA\",\"item\":\"https:\\\/\\\/masvicens.com\\\/botiga-de-vins-online\\\/\"},{\"@type\":\"ListItem\",\"position\":3,\"name\":\"Vieux Mill\u00e9simes Dent de Lle\u00f3 2016\"}]},{\"@type\":\"WebSite\",\"@id\":\"https:\\\/\\\/masvicens.com\\\/fr\\\/#website\",\"url\":\"https:\\\/\\\/masvicens.com\\\/fr\\\/\",\"name\":\"Celler Mas Vicen\u00e7 | Re-evolucionant la tradici\u00f3\",\"description\":\"Veniu a viure l&#039;enoturisme i a con\u00e8ixer la nostra col\u00b7lecci\u00f3 de vins elaborats amb la millor selecci\u00f3 de ra\u00efm del nostre celler a Tarragona.\",\"potentialAction\":[{\"@type\":\"SearchAction\",\"target\":{\"@type\":\"EntryPoint\",\"urlTemplate\":\"https:\\\/\\\/masvicens.com\\\/fr\\\/?s={search_term_string}\"},\"query-input\":{\"@type\":\"PropertyValueSpecification\",\"valueRequired\":true,\"valueName\":\"search_term_string\"}}],\"inLanguage\":\"fr-FR\"}]}<\/script>\n<!-- \/ Yoast SEO plugin. -->","yoast_head_json":{"title":"Vin blanc vieux mill\u00e9sime | Dent de Lle\u00f3 2016 | Mas Vicen\u00e7","description":"D\u00e9gustez le vin exclusif de vieux mill\u00e9simes de vin blanc de la Dent de Lle\u00f3 de 2016. Un mill\u00e9sime marqu\u00e9 par le manque de pr\u00e9cipitations.","robots":{"index":"index","follow":"follow","max-snippet":"max-snippet:-1","max-image-preview":"max-image-preview:large","max-video-preview":"max-video-preview:-1"},"canonical":"https:\/\/masvicens.com\/fr\/producte\/vieux-millesimes-dent-de-lleo-2016\/","og_locale":"fr_FR","og_type":"article","og_title":"Vin blanc vieux mill\u00e9sime | Dent de Lle\u00f3 2016 | Mas Vicen\u00e7","og_description":"D\u00e9gustez le vin exclusif de vieux mill\u00e9simes de vin blanc de la Dent de Lle\u00f3 de 2016. Un mill\u00e9sime marqu\u00e9 par le manque de pr\u00e9cipitations.","og_url":"https:\/\/masvicens.com\/fr\/producte\/vieux-millesimes-dent-de-lleo-2016\/","og_site_name":"Celler Mas Vicen\u00e7 | Re-evolucionant la tradici\u00f3","article_modified_time":"2022-12-27T15:24:06+00:00","og_image":[{"width":1920,"height":1281,"url":"https:\/\/masvicens.com\/wp-content\/uploads\/2021\/08\/MSV_An\u0303adasViejas_-1-1.jpg","type":"image\/jpeg"}],"twitter_card":"summary_large_image","twitter_misc":{"Dur\u00e9e de lecture estim\u00e9e":"2 minutes"},"schema":{"@context":"https:\/\/schema.org","@graph":[{"@type":"WebPage","@id":"https:\/\/masvicens.com\/fr\/producte\/vieux-millesimes-dent-de-lleo-2016\/","url":"https:\/\/masvicens.com\/fr\/producte\/vieux-millesimes-dent-de-lleo-2016\/","name":"Vin blanc vieux mill\u00e9sime | Dent de Lle\u00f3 2016 | Mas Vicen\u00e7","isPartOf":{"@id":"https:\/\/masvicens.com\/fr\/#website"},"primaryImageOfPage":{"@id":"https:\/\/masvicens.com\/fr\/producte\/vieux-millesimes-dent-de-lleo-2016\/#primaryimage"},"image":{"@id":"https:\/\/masvicens.com\/fr\/producte\/vieux-millesimes-dent-de-lleo-2016\/#primaryimage"},"thumbnailUrl":"https:\/\/masvicens.com\/wp-content\/uploads\/2021\/08\/MSV_An\u0303adasViejas_-1-1.jpg","datePublished":"2021-08-09T11:34:42+00:00","dateModified":"2022-12-27T15:24:06+00:00","description":"D\u00e9gustez le vin exclusif de vieux mill\u00e9simes de vin blanc de la Dent de Lle\u00f3 de 2016. Un mill\u00e9sime marqu\u00e9 par le manque de pr\u00e9cipitations.","breadcrumb":{"@id":"https:\/\/masvicens.com\/fr\/producte\/vieux-millesimes-dent-de-lleo-2016\/#breadcrumb"},"inLanguage":"fr-FR","potentialAction":[{"@type":"ReadAction","target":["https:\/\/masvicens.com\/fr\/producte\/vieux-millesimes-dent-de-lleo-2016\/"]}]},{"@type":"ImageObject","inLanguage":"fr-FR","@id":"https:\/\/masvicens.com\/fr\/producte\/vieux-millesimes-dent-de-lleo-2016\/#primaryimage","url":"https:\/\/masvicens.com\/wp-content\/uploads\/2021\/08\/MSV_An\u0303adasViejas_-1-1.jpg","contentUrl":"https:\/\/masvicens.com\/wp-content\/uploads\/2021\/08\/MSV_An\u0303adasViejas_-1-1.jpg","width":1920,"height":1281,"caption":"A\u00f1ada antigua vino blanco| Dent de Lle\u00f3 2016"},{"@type":"BreadcrumbList","@id":"https:\/\/masvicens.com\/fr\/producte\/vieux-millesimes-dent-de-lleo-2016\/#breadcrumb","itemListElement":[{"@type":"ListItem","position":1,"name":"Portada","item":"https:\/\/masvicens.com\/fr\/"},{"@type":"ListItem","position":2,"name":"TIENDA","item":"https:\/\/masvicens.com\/botiga-de-vins-online\/"},{"@type":"ListItem","position":3,"name":"Vieux Mill\u00e9simes Dent de Lle\u00f3 2016"}]},{"@type":"WebSite","@id":"https:\/\/masvicens.com\/fr\/#website","url":"https:\/\/masvicens.com\/fr\/","name":"Celler Mas Vicen\u00e7 | Re-evolucionant la tradici\u00f3","description":"Veniu a viure l&#039;enoturisme i a con\u00e8ixer la nostra col\u00b7lecci\u00f3 de vins elaborats amb la millor selecci\u00f3 de ra\u00efm del nostre celler a Tarragona.","potentialAction":[{"@type":"SearchAction","target":{"@type":"EntryPoint","urlTemplate":"https:\/\/masvicens.com\/fr\/?s={search_term_string}"},"query-input":{"@type":"PropertyValueSpecification","valueRequired":true,"valueName":"search_term_string"}}],"inLanguage":"fr-FR"}]}},"_links":{"self":[{"href":"https:\/\/masvicens.com\/fr\/wp-json\/wp\/v2\/product\/22908","targetHints":{"allow":["GET"]}}],"collection":[{"href":"https:\/\/masvicens.com\/fr\/wp-json\/wp\/v2\/product"}],"about":[{"href":"https:\/\/masvicens.com\/fr\/wp-json\/wp\/v2\/types\/product"}],"replies":[{"embeddable":true,"href":"https:\/\/masvicens.com\/fr\/wp-json\/wp\/v2\/comments?post=22908"}],"wp:featuredmedia":[{"embeddable":true,"href":"https:\/\/masvicens.com\/fr\/wp-json\/wp\/v2\/media\/22899"}],"wp:attachment":[{"href":"https:\/\/masvicens.com\/fr\/wp-json\/wp\/v2\/media?parent=22908"}],"wp:term":[{"taxonomy":"product_brand","embeddable":true,"href":"https:\/\/masvicens.com\/fr\/wp-json\/wp\/v2\/product_brand?post=22908"},{"taxonomy":"product_cat","embeddable":true,"href":"https:\/\/masvicens.com\/fr\/wp-json\/wp\/v2\/product_cat?post=22908"},{"taxonomy":"product_tag","embeddable":true,"href":"https:\/\/masvicens.com\/fr\/wp-json\/wp\/v2\/product_tag?post=22908"}],"curies":[{"name":"wp","href":"https:\/\/api.w.org\/{rel}","templated":true}]}}