{"id":26215,"date":"2023-03-28T06:08:14","date_gmt":"2023-03-28T06:08:14","guid":{"rendered":"https:\/\/masvicens.com\/?post_type=product&#038;p=26215"},"modified":"2025-11-18T09:12:13","modified_gmt":"2025-11-18T09:12:13","slug":"le-colldecabra-blanc","status":"publish","type":"product","link":"https:\/\/masvicens.com\/fr\/producte\/le-colldecabra-blanc\/","title":{"rendered":"Le Colldecabra blanc"},"content":{"rendered":"<p>[et_pb_section fb_built=&#8221;1&#8243; _builder_version=&#8221;4.16&#8243; custom_padding=&#8221;0px||||false|false&#8221; global_colors_info=&#8221;{}&#8221;][et_pb_row _builder_version=&#8221;4.16&#8243; background_size=&#8221;initial&#8221; background_position=&#8221;top_left&#8221; background_repeat=&#8221;repeat&#8221; width=&#8221;100%&#8221; custom_padding=&#8221;0px||0px||false|false&#8221; global_colors_info=&#8221;{}&#8221;][et_pb_column type=&#8221;4_4&#8243; _builder_version=&#8221;4.16&#8243; custom_padding=&#8221;|||&#8221; global_colors_info=&#8221;{}&#8221; custom_padding__hover=&#8221;|||&#8221;][et_pb_wc_breadcrumb _builder_version=&#8221;4.16&#8243; global_colors_info=&#8221;{}&#8221;][\/et_pb_wc_breadcrumb][et_pb_wc_cart_notice _builder_version=&#8221;4.16&#8243; global_colors_info=&#8221;{}&#8221;][\/et_pb_wc_cart_notice][\/et_pb_column][\/et_pb_row][et_pb_row column_structure=&#8221;1_2,1_2&#8243; _builder_version=&#8221;4.16&#8243; background_size=&#8221;initial&#8221; background_position=&#8221;top_left&#8221; background_repeat=&#8221;repeat&#8221; width=&#8221;100%&#8221; custom_padding=&#8221;0px||||false|false&#8221; global_colors_info=&#8221;{}&#8221;][et_pb_column type=&#8221;1_2&#8243; _builder_version=&#8221;4.16&#8243; custom_padding=&#8221;|||&#8221; global_colors_info=&#8221;{}&#8221; custom_padding__hover=&#8221;|||&#8221;][et_pb_wc_images _builder_version=&#8221;4.20.2&#8243; global_colors_info=&#8221;{}&#8221;][\/et_pb_wc_images][\/et_pb_column][et_pb_column type=&#8221;1_2&#8243; _builder_version=&#8221;4.16&#8243; custom_padding=&#8221;|||&#8221; global_colors_info=&#8221;{}&#8221; custom_padding__hover=&#8221;|||&#8221;][et_pb_wc_title _builder_version=&#8221;4.16&#8243; global_colors_info=&#8221;{}&#8221;][\/et_pb_wc_title][et_pb_wc_rating _builder_version=&#8221;4.16&#8243; global_colors_info=&#8221;{}&#8221;][\/et_pb_wc_rating][et_pb_wc_price _builder_version=&#8221;4.16&#8243; global_colors_info=&#8221;{}&#8221;][\/et_pb_wc_price][et_pb_wc_description _builder_version=&#8221;4.16&#8243; global_colors_info=&#8221;{}&#8221;][\/et_pb_wc_description][et_pb_wc_add_to_cart _builder_version=&#8221;4.16&#8243; global_colors_info=&#8221;{}&#8221;][\/et_pb_wc_add_to_cart][et_pb_wc_meta _builder_version=&#8221;4.16&#8243; global_colors_info=&#8221;{}&#8221;][\/et_pb_wc_meta][\/et_pb_column][\/et_pb_row][et_pb_row _builder_version=&#8221;4.16&#8243; background_size=&#8221;initial&#8221; background_position=&#8221;top_left&#8221; background_repeat=&#8221;repeat&#8221; width=&#8221;100%&#8221; global_colors_info=&#8221;{}&#8221;][et_pb_column type=&#8221;4_4&#8243; _builder_version=&#8221;4.16&#8243; custom_padding=&#8221;|||&#8221; global_colors_info=&#8221;{}&#8221; custom_padding__hover=&#8221;|||&#8221;][et_pb_wc_tabs _builder_version=&#8221;4.16&#8243; global_colors_info=&#8221;{}&#8221;]\t\t\t\t\t[\/et_pb_wc_tabs][et_pb_wc_upsells _builder_version=&#8221;4.16&#8243; global_colors_info=&#8221;{}&#8221;][\/et_pb_wc_upsells][et_pb_wc_related_products _builder_version=&#8221;4.16&#8243; global_colors_info=&#8221;{}&#8221;][\/et_pb_wc_related_products][\/et_pb_column][\/et_pb_row][\/et_pb_section]<\/p>\n","protected":false},"excerpt":{"rendered":"<h2>Le Colldecabra blanc<\/h2>\n<p>100% Macabeu. R\u00e9colte 2024.<\/p>\n<p>Ses ar\u00f4mes nous transportent dans le vignoble de Macabeu de &#8216;Cal Pipet&#8217; qui nous offre ses fruits chaque ann\u00e9e en septembre. Ils peuvent nous rappeler la fleur d&#8217;amandier, les herbes aromatiques telles que le fenouil et la lavande et m\u00eame certaines notes plus primaires de la vari\u00e9t\u00e9 Macabeu telles que le ch\u00e9rimolier, la poire ou le melon m\u00fbr. En bouche, c&#8217;est un vin mousseux tr\u00e8s fin et rafra\u00eechissant ayant une structure l\u00e9g\u00e8re. Id\u00e9al donc pour accompagner des plats frais et l\u00e9gers tels que des salades, des ap\u00e9ritifs ou des viandes blanches et grasses, en raison de son acidit\u00e9 rafra\u00eechissante.<\/p>\n<div class=\"woocommerce-product-details__short-description\">V\u00e9rifiez les\u00a0<a href=\"https:\/\/masvicens.com\/fr\/condiciones-de-uso-y-contratacion\/#expedition\" target=\"_blank\" rel=\"noopener noreferrer\"><strong>conditions d\u2019exp\u00e9dition ici<\/strong><\/a><\/div>\n<p>&nbsp;<\/p>\n","protected":false},"featured_media":26258,"comment_status":"open","ping_status":"closed","template":"","meta":{"_et_pb_use_builder":"on","_et_pb_old_content":"<div class=\"et_pb_row et_pb_row_1_tb_body\">\r\n<div class=\"et_pb_column et_pb_column_4_4 et_pb_column_2_tb_body et_pb_css_mix_blend_mode_passthrough et-last-child\">\r\n<div class=\"et_pb_module et_pb_text et_pb_text_0_tb_body et_pb_text_align_center et_pb_bg_layout_light\">\r\n<div class=\"et_pb_text_inner masvicens-product-title\">\r\n<h2>COLLDECABRA \u2022 Vin P\u00e9t-Nat de Mas Vicen\u00e7.<\/h2>\r\n<\/div>\r\n<\/div>\r\n<!-- .et_pb_text -->\r\n\r\n<\/div>\r\n<!-- .et_pb_column -->\r\n\r\n<\/div>\r\n<div class=\"et_pb_row et_pb_row_2_tb_body et_pb_equal_columns et_pb_gutters2\">\r\n<div class=\"et_pb_column et_pb_column_1_3 et_pb_column_3_tb_body et_pb_css_mix_blend_mode_passthrough\">\r\n<div class=\"et_pb_module et_pb_text et_pb_text_1_tb_body et_pb_text_align_left et_pb_bg_layout_light masvicens-text-description\">\r\n<div class=\"et_pb_text_inner\">\r\n\r\nLe mot ancestral nous transporte dans des temps \u00e9loign\u00e9s mais aussi dans les exp\u00e9riences v\u00e9cues par nos anc\u00eatres et de l\u00e0 vient le nom de ce style de vins effervescents, puisqu'il s'agit de la plus ancienne m\u00e9thode d'\u00e9laboration de vin \u00e0 bulles.\r\n\r\nLe Colldecabra de Mas Vicen\u00e7 est un nom qui \u00e9voque l'ouverture entre les deux petites cha\u00eenes montagneuses situ\u00e9es \u00e0 l\u2019arri\u00e8re du domaine et un pass\u00e9 charg\u00e9 d'histoire auquel nous voulons rendre hommage.\r\nC'est un col sp\u00e9cial. Convoit\u00e9 par de nombreuses civilisations en raison de son emplacement strat\u00e9gique, il est la porte d'entr\u00e9e de la r\u00e9gion du Camp de Tarragone depuis la Conca de Barber\u00e0, lieu de batailles et de trait\u00e9s mais \u00e9galement \u00e0 l'origine du village mill\u00e9naire de la Cabra del Camp \u00e0 laquelle nous appartenons.\r\n\r\n<\/div>\r\n<\/div>\r\n<!-- .et_pb_text -->\r\n\r\n<\/div>\r\n<!-- .et_pb_column -->\r\n<div class=\"et_pb_column et_pb_column_1_3 et_pb_column_4_tb_body et_pb_css_mix_blend_mode_passthrough\">\r\n<div class=\"et_pb_module et_pb_image et_pb_image_0_tb_body masvi-img-container\"><span class=\"et_pb_image_wrap \"><img class=\"alignnone wp-image-23969 size-large\" style=\"width: 70% !important\" src=\"https:\/\/masvicens.com\/wp-content\/uploads\/2023\/03\/MSV-Ancestrals-2-product.webp\" alt=\"COLLDECABRA | vi blanc Mas Vicen\u00e7\" width=\"512\" height=\"1024\" \/><\/span><\/div>\r\n<\/div>\r\n<!-- .et_pb_column -->\r\n<div class=\"et_pb_column et_pb_column_1_3 et_pb_column_5_tb_body et_pb_css_mix_blend_mode_passthrough et-last-child\">\r\n<div class=\"et_pb_module et_pb_text et_pb_text_2_tb_body et_pb_text_align_left et_pb_bg_layout_light masvicens-text-description\">\r\n<div class=\"et_pb_text_inner\">\r\n\r\nLe col est aussi un lieu de passage incontestable pour les vents du nord comme le \u2018Ser\u00e8\u2019, ou pour les diff\u00e9rents courants d'eau douce qui rejoignent le torrent de la Fonollosa et finissent par se jeter dans la rivi\u00e8re du Francol\u00ed, destination Tarragone. Ce sont des \u00e9l\u00e9ments qui, nous aimons le souligner, donnent une identit\u00e9 claire aux vins de Mas Vicen\u00e7.\r\n\r\nLes \u00e9tiquettes du Colldecabra r\u00e9v\u00e8lent \u00e9galement certains d\u00e9tails que l'on retrouve sur la fa\u00e7ade de style moderniste du syndicat agricole de Cabra, achev\u00e9 en 1919 et dirig\u00e9 par le remarquable disciple de Gaud\u00ed, C\u00e8sar Martinell, \u00e0 une \u00e9poque d\u2019apog\u00e9e post-phyllox\u00e9ra.\r\nAinsi, nous vous pr\u00e9sentons deux vins avec leur identit\u00e9 propre, transmettant origine, histoire, territoire et vari\u00e9t\u00e9, avec les c\u00e9pages Macabeu et Garnacha en t\u00eate des premiers vins mousseux de l'histoire de Mas Vicen\u00e7.\r\n\r\n<\/div>\r\n<\/div>\r\n<!-- .et_pb_text -->\r\n\r\n<\/div>\r\n<!-- .et_pb_column -->\r\n\r\n<\/div>","_et_gb_content_width":"","inline_featured_image":false,"_joinchat":[]},"product_brand":[],"product_cat":[88],"product_tag":[],"class_list":{"0":"post-26215","1":"product","2":"type-product","3":"status-publish","4":"has-post-thumbnail","6":"product_cat-vins-fr","8":"first","9":"instock","10":"taxable","11":"shipping-taxable","12":"purchasable","13":"product-type-simple"},"yoast_head":"<!-- This site is optimized with the Yoast SEO plugin v27.3 - https:\/\/yoast.com\/product\/yoast-seo-wordpress\/ -->\n<title>COLLDECABRA \u2022 Vin P\u00e9t-Nat de Mas Vicen\u00e7<\/title>\n<meta name=\"description\" content=\"COLLDECABRA \u2022 Vin P\u00e9t-Nat de Mas Vicen\u00e7.\" \/>\n<meta name=\"robots\" content=\"index, follow, max-snippet:-1, max-image-preview:large, max-video-preview:-1\" \/>\n<link rel=\"canonical\" href=\"https:\/\/masvicens.com\/fr\/producte\/le-colldecabra-blanc\/\" \/>\n<meta property=\"og:locale\" content=\"fr_FR\" \/>\n<meta property=\"og:type\" content=\"article\" \/>\n<meta property=\"og:title\" content=\"COLLDECABRA \u2022 Vin P\u00e9t-Nat de Mas Vicen\u00e7\" \/>\n<meta property=\"og:description\" content=\"COLLDECABRA \u2022 Vin P\u00e9t-Nat de Mas Vicen\u00e7.\" \/>\n<meta property=\"og:url\" content=\"https:\/\/masvicens.com\/fr\/producte\/le-colldecabra-blanc\/\" \/>\n<meta property=\"og:site_name\" content=\"Celler Mas Vicen\u00e7 | Re-evolucionant la tradici\u00f3\" \/>\n<meta property=\"article:modified_time\" content=\"2025-11-18T09:12:13+00:00\" \/>\n<meta property=\"og:image\" content=\"https:\/\/masvicens.com\/wp-content\/uploads\/2023\/03\/MSV-Ancestrals-eb-2.jpg\" \/>\n\t<meta property=\"og:image:width\" content=\"667\" \/>\n\t<meta property=\"og:image:height\" content=\"1000\" \/>\n\t<meta property=\"og:image:type\" content=\"image\/jpeg\" \/>\n<meta name=\"twitter:card\" content=\"summary_large_image\" \/>\n<meta name=\"twitter:label1\" content=\"Dur\u00e9e de lecture estim\u00e9e\" \/>\n\t<meta name=\"twitter:data1\" content=\"2 minutes\" \/>\n<script type=\"application\/ld+json\" class=\"yoast-schema-graph\">{\"@context\":\"https:\\\/\\\/schema.org\",\"@graph\":[{\"@type\":\"WebPage\",\"@id\":\"https:\\\/\\\/masvicens.com\\\/fr\\\/producte\\\/le-colldecabra-blanc\\\/\",\"url\":\"https:\\\/\\\/masvicens.com\\\/fr\\\/producte\\\/le-colldecabra-blanc\\\/\",\"name\":\"COLLDECABRA \u2022 Vin P\u00e9t-Nat de Mas Vicen\u00e7\",\"isPartOf\":{\"@id\":\"https:\\\/\\\/masvicens.com\\\/fr\\\/#website\"},\"primaryImageOfPage\":{\"@id\":\"https:\\\/\\\/masvicens.com\\\/fr\\\/producte\\\/le-colldecabra-blanc\\\/#primaryimage\"},\"image\":{\"@id\":\"https:\\\/\\\/masvicens.com\\\/fr\\\/producte\\\/le-colldecabra-blanc\\\/#primaryimage\"},\"thumbnailUrl\":\"https:\\\/\\\/masvicens.com\\\/wp-content\\\/uploads\\\/2023\\\/03\\\/MSV-Ancestrals-eb-2.jpg\",\"datePublished\":\"2023-03-28T06:08:14+00:00\",\"dateModified\":\"2025-11-18T09:12:13+00:00\",\"description\":\"COLLDECABRA \u2022 Vin P\u00e9t-Nat de Mas Vicen\u00e7.\",\"breadcrumb\":{\"@id\":\"https:\\\/\\\/masvicens.com\\\/fr\\\/producte\\\/le-colldecabra-blanc\\\/#breadcrumb\"},\"inLanguage\":\"fr-FR\",\"potentialAction\":[{\"@type\":\"ReadAction\",\"target\":[\"https:\\\/\\\/masvicens.com\\\/fr\\\/producte\\\/le-colldecabra-blanc\\\/\"]}]},{\"@type\":\"ImageObject\",\"inLanguage\":\"fr-FR\",\"@id\":\"https:\\\/\\\/masvicens.com\\\/fr\\\/producte\\\/le-colldecabra-blanc\\\/#primaryimage\",\"url\":\"https:\\\/\\\/masvicens.com\\\/wp-content\\\/uploads\\\/2023\\\/03\\\/MSV-Ancestrals-eb-2.jpg\",\"contentUrl\":\"https:\\\/\\\/masvicens.com\\\/wp-content\\\/uploads\\\/2023\\\/03\\\/MSV-Ancestrals-eb-2.jpg\",\"width\":667,\"height\":1000,\"caption\":\"Vi escum\u00f3s ancestral blanc macabeu | Mas Vicens\"},{\"@type\":\"BreadcrumbList\",\"@id\":\"https:\\\/\\\/masvicens.com\\\/fr\\\/producte\\\/le-colldecabra-blanc\\\/#breadcrumb\",\"itemListElement\":[{\"@type\":\"ListItem\",\"position\":1,\"name\":\"Portada\",\"item\":\"https:\\\/\\\/masvicens.com\\\/fr\\\/\"},{\"@type\":\"ListItem\",\"position\":2,\"name\":\"TIENDA\",\"item\":\"https:\\\/\\\/masvicens.com\\\/botiga-de-vins-online\\\/\"},{\"@type\":\"ListItem\",\"position\":3,\"name\":\"Le Colldecabra blanc\"}]},{\"@type\":\"WebSite\",\"@id\":\"https:\\\/\\\/masvicens.com\\\/fr\\\/#website\",\"url\":\"https:\\\/\\\/masvicens.com\\\/fr\\\/\",\"name\":\"Celler Mas Vicen\u00e7 | Re-evolucionant la tradici\u00f3\",\"description\":\"Veniu a viure l&#039;enoturisme i a con\u00e8ixer la nostra col\u00b7lecci\u00f3 de vins elaborats amb la millor selecci\u00f3 de ra\u00efm del nostre celler a Tarragona.\",\"potentialAction\":[{\"@type\":\"SearchAction\",\"target\":{\"@type\":\"EntryPoint\",\"urlTemplate\":\"https:\\\/\\\/masvicens.com\\\/fr\\\/?s={search_term_string}\"},\"query-input\":{\"@type\":\"PropertyValueSpecification\",\"valueRequired\":true,\"valueName\":\"search_term_string\"}}],\"inLanguage\":\"fr-FR\"}]}<\/script>\n<!-- \/ Yoast SEO plugin. -->","yoast_head_json":{"title":"COLLDECABRA \u2022 Vin P\u00e9t-Nat de Mas Vicen\u00e7","description":"COLLDECABRA \u2022 Vin P\u00e9t-Nat de Mas Vicen\u00e7.","robots":{"index":"index","follow":"follow","max-snippet":"max-snippet:-1","max-image-preview":"max-image-preview:large","max-video-preview":"max-video-preview:-1"},"canonical":"https:\/\/masvicens.com\/fr\/producte\/le-colldecabra-blanc\/","og_locale":"fr_FR","og_type":"article","og_title":"COLLDECABRA \u2022 Vin P\u00e9t-Nat de Mas Vicen\u00e7","og_description":"COLLDECABRA \u2022 Vin P\u00e9t-Nat de Mas Vicen\u00e7.","og_url":"https:\/\/masvicens.com\/fr\/producte\/le-colldecabra-blanc\/","og_site_name":"Celler Mas Vicen\u00e7 | Re-evolucionant la tradici\u00f3","article_modified_time":"2025-11-18T09:12:13+00:00","og_image":[{"width":667,"height":1000,"url":"https:\/\/masvicens.com\/wp-content\/uploads\/2023\/03\/MSV-Ancestrals-eb-2.jpg","type":"image\/jpeg"}],"twitter_card":"summary_large_image","twitter_misc":{"Dur\u00e9e de lecture estim\u00e9e":"2 minutes"},"schema":{"@context":"https:\/\/schema.org","@graph":[{"@type":"WebPage","@id":"https:\/\/masvicens.com\/fr\/producte\/le-colldecabra-blanc\/","url":"https:\/\/masvicens.com\/fr\/producte\/le-colldecabra-blanc\/","name":"COLLDECABRA \u2022 Vin P\u00e9t-Nat de Mas Vicen\u00e7","isPartOf":{"@id":"https:\/\/masvicens.com\/fr\/#website"},"primaryImageOfPage":{"@id":"https:\/\/masvicens.com\/fr\/producte\/le-colldecabra-blanc\/#primaryimage"},"image":{"@id":"https:\/\/masvicens.com\/fr\/producte\/le-colldecabra-blanc\/#primaryimage"},"thumbnailUrl":"https:\/\/masvicens.com\/wp-content\/uploads\/2023\/03\/MSV-Ancestrals-eb-2.jpg","datePublished":"2023-03-28T06:08:14+00:00","dateModified":"2025-11-18T09:12:13+00:00","description":"COLLDECABRA \u2022 Vin P\u00e9t-Nat de Mas Vicen\u00e7.","breadcrumb":{"@id":"https:\/\/masvicens.com\/fr\/producte\/le-colldecabra-blanc\/#breadcrumb"},"inLanguage":"fr-FR","potentialAction":[{"@type":"ReadAction","target":["https:\/\/masvicens.com\/fr\/producte\/le-colldecabra-blanc\/"]}]},{"@type":"ImageObject","inLanguage":"fr-FR","@id":"https:\/\/masvicens.com\/fr\/producte\/le-colldecabra-blanc\/#primaryimage","url":"https:\/\/masvicens.com\/wp-content\/uploads\/2023\/03\/MSV-Ancestrals-eb-2.jpg","contentUrl":"https:\/\/masvicens.com\/wp-content\/uploads\/2023\/03\/MSV-Ancestrals-eb-2.jpg","width":667,"height":1000,"caption":"Vi escum\u00f3s ancestral blanc macabeu | Mas Vicens"},{"@type":"BreadcrumbList","@id":"https:\/\/masvicens.com\/fr\/producte\/le-colldecabra-blanc\/#breadcrumb","itemListElement":[{"@type":"ListItem","position":1,"name":"Portada","item":"https:\/\/masvicens.com\/fr\/"},{"@type":"ListItem","position":2,"name":"TIENDA","item":"https:\/\/masvicens.com\/botiga-de-vins-online\/"},{"@type":"ListItem","position":3,"name":"Le Colldecabra blanc"}]},{"@type":"WebSite","@id":"https:\/\/masvicens.com\/fr\/#website","url":"https:\/\/masvicens.com\/fr\/","name":"Celler Mas Vicen\u00e7 | Re-evolucionant la tradici\u00f3","description":"Veniu a viure l&#039;enoturisme i a con\u00e8ixer la nostra col\u00b7lecci\u00f3 de vins elaborats amb la millor selecci\u00f3 de ra\u00efm del nostre celler a Tarragona.","potentialAction":[{"@type":"SearchAction","target":{"@type":"EntryPoint","urlTemplate":"https:\/\/masvicens.com\/fr\/?s={search_term_string}"},"query-input":{"@type":"PropertyValueSpecification","valueRequired":true,"valueName":"search_term_string"}}],"inLanguage":"fr-FR"}]}},"_links":{"self":[{"href":"https:\/\/masvicens.com\/fr\/wp-json\/wp\/v2\/product\/26215","targetHints":{"allow":["GET"]}}],"collection":[{"href":"https:\/\/masvicens.com\/fr\/wp-json\/wp\/v2\/product"}],"about":[{"href":"https:\/\/masvicens.com\/fr\/wp-json\/wp\/v2\/types\/product"}],"replies":[{"embeddable":true,"href":"https:\/\/masvicens.com\/fr\/wp-json\/wp\/v2\/comments?post=26215"}],"wp:featuredmedia":[{"embeddable":true,"href":"https:\/\/masvicens.com\/fr\/wp-json\/wp\/v2\/media\/26258"}],"wp:attachment":[{"href":"https:\/\/masvicens.com\/fr\/wp-json\/wp\/v2\/media?parent=26215"}],"wp:term":[{"taxonomy":"product_brand","embeddable":true,"href":"https:\/\/masvicens.com\/fr\/wp-json\/wp\/v2\/product_brand?post=26215"},{"taxonomy":"product_cat","embeddable":true,"href":"https:\/\/masvicens.com\/fr\/wp-json\/wp\/v2\/product_cat?post=26215"},{"taxonomy":"product_tag","embeddable":true,"href":"https:\/\/masvicens.com\/fr\/wp-json\/wp\/v2\/product_tag?post=26215"}],"curies":[{"name":"wp","href":"https:\/\/api.w.org\/{rel}","templated":true}]}}