{"id":27443,"date":"2023-12-13T15:52:27","date_gmt":"2023-12-13T15:52:27","guid":{"rendered":"https:\/\/masvicens.com\/?post_type=product&#038;p=27443"},"modified":"2026-01-07T07:52:21","modified_gmt":"2026-01-07T07:52:21","slug":"pack-vins-monovarietaux-castell-tallat-la-fonollosa-vi-novell","status":"publish","type":"product","link":"https:\/\/masvicens.com\/fr\/producte\/pack-vins-monovarietaux-castell-tallat-la-fonollosa-vi-novell\/","title":{"rendered":"Pack vins monovarietaux: Castell Tallat + La Fonollosa + Vi Novell"},"content":{"rendered":"<p>[et_pb_section fb_built=&#8221;1&#8243; _builder_version=&#8221;4.16&#8243; custom_padding=&#8221;0px||||false|false&#8221; global_colors_info=&#8221;{}&#8221;][et_pb_row _builder_version=&#8221;4.16&#8243; background_size=&#8221;initial&#8221; background_position=&#8221;top_left&#8221; background_repeat=&#8221;repeat&#8221; width=&#8221;100%&#8221; custom_padding=&#8221;0px||0px||false|false&#8221; global_colors_info=&#8221;{}&#8221;][et_pb_column type=&#8221;4_4&#8243; _builder_version=&#8221;4.16&#8243; custom_padding=&#8221;|||&#8221; global_colors_info=&#8221;{}&#8221; custom_padding__hover=&#8221;|||&#8221;]<\/p>\n<p>[et_pb_wc_breadcrumb _builder_version=&#8221;4.16&#8243; global_colors_info=&#8221;{}&#8221;][\/et_pb_wc_breadcrumb][et_pb_wc_cart_notice _builder_version=&#8221;4.16&#8243; global_colors_info=&#8221;{}&#8221;][\/et_pb_wc_cart_notice]<\/p>\n<p>[\/et_pb_column][\/et_pb_row][et_pb_row column_structure=&#8221;1_2,1_2&#8243; _builder_version=&#8221;4.16&#8243; background_size=&#8221;initial&#8221; background_position=&#8221;top_left&#8221; background_repeat=&#8221;repeat&#8221; width=&#8221;100%&#8221; custom_padding=&#8221;0px||||false|false&#8221; global_colors_info=&#8221;{}&#8221;][et_pb_column type=&#8221;1_2&#8243; _builder_version=&#8221;4.16&#8243; custom_padding=&#8221;|||&#8221; global_colors_info=&#8221;{}&#8221; custom_padding__hover=&#8221;|||&#8221;]<\/p>\n<p>[et_pb_wc_images _builder_version=&#8221;4.16&#8243; global_colors_info=&#8221;{}&#8221;][\/et_pb_wc_images]<\/p>\n<p>[\/et_pb_column][et_pb_column type=&#8221;1_2&#8243; _builder_version=&#8221;4.16&#8243; custom_padding=&#8221;|||&#8221; global_colors_info=&#8221;{}&#8221; custom_padding__hover=&#8221;|||&#8221;]<\/p>\n<p>[et_pb_wc_title _builder_version=&#8221;4.16&#8243; global_colors_info=&#8221;{}&#8221;][\/et_pb_wc_title][et_pb_wc_rating _builder_version=&#8221;4.16&#8243; global_colors_info=&#8221;{}&#8221;][\/et_pb_wc_rating][et_pb_wc_price _builder_version=&#8221;4.16&#8243; global_colors_info=&#8221;{}&#8221;][\/et_pb_wc_price][et_pb_wc_description _builder_version=&#8221;4.16&#8243; global_colors_info=&#8221;{}&#8221;][\/et_pb_wc_description][et_pb_wc_add_to_cart _builder_version=&#8221;4.16&#8243; global_colors_info=&#8221;{}&#8221;][\/et_pb_wc_add_to_cart][et_pb_wc_meta _builder_version=&#8221;4.16&#8243; global_colors_info=&#8221;{}&#8221;][\/et_pb_wc_meta]<\/p>\n<p>[\/et_pb_column][\/et_pb_row][et_pb_row _builder_version=&#8221;4.16&#8243; background_size=&#8221;initial&#8221; background_position=&#8221;top_left&#8221; background_repeat=&#8221;repeat&#8221; width=&#8221;100%&#8221; global_colors_info=&#8221;{}&#8221;][et_pb_column type=&#8221;4_4&#8243; _builder_version=&#8221;4.16&#8243; custom_padding=&#8221;|||&#8221; global_colors_info=&#8221;{}&#8221; custom_padding__hover=&#8221;|||&#8221;]<\/p>\n<p>[et_pb_wc_tabs _builder_version=&#8221;4.16&#8243; global_colors_info=&#8221;{}&#8221;] [\/et_pb_wc_tabs][et_pb_wc_upsells _builder_version=&#8221;4.16&#8243; global_colors_info=&#8221;{}&#8221;][\/et_pb_wc_upsells][et_pb_wc_related_products _builder_version=&#8221;4.16&#8243; global_colors_info=&#8221;{}&#8221;][\/et_pb_wc_related_products]<\/p>\n<p>[\/et_pb_column][\/et_pb_row][\/et_pb_section]<\/p>\n","protected":false},"excerpt":{"rendered":"<h2>MACABEO DU VINGBOBLE CENTENARIA \u00b7 VIN ROUGE GARNACHA \u00b7 VIGNOBLE SOLIDAIRE<\/h2>\n<p>Voulez-vous modifier l\u2019un des produits de ce lot? Souhaitez-vous ajouter un bon cadeau pour une activit\u00e9 oenotouristique? Nos lots sont totalement personnalisables! <a href=\"https:\/\/masvicens.com\/fr\/contacte\/\">Contactez-nous<\/a>\u00a0pour en savoir plus<\/p>\n<p id=\"tw-target-text\" class=\"tw-data-text tw-text-large tw-ta\" dir=\"ltr\" data-placeholder=\"Traducci\u00f3n\">\u00a0<\/p>\n<p>V\u00e9rifiez les\u00a0<a href=\"https:\/\/masvicens.com\/fr\/condiciones-de-uso-y-contratacion\/#expedition\" target=\"_blank\" rel=\"noopener noreferrer\"><strong>conditions d\u2019exp\u00e9dition ici<\/strong><\/a><\/p>\n","protected":false},"featured_media":27465,"comment_status":"open","ping_status":"closed","template":"","meta":{"_et_pb_use_builder":"on","_et_pb_old_content":"<div class=\"et_pb_row et_pb_row_1_tb_body\">\r\n<div class=\"et_pb_column et_pb_column_4_4 et_pb_column_2_tb_body et_pb_css_mix_blend_mode_passthrough et-last-child\">\r\n<div class=\"et_pb_module et_pb_text et_pb_text_0_tb_body et_pb_text_align_center et_pb_bg_layout_light\">\r\n<div class=\"et_pb_text_inner masvicens-product-title\">\r\n<h3>VINS MONOVARIETAUX<\/h3>\r\n<\/div>\r\n<\/div>\r\n<!-- .et_pb_text --><\/div>\r\n<!-- .et_pb_column --><\/div>\r\n<div class=\"et_pb_row et_pb_row_2_tb_body et_pb_equal_columns et_pb_gutters2\">\r\n<div class=\"et_pb_column et_pb_column_1_3 et_pb_column_3_tb_body et_pb_css_mix_blend_mode_passthrough\">\r\n<div class=\"et_pb_module et_pb_text et_pb_text_1_tb_body et_pb_text_align_left et_pb_bg_layout_light masvicens-text-description\">\r\n<div class=\"et_pb_text_inner\"><b><a href=\"https:\/\/masvicens.com\/fr\/producte\/castell-tallat-vin-blanc-amphore\/\">Castell Tallat<\/a>:<\/b> 100% Macabeo issu d'un vignoble centenaire. Un vin p\u00e2le, tr\u00e8s clair et lumineux. Il nous rappelle les ar\u00f4mes les plus primaires du Macabeo comme la fleur d'amandier et contient \u00e9galement un aspect anis\u00e9 qui nous transporte au fenouil, tr\u00e8s pr\u00e9sent dans le paysage. Sa bouche est intense et surprenante, avec beaucoup de personnalit\u00e9. Nous soulignons sa salinit\u00e9 due \u00e0 l'exposition aux vents marins et \u00e0 la pr\u00e9sence de sols calcaires. Des notes d'abricot, de p\u00eache m\u00fbre et d'anis sont des sensations pr\u00e9sentes pour un vin frais, fin et tr\u00e8s \u00e9l\u00e9gant.<\/div>\r\n<\/div>\r\n<!-- .et_pb_text --><\/div>\r\n<!-- .et_pb_column -->\r\n<div class=\"et_pb_column et_pb_column_1_3 et_pb_column_4_tb_body et_pb_css_mix_blend_mode_passthrough\">\r\n<div class=\"et_pb_module et_pb_image et_pb_image_0_tb_body\"><span class=\"et_pb_image_wrap \"><img class=\"mavicens-img-center\" title=\"pack-novell-v2\" src=\"https:\/\/masvicens.com\/wp-content\/uploads\/2023\/12\/pack-novell-v2.png\" alt=\"Pack vinos monovariedades| Mas Vicen\u00e7\" width=\"auto\" height=\"auto\" data-pagespeed-url-hash=\"4193943145\" \/><\/span><\/div>\r\n<\/div>\r\n<!-- .et_pb_column -->\r\n<div class=\"et_pb_column et_pb_column_1_3 et_pb_column_5_tb_body et_pb_css_mix_blend_mode_passthrough et-last-child\">\r\n<div class=\"et_pb_module et_pb_text et_pb_text_2_tb_body et_pb_text_align_left et_pb_bg_layout_light masvicens-text-description\">\r\n<div class=\"et_pb_text_inner\"><strong><a href=\"https:\/\/masvicens.com\/fr\/producte\/fonollosa\/\">La Fonollosa<\/a>: <\/strong>100% Grenache noir. Un vin rouge cerise intense. Il nous transporte vers des fruits noirs sauvages comme les m\u00fbres ou les prunes confites. On retrouve aussi g\u00e9n\u00e9ralement des nuances de caract\u00e8re min\u00e9ral et un profil doux d'orange am\u00e8re. Les sensations m\u00fbres de framboises et de fraises pr\u00e9dominent sur les sensations herbac\u00e9es et terreuses qui marquent l'origine et le terroir de Fonollosa. En m\u00eame temps, sa bouche transmet une fra\u00eecheur subtilement hesp\u00e9rid\u00e9e et un tanin tr\u00e8s doux, qui devient un vin tr\u00e8s fin et \u00e9l\u00e9gant.<\/div>\r\n<div class=\"et_pb_text_inner\"><a href=\"https:\/\/masvicens.com\/fr\/producte\/vin-nouveau\/\"><strong>Vino Novel<\/strong><\/a>: 2020. Le fruit de ce vin nouveau na\u00eet dans l'un des vignobles les plus embl\u00e9matiques du Mas Vicen\u00e7, plant\u00e9 en verre en l'an 90 dans la zone \u00ab Jordans de Cabra \u00bb. De caract\u00e8re ombrag\u00e9 et enti\u00e8rement entour\u00e9 de for\u00eat, on obtient un Tempranillo \u00e0 l'expression surprenante.<\/div>\r\n<\/div>\r\n<!-- .et_pb_text --><\/div>\r\n<!-- .et_pb_column --><\/div>","_et_gb_content_width":"","inline_featured_image":false,"_joinchat":[]},"product_brand":[],"product_cat":[86],"product_tag":[],"class_list":{"0":"post-27443","1":"product","2":"type-product","3":"status-publish","4":"has-post-thumbnail","6":"product_cat-packs-et-beaucoup-de-vin","8":"first","9":"instock","10":"taxable","11":"shipping-taxable","12":"purchasable","13":"product-type-simple"},"yoast_head":"<!-- This site is optimized with the Yoast SEO plugin v27.4 - https:\/\/yoast.com\/product\/yoast-seo-wordpress\/ -->\n<title>Pack vins monovarietaux: Castell Tallat + La Fonollosa + Vi Novell | MasVicen\u00e7<\/title>\n<meta name=\"description\" content=\"Achetez le Pack vins monovarietaux: Castell Tallat + La Fonollosa + Vi Novell. Un cadeau id\u00e9al!\" \/>\n<meta name=\"robots\" content=\"index, follow, max-snippet:-1, max-image-preview:large, max-video-preview:-1\" \/>\n<link rel=\"canonical\" href=\"https:\/\/masvicens.com\/fr\/producte\/pack-vins-monovarietaux-castell-tallat-la-fonollosa-vi-novell\/\" \/>\n<meta property=\"og:locale\" content=\"fr_FR\" \/>\n<meta property=\"og:type\" content=\"article\" \/>\n<meta property=\"og:title\" content=\"Pack vins monovarietaux: Castell Tallat + La Fonollosa + Vi Novell | MasVicen\u00e7\" \/>\n<meta property=\"og:description\" content=\"Achetez le Pack vins monovarietaux: Castell Tallat + La Fonollosa + Vi Novell. Un cadeau id\u00e9al!\" \/>\n<meta property=\"og:url\" content=\"https:\/\/masvicens.com\/fr\/producte\/pack-vins-monovarietaux-castell-tallat-la-fonollosa-vi-novell\/\" \/>\n<meta property=\"og:site_name\" content=\"Celler Mas Vicen\u00e7 | Re-evolucionant la tradici\u00f3\" \/>\n<meta property=\"article:modified_time\" content=\"2026-01-07T07:52:21+00:00\" \/>\n<meta property=\"og:image\" content=\"https:\/\/masvicens.com\/wp-content\/uploads\/2023\/12\/21a1d667-0c96-442b-bb8f-39b26b404f52.webp\" \/>\n\t<meta property=\"og:image:width\" content=\"1620\" \/>\n\t<meta property=\"og:image:height\" content=\"1080\" \/>\n\t<meta property=\"og:image:type\" content=\"image\/webp\" \/>\n<meta name=\"twitter:card\" content=\"summary_large_image\" \/>\n<meta name=\"twitter:label1\" content=\"Dur\u00e9e de lecture estim\u00e9e\" \/>\n\t<meta name=\"twitter:data1\" content=\"2 minutes\" \/>\n<script type=\"application\/ld+json\" class=\"yoast-schema-graph\">{\"@context\":\"https:\\\/\\\/schema.org\",\"@graph\":[{\"@type\":\"WebPage\",\"@id\":\"https:\\\/\\\/masvicens.com\\\/fr\\\/producte\\\/pack-vins-monovarietaux-castell-tallat-la-fonollosa-vi-novell\\\/\",\"url\":\"https:\\\/\\\/masvicens.com\\\/fr\\\/producte\\\/pack-vins-monovarietaux-castell-tallat-la-fonollosa-vi-novell\\\/\",\"name\":\"Pack vins monovarietaux: Castell Tallat + La Fonollosa + Vi Novell | MasVicen\u00e7\",\"isPartOf\":{\"@id\":\"https:\\\/\\\/masvicens.com\\\/fr\\\/#website\"},\"primaryImageOfPage\":{\"@id\":\"https:\\\/\\\/masvicens.com\\\/fr\\\/producte\\\/pack-vins-monovarietaux-castell-tallat-la-fonollosa-vi-novell\\\/#primaryimage\"},\"image\":{\"@id\":\"https:\\\/\\\/masvicens.com\\\/fr\\\/producte\\\/pack-vins-monovarietaux-castell-tallat-la-fonollosa-vi-novell\\\/#primaryimage\"},\"thumbnailUrl\":\"https:\\\/\\\/masvicens.com\\\/wp-content\\\/uploads\\\/2023\\\/12\\\/21a1d667-0c96-442b-bb8f-39b26b404f52.webp\",\"datePublished\":\"2023-12-13T15:52:27+00:00\",\"dateModified\":\"2026-01-07T07:52:21+00:00\",\"description\":\"Achetez le Pack vins monovarietaux: Castell Tallat + La Fonollosa + Vi Novell. Un cadeau id\u00e9al!\",\"breadcrumb\":{\"@id\":\"https:\\\/\\\/masvicens.com\\\/fr\\\/producte\\\/pack-vins-monovarietaux-castell-tallat-la-fonollosa-vi-novell\\\/#breadcrumb\"},\"inLanguage\":\"fr-FR\",\"potentialAction\":[{\"@type\":\"ReadAction\",\"target\":[\"https:\\\/\\\/masvicens.com\\\/fr\\\/producte\\\/pack-vins-monovarietaux-castell-tallat-la-fonollosa-vi-novell\\\/\"]}]},{\"@type\":\"ImageObject\",\"inLanguage\":\"fr-FR\",\"@id\":\"https:\\\/\\\/masvicens.com\\\/fr\\\/producte\\\/pack-vins-monovarietaux-castell-tallat-la-fonollosa-vi-novell\\\/#primaryimage\",\"url\":\"https:\\\/\\\/masvicens.com\\\/wp-content\\\/uploads\\\/2023\\\/12\\\/21a1d667-0c96-442b-bb8f-39b26b404f52.webp\",\"contentUrl\":\"https:\\\/\\\/masvicens.com\\\/wp-content\\\/uploads\\\/2023\\\/12\\\/21a1d667-0c96-442b-bb8f-39b26b404f52.webp\",\"width\":1620,\"height\":1080,\"caption\":\"PACK VINOS monovarietales: CASTELL TALLAT + LA FONOLLOSA + VINO NOVEL\"},{\"@type\":\"BreadcrumbList\",\"@id\":\"https:\\\/\\\/masvicens.com\\\/fr\\\/producte\\\/pack-vins-monovarietaux-castell-tallat-la-fonollosa-vi-novell\\\/#breadcrumb\",\"itemListElement\":[{\"@type\":\"ListItem\",\"position\":1,\"name\":\"Portada\",\"item\":\"https:\\\/\\\/masvicens.com\\\/fr\\\/\"},{\"@type\":\"ListItem\",\"position\":2,\"name\":\"TIENDA\",\"item\":\"https:\\\/\\\/masvicens.com\\\/botiga-de-vins-online\\\/\"},{\"@type\":\"ListItem\",\"position\":3,\"name\":\"Pack vins monovarietaux: Castell Tallat + La Fonollosa + Vi Novell\"}]},{\"@type\":\"WebSite\",\"@id\":\"https:\\\/\\\/masvicens.com\\\/fr\\\/#website\",\"url\":\"https:\\\/\\\/masvicens.com\\\/fr\\\/\",\"name\":\"Celler Mas Vicen\u00e7 | Re-evolucionant la tradici\u00f3\",\"description\":\"Veniu a viure l&#039;enoturisme i a con\u00e8ixer la nostra col\u00b7lecci\u00f3 de vins elaborats amb la millor selecci\u00f3 de ra\u00efm del nostre celler a Tarragona.\",\"potentialAction\":[{\"@type\":\"SearchAction\",\"target\":{\"@type\":\"EntryPoint\",\"urlTemplate\":\"https:\\\/\\\/masvicens.com\\\/fr\\\/?s={search_term_string}\"},\"query-input\":{\"@type\":\"PropertyValueSpecification\",\"valueRequired\":true,\"valueName\":\"search_term_string\"}}],\"inLanguage\":\"fr-FR\"}]}<\/script>\n<!-- \/ Yoast SEO plugin. -->","yoast_head_json":{"title":"Pack vins monovarietaux: Castell Tallat + La Fonollosa + Vi Novell | MasVicen\u00e7","description":"Achetez le Pack vins monovarietaux: Castell Tallat + La Fonollosa + Vi Novell. Un cadeau id\u00e9al!","robots":{"index":"index","follow":"follow","max-snippet":"max-snippet:-1","max-image-preview":"max-image-preview:large","max-video-preview":"max-video-preview:-1"},"canonical":"https:\/\/masvicens.com\/fr\/producte\/pack-vins-monovarietaux-castell-tallat-la-fonollosa-vi-novell\/","og_locale":"fr_FR","og_type":"article","og_title":"Pack vins monovarietaux: Castell Tallat + La Fonollosa + Vi Novell | MasVicen\u00e7","og_description":"Achetez le Pack vins monovarietaux: Castell Tallat + La Fonollosa + Vi Novell. Un cadeau id\u00e9al!","og_url":"https:\/\/masvicens.com\/fr\/producte\/pack-vins-monovarietaux-castell-tallat-la-fonollosa-vi-novell\/","og_site_name":"Celler Mas Vicen\u00e7 | Re-evolucionant la tradici\u00f3","article_modified_time":"2026-01-07T07:52:21+00:00","og_image":[{"width":1620,"height":1080,"url":"https:\/\/masvicens.com\/wp-content\/uploads\/2023\/12\/21a1d667-0c96-442b-bb8f-39b26b404f52.webp","type":"image\/webp"}],"twitter_card":"summary_large_image","twitter_misc":{"Dur\u00e9e de lecture estim\u00e9e":"2 minutes"},"schema":{"@context":"https:\/\/schema.org","@graph":[{"@type":"WebPage","@id":"https:\/\/masvicens.com\/fr\/producte\/pack-vins-monovarietaux-castell-tallat-la-fonollosa-vi-novell\/","url":"https:\/\/masvicens.com\/fr\/producte\/pack-vins-monovarietaux-castell-tallat-la-fonollosa-vi-novell\/","name":"Pack vins monovarietaux: Castell Tallat + La Fonollosa + Vi Novell | MasVicen\u00e7","isPartOf":{"@id":"https:\/\/masvicens.com\/fr\/#website"},"primaryImageOfPage":{"@id":"https:\/\/masvicens.com\/fr\/producte\/pack-vins-monovarietaux-castell-tallat-la-fonollosa-vi-novell\/#primaryimage"},"image":{"@id":"https:\/\/masvicens.com\/fr\/producte\/pack-vins-monovarietaux-castell-tallat-la-fonollosa-vi-novell\/#primaryimage"},"thumbnailUrl":"https:\/\/masvicens.com\/wp-content\/uploads\/2023\/12\/21a1d667-0c96-442b-bb8f-39b26b404f52.webp","datePublished":"2023-12-13T15:52:27+00:00","dateModified":"2026-01-07T07:52:21+00:00","description":"Achetez le Pack vins monovarietaux: Castell Tallat + La Fonollosa + Vi Novell. Un cadeau id\u00e9al!","breadcrumb":{"@id":"https:\/\/masvicens.com\/fr\/producte\/pack-vins-monovarietaux-castell-tallat-la-fonollosa-vi-novell\/#breadcrumb"},"inLanguage":"fr-FR","potentialAction":[{"@type":"ReadAction","target":["https:\/\/masvicens.com\/fr\/producte\/pack-vins-monovarietaux-castell-tallat-la-fonollosa-vi-novell\/"]}]},{"@type":"ImageObject","inLanguage":"fr-FR","@id":"https:\/\/masvicens.com\/fr\/producte\/pack-vins-monovarietaux-castell-tallat-la-fonollosa-vi-novell\/#primaryimage","url":"https:\/\/masvicens.com\/wp-content\/uploads\/2023\/12\/21a1d667-0c96-442b-bb8f-39b26b404f52.webp","contentUrl":"https:\/\/masvicens.com\/wp-content\/uploads\/2023\/12\/21a1d667-0c96-442b-bb8f-39b26b404f52.webp","width":1620,"height":1080,"caption":"PACK VINOS monovarietales: CASTELL TALLAT + LA FONOLLOSA + VINO NOVEL"},{"@type":"BreadcrumbList","@id":"https:\/\/masvicens.com\/fr\/producte\/pack-vins-monovarietaux-castell-tallat-la-fonollosa-vi-novell\/#breadcrumb","itemListElement":[{"@type":"ListItem","position":1,"name":"Portada","item":"https:\/\/masvicens.com\/fr\/"},{"@type":"ListItem","position":2,"name":"TIENDA","item":"https:\/\/masvicens.com\/botiga-de-vins-online\/"},{"@type":"ListItem","position":3,"name":"Pack vins monovarietaux: Castell Tallat + La Fonollosa + Vi Novell"}]},{"@type":"WebSite","@id":"https:\/\/masvicens.com\/fr\/#website","url":"https:\/\/masvicens.com\/fr\/","name":"Celler Mas Vicen\u00e7 | Re-evolucionant la tradici\u00f3","description":"Veniu a viure l&#039;enoturisme i a con\u00e8ixer la nostra col\u00b7lecci\u00f3 de vins elaborats amb la millor selecci\u00f3 de ra\u00efm del nostre celler a Tarragona.","potentialAction":[{"@type":"SearchAction","target":{"@type":"EntryPoint","urlTemplate":"https:\/\/masvicens.com\/fr\/?s={search_term_string}"},"query-input":{"@type":"PropertyValueSpecification","valueRequired":true,"valueName":"search_term_string"}}],"inLanguage":"fr-FR"}]}},"_links":{"self":[{"href":"https:\/\/masvicens.com\/fr\/wp-json\/wp\/v2\/product\/27443","targetHints":{"allow":["GET"]}}],"collection":[{"href":"https:\/\/masvicens.com\/fr\/wp-json\/wp\/v2\/product"}],"about":[{"href":"https:\/\/masvicens.com\/fr\/wp-json\/wp\/v2\/types\/product"}],"replies":[{"embeddable":true,"href":"https:\/\/masvicens.com\/fr\/wp-json\/wp\/v2\/comments?post=27443"}],"wp:featuredmedia":[{"embeddable":true,"href":"https:\/\/masvicens.com\/fr\/wp-json\/wp\/v2\/media\/27465"}],"wp:attachment":[{"href":"https:\/\/masvicens.com\/fr\/wp-json\/wp\/v2\/media?parent=27443"}],"wp:term":[{"taxonomy":"product_brand","embeddable":true,"href":"https:\/\/masvicens.com\/fr\/wp-json\/wp\/v2\/product_brand?post=27443"},{"taxonomy":"product_cat","embeddable":true,"href":"https:\/\/masvicens.com\/fr\/wp-json\/wp\/v2\/product_cat?post=27443"},{"taxonomy":"product_tag","embeddable":true,"href":"https:\/\/masvicens.com\/fr\/wp-json\/wp\/v2\/product_tag?post=27443"}],"curies":[{"name":"wp","href":"https:\/\/api.w.org\/{rel}","templated":true}]}}