{"id":31757,"date":"2025-10-16T23:53:26","date_gmt":"2025-10-16T23:53:26","guid":{"rendered":"https:\/\/masvicens.com\/producte\/visites-guidees-avec-degustation\/"},"modified":"2025-10-16T23:53:26","modified_gmt":"2025-10-16T23:53:26","slug":"visites-guidees-avec-degustation","status":"publish","type":"product","link":"https:\/\/masvicens.com\/fr\/producte\/visites-guidees-avec-degustation\/","title":{"rendered":"Visites guid\u00e9es avec d\u00e9gustation"},"content":{"rendered":"","protected":false},"excerpt":{"rendered":"<h2><strong>Visites guid\u00e9es avec d\u00e9gustation \u00e0 Mas Vicen\u00e7:<\/strong> d\u00e9couvrez l\u2019essence de la cave<\/h2>\n<p><em>R\u00e9\u00e9voluer l\u2019\u0153notourisme \u00e0 Tarragona<\/em><\/p>\n<p>Vivez les visites guid\u00e9es avec d\u00e9gustation \u00e0 Mas Vicen\u00e7. Il y a des endroits qui racontent des histoires juste en les pi\u00e9tinant. Mas Vicen\u00e7 est l\u2019un d\u2019entre eux. Entour\u00e9s de vignes charg\u00e9es de m\u00e9moire, nous vous invitons \u00e0 vivre une exp\u00e9rience qui va au-del\u00e0 de la d\u00e9gustation : un parcours \u00e9motionnel \u00e0 travers notre essence, la terre qui nous inspire et le vin qui nous d\u00e9finit.<\/p>\n<p><strong>Un voyage aux origines du vin, avec tous les sens<\/strong><\/p>\n","protected":false},"featured_media":31964,"comment_status":"closed","ping_status":"closed","template":"","meta":{"_et_pb_use_builder":"","_et_pb_old_content":"","_et_gb_content_width":"","inline_featured_image":false,"_joinchat":[]},"product_brand":[],"product_cat":[15],"product_tag":[],"class_list":{"0":"post-31757","1":"product","2":"type-product","3":"status-publish","4":"has-post-thumbnail","6":"product_cat-sin-categorizar","8":"first","9":"instock","10":"taxable","11":"shipping-taxable","12":"purchasable","13":"product-type-variable"},"yoast_head":"<!-- This site is optimized with the Yoast SEO plugin v27.4 - https:\/\/yoast.com\/product\/yoast-seo-wordpress\/ -->\n<title>Visites guid\u00e9es avec d\u00e9gustation - Celler Mas Vicen\u00e7 | Re-evolucionant la tradici\u00f3<\/title>\n<meta name=\"robots\" content=\"index, follow, max-snippet:-1, max-image-preview:large, max-video-preview:-1\" \/>\n<link rel=\"canonical\" href=\"https:\/\/masvicens.com\/fr\/producte\/visites-guidees-avec-degustation\/\" \/>\n<meta property=\"og:locale\" content=\"fr_FR\" \/>\n<meta property=\"og:type\" content=\"article\" \/>\n<meta property=\"og:title\" content=\"Visites guid\u00e9es avec d\u00e9gustation - Celler Mas Vicen\u00e7 | Re-evolucionant la tradici\u00f3\" \/>\n<meta property=\"og:description\" content=\"Visites guid\u00e9es avec d\u00e9gustation \u00e0 Mas Vicen\u00e7: d\u00e9couvrez l\u2019essence de la cave R\u00e9\u00e9voluer l\u2019\u0153notourisme \u00e0 Tarragona Vivez les visites guid\u00e9es avec d\u00e9gustation \u00e0 Mas Vicen\u00e7. Il y a des endroits qui racontent des histoires juste en les pi\u00e9tinant. Mas Vicen\u00e7 est l\u2019un d\u2019entre eux. Entour\u00e9s de vignes charg\u00e9es de m\u00e9moire, nous vous invitons \u00e0 vivre une exp\u00e9rience qui va au-del\u00e0 de la d\u00e9gustation : un parcours \u00e9motionnel \u00e0 travers notre essence, la terre qui nous inspire et le vin qui nous d\u00e9finit. Un voyage aux origines du vin, avec tous les sens\" \/>\n<meta property=\"og:url\" content=\"https:\/\/masvicens.com\/fr\/producte\/visites-guidees-avec-degustation\/\" \/>\n<meta property=\"og:site_name\" content=\"Celler Mas Vicen\u00e7 | Re-evolucionant la tradici\u00f3\" \/>\n<meta property=\"og:image\" content=\"https:\/\/masvicens.com\/wp-content\/uploads\/2025\/07\/MSV-VisitaGuiada-54_resultat-e1752649107700.webp\" \/>\n\t<meta property=\"og:image:width\" content=\"1571\" \/>\n\t<meta property=\"og:image:height\" content=\"1047\" \/>\n\t<meta property=\"og:image:type\" content=\"image\/webp\" \/>\n<meta name=\"twitter:card\" content=\"summary_large_image\" \/>\n<script type=\"application\/ld+json\" class=\"yoast-schema-graph\">{\"@context\":\"https:\\\/\\\/schema.org\",\"@graph\":[{\"@type\":\"WebPage\",\"@id\":\"https:\\\/\\\/masvicens.com\\\/fr\\\/producte\\\/visites-guidees-avec-degustation\\\/\",\"url\":\"https:\\\/\\\/masvicens.com\\\/fr\\\/producte\\\/visites-guidees-avec-degustation\\\/\",\"name\":\"Visites guid\u00e9es avec d\u00e9gustation - Celler Mas Vicen\u00e7 | Re-evolucionant la tradici\u00f3\",\"isPartOf\":{\"@id\":\"https:\\\/\\\/masvicens.com\\\/fr\\\/#website\"},\"primaryImageOfPage\":{\"@id\":\"https:\\\/\\\/masvicens.com\\\/fr\\\/producte\\\/visites-guidees-avec-degustation\\\/#primaryimage\"},\"image\":{\"@id\":\"https:\\\/\\\/masvicens.com\\\/fr\\\/producte\\\/visites-guidees-avec-degustation\\\/#primaryimage\"},\"thumbnailUrl\":\"https:\\\/\\\/masvicens.com\\\/wp-content\\\/uploads\\\/2025\\\/10\\\/MSV-VisitaGuiada-Custom.jpg\",\"datePublished\":\"2025-10-16T23:53:26+00:00\",\"breadcrumb\":{\"@id\":\"https:\\\/\\\/masvicens.com\\\/fr\\\/producte\\\/visites-guidees-avec-degustation\\\/#breadcrumb\"},\"inLanguage\":\"fr-FR\",\"potentialAction\":[{\"@type\":\"ReadAction\",\"target\":[\"https:\\\/\\\/masvicens.com\\\/fr\\\/producte\\\/visites-guidees-avec-degustation\\\/\"]}]},{\"@type\":\"ImageObject\",\"inLanguage\":\"fr-FR\",\"@id\":\"https:\\\/\\\/masvicens.com\\\/fr\\\/producte\\\/visites-guidees-avec-degustation\\\/#primaryimage\",\"url\":\"https:\\\/\\\/masvicens.com\\\/wp-content\\\/uploads\\\/2025\\\/10\\\/MSV-VisitaGuiada-Custom.jpg\",\"contentUrl\":\"https:\\\/\\\/masvicens.com\\\/wp-content\\\/uploads\\\/2025\\\/10\\\/MSV-VisitaGuiada-Custom.jpg\",\"width\":1024,\"height\":683},{\"@type\":\"BreadcrumbList\",\"@id\":\"https:\\\/\\\/masvicens.com\\\/fr\\\/producte\\\/visites-guidees-avec-degustation\\\/#breadcrumb\",\"itemListElement\":[{\"@type\":\"ListItem\",\"position\":1,\"name\":\"Portada\",\"item\":\"https:\\\/\\\/masvicens.com\\\/fr\\\/\"},{\"@type\":\"ListItem\",\"position\":2,\"name\":\"TIENDA\",\"item\":\"https:\\\/\\\/masvicens.com\\\/botiga-de-vins-online\\\/\"},{\"@type\":\"ListItem\",\"position\":3,\"name\":\"Visites guid\u00e9es avec d\u00e9gustation\"}]},{\"@type\":\"WebSite\",\"@id\":\"https:\\\/\\\/masvicens.com\\\/fr\\\/#website\",\"url\":\"https:\\\/\\\/masvicens.com\\\/fr\\\/\",\"name\":\"Celler Mas Vicen\u00e7 | Re-evolucionant la tradici\u00f3\",\"description\":\"Veniu a viure l&#039;enoturisme i a con\u00e8ixer la nostra col\u00b7lecci\u00f3 de vins elaborats amb la millor selecci\u00f3 de ra\u00efm del nostre celler a Tarragona.\",\"potentialAction\":[{\"@type\":\"SearchAction\",\"target\":{\"@type\":\"EntryPoint\",\"urlTemplate\":\"https:\\\/\\\/masvicens.com\\\/fr\\\/?s={search_term_string}\"},\"query-input\":{\"@type\":\"PropertyValueSpecification\",\"valueRequired\":true,\"valueName\":\"search_term_string\"}}],\"inLanguage\":\"fr-FR\"}]}<\/script>\n<!-- \/ Yoast SEO plugin. -->","yoast_head_json":{"title":"Visites guid\u00e9es avec d\u00e9gustation - Celler Mas Vicen\u00e7 | Re-evolucionant la tradici\u00f3","robots":{"index":"index","follow":"follow","max-snippet":"max-snippet:-1","max-image-preview":"max-image-preview:large","max-video-preview":"max-video-preview:-1"},"canonical":"https:\/\/masvicens.com\/fr\/producte\/visites-guidees-avec-degustation\/","og_locale":"fr_FR","og_type":"article","og_title":"Visites guid\u00e9es avec d\u00e9gustation - Celler Mas Vicen\u00e7 | Re-evolucionant la tradici\u00f3","og_description":"Visites guid\u00e9es avec d\u00e9gustation \u00e0 Mas Vicen\u00e7: d\u00e9couvrez l\u2019essence de la cave R\u00e9\u00e9voluer l\u2019\u0153notourisme \u00e0 Tarragona Vivez les visites guid\u00e9es avec d\u00e9gustation \u00e0 Mas Vicen\u00e7. Il y a des endroits qui racontent des histoires juste en les pi\u00e9tinant. Mas Vicen\u00e7 est l\u2019un d\u2019entre eux. Entour\u00e9s de vignes charg\u00e9es de m\u00e9moire, nous vous invitons \u00e0 vivre une exp\u00e9rience qui va au-del\u00e0 de la d\u00e9gustation : un parcours \u00e9motionnel \u00e0 travers notre essence, la terre qui nous inspire et le vin qui nous d\u00e9finit. Un voyage aux origines du vin, avec tous les sens","og_url":"https:\/\/masvicens.com\/fr\/producte\/visites-guidees-avec-degustation\/","og_site_name":"Celler Mas Vicen\u00e7 | Re-evolucionant la tradici\u00f3","og_image":[{"width":1571,"height":1047,"url":"https:\/\/masvicens.com\/wp-content\/uploads\/2025\/07\/MSV-VisitaGuiada-54_resultat-e1752649107700.webp","type":"image\/webp"}],"twitter_card":"summary_large_image","schema":{"@context":"https:\/\/schema.org","@graph":[{"@type":"WebPage","@id":"https:\/\/masvicens.com\/fr\/producte\/visites-guidees-avec-degustation\/","url":"https:\/\/masvicens.com\/fr\/producte\/visites-guidees-avec-degustation\/","name":"Visites guid\u00e9es avec d\u00e9gustation - Celler Mas Vicen\u00e7 | Re-evolucionant la tradici\u00f3","isPartOf":{"@id":"https:\/\/masvicens.com\/fr\/#website"},"primaryImageOfPage":{"@id":"https:\/\/masvicens.com\/fr\/producte\/visites-guidees-avec-degustation\/#primaryimage"},"image":{"@id":"https:\/\/masvicens.com\/fr\/producte\/visites-guidees-avec-degustation\/#primaryimage"},"thumbnailUrl":"https:\/\/masvicens.com\/wp-content\/uploads\/2025\/10\/MSV-VisitaGuiada-Custom.jpg","datePublished":"2025-10-16T23:53:26+00:00","breadcrumb":{"@id":"https:\/\/masvicens.com\/fr\/producte\/visites-guidees-avec-degustation\/#breadcrumb"},"inLanguage":"fr-FR","potentialAction":[{"@type":"ReadAction","target":["https:\/\/masvicens.com\/fr\/producte\/visites-guidees-avec-degustation\/"]}]},{"@type":"ImageObject","inLanguage":"fr-FR","@id":"https:\/\/masvicens.com\/fr\/producte\/visites-guidees-avec-degustation\/#primaryimage","url":"https:\/\/masvicens.com\/wp-content\/uploads\/2025\/10\/MSV-VisitaGuiada-Custom.jpg","contentUrl":"https:\/\/masvicens.com\/wp-content\/uploads\/2025\/10\/MSV-VisitaGuiada-Custom.jpg","width":1024,"height":683},{"@type":"BreadcrumbList","@id":"https:\/\/masvicens.com\/fr\/producte\/visites-guidees-avec-degustation\/#breadcrumb","itemListElement":[{"@type":"ListItem","position":1,"name":"Portada","item":"https:\/\/masvicens.com\/fr\/"},{"@type":"ListItem","position":2,"name":"TIENDA","item":"https:\/\/masvicens.com\/botiga-de-vins-online\/"},{"@type":"ListItem","position":3,"name":"Visites guid\u00e9es avec d\u00e9gustation"}]},{"@type":"WebSite","@id":"https:\/\/masvicens.com\/fr\/#website","url":"https:\/\/masvicens.com\/fr\/","name":"Celler Mas Vicen\u00e7 | Re-evolucionant la tradici\u00f3","description":"Veniu a viure l&#039;enoturisme i a con\u00e8ixer la nostra col\u00b7lecci\u00f3 de vins elaborats amb la millor selecci\u00f3 de ra\u00efm del nostre celler a Tarragona.","potentialAction":[{"@type":"SearchAction","target":{"@type":"EntryPoint","urlTemplate":"https:\/\/masvicens.com\/fr\/?s={search_term_string}"},"query-input":{"@type":"PropertyValueSpecification","valueRequired":true,"valueName":"search_term_string"}}],"inLanguage":"fr-FR"}]}},"_links":{"self":[{"href":"https:\/\/masvicens.com\/fr\/wp-json\/wp\/v2\/product\/31757","targetHints":{"allow":["GET"]}}],"collection":[{"href":"https:\/\/masvicens.com\/fr\/wp-json\/wp\/v2\/product"}],"about":[{"href":"https:\/\/masvicens.com\/fr\/wp-json\/wp\/v2\/types\/product"}],"replies":[{"embeddable":true,"href":"https:\/\/masvicens.com\/fr\/wp-json\/wp\/v2\/comments?post=31757"}],"wp:featuredmedia":[{"embeddable":true,"href":"https:\/\/masvicens.com\/fr\/wp-json\/wp\/v2\/media\/31964"}],"wp:attachment":[{"href":"https:\/\/masvicens.com\/fr\/wp-json\/wp\/v2\/media?parent=31757"}],"wp:term":[{"taxonomy":"product_brand","embeddable":true,"href":"https:\/\/masvicens.com\/fr\/wp-json\/wp\/v2\/product_brand?post=31757"},{"taxonomy":"product_cat","embeddable":true,"href":"https:\/\/masvicens.com\/fr\/wp-json\/wp\/v2\/product_cat?post=31757"},{"taxonomy":"product_tag","embeddable":true,"href":"https:\/\/masvicens.com\/fr\/wp-json\/wp\/v2\/product_tag?post=31757"}],"curies":[{"name":"wp","href":"https:\/\/api.w.org\/{rel}","templated":true}]}}