{"id":31782,"date":"2025-10-17T05:32:55","date_gmt":"2025-10-17T05:32:55","guid":{"rendered":"https:\/\/masvicens.com\/producte\/chocolat-et-vie\/"},"modified":"2025-10-17T05:32:55","modified_gmt":"2025-10-17T05:32:55","slug":"chocolat-et-vie","status":"publish","type":"product","link":"https:\/\/masvicens.com\/fr\/producte\/chocolat-et-vie\/","title":{"rendered":"Chocolat et Vie"},"content":{"rendered":"","protected":false},"excerpt":{"rendered":"<h2><strong>Le Chocolat et Vie de Mas Vicen\u00e7:<\/strong> l\u2019exp\u00e9rience \u0153notouristique qui fusionne le vin et le chocolat<\/h2>\n<p><em>R\u00e9\u00e9voluer l\u2019\u0153notourisme \u00e0 Tarragona<\/em><\/p>\n<p>Vivez le Chocolat et Vie de Mas Vicen\u00e7: une activit\u00e9 qui na\u00eet pour discr\u00e9diter la fusion des saveurs entre le vin et le chocolat. On analyse sensoriellement tous les processus du vin, depuis la vigne jusqu\u2019\u00e0 l\u2019\u00e9levage, et le chocolat artisanal pour profiter du mariage parfait. Chaque pi\u00e8ce de chocolat est cr\u00e9\u00e9e sp\u00e9cialement pour chacun des vins de Mas Vicen\u00e7.<\/p>\n<p><strong>Plus qu\u2019une simple d\u00e9gustation de vins, une exp\u00e9rience pour les sens<\/strong><\/p>\n","protected":false},"featured_media":31948,"comment_status":"closed","ping_status":"closed","template":"","meta":{"_et_pb_use_builder":"","_et_pb_old_content":"","_et_gb_content_width":"","inline_featured_image":false,"_joinchat":[]},"product_brand":[],"product_cat":[15],"product_tag":[],"class_list":{"0":"post-31782","1":"product","2":"type-product","3":"status-publish","4":"has-post-thumbnail","6":"product_cat-sin-categorizar","8":"first","9":"instock","10":"taxable","11":"shipping-taxable","12":"purchasable","13":"product-type-variable"},"yoast_head":"<!-- This site is optimized with the Yoast SEO plugin v27.4 - https:\/\/yoast.com\/product\/yoast-seo-wordpress\/ -->\n<title>Chocolat et Vie - Celler Mas Vicen\u00e7 | Re-evolucionant la tradici\u00f3<\/title>\n<meta name=\"robots\" content=\"index, follow, max-snippet:-1, max-image-preview:large, max-video-preview:-1\" \/>\n<link rel=\"canonical\" href=\"https:\/\/masvicens.com\/fr\/producte\/chocolat-et-vie\/\" \/>\n<meta property=\"og:locale\" content=\"fr_FR\" \/>\n<meta property=\"og:type\" content=\"article\" \/>\n<meta property=\"og:title\" content=\"Chocolat et Vie - Celler Mas Vicen\u00e7 | Re-evolucionant la tradici\u00f3\" \/>\n<meta property=\"og:description\" content=\"Le Chocolat et Vie de Mas Vicen\u00e7: l\u2019exp\u00e9rience \u0153notouristique qui fusionne le vin et le chocolat R\u00e9\u00e9voluer l\u2019\u0153notourisme \u00e0 Tarragona Vivez le Chocolat et Vie de Mas Vicen\u00e7: une activit\u00e9 qui na\u00eet pour discr\u00e9diter la fusion des saveurs entre le vin et le chocolat. On analyse sensoriellement tous les processus du vin, depuis la vigne jusqu\u2019\u00e0 l\u2019\u00e9levage, et le chocolat artisanal pour profiter du mariage parfait. Chaque pi\u00e8ce de chocolat est cr\u00e9\u00e9e sp\u00e9cialement pour chacun des vins de Mas Vicen\u00e7. Plus qu\u2019une simple d\u00e9gustation de vins, une exp\u00e9rience pour les sens\" \/>\n<meta property=\"og:url\" content=\"https:\/\/masvicens.com\/fr\/producte\/chocolat-et-vie\/\" \/>\n<meta property=\"og:site_name\" content=\"Celler Mas Vicen\u00e7 | Re-evolucionant la tradici\u00f3\" \/>\n<meta property=\"og:image\" content=\"https:\/\/masvicens.com\/wp-content\/uploads\/2025\/10\/Xoco-Vida-Masvi_-21.jpg\" \/>\n\t<meta property=\"og:image:width\" content=\"1199\" \/>\n\t<meta property=\"og:image:height\" content=\"802\" \/>\n\t<meta property=\"og:image:type\" content=\"image\/jpeg\" \/>\n<meta name=\"twitter:card\" content=\"summary_large_image\" \/>\n<script type=\"application\/ld+json\" class=\"yoast-schema-graph\">{\"@context\":\"https:\\\/\\\/schema.org\",\"@graph\":[{\"@type\":\"WebPage\",\"@id\":\"https:\\\/\\\/masvicens.com\\\/fr\\\/producte\\\/chocolat-et-vie\\\/\",\"url\":\"https:\\\/\\\/masvicens.com\\\/fr\\\/producte\\\/chocolat-et-vie\\\/\",\"name\":\"Chocolat et Vie - Celler Mas Vicen\u00e7 | Re-evolucionant la tradici\u00f3\",\"isPartOf\":{\"@id\":\"https:\\\/\\\/masvicens.com\\\/fr\\\/#website\"},\"primaryImageOfPage\":{\"@id\":\"https:\\\/\\\/masvicens.com\\\/fr\\\/producte\\\/chocolat-et-vie\\\/#primaryimage\"},\"image\":{\"@id\":\"https:\\\/\\\/masvicens.com\\\/fr\\\/producte\\\/chocolat-et-vie\\\/#primaryimage\"},\"thumbnailUrl\":\"https:\\\/\\\/masvicens.com\\\/wp-content\\\/uploads\\\/2025\\\/10\\\/MSV-XocoVida-Custom.jpg\",\"datePublished\":\"2025-10-17T05:32:55+00:00\",\"breadcrumb\":{\"@id\":\"https:\\\/\\\/masvicens.com\\\/fr\\\/producte\\\/chocolat-et-vie\\\/#breadcrumb\"},\"inLanguage\":\"fr-FR\",\"potentialAction\":[{\"@type\":\"ReadAction\",\"target\":[\"https:\\\/\\\/masvicens.com\\\/fr\\\/producte\\\/chocolat-et-vie\\\/\"]}]},{\"@type\":\"ImageObject\",\"inLanguage\":\"fr-FR\",\"@id\":\"https:\\\/\\\/masvicens.com\\\/fr\\\/producte\\\/chocolat-et-vie\\\/#primaryimage\",\"url\":\"https:\\\/\\\/masvicens.com\\\/wp-content\\\/uploads\\\/2025\\\/10\\\/MSV-XocoVida-Custom.jpg\",\"contentUrl\":\"https:\\\/\\\/masvicens.com\\\/wp-content\\\/uploads\\\/2025\\\/10\\\/MSV-XocoVida-Custom.jpg\",\"width\":1024,\"height\":684},{\"@type\":\"BreadcrumbList\",\"@id\":\"https:\\\/\\\/masvicens.com\\\/fr\\\/producte\\\/chocolat-et-vie\\\/#breadcrumb\",\"itemListElement\":[{\"@type\":\"ListItem\",\"position\":1,\"name\":\"Portada\",\"item\":\"https:\\\/\\\/masvicens.com\\\/fr\\\/\"},{\"@type\":\"ListItem\",\"position\":2,\"name\":\"TIENDA\",\"item\":\"https:\\\/\\\/masvicens.com\\\/botiga-de-vins-online\\\/\"},{\"@type\":\"ListItem\",\"position\":3,\"name\":\"Chocolat et Vie\"}]},{\"@type\":\"WebSite\",\"@id\":\"https:\\\/\\\/masvicens.com\\\/fr\\\/#website\",\"url\":\"https:\\\/\\\/masvicens.com\\\/fr\\\/\",\"name\":\"Celler Mas Vicen\u00e7 | Re-evolucionant la tradici\u00f3\",\"description\":\"Veniu a viure l&#039;enoturisme i a con\u00e8ixer la nostra col\u00b7lecci\u00f3 de vins elaborats amb la millor selecci\u00f3 de ra\u00efm del nostre celler a Tarragona.\",\"potentialAction\":[{\"@type\":\"SearchAction\",\"target\":{\"@type\":\"EntryPoint\",\"urlTemplate\":\"https:\\\/\\\/masvicens.com\\\/fr\\\/?s={search_term_string}\"},\"query-input\":{\"@type\":\"PropertyValueSpecification\",\"valueRequired\":true,\"valueName\":\"search_term_string\"}}],\"inLanguage\":\"fr-FR\"}]}<\/script>\n<!-- \/ Yoast SEO plugin. -->","yoast_head_json":{"title":"Chocolat et Vie - Celler Mas Vicen\u00e7 | Re-evolucionant la tradici\u00f3","robots":{"index":"index","follow":"follow","max-snippet":"max-snippet:-1","max-image-preview":"max-image-preview:large","max-video-preview":"max-video-preview:-1"},"canonical":"https:\/\/masvicens.com\/fr\/producte\/chocolat-et-vie\/","og_locale":"fr_FR","og_type":"article","og_title":"Chocolat et Vie - Celler Mas Vicen\u00e7 | Re-evolucionant la tradici\u00f3","og_description":"Le Chocolat et Vie de Mas Vicen\u00e7: l\u2019exp\u00e9rience \u0153notouristique qui fusionne le vin et le chocolat R\u00e9\u00e9voluer l\u2019\u0153notourisme \u00e0 Tarragona Vivez le Chocolat et Vie de Mas Vicen\u00e7: une activit\u00e9 qui na\u00eet pour discr\u00e9diter la fusion des saveurs entre le vin et le chocolat. On analyse sensoriellement tous les processus du vin, depuis la vigne jusqu\u2019\u00e0 l\u2019\u00e9levage, et le chocolat artisanal pour profiter du mariage parfait. Chaque pi\u00e8ce de chocolat est cr\u00e9\u00e9e sp\u00e9cialement pour chacun des vins de Mas Vicen\u00e7. Plus qu\u2019une simple d\u00e9gustation de vins, une exp\u00e9rience pour les sens","og_url":"https:\/\/masvicens.com\/fr\/producte\/chocolat-et-vie\/","og_site_name":"Celler Mas Vicen\u00e7 | Re-evolucionant la tradici\u00f3","og_image":[{"width":1199,"height":802,"url":"https:\/\/masvicens.com\/wp-content\/uploads\/2025\/10\/Xoco-Vida-Masvi_-21.jpg","type":"image\/jpeg"}],"twitter_card":"summary_large_image","schema":{"@context":"https:\/\/schema.org","@graph":[{"@type":"WebPage","@id":"https:\/\/masvicens.com\/fr\/producte\/chocolat-et-vie\/","url":"https:\/\/masvicens.com\/fr\/producte\/chocolat-et-vie\/","name":"Chocolat et Vie - Celler Mas Vicen\u00e7 | Re-evolucionant la tradici\u00f3","isPartOf":{"@id":"https:\/\/masvicens.com\/fr\/#website"},"primaryImageOfPage":{"@id":"https:\/\/masvicens.com\/fr\/producte\/chocolat-et-vie\/#primaryimage"},"image":{"@id":"https:\/\/masvicens.com\/fr\/producte\/chocolat-et-vie\/#primaryimage"},"thumbnailUrl":"https:\/\/masvicens.com\/wp-content\/uploads\/2025\/10\/MSV-XocoVida-Custom.jpg","datePublished":"2025-10-17T05:32:55+00:00","breadcrumb":{"@id":"https:\/\/masvicens.com\/fr\/producte\/chocolat-et-vie\/#breadcrumb"},"inLanguage":"fr-FR","potentialAction":[{"@type":"ReadAction","target":["https:\/\/masvicens.com\/fr\/producte\/chocolat-et-vie\/"]}]},{"@type":"ImageObject","inLanguage":"fr-FR","@id":"https:\/\/masvicens.com\/fr\/producte\/chocolat-et-vie\/#primaryimage","url":"https:\/\/masvicens.com\/wp-content\/uploads\/2025\/10\/MSV-XocoVida-Custom.jpg","contentUrl":"https:\/\/masvicens.com\/wp-content\/uploads\/2025\/10\/MSV-XocoVida-Custom.jpg","width":1024,"height":684},{"@type":"BreadcrumbList","@id":"https:\/\/masvicens.com\/fr\/producte\/chocolat-et-vie\/#breadcrumb","itemListElement":[{"@type":"ListItem","position":1,"name":"Portada","item":"https:\/\/masvicens.com\/fr\/"},{"@type":"ListItem","position":2,"name":"TIENDA","item":"https:\/\/masvicens.com\/botiga-de-vins-online\/"},{"@type":"ListItem","position":3,"name":"Chocolat et Vie"}]},{"@type":"WebSite","@id":"https:\/\/masvicens.com\/fr\/#website","url":"https:\/\/masvicens.com\/fr\/","name":"Celler Mas Vicen\u00e7 | Re-evolucionant la tradici\u00f3","description":"Veniu a viure l&#039;enoturisme i a con\u00e8ixer la nostra col\u00b7lecci\u00f3 de vins elaborats amb la millor selecci\u00f3 de ra\u00efm del nostre celler a Tarragona.","potentialAction":[{"@type":"SearchAction","target":{"@type":"EntryPoint","urlTemplate":"https:\/\/masvicens.com\/fr\/?s={search_term_string}"},"query-input":{"@type":"PropertyValueSpecification","valueRequired":true,"valueName":"search_term_string"}}],"inLanguage":"fr-FR"}]}},"_links":{"self":[{"href":"https:\/\/masvicens.com\/fr\/wp-json\/wp\/v2\/product\/31782","targetHints":{"allow":["GET"]}}],"collection":[{"href":"https:\/\/masvicens.com\/fr\/wp-json\/wp\/v2\/product"}],"about":[{"href":"https:\/\/masvicens.com\/fr\/wp-json\/wp\/v2\/types\/product"}],"replies":[{"embeddable":true,"href":"https:\/\/masvicens.com\/fr\/wp-json\/wp\/v2\/comments?post=31782"}],"wp:featuredmedia":[{"embeddable":true,"href":"https:\/\/masvicens.com\/fr\/wp-json\/wp\/v2\/media\/31948"}],"wp:attachment":[{"href":"https:\/\/masvicens.com\/fr\/wp-json\/wp\/v2\/media?parent=31782"}],"wp:term":[{"taxonomy":"product_brand","embeddable":true,"href":"https:\/\/masvicens.com\/fr\/wp-json\/wp\/v2\/product_brand?post=31782"},{"taxonomy":"product_cat","embeddable":true,"href":"https:\/\/masvicens.com\/fr\/wp-json\/wp\/v2\/product_cat?post=31782"},{"taxonomy":"product_tag","embeddable":true,"href":"https:\/\/masvicens.com\/fr\/wp-json\/wp\/v2\/product_tag?post=31782"}],"curies":[{"name":"wp","href":"https:\/\/api.w.org\/{rel}","templated":true}]}}