{"id":31810,"date":"2025-10-17T05:16:19","date_gmt":"2025-10-17T05:16:19","guid":{"rendered":"https:\/\/masvicens.com\/producte\/walk-wine-route-de-la-biodiversite\/"},"modified":"2025-10-17T05:16:19","modified_gmt":"2025-10-17T05:16:19","slug":"walk-wine-route-de-la-biodiversite","status":"publish","type":"product","link":"https:\/\/masvicens.com\/fr\/producte\/walk-wine-route-de-la-biodiversite\/","title":{"rendered":"Walk &#038; Wine: Route de la Biodiversit\u00e9"},"content":{"rendered":"","protected":false},"excerpt":{"rendered":"<div class=\"et_pb_module et_pb_text et_pb_text_0  et_pb_text_align_left et_pb_bg_layout_light\">\n<div class=\"et_pb_text_inner\">\n<h1 data-start=\"179\" data-end=\"271\"><strong data-start=\"179\" data-end=\"271\">Walk &amp; Wine \u00e0 votre guise:\u00a0<\/strong>l\u2019exp\u00e9rience de l\u2019\u0153notourisme pour les amoureux du vin et de la nature<\/h1>\n<\/div>\n<\/div>\n<div class=\"et_pb_module et_pb_text et_pb_text_1  et_pb_text_align_left et_pb_bg_layout_light\">\n<div class=\"et_pb_text_inner\">\n<p>R\u00e9\u00e9voluer l\u2019\u0153notourisme \u00e0 Tarragona<\/p>\n<\/div>\n<\/div>\n<div class=\"et_pb_module et_pb_text et_pb_text_2  et_pb_text_align_left et_pb_bg_layout_light\">\n<div class=\"et_pb_text_inner\">\n<p>Vivez le Walk &amp; Wine \u00e0 votre rythme chez Mas Vicen\u00e7 : chaque jour de la semaine, vous pouvez marcher parmi les vignes, d\u00e9couvrir des cabanes en pierre s\u00e8che et profiter d\u2019une d\u00e9gustation surprise au c\u0153ur de la nature.<br data-start=\"991\" data-end=\"994\" \/>Nous vous proposons 3 itin\u00e9raires, 3 paysages et 3 d\u00e9gustations diff\u00e9rentes. Choisissez celui qui vous pla\u00eet le plus !<\/p>\n<p><em><strong>Vin, nature et ar\u00f4mes \u00e0 chaque pas<\/strong><\/em><\/p>\n<\/div>\n<\/div>\n","protected":false},"featured_media":31956,"comment_status":"closed","ping_status":"closed","template":"","meta":{"_et_pb_use_builder":"","_et_pb_old_content":"","_et_gb_content_width":"","inline_featured_image":false,"_joinchat":[]},"product_brand":[],"product_cat":[15],"product_tag":[],"class_list":{"0":"post-31810","1":"product","2":"type-product","3":"status-publish","4":"has-post-thumbnail","6":"product_cat-sin-categorizar","8":"first","9":"instock","10":"taxable","11":"shipping-taxable","12":"purchasable","13":"product-type-variable"},"yoast_head":"<!-- This site is optimized with the Yoast SEO plugin v27.3 - https:\/\/yoast.com\/product\/yoast-seo-wordpress\/ -->\n<title>Walk &amp; Wine: Route de la Biodiversit\u00e9 - Celler Mas Vicen\u00e7 | Re-evolucionant la tradici\u00f3<\/title>\n<meta name=\"robots\" content=\"index, follow, max-snippet:-1, max-image-preview:large, max-video-preview:-1\" \/>\n<link rel=\"canonical\" href=\"https:\/\/masvicens.com\/fr\/producte\/walk-wine-route-de-la-biodiversite\/\" \/>\n<meta property=\"og:locale\" content=\"fr_FR\" \/>\n<meta property=\"og:type\" content=\"article\" \/>\n<meta property=\"og:title\" content=\"Walk &amp; Wine: Route de la Biodiversit\u00e9 - Celler Mas Vicen\u00e7 | Re-evolucionant la tradici\u00f3\" \/>\n<meta property=\"og:description\" content=\"Walk &amp; Wine \u00e0 votre guise:\u00a0l\u2019exp\u00e9rience de l\u2019\u0153notourisme pour les amoureux du vin et de la nature     R\u00e9\u00e9voluer l\u2019\u0153notourisme \u00e0 Tarragona     Vivez le Walk &amp; Wine \u00e0 votre rythme chez Mas Vicen\u00e7 : chaque jour de la semaine, vous pouvez marcher parmi les vignes, d\u00e9couvrir des cabanes en pierre s\u00e8che et profiter d\u2019une d\u00e9gustation surprise au c\u0153ur de la nature.Nous vous proposons 3 itin\u00e9raires, 3 paysages et 3 d\u00e9gustations diff\u00e9rentes. Choisissez celui qui vous pla\u00eet le plus ! Vin, nature et ar\u00f4mes \u00e0 chaque pas\" \/>\n<meta property=\"og:url\" content=\"https:\/\/masvicens.com\/fr\/producte\/walk-wine-route-de-la-biodiversite\/\" \/>\n<meta property=\"og:site_name\" content=\"Celler Mas Vicen\u00e7 | Re-evolucionant la tradici\u00f3\" \/>\n<meta property=\"og:image\" content=\"https:\/\/masvicens.com\/wp-content\/uploads\/2025\/10\/mv_walkandwinealteuaire.jpg\" \/>\n\t<meta property=\"og:image:width\" content=\"2000\" \/>\n\t<meta property=\"og:image:height\" content=\"1334\" \/>\n\t<meta property=\"og:image:type\" content=\"image\/jpeg\" \/>\n<meta name=\"twitter:card\" content=\"summary_large_image\" \/>\n<script type=\"application\/ld+json\" class=\"yoast-schema-graph\">{\"@context\":\"https:\\\/\\\/schema.org\",\"@graph\":[{\"@type\":\"WebPage\",\"@id\":\"https:\\\/\\\/masvicens.com\\\/fr\\\/producte\\\/walk-wine-route-de-la-biodiversite\\\/\",\"url\":\"https:\\\/\\\/masvicens.com\\\/fr\\\/producte\\\/walk-wine-route-de-la-biodiversite\\\/\",\"name\":\"Walk & Wine: Route de la Biodiversit\u00e9 - Celler Mas Vicen\u00e7 | Re-evolucionant la tradici\u00f3\",\"isPartOf\":{\"@id\":\"https:\\\/\\\/masvicens.com\\\/fr\\\/#website\"},\"primaryImageOfPage\":{\"@id\":\"https:\\\/\\\/masvicens.com\\\/fr\\\/producte\\\/walk-wine-route-de-la-biodiversite\\\/#primaryimage\"},\"image\":{\"@id\":\"https:\\\/\\\/masvicens.com\\\/fr\\\/producte\\\/walk-wine-route-de-la-biodiversite\\\/#primaryimage\"},\"thumbnailUrl\":\"https:\\\/\\\/masvicens.com\\\/wp-content\\\/uploads\\\/2025\\\/10\\\/MSV-WW-Ruta-2-Custom.jpg\",\"datePublished\":\"2025-10-17T05:16:19+00:00\",\"breadcrumb\":{\"@id\":\"https:\\\/\\\/masvicens.com\\\/fr\\\/producte\\\/walk-wine-route-de-la-biodiversite\\\/#breadcrumb\"},\"inLanguage\":\"fr-FR\",\"potentialAction\":[{\"@type\":\"ReadAction\",\"target\":[\"https:\\\/\\\/masvicens.com\\\/fr\\\/producte\\\/walk-wine-route-de-la-biodiversite\\\/\"]}]},{\"@type\":\"ImageObject\",\"inLanguage\":\"fr-FR\",\"@id\":\"https:\\\/\\\/masvicens.com\\\/fr\\\/producte\\\/walk-wine-route-de-la-biodiversite\\\/#primaryimage\",\"url\":\"https:\\\/\\\/masvicens.com\\\/wp-content\\\/uploads\\\/2025\\\/10\\\/MSV-WW-Ruta-2-Custom.jpg\",\"contentUrl\":\"https:\\\/\\\/masvicens.com\\\/wp-content\\\/uploads\\\/2025\\\/10\\\/MSV-WW-Ruta-2-Custom.jpg\",\"width\":1024,\"height\":683},{\"@type\":\"BreadcrumbList\",\"@id\":\"https:\\\/\\\/masvicens.com\\\/fr\\\/producte\\\/walk-wine-route-de-la-biodiversite\\\/#breadcrumb\",\"itemListElement\":[{\"@type\":\"ListItem\",\"position\":1,\"name\":\"Portada\",\"item\":\"https:\\\/\\\/masvicens.com\\\/fr\\\/\"},{\"@type\":\"ListItem\",\"position\":2,\"name\":\"TIENDA\",\"item\":\"https:\\\/\\\/masvicens.com\\\/botiga-de-vins-online\\\/\"},{\"@type\":\"ListItem\",\"position\":3,\"name\":\"Walk &#038; Wine: Route de la Biodiversit\u00e9\"}]},{\"@type\":\"WebSite\",\"@id\":\"https:\\\/\\\/masvicens.com\\\/fr\\\/#website\",\"url\":\"https:\\\/\\\/masvicens.com\\\/fr\\\/\",\"name\":\"Celler Mas Vicen\u00e7 | Re-evolucionant la tradici\u00f3\",\"description\":\"Veniu a viure l&#039;enoturisme i a con\u00e8ixer la nostra col\u00b7lecci\u00f3 de vins elaborats amb la millor selecci\u00f3 de ra\u00efm del nostre celler a Tarragona.\",\"potentialAction\":[{\"@type\":\"SearchAction\",\"target\":{\"@type\":\"EntryPoint\",\"urlTemplate\":\"https:\\\/\\\/masvicens.com\\\/fr\\\/?s={search_term_string}\"},\"query-input\":{\"@type\":\"PropertyValueSpecification\",\"valueRequired\":true,\"valueName\":\"search_term_string\"}}],\"inLanguage\":\"fr-FR\"}]}<\/script>\n<!-- \/ Yoast SEO plugin. -->","yoast_head_json":{"title":"Walk & Wine: Route de la Biodiversit\u00e9 - Celler Mas Vicen\u00e7 | Re-evolucionant la tradici\u00f3","robots":{"index":"index","follow":"follow","max-snippet":"max-snippet:-1","max-image-preview":"max-image-preview:large","max-video-preview":"max-video-preview:-1"},"canonical":"https:\/\/masvicens.com\/fr\/producte\/walk-wine-route-de-la-biodiversite\/","og_locale":"fr_FR","og_type":"article","og_title":"Walk & Wine: Route de la Biodiversit\u00e9 - Celler Mas Vicen\u00e7 | Re-evolucionant la tradici\u00f3","og_description":"Walk &amp; Wine \u00e0 votre guise:\u00a0l\u2019exp\u00e9rience de l\u2019\u0153notourisme pour les amoureux du vin et de la nature     R\u00e9\u00e9voluer l\u2019\u0153notourisme \u00e0 Tarragona     Vivez le Walk &amp; Wine \u00e0 votre rythme chez Mas Vicen\u00e7 : chaque jour de la semaine, vous pouvez marcher parmi les vignes, d\u00e9couvrir des cabanes en pierre s\u00e8che et profiter d\u2019une d\u00e9gustation surprise au c\u0153ur de la nature.Nous vous proposons 3 itin\u00e9raires, 3 paysages et 3 d\u00e9gustations diff\u00e9rentes. Choisissez celui qui vous pla\u00eet le plus ! Vin, nature et ar\u00f4mes \u00e0 chaque pas","og_url":"https:\/\/masvicens.com\/fr\/producte\/walk-wine-route-de-la-biodiversite\/","og_site_name":"Celler Mas Vicen\u00e7 | Re-evolucionant la tradici\u00f3","og_image":[{"width":2000,"height":1334,"url":"https:\/\/masvicens.com\/wp-content\/uploads\/2025\/10\/mv_walkandwinealteuaire.jpg","type":"image\/jpeg"}],"twitter_card":"summary_large_image","schema":{"@context":"https:\/\/schema.org","@graph":[{"@type":"WebPage","@id":"https:\/\/masvicens.com\/fr\/producte\/walk-wine-route-de-la-biodiversite\/","url":"https:\/\/masvicens.com\/fr\/producte\/walk-wine-route-de-la-biodiversite\/","name":"Walk & Wine: Route de la Biodiversit\u00e9 - Celler Mas Vicen\u00e7 | Re-evolucionant la tradici\u00f3","isPartOf":{"@id":"https:\/\/masvicens.com\/fr\/#website"},"primaryImageOfPage":{"@id":"https:\/\/masvicens.com\/fr\/producte\/walk-wine-route-de-la-biodiversite\/#primaryimage"},"image":{"@id":"https:\/\/masvicens.com\/fr\/producte\/walk-wine-route-de-la-biodiversite\/#primaryimage"},"thumbnailUrl":"https:\/\/masvicens.com\/wp-content\/uploads\/2025\/10\/MSV-WW-Ruta-2-Custom.jpg","datePublished":"2025-10-17T05:16:19+00:00","breadcrumb":{"@id":"https:\/\/masvicens.com\/fr\/producte\/walk-wine-route-de-la-biodiversite\/#breadcrumb"},"inLanguage":"fr-FR","potentialAction":[{"@type":"ReadAction","target":["https:\/\/masvicens.com\/fr\/producte\/walk-wine-route-de-la-biodiversite\/"]}]},{"@type":"ImageObject","inLanguage":"fr-FR","@id":"https:\/\/masvicens.com\/fr\/producte\/walk-wine-route-de-la-biodiversite\/#primaryimage","url":"https:\/\/masvicens.com\/wp-content\/uploads\/2025\/10\/MSV-WW-Ruta-2-Custom.jpg","contentUrl":"https:\/\/masvicens.com\/wp-content\/uploads\/2025\/10\/MSV-WW-Ruta-2-Custom.jpg","width":1024,"height":683},{"@type":"BreadcrumbList","@id":"https:\/\/masvicens.com\/fr\/producte\/walk-wine-route-de-la-biodiversite\/#breadcrumb","itemListElement":[{"@type":"ListItem","position":1,"name":"Portada","item":"https:\/\/masvicens.com\/fr\/"},{"@type":"ListItem","position":2,"name":"TIENDA","item":"https:\/\/masvicens.com\/botiga-de-vins-online\/"},{"@type":"ListItem","position":3,"name":"Walk &#038; Wine: Route de la Biodiversit\u00e9"}]},{"@type":"WebSite","@id":"https:\/\/masvicens.com\/fr\/#website","url":"https:\/\/masvicens.com\/fr\/","name":"Celler Mas Vicen\u00e7 | Re-evolucionant la tradici\u00f3","description":"Veniu a viure l&#039;enoturisme i a con\u00e8ixer la nostra col\u00b7lecci\u00f3 de vins elaborats amb la millor selecci\u00f3 de ra\u00efm del nostre celler a Tarragona.","potentialAction":[{"@type":"SearchAction","target":{"@type":"EntryPoint","urlTemplate":"https:\/\/masvicens.com\/fr\/?s={search_term_string}"},"query-input":{"@type":"PropertyValueSpecification","valueRequired":true,"valueName":"search_term_string"}}],"inLanguage":"fr-FR"}]}},"_links":{"self":[{"href":"https:\/\/masvicens.com\/fr\/wp-json\/wp\/v2\/product\/31810","targetHints":{"allow":["GET"]}}],"collection":[{"href":"https:\/\/masvicens.com\/fr\/wp-json\/wp\/v2\/product"}],"about":[{"href":"https:\/\/masvicens.com\/fr\/wp-json\/wp\/v2\/types\/product"}],"replies":[{"embeddable":true,"href":"https:\/\/masvicens.com\/fr\/wp-json\/wp\/v2\/comments?post=31810"}],"wp:featuredmedia":[{"embeddable":true,"href":"https:\/\/masvicens.com\/fr\/wp-json\/wp\/v2\/media\/31956"}],"wp:attachment":[{"href":"https:\/\/masvicens.com\/fr\/wp-json\/wp\/v2\/media?parent=31810"}],"wp:term":[{"taxonomy":"product_brand","embeddable":true,"href":"https:\/\/masvicens.com\/fr\/wp-json\/wp\/v2\/product_brand?post=31810"},{"taxonomy":"product_cat","embeddable":true,"href":"https:\/\/masvicens.com\/fr\/wp-json\/wp\/v2\/product_cat?post=31810"},{"taxonomy":"product_tag","embeddable":true,"href":"https:\/\/masvicens.com\/fr\/wp-json\/wp\/v2\/product_tag?post=31810"}],"curies":[{"name":"wp","href":"https:\/\/api.w.org\/{rel}","templated":true}]}}